{"id":12777,"date":"2026-05-05T12:19:20","date_gmt":"2026-05-05T12:19:20","guid":{"rendered":"https:\/\/spectrebaltics.com\/?post_type=product&#038;p=12777"},"modified":"2026-05-05T12:19:20","modified_gmt":"2026-05-05T12:19:20","slug":"promotech-pro-102-neljakaiguline-puurmasin","status":"publish","type":"product","link":"https:\/\/spectrebaltics.com\/ru\/toode\/promotech-pro-102-neljakaiguline-puurmasin\/","title":{"rendered":"Promotech PRO-102 | Neljak\u00e4iguline puurmasin"},"content":{"rendered":"<p>PRO-102 on v\u00f5imas 4-k\u00e4iguline magnetpuur, mis v\u00f5imaldab freesimist l\u00e4bim\u00f5\u00f5duni kuni 100 mm (4 tolli) ja puurimist l\u00e4bim\u00f5\u00f5duni kuni 31,75 mm (1-1\/4 tolli). T\u00e4nu uuenduslikule kergele nutikale magnetile kaalub PRO-102 vaid 24,0 kg (52,9 naela). Selle j\u00e4ik konstruktsioon pikendab t\u00f6\u00f6riista eluiga ja poolautomaatne kiilu reguleerimine v\u00f5imaldab lihtsat, kiiret ja korrektset t\u00f6\u00f6tamist vaid m\u00f5ne lihtsa sammuga. PRO-102 pakub t\u00e4nu magnetv\u00e4lja kuju juhtimisele (MFSC) \u00f5hukeste materjalide puhul maksimaalset hoidej\u00f5udu. Puur kaitseb nii masinat kui ka operaatorit liiga \u00f5hukese toorikuga t\u00f6\u00f6tamise eest magnetilise adhesiooni juhtimise (MPAC) abil.<\/p>\n<p>PRO-102 on varustatud ka energias\u00e4\u00e4stliku alusega (ESB), mis kasutab mootori seismise ajal vaid 50% oma v\u00f5imsusest.<\/p>\n<p>V\u00f5imas mootor vastupidava 4-k\u00e4igulise k\u00e4igukastiga<br \/>\nFreesimine TCT- v\u00f5i HSS-l\u00f5ikuritega v\u00f5i puurimine<br \/>\nJ\u00e4ik disain pikendab t\u00f6\u00f6riista eluiga<br \/>\nUuenduslik nutikas magnet v\u00e4hendatud kaaluga<br \/>\nMagnetv\u00e4lja kuju kontroll (MFSC) tagab maksimaalse hoidej\u00f5u \u00f5hukeste materjalide puhul<br \/>\nMagnetj\u00f5u adhesiooni kontroll (MPAC) tuvastab elektromagnetilise aluse adhesioonij\u00f5u ja kaitseb nii masinat kui ka operaatorit liiga \u00f5hukese toorikuga t\u00f6\u00f6tamise eest<br \/>\nEnergias\u00e4\u00e4stlik alus (ESB) kasutab mootori seiskamise ajal ainult 50% oma v\u00f5imsusest<br \/>\nMootor peatub automaatselt, kui harjad on kulunud (mootori taask\u00e4ivitamiseks on vaja harjad v\u00e4lja vahetada)<br \/>\nPoolautomaatne kiilu reguleerimine<br \/>\nKerge disain<br \/>\n2-aastane garantii<\/p>\n<p>Rohkem\u00a0 teavet:<\/p>\n<blockquote class=\"wp-embedded-content\" data-secret=\"jjSz92v72a\"><p><a href=\"https:\/\/www.promotech.eu\/product\/pro-102-four-speed-drilling-machine\/\">PRO-102 | Four-Speed Drilling Machine<\/a><\/p><\/blockquote>\n<p><iframe class=\"wp-embedded-content\" sandbox=\"allow-scripts\" security=\"restricted\" style=\"position: absolute; clip: rect(1px, 1px, 1px, 1px);\" title=\"&#8222;PRO-102 | Four-Speed Drilling Machine&#8221; &#8212; PROMOTECH\" src=\"https:\/\/www.promotech.eu\/product\/pro-102-four-speed-drilling-machine\/embed\/#?secret=jrMdjyDYSq#?secret=jjSz92v72a\" data-secret=\"jjSz92v72a\" width=\"600\" height=\"338\" frameborder=\"0\" marginwidth=\"0\" marginheight=\"0\" scrolling=\"no\"><\/iframe><\/p>\n","protected":false},"excerpt":{"rendered":"<p>PRO-102 on v\u00f5imas 4-k\u00e4iguline magnetpuur, mis v\u00f5imaldab freesimist l\u00e4bim\u00f5\u00f5duni kuni 100 mm (4 tolli) ja puurimist l\u00e4bim\u00f5\u00f5duni kuni 31,75 mm (1-1\/4 tolli). T\u00e4nu uuenduslikule kergele nutikale magnetile kaalub PRO-102 vaid 24,0 kg (52,9 naela). Selle j\u00e4ik konstruktsioon pikendab t\u00f6\u00f6riista eluiga ja poolautomaatne kiilu reguleerimine v\u00f5imaldab lihtsat, kiiret ja korrektset t\u00f6\u00f6tamist vaid m\u00f5ne lihtsa sammuga. PRO-102&#8230;<\/p>\n","protected":false},"featured_media":12778,"template":"","meta":[],"product_cat":[326,119],"product_tag":[],"yoast_head":"<!-- This site is optimized with the Yoast SEO plugin v18.4.1 - https:\/\/yoast.com\/wordpress\/plugins\/seo\/ -->\n<title>Promotech PRO-102 | Neljak\u00e4iguline puurmasin<\/title>\n<meta name=\"robots\" content=\"index, follow, max-snippet:-1, max-image-preview:large, max-video-preview:-1\" \/>\n<link rel=\"canonical\" href=\"https:\/\/spectrebaltics.com\/toode\/promotech-pro-102-neljakaiguline-puurmasin\/\" \/>\n<meta property=\"og:locale\" content=\"ru_RU\" \/>\n<meta property=\"og:type\" content=\"article\" \/>\n<meta property=\"og:title\" content=\"Promotech PRO-102 | Neljak\u00e4iguline puurmasin\" \/>\n<meta property=\"og:description\" content=\"PRO-102 on v\u00f5imas 4-k\u00e4iguline magnetpuur, mis v\u00f5imaldab freesimist l\u00e4bim\u00f5\u00f5duni kuni 100 mm (4 tolli) ja puurimist l\u00e4bim\u00f5\u00f5duni kuni 31,75 mm (1-1\/4 tolli). T\u00e4nu uuenduslikule kergele nutikale magnetile kaalub PRO-102 vaid 24,0 kg (52,9 naela). Selle j\u00e4ik konstruktsioon pikendab t\u00f6\u00f6riista eluiga ja poolautomaatne kiilu reguleerimine v\u00f5imaldab lihtsat, kiiret ja korrektset t\u00f6\u00f6tamist vaid m\u00f5ne lihtsa sammuga. PRO-102...\" \/>\n<meta property=\"og:url\" content=\"https:\/\/spectrebaltics.com\/toode\/promotech-pro-102-neljakaiguline-puurmasin\/\" \/>\n<meta property=\"og:site_name\" content=\"Spectrebaltics\" \/>\n<meta property=\"og:image\" content=\"https:\/\/spectrebaltics.com\/wp-content\/uploads\/2026\/05\/pro-102.png\" \/>\n\t<meta property=\"og:image:width\" content=\"899\" \/>\n\t<meta property=\"og:image:height\" content=\"1500\" \/>\n\t<meta property=\"og:image:type\" content=\"image\/png\" \/>\n<meta name=\"twitter:card\" content=\"summary_large_image\" \/>\n<meta name=\"twitter:label1\" content=\"\u041f\u0440\u0438\u043c\u0435\u0440\u043d\u043e\u0435 \u0432\u0440\u0435\u043c\u044f \u0434\u043b\u044f \u0447\u0442\u0435\u043d\u0438\u044f\" \/>\n\t<meta name=\"twitter:data1\" content=\"1 \u043c\u0438\u043d\u0443\u0442\u0430\" \/>\n<script type=\"application\/ld+json\" class=\"yoast-schema-graph\">{\"@context\":\"https:\/\/schema.org\",\"@graph\":[{\"@type\":\"Organization\",\"@id\":\"https:\/\/spectrebaltics.com\/ru\/#organization\",\"name\":\"Spectrebaltics\",\"url\":\"https:\/\/spectrebaltics.com\/ru\/\",\"sameAs\":[],\"logo\":{\"@type\":\"ImageObject\",\"@id\":\"https:\/\/spectrebaltics.com\/ru\/#logo\",\"inLanguage\":\"ru-RU\",\"url\":\"https:\/\/spectrebaltics.com\/wp-content\/uploads\/2024\/03\/Spectrebaltics-logo.svg\",\"contentUrl\":\"https:\/\/spectrebaltics.com\/wp-content\/uploads\/2024\/03\/Spectrebaltics-logo.svg\",\"caption\":\"Spectrebaltics\"},\"image\":{\"@id\":\"https:\/\/spectrebaltics.com\/ru\/#logo\"}},{\"@type\":\"WebSite\",\"@id\":\"https:\/\/spectrebaltics.com\/ru\/#website\",\"url\":\"https:\/\/spectrebaltics.com\/ru\/\",\"name\":\"Spectrebaltics\",\"description\":\"\",\"publisher\":{\"@id\":\"https:\/\/spectrebaltics.com\/ru\/#organization\"},\"potentialAction\":[{\"@type\":\"SearchAction\",\"target\":{\"@type\":\"EntryPoint\",\"urlTemplate\":\"https:\/\/spectrebaltics.com\/ru\/?s={search_term_string}\"},\"query-input\":\"required name=search_term_string\"}],\"inLanguage\":\"ru-RU\"},{\"@type\":\"ImageObject\",\"@id\":\"https:\/\/spectrebaltics.com\/toode\/promotech-pro-102-neljakaiguline-puurmasin\/#primaryimage\",\"inLanguage\":\"ru-RU\",\"url\":\"https:\/\/spectrebaltics.com\/wp-content\/uploads\/2026\/05\/pro-102.png\",\"contentUrl\":\"https:\/\/spectrebaltics.com\/wp-content\/uploads\/2026\/05\/pro-102.png\",\"width\":899,\"height\":1500},{\"@type\":\"WebPage\",\"@id\":\"https:\/\/spectrebaltics.com\/toode\/promotech-pro-102-neljakaiguline-puurmasin\/#webpage\",\"url\":\"https:\/\/spectrebaltics.com\/toode\/promotech-pro-102-neljakaiguline-puurmasin\/\",\"name\":\"Promotech PRO-102 | Neljak\u00e4iguline puurmasin\",\"isPartOf\":{\"@id\":\"https:\/\/spectrebaltics.com\/ru\/#website\"},\"primaryImageOfPage\":{\"@id\":\"https:\/\/spectrebaltics.com\/toode\/promotech-pro-102-neljakaiguline-puurmasin\/#primaryimage\"},\"datePublished\":\"2026-05-05T12:19:20+00:00\",\"dateModified\":\"2026-05-05T12:19:20+00:00\",\"breadcrumb\":{\"@id\":\"https:\/\/spectrebaltics.com\/toode\/promotech-pro-102-neljakaiguline-puurmasin\/#breadcrumb\"},\"inLanguage\":\"ru-RU\",\"potentialAction\":[{\"@type\":\"ReadAction\",\"target\":[\"https:\/\/spectrebaltics.com\/toode\/promotech-pro-102-neljakaiguline-puurmasin\/\"]}]},{\"@type\":\"BreadcrumbList\",\"@id\":\"https:\/\/spectrebaltics.com\/toode\/promotech-pro-102-neljakaiguline-puurmasin\/#breadcrumb\",\"itemListElement\":[{\"@type\":\"ListItem\",\"position\":1,\"name\":\"Home\",\"item\":\"https:\/\/spectrebaltics.com\/ru\/\"},{\"@type\":\"ListItem\",\"position\":2,\"name\":\"\u041a\u0430\u0442\u0430\u043b\u043e\u0433\",\"item\":\"https:\/\/spectrebaltics.com\/ru\/katalog\/\"},{\"@type\":\"ListItem\",\"position\":3,\"name\":\"Promotech PRO-102 | Neljak\u00e4iguline puurmasin\"}]}]}<\/script>\n<!-- \/ Yoast SEO plugin. -->","yoast_head_json":{"title":"Promotech PRO-102 | Neljak\u00e4iguline puurmasin","robots":{"index":"index","follow":"follow","max-snippet":"max-snippet:-1","max-image-preview":"max-image-preview:large","max-video-preview":"max-video-preview:-1"},"canonical":"https:\/\/spectrebaltics.com\/toode\/promotech-pro-102-neljakaiguline-puurmasin\/","og_locale":"ru_RU","og_type":"article","og_title":"Promotech PRO-102 | Neljak\u00e4iguline puurmasin","og_description":"PRO-102 on v\u00f5imas 4-k\u00e4iguline magnetpuur, mis v\u00f5imaldab freesimist l\u00e4bim\u00f5\u00f5duni kuni 100 mm (4 tolli) ja puurimist l\u00e4bim\u00f5\u00f5duni kuni 31,75 mm (1-1\/4 tolli). T\u00e4nu uuenduslikule kergele nutikale magnetile kaalub PRO-102 vaid 24,0 kg (52,9 naela). Selle j\u00e4ik konstruktsioon pikendab t\u00f6\u00f6riista eluiga ja poolautomaatne kiilu reguleerimine v\u00f5imaldab lihtsat, kiiret ja korrektset t\u00f6\u00f6tamist vaid m\u00f5ne lihtsa sammuga. PRO-102...","og_url":"https:\/\/spectrebaltics.com\/toode\/promotech-pro-102-neljakaiguline-puurmasin\/","og_site_name":"Spectrebaltics","og_image":[{"width":899,"height":1500,"url":"https:\/\/spectrebaltics.com\/wp-content\/uploads\/2026\/05\/pro-102.png","type":"image\/png"}],"twitter_card":"summary_large_image","twitter_misc":{"\u041f\u0440\u0438\u043c\u0435\u0440\u043d\u043e\u0435 \u0432\u0440\u0435\u043c\u044f \u0434\u043b\u044f \u0447\u0442\u0435\u043d\u0438\u044f":"1 \u043c\u0438\u043d\u0443\u0442\u0430"},"schema":{"@context":"https:\/\/schema.org","@graph":[{"@type":"Organization","@id":"https:\/\/spectrebaltics.com\/ru\/#organization","name":"Spectrebaltics","url":"https:\/\/spectrebaltics.com\/ru\/","sameAs":[],"logo":{"@type":"ImageObject","@id":"https:\/\/spectrebaltics.com\/ru\/#logo","inLanguage":"ru-RU","url":"https:\/\/spectrebaltics.com\/wp-content\/uploads\/2024\/03\/Spectrebaltics-logo.svg","contentUrl":"https:\/\/spectrebaltics.com\/wp-content\/uploads\/2024\/03\/Spectrebaltics-logo.svg","caption":"Spectrebaltics"},"image":{"@id":"https:\/\/spectrebaltics.com\/ru\/#logo"}},{"@type":"WebSite","@id":"https:\/\/spectrebaltics.com\/ru\/#website","url":"https:\/\/spectrebaltics.com\/ru\/","name":"Spectrebaltics","description":"","publisher":{"@id":"https:\/\/spectrebaltics.com\/ru\/#organization"},"potentialAction":[{"@type":"SearchAction","target":{"@type":"EntryPoint","urlTemplate":"https:\/\/spectrebaltics.com\/ru\/?s={search_term_string}"},"query-input":"required name=search_term_string"}],"inLanguage":"ru-RU"},{"@type":"ImageObject","@id":"https:\/\/spectrebaltics.com\/toode\/promotech-pro-102-neljakaiguline-puurmasin\/#primaryimage","inLanguage":"ru-RU","url":"https:\/\/spectrebaltics.com\/wp-content\/uploads\/2026\/05\/pro-102.png","contentUrl":"https:\/\/spectrebaltics.com\/wp-content\/uploads\/2026\/05\/pro-102.png","width":899,"height":1500},{"@type":"WebPage","@id":"https:\/\/spectrebaltics.com\/toode\/promotech-pro-102-neljakaiguline-puurmasin\/#webpage","url":"https:\/\/spectrebaltics.com\/toode\/promotech-pro-102-neljakaiguline-puurmasin\/","name":"Promotech PRO-102 | Neljak\u00e4iguline puurmasin","isPartOf":{"@id":"https:\/\/spectrebaltics.com\/ru\/#website"},"primaryImageOfPage":{"@id":"https:\/\/spectrebaltics.com\/toode\/promotech-pro-102-neljakaiguline-puurmasin\/#primaryimage"},"datePublished":"2026-05-05T12:19:20+00:00","dateModified":"2026-05-05T12:19:20+00:00","breadcrumb":{"@id":"https:\/\/spectrebaltics.com\/toode\/promotech-pro-102-neljakaiguline-puurmasin\/#breadcrumb"},"inLanguage":"ru-RU","potentialAction":[{"@type":"ReadAction","target":["https:\/\/spectrebaltics.com\/toode\/promotech-pro-102-neljakaiguline-puurmasin\/"]}]},{"@type":"BreadcrumbList","@id":"https:\/\/spectrebaltics.com\/toode\/promotech-pro-102-neljakaiguline-puurmasin\/#breadcrumb","itemListElement":[{"@type":"ListItem","position":1,"name":"Home","item":"https:\/\/spectrebaltics.com\/ru\/"},{"@type":"ListItem","position":2,"name":"\u041a\u0430\u0442\u0430\u043b\u043e\u0433","item":"https:\/\/spectrebaltics.com\/ru\/katalog\/"},{"@type":"ListItem","position":3,"name":"Promotech PRO-102 | Neljak\u00e4iguline puurmasin"}]}]}},"_links":{"self":[{"href":"https:\/\/spectrebaltics.com\/ru\/wp-json\/wp\/v2\/product\/12777"}],"collection":[{"href":"https:\/\/spectrebaltics.com\/ru\/wp-json\/wp\/v2\/product"}],"about":[{"href":"https:\/\/spectrebaltics.com\/ru\/wp-json\/wp\/v2\/types\/product"}],"wp:featuredmedia":[{"embeddable":true,"href":"https:\/\/spectrebaltics.com\/ru\/wp-json\/wp\/v2\/media\/12778"}],"wp:attachment":[{"href":"https:\/\/spectrebaltics.com\/ru\/wp-json\/wp\/v2\/media?parent=12777"}],"wp:term":[{"taxonomy":"product_cat","embeddable":true,"href":"https:\/\/spectrebaltics.com\/ru\/wp-json\/wp\/v2\/product_cat?post=12777"},{"taxonomy":"product_tag","embeddable":true,"href":"https:\/\/spectrebaltics.com\/ru\/wp-json\/wp\/v2\/product_tag?post=12777"}],"curies":[{"name":"wp","href":"https:\/\/api.w.org\/{rel}","templated":true}]}}