{"id":12785,"date":"2026-05-05T12:22:24","date_gmt":"2026-05-05T12:22:24","guid":{"rendered":"https:\/\/spectrebaltics.com\/?post_type=product&#038;p=12785"},"modified":"2026-05-05T12:22:24","modified_gmt":"2026-05-05T12:22:24","slug":"promotech-pro-72-kahekiiruseline-puurmasin","status":"publish","type":"product","link":"https:\/\/spectrebaltics.com\/ru\/toode\/promotech-pro-72-kahekiiruseline-puurmasin\/","title":{"rendered":"Promotech PRO-72 | Kahekiiruseline puurmasin"},"content":{"rendered":"<p>PRO-72 on v\u00f5imas kahek\u00e4iguline magnetiga puurmasin, mis v\u00f5imaldab freesimist kuni 70 mm (2-3\/4\u2033) ja puurimist kuni 25 mm (1\u2033). Selle j\u00e4ik konstruktsioon pikendab t\u00f6\u00f6riista eluiga ja poolautomaatne kiilu reguleerimine v\u00f5imaldab lihtsat, kiiret ja korrektset t\u00f6\u00f6d vaid m\u00f5ne lihtsa sammuga. T\u00e4nu uuenduslikule kergele nutikale magnetile kaalub PRO-72 vaid 18,0 kg (40 naela). J\u00e4ik valand, mis on loodud taluma allapoole suunatud puurimisj\u00f5udu, pikendades t\u00f6\u00f6riista eluiga.<br \/>\nMootor seiskub, kui harjad on kulunud (mootori taask\u00e4ivitamiseks on vaja harjad v\u00e4lja vahetada).<br \/>\nPoolautomaatne kiilu reguleerimine v\u00f5imaldab lihtsat, kiiret, \u00f5iget ja korduvat libiseva l\u00f5tku seadistamist ilma igasuguse eksperditeadmise v\u00f5i kogemuseta.<br \/>\nEnergias\u00e4\u00e4stlik alus (ESB) kasutab mootori seismise ajal ainult 50% oma v\u00f5imsusest.<br \/>\nMagnetv\u00e4lja kuju kontroll (MFSC) tagab \u00f5hukeste materjalide maksimaalse hoidej\u00f5u.<br \/>\nMagnetilise j\u00f5u adhesiooni kontroll (MPAC) tuvastab elektromagnetilise aluse adhesioonij\u00f5u ja kaitseb nii masinat kui ka operaatorit liiga \u00f5hukese toorikuga t\u00f6\u00f6tamise eest.<br \/>\n2-aastane garantii.<\/p>\n<p>Rohkem teavet:<\/p>\n<blockquote class=\"wp-embedded-content\" data-secret=\"DLmZWEwFBi\"><p><a href=\"https:\/\/www.promotech.eu\/product\/pro-72-two-speed-drilling-machine\/\">PRO-72 | Two-Speed Drilling Machine<\/a><\/p><\/blockquote>\n<p><iframe class=\"wp-embedded-content\" sandbox=\"allow-scripts\" security=\"restricted\" style=\"position: absolute; clip: rect(1px, 1px, 1px, 1px);\" title=\"&#8222;PRO-72 | Two-Speed Drilling Machine&#8221; &#8212; PROMOTECH\" src=\"https:\/\/www.promotech.eu\/product\/pro-72-two-speed-drilling-machine\/embed\/#?secret=kcIwGXQINh#?secret=DLmZWEwFBi\" data-secret=\"DLmZWEwFBi\" width=\"600\" height=\"338\" frameborder=\"0\" marginwidth=\"0\" marginheight=\"0\" scrolling=\"no\"><\/iframe><\/p>\n","protected":false},"excerpt":{"rendered":"<p>PRO-72 on v\u00f5imas kahek\u00e4iguline magnetiga puurmasin, mis v\u00f5imaldab freesimist kuni 70 mm (2-3\/4\u2033) ja puurimist kuni 25 mm (1\u2033). Selle j\u00e4ik konstruktsioon pikendab t\u00f6\u00f6riista eluiga ja poolautomaatne kiilu reguleerimine v\u00f5imaldab lihtsat, kiiret ja korrektset t\u00f6\u00f6d vaid m\u00f5ne lihtsa sammuga. T\u00e4nu uuenduslikule kergele nutikale magnetile kaalub PRO-72 vaid 18,0 kg (40 naela). J\u00e4ik valand, mis on&#8230;<\/p>\n","protected":false},"featured_media":12786,"template":"","meta":[],"product_cat":[326,119],"product_tag":[],"yoast_head":"<!-- This site is optimized with the Yoast SEO plugin v18.4.1 - https:\/\/yoast.com\/wordpress\/plugins\/seo\/ -->\n<title>Promotech PRO-72 | Kahekiiruseline puurmasin<\/title>\n<meta name=\"robots\" content=\"index, follow, max-snippet:-1, max-image-preview:large, max-video-preview:-1\" \/>\n<link rel=\"canonical\" href=\"https:\/\/spectrebaltics.com\/toode\/promotech-pro-72-kahekiiruseline-puurmasin\/\" \/>\n<meta property=\"og:locale\" content=\"ru_RU\" \/>\n<meta property=\"og:type\" content=\"article\" \/>\n<meta property=\"og:title\" content=\"Promotech PRO-72 | Kahekiiruseline puurmasin\" \/>\n<meta property=\"og:description\" content=\"PRO-72 on v\u00f5imas kahek\u00e4iguline magnetiga puurmasin, mis v\u00f5imaldab freesimist kuni 70 mm (2-3\/4\u2033) ja puurimist kuni 25 mm (1\u2033). Selle j\u00e4ik konstruktsioon pikendab t\u00f6\u00f6riista eluiga ja poolautomaatne kiilu reguleerimine v\u00f5imaldab lihtsat, kiiret ja korrektset t\u00f6\u00f6d vaid m\u00f5ne lihtsa sammuga. T\u00e4nu uuenduslikule kergele nutikale magnetile kaalub PRO-72 vaid 18,0 kg (40 naela). J\u00e4ik valand, mis on...\" \/>\n<meta property=\"og:url\" content=\"https:\/\/spectrebaltics.com\/toode\/promotech-pro-72-kahekiiruseline-puurmasin\/\" \/>\n<meta property=\"og:site_name\" content=\"Spectrebaltics\" \/>\n<meta property=\"og:image\" content=\"https:\/\/spectrebaltics.com\/wp-content\/uploads\/2026\/05\/pro-72-900x1432-1.png\" \/>\n\t<meta property=\"og:image:width\" content=\"900\" \/>\n\t<meta property=\"og:image:height\" content=\"1432\" \/>\n\t<meta property=\"og:image:type\" content=\"image\/png\" \/>\n<meta name=\"twitter:card\" content=\"summary_large_image\" \/>\n<meta name=\"twitter:label1\" content=\"\u041f\u0440\u0438\u043c\u0435\u0440\u043d\u043e\u0435 \u0432\u0440\u0435\u043c\u044f \u0434\u043b\u044f \u0447\u0442\u0435\u043d\u0438\u044f\" \/>\n\t<meta name=\"twitter:data1\" content=\"1 \u043c\u0438\u043d\u0443\u0442\u0430\" \/>\n<script type=\"application\/ld+json\" class=\"yoast-schema-graph\">{\"@context\":\"https:\/\/schema.org\",\"@graph\":[{\"@type\":\"Organization\",\"@id\":\"https:\/\/spectrebaltics.com\/ru\/#organization\",\"name\":\"Spectrebaltics\",\"url\":\"https:\/\/spectrebaltics.com\/ru\/\",\"sameAs\":[],\"logo\":{\"@type\":\"ImageObject\",\"@id\":\"https:\/\/spectrebaltics.com\/ru\/#logo\",\"inLanguage\":\"ru-RU\",\"url\":\"https:\/\/spectrebaltics.com\/wp-content\/uploads\/2024\/03\/Spectrebaltics-logo.svg\",\"contentUrl\":\"https:\/\/spectrebaltics.com\/wp-content\/uploads\/2024\/03\/Spectrebaltics-logo.svg\",\"caption\":\"Spectrebaltics\"},\"image\":{\"@id\":\"https:\/\/spectrebaltics.com\/ru\/#logo\"}},{\"@type\":\"WebSite\",\"@id\":\"https:\/\/spectrebaltics.com\/ru\/#website\",\"url\":\"https:\/\/spectrebaltics.com\/ru\/\",\"name\":\"Spectrebaltics\",\"description\":\"\",\"publisher\":{\"@id\":\"https:\/\/spectrebaltics.com\/ru\/#organization\"},\"potentialAction\":[{\"@type\":\"SearchAction\",\"target\":{\"@type\":\"EntryPoint\",\"urlTemplate\":\"https:\/\/spectrebaltics.com\/ru\/?s={search_term_string}\"},\"query-input\":\"required name=search_term_string\"}],\"inLanguage\":\"ru-RU\"},{\"@type\":\"ImageObject\",\"@id\":\"https:\/\/spectrebaltics.com\/toode\/promotech-pro-72-kahekiiruseline-puurmasin\/#primaryimage\",\"inLanguage\":\"ru-RU\",\"url\":\"https:\/\/spectrebaltics.com\/wp-content\/uploads\/2026\/05\/pro-72-900x1432-1.png\",\"contentUrl\":\"https:\/\/spectrebaltics.com\/wp-content\/uploads\/2026\/05\/pro-72-900x1432-1.png\",\"width\":900,\"height\":1432},{\"@type\":\"WebPage\",\"@id\":\"https:\/\/spectrebaltics.com\/toode\/promotech-pro-72-kahekiiruseline-puurmasin\/#webpage\",\"url\":\"https:\/\/spectrebaltics.com\/toode\/promotech-pro-72-kahekiiruseline-puurmasin\/\",\"name\":\"Promotech PRO-72 | Kahekiiruseline puurmasin\",\"isPartOf\":{\"@id\":\"https:\/\/spectrebaltics.com\/ru\/#website\"},\"primaryImageOfPage\":{\"@id\":\"https:\/\/spectrebaltics.com\/toode\/promotech-pro-72-kahekiiruseline-puurmasin\/#primaryimage\"},\"datePublished\":\"2026-05-05T12:22:24+00:00\",\"dateModified\":\"2026-05-05T12:22:24+00:00\",\"breadcrumb\":{\"@id\":\"https:\/\/spectrebaltics.com\/toode\/promotech-pro-72-kahekiiruseline-puurmasin\/#breadcrumb\"},\"inLanguage\":\"ru-RU\",\"potentialAction\":[{\"@type\":\"ReadAction\",\"target\":[\"https:\/\/spectrebaltics.com\/toode\/promotech-pro-72-kahekiiruseline-puurmasin\/\"]}]},{\"@type\":\"BreadcrumbList\",\"@id\":\"https:\/\/spectrebaltics.com\/toode\/promotech-pro-72-kahekiiruseline-puurmasin\/#breadcrumb\",\"itemListElement\":[{\"@type\":\"ListItem\",\"position\":1,\"name\":\"Home\",\"item\":\"https:\/\/spectrebaltics.com\/ru\/\"},{\"@type\":\"ListItem\",\"position\":2,\"name\":\"\u041a\u0430\u0442\u0430\u043b\u043e\u0433\",\"item\":\"https:\/\/spectrebaltics.com\/ru\/katalog\/\"},{\"@type\":\"ListItem\",\"position\":3,\"name\":\"Promotech PRO-72 | Kahekiiruseline puurmasin\"}]}]}<\/script>\n<!-- \/ Yoast SEO plugin. -->","yoast_head_json":{"title":"Promotech PRO-72 | Kahekiiruseline puurmasin","robots":{"index":"index","follow":"follow","max-snippet":"max-snippet:-1","max-image-preview":"max-image-preview:large","max-video-preview":"max-video-preview:-1"},"canonical":"https:\/\/spectrebaltics.com\/toode\/promotech-pro-72-kahekiiruseline-puurmasin\/","og_locale":"ru_RU","og_type":"article","og_title":"Promotech PRO-72 | Kahekiiruseline puurmasin","og_description":"PRO-72 on v\u00f5imas kahek\u00e4iguline magnetiga puurmasin, mis v\u00f5imaldab freesimist kuni 70 mm (2-3\/4\u2033) ja puurimist kuni 25 mm (1\u2033). Selle j\u00e4ik konstruktsioon pikendab t\u00f6\u00f6riista eluiga ja poolautomaatne kiilu reguleerimine v\u00f5imaldab lihtsat, kiiret ja korrektset t\u00f6\u00f6d vaid m\u00f5ne lihtsa sammuga. T\u00e4nu uuenduslikule kergele nutikale magnetile kaalub PRO-72 vaid 18,0 kg (40 naela). J\u00e4ik valand, mis on...","og_url":"https:\/\/spectrebaltics.com\/toode\/promotech-pro-72-kahekiiruseline-puurmasin\/","og_site_name":"Spectrebaltics","og_image":[{"width":900,"height":1432,"url":"https:\/\/spectrebaltics.com\/wp-content\/uploads\/2026\/05\/pro-72-900x1432-1.png","type":"image\/png"}],"twitter_card":"summary_large_image","twitter_misc":{"\u041f\u0440\u0438\u043c\u0435\u0440\u043d\u043e\u0435 \u0432\u0440\u0435\u043c\u044f \u0434\u043b\u044f \u0447\u0442\u0435\u043d\u0438\u044f":"1 \u043c\u0438\u043d\u0443\u0442\u0430"},"schema":{"@context":"https:\/\/schema.org","@graph":[{"@type":"Organization","@id":"https:\/\/spectrebaltics.com\/ru\/#organization","name":"Spectrebaltics","url":"https:\/\/spectrebaltics.com\/ru\/","sameAs":[],"logo":{"@type":"ImageObject","@id":"https:\/\/spectrebaltics.com\/ru\/#logo","inLanguage":"ru-RU","url":"https:\/\/spectrebaltics.com\/wp-content\/uploads\/2024\/03\/Spectrebaltics-logo.svg","contentUrl":"https:\/\/spectrebaltics.com\/wp-content\/uploads\/2024\/03\/Spectrebaltics-logo.svg","caption":"Spectrebaltics"},"image":{"@id":"https:\/\/spectrebaltics.com\/ru\/#logo"}},{"@type":"WebSite","@id":"https:\/\/spectrebaltics.com\/ru\/#website","url":"https:\/\/spectrebaltics.com\/ru\/","name":"Spectrebaltics","description":"","publisher":{"@id":"https:\/\/spectrebaltics.com\/ru\/#organization"},"potentialAction":[{"@type":"SearchAction","target":{"@type":"EntryPoint","urlTemplate":"https:\/\/spectrebaltics.com\/ru\/?s={search_term_string}"},"query-input":"required name=search_term_string"}],"inLanguage":"ru-RU"},{"@type":"ImageObject","@id":"https:\/\/spectrebaltics.com\/toode\/promotech-pro-72-kahekiiruseline-puurmasin\/#primaryimage","inLanguage":"ru-RU","url":"https:\/\/spectrebaltics.com\/wp-content\/uploads\/2026\/05\/pro-72-900x1432-1.png","contentUrl":"https:\/\/spectrebaltics.com\/wp-content\/uploads\/2026\/05\/pro-72-900x1432-1.png","width":900,"height":1432},{"@type":"WebPage","@id":"https:\/\/spectrebaltics.com\/toode\/promotech-pro-72-kahekiiruseline-puurmasin\/#webpage","url":"https:\/\/spectrebaltics.com\/toode\/promotech-pro-72-kahekiiruseline-puurmasin\/","name":"Promotech PRO-72 | Kahekiiruseline puurmasin","isPartOf":{"@id":"https:\/\/spectrebaltics.com\/ru\/#website"},"primaryImageOfPage":{"@id":"https:\/\/spectrebaltics.com\/toode\/promotech-pro-72-kahekiiruseline-puurmasin\/#primaryimage"},"datePublished":"2026-05-05T12:22:24+00:00","dateModified":"2026-05-05T12:22:24+00:00","breadcrumb":{"@id":"https:\/\/spectrebaltics.com\/toode\/promotech-pro-72-kahekiiruseline-puurmasin\/#breadcrumb"},"inLanguage":"ru-RU","potentialAction":[{"@type":"ReadAction","target":["https:\/\/spectrebaltics.com\/toode\/promotech-pro-72-kahekiiruseline-puurmasin\/"]}]},{"@type":"BreadcrumbList","@id":"https:\/\/spectrebaltics.com\/toode\/promotech-pro-72-kahekiiruseline-puurmasin\/#breadcrumb","itemListElement":[{"@type":"ListItem","position":1,"name":"Home","item":"https:\/\/spectrebaltics.com\/ru\/"},{"@type":"ListItem","position":2,"name":"\u041a\u0430\u0442\u0430\u043b\u043e\u0433","item":"https:\/\/spectrebaltics.com\/ru\/katalog\/"},{"@type":"ListItem","position":3,"name":"Promotech PRO-72 | Kahekiiruseline puurmasin"}]}]}},"_links":{"self":[{"href":"https:\/\/spectrebaltics.com\/ru\/wp-json\/wp\/v2\/product\/12785"}],"collection":[{"href":"https:\/\/spectrebaltics.com\/ru\/wp-json\/wp\/v2\/product"}],"about":[{"href":"https:\/\/spectrebaltics.com\/ru\/wp-json\/wp\/v2\/types\/product"}],"wp:featuredmedia":[{"embeddable":true,"href":"https:\/\/spectrebaltics.com\/ru\/wp-json\/wp\/v2\/media\/12786"}],"wp:attachment":[{"href":"https:\/\/spectrebaltics.com\/ru\/wp-json\/wp\/v2\/media?parent=12785"}],"wp:term":[{"taxonomy":"product_cat","embeddable":true,"href":"https:\/\/spectrebaltics.com\/ru\/wp-json\/wp\/v2\/product_cat?post=12785"},{"taxonomy":"product_tag","embeddable":true,"href":"https:\/\/spectrebaltics.com\/ru\/wp-json\/wp\/v2\/product_tag?post=12785"}],"curies":[{"name":"wp","href":"https:\/\/api.w.org\/{rel}","templated":true}]}}