{"id":12793,"date":"2026-05-05T12:29:08","date_gmt":"2026-05-05T12:29:08","guid":{"rendered":"https:\/\/spectrebaltics.com\/?post_type=product&#038;p=12793"},"modified":"2026-05-05T12:29:08","modified_gmt":"2026-05-05T12:29:08","slug":"promotech-pro-55-magnetpuurmasin","status":"publish","type":"product","link":"https:\/\/spectrebaltics.com\/ru\/toode\/promotech-pro-55-magnetpuurmasin\/","title":{"rendered":"Promotech PRO-55 | Magnetpuurmasin"},"content":{"rendered":"<p>PRO-55 on varustatud spetsiaalselt loodud mootori ja kahek\u00e4igulise k\u00e4igukastiga (200\/400 p\/min) ning on optimeeritud pakkuma sobivat kiirust kuni 50 mm l\u00e4bim\u00f5\u00f5duga kiirterasest puuriterade ja kuni 16 mm l\u00e4bim\u00f5\u00f5duga keerdpuuridega t\u00f6\u00f6tamiseks. J\u00e4ik konstruktsioon, mis on optimeeritud FEA (l\u00f5plike elementide anal\u00fc\u00fcsi) tarkvara abil, pikendab t\u00f6\u00f6riista eluiga ja v\u00f5imaldab l\u00f5ikes\u00fcgavust kuni 75 mm. Kompaktne disain koos uuendusliku ja v\u00e4hendatud kaaluga nutika magnetiga muudab selle kergeks masinaks.<\/p>\n<p>Kompaktne disain suurep\u00e4rase kaalu\/v\u00f5imsuse suhtega.<br \/>\nJ\u00e4ik valuplokk, mis on loodud taluma allapoole suunatud puurimisj\u00f5udu, pikendades t\u00f6\u00f6riista eluiga.<br \/>\nPikk k\u00e4ik v\u00f5imaldab pikkade t\u00f6\u00f6riistade kasutamist.<br \/>\nUuenduslik ja v\u00e4hendatud kaaluga nutikas magnet.<br \/>\nEnergias\u00e4\u00e4stlik alus (ESB) kasutab mootori seismise ajal ainult 50% oma v\u00f5imsusest.<br \/>\nMagnetv\u00e4lja kuju kontroll (MFSC) tagab \u00f5hukeste materjalide puhul maksimaalse hoidej\u00f5u.<br \/>\nMagnetj\u00f5u adhesioonikontroll (MPAC) tuvastab elektromagnetilise aluse adhesioonij\u00f5u ja kaitseb nii masinat kui ka operaatorit liiga \u00f5hukese toorikuga t\u00f6\u00f6tamise eest.<br \/>\n2-aastane garantii.<\/p>\n<p>Rohkem teavet:<\/p>\n<blockquote class=\"wp-embedded-content\" data-secret=\"pOe3PcBlz2\"><p><a href=\"https:\/\/www.promotech.eu\/product\/pro-55-annular-cutter-drilling-machine\/\">PRO-55 | Annular Cutter Drilling Machine<\/a><\/p><\/blockquote>\n<p><iframe class=\"wp-embedded-content\" sandbox=\"allow-scripts\" security=\"restricted\" style=\"position: absolute; clip: rect(1px, 1px, 1px, 1px);\" title=\"&#8222;PRO-55 | Annular Cutter Drilling Machine&#8221; &#8212; PROMOTECH\" src=\"https:\/\/www.promotech.eu\/product\/pro-55-annular-cutter-drilling-machine\/embed\/#?secret=8tb3PKxjYX#?secret=pOe3PcBlz2\" data-secret=\"pOe3PcBlz2\" width=\"600\" height=\"338\" frameborder=\"0\" marginwidth=\"0\" marginheight=\"0\" scrolling=\"no\"><\/iframe><\/p>\n","protected":false},"excerpt":{"rendered":"<p>PRO-55 on varustatud spetsiaalselt loodud mootori ja kahek\u00e4igulise k\u00e4igukastiga (200\/400 p\/min) ning on optimeeritud pakkuma sobivat kiirust kuni 50 mm l\u00e4bim\u00f5\u00f5duga kiirterasest puuriterade ja kuni 16 mm l\u00e4bim\u00f5\u00f5duga keerdpuuridega t\u00f6\u00f6tamiseks. J\u00e4ik konstruktsioon, mis on optimeeritud FEA (l\u00f5plike elementide anal\u00fc\u00fcsi) tarkvara abil, pikendab t\u00f6\u00f6riista eluiga ja v\u00f5imaldab l\u00f5ikes\u00fcgavust kuni 75 mm. Kompaktne disain koos uuendusliku ja&#8230;<\/p>\n","protected":false},"featured_media":12794,"template":"","meta":[],"product_cat":[326,119],"product_tag":[],"yoast_head":"<!-- This site is optimized with the Yoast SEO plugin v18.4.1 - https:\/\/yoast.com\/wordpress\/plugins\/seo\/ -->\n<title>Promotech PRO-55 | Magnetpuurmasin<\/title>\n<meta name=\"robots\" content=\"index, follow, max-snippet:-1, max-image-preview:large, max-video-preview:-1\" \/>\n<link rel=\"canonical\" href=\"https:\/\/spectrebaltics.com\/toode\/promotech-pro-55-magnetpuurmasin\/\" \/>\n<meta property=\"og:locale\" content=\"ru_RU\" \/>\n<meta property=\"og:type\" content=\"article\" \/>\n<meta property=\"og:title\" content=\"Promotech PRO-55 | Magnetpuurmasin\" \/>\n<meta property=\"og:description\" content=\"PRO-55 on varustatud spetsiaalselt loodud mootori ja kahek\u00e4igulise k\u00e4igukastiga (200\/400 p\/min) ning on optimeeritud pakkuma sobivat kiirust kuni 50 mm l\u00e4bim\u00f5\u00f5duga kiirterasest puuriterade ja kuni 16 mm l\u00e4bim\u00f5\u00f5duga keerdpuuridega t\u00f6\u00f6tamiseks. J\u00e4ik konstruktsioon, mis on optimeeritud FEA (l\u00f5plike elementide anal\u00fc\u00fcsi) tarkvara abil, pikendab t\u00f6\u00f6riista eluiga ja v\u00f5imaldab l\u00f5ikes\u00fcgavust kuni 75 mm. Kompaktne disain koos uuendusliku ja...\" \/>\n<meta property=\"og:url\" content=\"https:\/\/spectrebaltics.com\/toode\/promotech-pro-55-magnetpuurmasin\/\" \/>\n<meta property=\"og:site_name\" content=\"Spectrebaltics\" \/>\n<meta property=\"og:image\" content=\"https:\/\/spectrebaltics.com\/wp-content\/uploads\/2026\/05\/pro-55-900x1320-1.png\" \/>\n\t<meta property=\"og:image:width\" content=\"900\" \/>\n\t<meta property=\"og:image:height\" content=\"1320\" \/>\n\t<meta property=\"og:image:type\" content=\"image\/png\" \/>\n<meta name=\"twitter:card\" content=\"summary_large_image\" \/>\n<meta name=\"twitter:label1\" content=\"\u041f\u0440\u0438\u043c\u0435\u0440\u043d\u043e\u0435 \u0432\u0440\u0435\u043c\u044f \u0434\u043b\u044f \u0447\u0442\u0435\u043d\u0438\u044f\" \/>\n\t<meta name=\"twitter:data1\" content=\"1 \u043c\u0438\u043d\u0443\u0442\u0430\" \/>\n<script type=\"application\/ld+json\" class=\"yoast-schema-graph\">{\"@context\":\"https:\/\/schema.org\",\"@graph\":[{\"@type\":\"Organization\",\"@id\":\"https:\/\/spectrebaltics.com\/ru\/#organization\",\"name\":\"Spectrebaltics\",\"url\":\"https:\/\/spectrebaltics.com\/ru\/\",\"sameAs\":[],\"logo\":{\"@type\":\"ImageObject\",\"@id\":\"https:\/\/spectrebaltics.com\/ru\/#logo\",\"inLanguage\":\"ru-RU\",\"url\":\"https:\/\/spectrebaltics.com\/wp-content\/uploads\/2024\/03\/Spectrebaltics-logo.svg\",\"contentUrl\":\"https:\/\/spectrebaltics.com\/wp-content\/uploads\/2024\/03\/Spectrebaltics-logo.svg\",\"caption\":\"Spectrebaltics\"},\"image\":{\"@id\":\"https:\/\/spectrebaltics.com\/ru\/#logo\"}},{\"@type\":\"WebSite\",\"@id\":\"https:\/\/spectrebaltics.com\/ru\/#website\",\"url\":\"https:\/\/spectrebaltics.com\/ru\/\",\"name\":\"Spectrebaltics\",\"description\":\"\",\"publisher\":{\"@id\":\"https:\/\/spectrebaltics.com\/ru\/#organization\"},\"potentialAction\":[{\"@type\":\"SearchAction\",\"target\":{\"@type\":\"EntryPoint\",\"urlTemplate\":\"https:\/\/spectrebaltics.com\/ru\/?s={search_term_string}\"},\"query-input\":\"required name=search_term_string\"}],\"inLanguage\":\"ru-RU\"},{\"@type\":\"ImageObject\",\"@id\":\"https:\/\/spectrebaltics.com\/toode\/promotech-pro-55-magnetpuurmasin\/#primaryimage\",\"inLanguage\":\"ru-RU\",\"url\":\"https:\/\/spectrebaltics.com\/wp-content\/uploads\/2026\/05\/pro-55-900x1320-1.png\",\"contentUrl\":\"https:\/\/spectrebaltics.com\/wp-content\/uploads\/2026\/05\/pro-55-900x1320-1.png\",\"width\":900,\"height\":1320},{\"@type\":\"WebPage\",\"@id\":\"https:\/\/spectrebaltics.com\/toode\/promotech-pro-55-magnetpuurmasin\/#webpage\",\"url\":\"https:\/\/spectrebaltics.com\/toode\/promotech-pro-55-magnetpuurmasin\/\",\"name\":\"Promotech PRO-55 | Magnetpuurmasin\",\"isPartOf\":{\"@id\":\"https:\/\/spectrebaltics.com\/ru\/#website\"},\"primaryImageOfPage\":{\"@id\":\"https:\/\/spectrebaltics.com\/toode\/promotech-pro-55-magnetpuurmasin\/#primaryimage\"},\"datePublished\":\"2026-05-05T12:29:08+00:00\",\"dateModified\":\"2026-05-05T12:29:08+00:00\",\"breadcrumb\":{\"@id\":\"https:\/\/spectrebaltics.com\/toode\/promotech-pro-55-magnetpuurmasin\/#breadcrumb\"},\"inLanguage\":\"ru-RU\",\"potentialAction\":[{\"@type\":\"ReadAction\",\"target\":[\"https:\/\/spectrebaltics.com\/toode\/promotech-pro-55-magnetpuurmasin\/\"]}]},{\"@type\":\"BreadcrumbList\",\"@id\":\"https:\/\/spectrebaltics.com\/toode\/promotech-pro-55-magnetpuurmasin\/#breadcrumb\",\"itemListElement\":[{\"@type\":\"ListItem\",\"position\":1,\"name\":\"Home\",\"item\":\"https:\/\/spectrebaltics.com\/ru\/\"},{\"@type\":\"ListItem\",\"position\":2,\"name\":\"\u041a\u0430\u0442\u0430\u043b\u043e\u0433\",\"item\":\"https:\/\/spectrebaltics.com\/ru\/katalog\/\"},{\"@type\":\"ListItem\",\"position\":3,\"name\":\"Promotech PRO-55 | Magnetpuurmasin\"}]}]}<\/script>\n<!-- \/ Yoast SEO plugin. -->","yoast_head_json":{"title":"Promotech PRO-55 | Magnetpuurmasin","robots":{"index":"index","follow":"follow","max-snippet":"max-snippet:-1","max-image-preview":"max-image-preview:large","max-video-preview":"max-video-preview:-1"},"canonical":"https:\/\/spectrebaltics.com\/toode\/promotech-pro-55-magnetpuurmasin\/","og_locale":"ru_RU","og_type":"article","og_title":"Promotech PRO-55 | Magnetpuurmasin","og_description":"PRO-55 on varustatud spetsiaalselt loodud mootori ja kahek\u00e4igulise k\u00e4igukastiga (200\/400 p\/min) ning on optimeeritud pakkuma sobivat kiirust kuni 50 mm l\u00e4bim\u00f5\u00f5duga kiirterasest puuriterade ja kuni 16 mm l\u00e4bim\u00f5\u00f5duga keerdpuuridega t\u00f6\u00f6tamiseks. J\u00e4ik konstruktsioon, mis on optimeeritud FEA (l\u00f5plike elementide anal\u00fc\u00fcsi) tarkvara abil, pikendab t\u00f6\u00f6riista eluiga ja v\u00f5imaldab l\u00f5ikes\u00fcgavust kuni 75 mm. Kompaktne disain koos uuendusliku ja...","og_url":"https:\/\/spectrebaltics.com\/toode\/promotech-pro-55-magnetpuurmasin\/","og_site_name":"Spectrebaltics","og_image":[{"width":900,"height":1320,"url":"https:\/\/spectrebaltics.com\/wp-content\/uploads\/2026\/05\/pro-55-900x1320-1.png","type":"image\/png"}],"twitter_card":"summary_large_image","twitter_misc":{"\u041f\u0440\u0438\u043c\u0435\u0440\u043d\u043e\u0435 \u0432\u0440\u0435\u043c\u044f \u0434\u043b\u044f \u0447\u0442\u0435\u043d\u0438\u044f":"1 \u043c\u0438\u043d\u0443\u0442\u0430"},"schema":{"@context":"https:\/\/schema.org","@graph":[{"@type":"Organization","@id":"https:\/\/spectrebaltics.com\/ru\/#organization","name":"Spectrebaltics","url":"https:\/\/spectrebaltics.com\/ru\/","sameAs":[],"logo":{"@type":"ImageObject","@id":"https:\/\/spectrebaltics.com\/ru\/#logo","inLanguage":"ru-RU","url":"https:\/\/spectrebaltics.com\/wp-content\/uploads\/2024\/03\/Spectrebaltics-logo.svg","contentUrl":"https:\/\/spectrebaltics.com\/wp-content\/uploads\/2024\/03\/Spectrebaltics-logo.svg","caption":"Spectrebaltics"},"image":{"@id":"https:\/\/spectrebaltics.com\/ru\/#logo"}},{"@type":"WebSite","@id":"https:\/\/spectrebaltics.com\/ru\/#website","url":"https:\/\/spectrebaltics.com\/ru\/","name":"Spectrebaltics","description":"","publisher":{"@id":"https:\/\/spectrebaltics.com\/ru\/#organization"},"potentialAction":[{"@type":"SearchAction","target":{"@type":"EntryPoint","urlTemplate":"https:\/\/spectrebaltics.com\/ru\/?s={search_term_string}"},"query-input":"required name=search_term_string"}],"inLanguage":"ru-RU"},{"@type":"ImageObject","@id":"https:\/\/spectrebaltics.com\/toode\/promotech-pro-55-magnetpuurmasin\/#primaryimage","inLanguage":"ru-RU","url":"https:\/\/spectrebaltics.com\/wp-content\/uploads\/2026\/05\/pro-55-900x1320-1.png","contentUrl":"https:\/\/spectrebaltics.com\/wp-content\/uploads\/2026\/05\/pro-55-900x1320-1.png","width":900,"height":1320},{"@type":"WebPage","@id":"https:\/\/spectrebaltics.com\/toode\/promotech-pro-55-magnetpuurmasin\/#webpage","url":"https:\/\/spectrebaltics.com\/toode\/promotech-pro-55-magnetpuurmasin\/","name":"Promotech PRO-55 | Magnetpuurmasin","isPartOf":{"@id":"https:\/\/spectrebaltics.com\/ru\/#website"},"primaryImageOfPage":{"@id":"https:\/\/spectrebaltics.com\/toode\/promotech-pro-55-magnetpuurmasin\/#primaryimage"},"datePublished":"2026-05-05T12:29:08+00:00","dateModified":"2026-05-05T12:29:08+00:00","breadcrumb":{"@id":"https:\/\/spectrebaltics.com\/toode\/promotech-pro-55-magnetpuurmasin\/#breadcrumb"},"inLanguage":"ru-RU","potentialAction":[{"@type":"ReadAction","target":["https:\/\/spectrebaltics.com\/toode\/promotech-pro-55-magnetpuurmasin\/"]}]},{"@type":"BreadcrumbList","@id":"https:\/\/spectrebaltics.com\/toode\/promotech-pro-55-magnetpuurmasin\/#breadcrumb","itemListElement":[{"@type":"ListItem","position":1,"name":"Home","item":"https:\/\/spectrebaltics.com\/ru\/"},{"@type":"ListItem","position":2,"name":"\u041a\u0430\u0442\u0430\u043b\u043e\u0433","item":"https:\/\/spectrebaltics.com\/ru\/katalog\/"},{"@type":"ListItem","position":3,"name":"Promotech PRO-55 | Magnetpuurmasin"}]}]}},"_links":{"self":[{"href":"https:\/\/spectrebaltics.com\/ru\/wp-json\/wp\/v2\/product\/12793"}],"collection":[{"href":"https:\/\/spectrebaltics.com\/ru\/wp-json\/wp\/v2\/product"}],"about":[{"href":"https:\/\/spectrebaltics.com\/ru\/wp-json\/wp\/v2\/types\/product"}],"wp:featuredmedia":[{"embeddable":true,"href":"https:\/\/spectrebaltics.com\/ru\/wp-json\/wp\/v2\/media\/12794"}],"wp:attachment":[{"href":"https:\/\/spectrebaltics.com\/ru\/wp-json\/wp\/v2\/media?parent=12793"}],"wp:term":[{"taxonomy":"product_cat","embeddable":true,"href":"https:\/\/spectrebaltics.com\/ru\/wp-json\/wp\/v2\/product_cat?post=12793"},{"taxonomy":"product_tag","embeddable":true,"href":"https:\/\/spectrebaltics.com\/ru\/wp-json\/wp\/v2\/product_tag?post=12793"}],"curies":[{"name":"wp","href":"https:\/\/api.w.org\/{rel}","templated":true}]}}