{"id":12809,"date":"2026-05-05T12:35:07","date_gmt":"2026-05-05T12:35:07","guid":{"rendered":"https:\/\/spectrebaltics.com\/?post_type=product&#038;p=12809"},"modified":"2026-05-05T12:35:07","modified_gmt":"2026-05-05T12:35:07","slug":"promotech-pro-40-praktiline-mag-puur","status":"publish","type":"product","link":"https:\/\/spectrebaltics.com\/ru\/toode\/promotech-pro-40-praktiline-mag-puur\/","title":{"rendered":"Promotech PRO-40 | Praktiline mag-puur"},"content":{"rendered":"<p>PRO-40, millel on spetsiaalselt loodud mootor ja \u00fchek\u00e4iguline k\u00e4igukast kiirusega 440 p\/min, on optimeeritud pakkuma sobivat kiirust t\u00f6\u00f6tamiseks kuni 40 mm l\u00e4bim\u00f5\u00f5duga kiirl\u00f5ikuritega ja kuni 16 mm l\u00e4bim\u00f5\u00f5duga silindriliste keerdpuuridega. FEA (l\u00f5plike elementide anal\u00fc\u00fcsi) tarkvara abil optimeeritud j\u00e4ik konstruktsioon pikendab t\u00f6\u00f6riista eluiga. Kompaktne disain koos uuendusliku v\u00e4hendatud kaaluga nutika magnetiga muudab selle kergeks masinaks.<\/p>\n<p>Kompaktne disain suurep\u00e4rase kaalu\/v\u00f5imsuse suhtega<br \/>\nJ\u00e4ik valuplokk, mis on loodud taluma allapoole suunatud puurimisj\u00f5udu, pikendades t\u00f6\u00f6riista eluiga<br \/>\nPikk k\u00e4ik v\u00f5imaldab pikkade t\u00f6\u00f6riistade kasutamist<br \/>\nUuenduslik v\u00e4hendatud kaaluga nutikas magnet<br \/>\nEnergias\u00e4\u00e4stlik alus (ESB) kasutab mootori seismise ajal ainult 50% oma v\u00f5imsusest<br \/>\nMagnetv\u00e4lja kuju kontroll (MFSC) tagab maksimaalse hoidej\u00f5u \u00f5hukeste materjalide puhul<br \/>\nMagnetj\u00f5u adhesioonikontroll (MPAC) tuvastab elektromagnetilise aluse adhesioonij\u00f5u ja kaitseb nii masinat kui ka operaatorit liiga \u00f5hukese toorikuga t\u00f6\u00f6tamise eest<br \/>\nKuni 2-aastane garantii<\/p>\n<p>Rohkem teavet:<\/p>\n<blockquote class=\"wp-embedded-content\" data-secret=\"axip7YHbJa\"><p><a href=\"https:\/\/www.promotech.eu\/product\/pro-40-practical-mag-drill\/\">PRO-40 | Practical Mag Drill<\/a><\/p><\/blockquote>\n<p><iframe class=\"wp-embedded-content\" sandbox=\"allow-scripts\" security=\"restricted\" style=\"position: absolute; clip: rect(1px, 1px, 1px, 1px);\" title=\"&#8222;PRO-40 | Practical Mag Drill&#8221; &#8212; PROMOTECH\" src=\"https:\/\/www.promotech.eu\/product\/pro-40-practical-mag-drill\/embed\/#?secret=KVLRqokpUE#?secret=axip7YHbJa\" data-secret=\"axip7YHbJa\" width=\"600\" height=\"338\" frameborder=\"0\" marginwidth=\"0\" marginheight=\"0\" scrolling=\"no\"><\/iframe><\/p>\n","protected":false},"excerpt":{"rendered":"<p>PRO-40, millel on spetsiaalselt loodud mootor ja \u00fchek\u00e4iguline k\u00e4igukast kiirusega 440 p\/min, on optimeeritud pakkuma sobivat kiirust t\u00f6\u00f6tamiseks kuni 40 mm l\u00e4bim\u00f5\u00f5duga kiirl\u00f5ikuritega ja kuni 16 mm l\u00e4bim\u00f5\u00f5duga silindriliste keerdpuuridega. FEA (l\u00f5plike elementide anal\u00fc\u00fcsi) tarkvara abil optimeeritud j\u00e4ik konstruktsioon pikendab t\u00f6\u00f6riista eluiga. Kompaktne disain koos uuendusliku v\u00e4hendatud kaaluga nutika magnetiga muudab selle kergeks masinaks. Kompaktne&#8230;<\/p>\n","protected":false},"featured_media":12810,"template":"","meta":[],"product_cat":[326,119],"product_tag":[],"yoast_head":"<!-- This site is optimized with the Yoast SEO plugin v18.4.1 - https:\/\/yoast.com\/wordpress\/plugins\/seo\/ -->\n<title>Promotech PRO-40 | Praktiline mag-puur<\/title>\n<meta name=\"robots\" content=\"index, follow, max-snippet:-1, max-image-preview:large, max-video-preview:-1\" \/>\n<link rel=\"canonical\" href=\"https:\/\/spectrebaltics.com\/toode\/promotech-pro-40-praktiline-mag-puur\/\" \/>\n<meta property=\"og:locale\" content=\"ru_RU\" \/>\n<meta property=\"og:type\" content=\"article\" \/>\n<meta property=\"og:title\" content=\"Promotech PRO-40 | Praktiline mag-puur\" \/>\n<meta property=\"og:description\" content=\"PRO-40, millel on spetsiaalselt loodud mootor ja \u00fchek\u00e4iguline k\u00e4igukast kiirusega 440 p\/min, on optimeeritud pakkuma sobivat kiirust t\u00f6\u00f6tamiseks kuni 40 mm l\u00e4bim\u00f5\u00f5duga kiirl\u00f5ikuritega ja kuni 16 mm l\u00e4bim\u00f5\u00f5duga silindriliste keerdpuuridega. FEA (l\u00f5plike elementide anal\u00fc\u00fcsi) tarkvara abil optimeeritud j\u00e4ik konstruktsioon pikendab t\u00f6\u00f6riista eluiga. Kompaktne disain koos uuendusliku v\u00e4hendatud kaaluga nutika magnetiga muudab selle kergeks masinaks. Kompaktne...\" \/>\n<meta property=\"og:url\" content=\"https:\/\/spectrebaltics.com\/toode\/promotech-pro-40-praktiline-mag-puur\/\" \/>\n<meta property=\"og:site_name\" content=\"Spectrebaltics\" \/>\n<meta name=\"twitter:card\" content=\"summary_large_image\" \/>\n<meta name=\"twitter:image\" content=\"https:\/\/spectrebaltics.com\/wp-content\/uploads\/2026\/05\/pro-40_2-900x1506-1.webp\" \/>\n<meta name=\"twitter:label1\" content=\"\u041f\u0440\u0438\u043c\u0435\u0440\u043d\u043e\u0435 \u0432\u0440\u0435\u043c\u044f \u0434\u043b\u044f \u0447\u0442\u0435\u043d\u0438\u044f\" \/>\n\t<meta name=\"twitter:data1\" content=\"1 \u043c\u0438\u043d\u0443\u0442\u0430\" \/>\n<script type=\"application\/ld+json\" class=\"yoast-schema-graph\">{\"@context\":\"https:\/\/schema.org\",\"@graph\":[{\"@type\":\"Organization\",\"@id\":\"https:\/\/spectrebaltics.com\/ru\/#organization\",\"name\":\"Spectrebaltics\",\"url\":\"https:\/\/spectrebaltics.com\/ru\/\",\"sameAs\":[],\"logo\":{\"@type\":\"ImageObject\",\"@id\":\"https:\/\/spectrebaltics.com\/ru\/#logo\",\"inLanguage\":\"ru-RU\",\"url\":\"https:\/\/spectrebaltics.com\/wp-content\/uploads\/2024\/03\/Spectrebaltics-logo.svg\",\"contentUrl\":\"https:\/\/spectrebaltics.com\/wp-content\/uploads\/2024\/03\/Spectrebaltics-logo.svg\",\"caption\":\"Spectrebaltics\"},\"image\":{\"@id\":\"https:\/\/spectrebaltics.com\/ru\/#logo\"}},{\"@type\":\"WebSite\",\"@id\":\"https:\/\/spectrebaltics.com\/ru\/#website\",\"url\":\"https:\/\/spectrebaltics.com\/ru\/\",\"name\":\"Spectrebaltics\",\"description\":\"\",\"publisher\":{\"@id\":\"https:\/\/spectrebaltics.com\/ru\/#organization\"},\"potentialAction\":[{\"@type\":\"SearchAction\",\"target\":{\"@type\":\"EntryPoint\",\"urlTemplate\":\"https:\/\/spectrebaltics.com\/ru\/?s={search_term_string}\"},\"query-input\":\"required name=search_term_string\"}],\"inLanguage\":\"ru-RU\"},{\"@type\":\"ImageObject\",\"@id\":\"https:\/\/spectrebaltics.com\/toode\/promotech-pro-40-praktiline-mag-puur\/#primaryimage\",\"inLanguage\":\"ru-RU\",\"url\":\"https:\/\/spectrebaltics.com\/wp-content\/uploads\/2026\/05\/pro-40_2-900x1506-1.webp\",\"contentUrl\":\"https:\/\/spectrebaltics.com\/wp-content\/uploads\/2026\/05\/pro-40_2-900x1506-1.webp\",\"width\":900,\"height\":1506},{\"@type\":\"WebPage\",\"@id\":\"https:\/\/spectrebaltics.com\/toode\/promotech-pro-40-praktiline-mag-puur\/#webpage\",\"url\":\"https:\/\/spectrebaltics.com\/toode\/promotech-pro-40-praktiline-mag-puur\/\",\"name\":\"Promotech PRO-40 | Praktiline mag-puur\",\"isPartOf\":{\"@id\":\"https:\/\/spectrebaltics.com\/ru\/#website\"},\"primaryImageOfPage\":{\"@id\":\"https:\/\/spectrebaltics.com\/toode\/promotech-pro-40-praktiline-mag-puur\/#primaryimage\"},\"datePublished\":\"2026-05-05T12:35:07+00:00\",\"dateModified\":\"2026-05-05T12:35:07+00:00\",\"breadcrumb\":{\"@id\":\"https:\/\/spectrebaltics.com\/toode\/promotech-pro-40-praktiline-mag-puur\/#breadcrumb\"},\"inLanguage\":\"ru-RU\",\"potentialAction\":[{\"@type\":\"ReadAction\",\"target\":[\"https:\/\/spectrebaltics.com\/toode\/promotech-pro-40-praktiline-mag-puur\/\"]}]},{\"@type\":\"BreadcrumbList\",\"@id\":\"https:\/\/spectrebaltics.com\/toode\/promotech-pro-40-praktiline-mag-puur\/#breadcrumb\",\"itemListElement\":[{\"@type\":\"ListItem\",\"position\":1,\"name\":\"Home\",\"item\":\"https:\/\/spectrebaltics.com\/ru\/\"},{\"@type\":\"ListItem\",\"position\":2,\"name\":\"\u041a\u0430\u0442\u0430\u043b\u043e\u0433\",\"item\":\"https:\/\/spectrebaltics.com\/ru\/katalog\/\"},{\"@type\":\"ListItem\",\"position\":3,\"name\":\"Promotech PRO-40 | Praktiline mag-puur\"}]}]}<\/script>\n<!-- \/ Yoast SEO plugin. -->","yoast_head_json":{"title":"Promotech PRO-40 | Praktiline mag-puur","robots":{"index":"index","follow":"follow","max-snippet":"max-snippet:-1","max-image-preview":"max-image-preview:large","max-video-preview":"max-video-preview:-1"},"canonical":"https:\/\/spectrebaltics.com\/toode\/promotech-pro-40-praktiline-mag-puur\/","og_locale":"ru_RU","og_type":"article","og_title":"Promotech PRO-40 | Praktiline mag-puur","og_description":"PRO-40, millel on spetsiaalselt loodud mootor ja \u00fchek\u00e4iguline k\u00e4igukast kiirusega 440 p\/min, on optimeeritud pakkuma sobivat kiirust t\u00f6\u00f6tamiseks kuni 40 mm l\u00e4bim\u00f5\u00f5duga kiirl\u00f5ikuritega ja kuni 16 mm l\u00e4bim\u00f5\u00f5duga silindriliste keerdpuuridega. FEA (l\u00f5plike elementide anal\u00fc\u00fcsi) tarkvara abil optimeeritud j\u00e4ik konstruktsioon pikendab t\u00f6\u00f6riista eluiga. Kompaktne disain koos uuendusliku v\u00e4hendatud kaaluga nutika magnetiga muudab selle kergeks masinaks. Kompaktne...","og_url":"https:\/\/spectrebaltics.com\/toode\/promotech-pro-40-praktiline-mag-puur\/","og_site_name":"Spectrebaltics","twitter_card":"summary_large_image","twitter_image":"https:\/\/spectrebaltics.com\/wp-content\/uploads\/2026\/05\/pro-40_2-900x1506-1.webp","twitter_misc":{"\u041f\u0440\u0438\u043c\u0435\u0440\u043d\u043e\u0435 \u0432\u0440\u0435\u043c\u044f \u0434\u043b\u044f \u0447\u0442\u0435\u043d\u0438\u044f":"1 \u043c\u0438\u043d\u0443\u0442\u0430"},"schema":{"@context":"https:\/\/schema.org","@graph":[{"@type":"Organization","@id":"https:\/\/spectrebaltics.com\/ru\/#organization","name":"Spectrebaltics","url":"https:\/\/spectrebaltics.com\/ru\/","sameAs":[],"logo":{"@type":"ImageObject","@id":"https:\/\/spectrebaltics.com\/ru\/#logo","inLanguage":"ru-RU","url":"https:\/\/spectrebaltics.com\/wp-content\/uploads\/2024\/03\/Spectrebaltics-logo.svg","contentUrl":"https:\/\/spectrebaltics.com\/wp-content\/uploads\/2024\/03\/Spectrebaltics-logo.svg","caption":"Spectrebaltics"},"image":{"@id":"https:\/\/spectrebaltics.com\/ru\/#logo"}},{"@type":"WebSite","@id":"https:\/\/spectrebaltics.com\/ru\/#website","url":"https:\/\/spectrebaltics.com\/ru\/","name":"Spectrebaltics","description":"","publisher":{"@id":"https:\/\/spectrebaltics.com\/ru\/#organization"},"potentialAction":[{"@type":"SearchAction","target":{"@type":"EntryPoint","urlTemplate":"https:\/\/spectrebaltics.com\/ru\/?s={search_term_string}"},"query-input":"required name=search_term_string"}],"inLanguage":"ru-RU"},{"@type":"ImageObject","@id":"https:\/\/spectrebaltics.com\/toode\/promotech-pro-40-praktiline-mag-puur\/#primaryimage","inLanguage":"ru-RU","url":"https:\/\/spectrebaltics.com\/wp-content\/uploads\/2026\/05\/pro-40_2-900x1506-1.webp","contentUrl":"https:\/\/spectrebaltics.com\/wp-content\/uploads\/2026\/05\/pro-40_2-900x1506-1.webp","width":900,"height":1506},{"@type":"WebPage","@id":"https:\/\/spectrebaltics.com\/toode\/promotech-pro-40-praktiline-mag-puur\/#webpage","url":"https:\/\/spectrebaltics.com\/toode\/promotech-pro-40-praktiline-mag-puur\/","name":"Promotech PRO-40 | Praktiline mag-puur","isPartOf":{"@id":"https:\/\/spectrebaltics.com\/ru\/#website"},"primaryImageOfPage":{"@id":"https:\/\/spectrebaltics.com\/toode\/promotech-pro-40-praktiline-mag-puur\/#primaryimage"},"datePublished":"2026-05-05T12:35:07+00:00","dateModified":"2026-05-05T12:35:07+00:00","breadcrumb":{"@id":"https:\/\/spectrebaltics.com\/toode\/promotech-pro-40-praktiline-mag-puur\/#breadcrumb"},"inLanguage":"ru-RU","potentialAction":[{"@type":"ReadAction","target":["https:\/\/spectrebaltics.com\/toode\/promotech-pro-40-praktiline-mag-puur\/"]}]},{"@type":"BreadcrumbList","@id":"https:\/\/spectrebaltics.com\/toode\/promotech-pro-40-praktiline-mag-puur\/#breadcrumb","itemListElement":[{"@type":"ListItem","position":1,"name":"Home","item":"https:\/\/spectrebaltics.com\/ru\/"},{"@type":"ListItem","position":2,"name":"\u041a\u0430\u0442\u0430\u043b\u043e\u0433","item":"https:\/\/spectrebaltics.com\/ru\/katalog\/"},{"@type":"ListItem","position":3,"name":"Promotech PRO-40 | Praktiline mag-puur"}]}]}},"_links":{"self":[{"href":"https:\/\/spectrebaltics.com\/ru\/wp-json\/wp\/v2\/product\/12809"}],"collection":[{"href":"https:\/\/spectrebaltics.com\/ru\/wp-json\/wp\/v2\/product"}],"about":[{"href":"https:\/\/spectrebaltics.com\/ru\/wp-json\/wp\/v2\/types\/product"}],"wp:featuredmedia":[{"embeddable":true,"href":"https:\/\/spectrebaltics.com\/ru\/wp-json\/wp\/v2\/media\/12810"}],"wp:attachment":[{"href":"https:\/\/spectrebaltics.com\/ru\/wp-json\/wp\/v2\/media?parent=12809"}],"wp:term":[{"taxonomy":"product_cat","embeddable":true,"href":"https:\/\/spectrebaltics.com\/ru\/wp-json\/wp\/v2\/product_cat?post=12809"},{"taxonomy":"product_tag","embeddable":true,"href":"https:\/\/spectrebaltics.com\/ru\/wp-json\/wp\/v2\/product_tag?post=12809"}],"curies":[{"name":"wp","href":"https:\/\/api.w.org\/{rel}","templated":true}]}}