{"id":12821,"date":"2026-05-05T12:41:44","date_gmt":"2026-05-05T12:41:44","guid":{"rendered":"https:\/\/spectrebaltics.com\/?post_type=product&#038;p=12821"},"modified":"2026-05-05T12:41:44","modified_gmt":"2026-05-05T12:41:44","slug":"promotech-pro-36-ad-madala-profiiliga-magnetpuur","status":"publish","type":"product","link":"https:\/\/spectrebaltics.com\/ru\/toode\/promotech-pro-36-ad-madala-profiiliga-magnetpuur\/","title":{"rendered":"Promotech PRO-36 AD | Madala profiiliga magnetpuur"},"content":{"rendered":"<p>PRO-36 AD on \u00fclimadala profiiliga magnetpuur, mis sobib k\u00f5ige kitsamatesse kohtadesse. Ideaalne lahendus igasugusteks rakendusteks kitsastes ruumides, kus t\u00fc\u00fcpilised magnetpuurmasinad on liiga suured. V\u00f5imas mootor ja tugev elektromagnetiline alus v\u00f5imaldavad puurida kuni 36 mm l\u00e4bim\u00f5\u00f5duga ja kuni 30 mm (1-3\/16\u2033) s\u00fcgavusega auke.<\/p>\n<p>PRO-36 AD \u00fchildub nii TCT- kui ka HSS-l\u00f5ikuritega, samuti keerdpuuriga ja puuridega, millel on 19,05 mm (3\/4\u2033) Weldon-vars.<\/p>\n<p>\u00dclimadal disain sobib ideaalselt kitsastesse kohtadesse \u2013 k\u00f5rgus vaid 176 mm.<br \/>\n39 mm k\u00e4ik v\u00f5imaldab kuni 30 mm l\u00f5ikes\u00fcgavust.<br \/>\nSobib ka 19,05 mm (3\/4\u2033) Weldoni sabaga keerdpuure.<br \/>\nJahutus pudeliga aukude tegemise h\u00f5lbustamiseks.<br \/>\nEemaldatavat etteandemehhanismi k\u00e4epidet saab kinnitada nii vasakult kui ka paremalt k\u00fcljelt.<br \/>\nMagnetv\u00e4lja kuju juhtimine (MFSC) tagab maksimaalse hoidej\u00f5u \u00f5hukeste materjalide puhul.<br \/>\n\u00c4\u00e4rmiselt v\u00e4ike kaal, vaid 9,5 kg.<br \/>\n2-aastane garantii.<\/p>\n<p>Rohkem teavet:<\/p>\n<blockquote class=\"wp-embedded-content\" data-secret=\"3ZKhwz3PNc\"><p><a href=\"https:\/\/www.promotech.eu\/product\/pro-36-ad-ultra-low-profile-mag-drill\/\">PRO-36 AD | Low Profile Mag Drill<\/a><\/p><\/blockquote>\n<p><iframe class=\"wp-embedded-content\" sandbox=\"allow-scripts\" security=\"restricted\" style=\"position: absolute; clip: rect(1px, 1px, 1px, 1px);\" title=\"&#8222;PRO-36 AD | Low Profile Mag Drill&#8221; &#8212; PROMOTECH\" src=\"https:\/\/www.promotech.eu\/product\/pro-36-ad-ultra-low-profile-mag-drill\/embed\/#?secret=Eht4dMyshB#?secret=3ZKhwz3PNc\" data-secret=\"3ZKhwz3PNc\" width=\"600\" height=\"338\" frameborder=\"0\" marginwidth=\"0\" marginheight=\"0\" scrolling=\"no\"><\/iframe><\/p>\n","protected":false},"excerpt":{"rendered":"<p>PRO-36 AD on \u00fclimadala profiiliga magnetpuur, mis sobib k\u00f5ige kitsamatesse kohtadesse. Ideaalne lahendus igasugusteks rakendusteks kitsastes ruumides, kus t\u00fc\u00fcpilised magnetpuurmasinad on liiga suured. V\u00f5imas mootor ja tugev elektromagnetiline alus v\u00f5imaldavad puurida kuni 36 mm l\u00e4bim\u00f5\u00f5duga ja kuni 30 mm (1-3\/16\u2033) s\u00fcgavusega auke. PRO-36 AD \u00fchildub nii TCT- kui ka HSS-l\u00f5ikuritega, samuti keerdpuuriga ja puuridega, millel&#8230;<\/p>\n","protected":false},"featured_media":12822,"template":"","meta":[],"product_cat":[326,119],"product_tag":[],"yoast_head":"<!-- This site is optimized with the Yoast SEO plugin v18.4.1 - https:\/\/yoast.com\/wordpress\/plugins\/seo\/ -->\n<title>Promotech PRO-36 AD | Madala profiiliga magnetpuur<\/title>\n<meta name=\"robots\" content=\"index, follow, max-snippet:-1, max-image-preview:large, max-video-preview:-1\" \/>\n<link rel=\"canonical\" href=\"https:\/\/spectrebaltics.com\/toode\/promotech-pro-36-ad-madala-profiiliga-magnetpuur\/\" \/>\n<meta property=\"og:locale\" content=\"ru_RU\" \/>\n<meta property=\"og:type\" content=\"article\" \/>\n<meta property=\"og:title\" content=\"Promotech PRO-36 AD | Madala profiiliga magnetpuur\" \/>\n<meta property=\"og:description\" content=\"PRO-36 AD on \u00fclimadala profiiliga magnetpuur, mis sobib k\u00f5ige kitsamatesse kohtadesse. Ideaalne lahendus igasugusteks rakendusteks kitsastes ruumides, kus t\u00fc\u00fcpilised magnetpuurmasinad on liiga suured. V\u00f5imas mootor ja tugev elektromagnetiline alus v\u00f5imaldavad puurida kuni 36 mm l\u00e4bim\u00f5\u00f5duga ja kuni 30 mm (1-3\/16\u2033) s\u00fcgavusega auke. PRO-36 AD \u00fchildub nii TCT- kui ka HSS-l\u00f5ikuritega, samuti keerdpuuriga ja puuridega, millel...\" \/>\n<meta property=\"og:url\" content=\"https:\/\/spectrebaltics.com\/toode\/promotech-pro-36-ad-madala-profiiliga-magnetpuur\/\" \/>\n<meta property=\"og:site_name\" content=\"Spectrebaltics\" \/>\n<meta property=\"og:image\" content=\"https:\/\/spectrebaltics.com\/wp-content\/uploads\/2026\/05\/pro-36-ad.png\" \/>\n\t<meta property=\"og:image:width\" content=\"900\" \/>\n\t<meta property=\"og:image:height\" content=\"1050\" \/>\n\t<meta property=\"og:image:type\" content=\"image\/png\" \/>\n<meta name=\"twitter:card\" content=\"summary_large_image\" \/>\n<meta name=\"twitter:label1\" content=\"\u041f\u0440\u0438\u043c\u0435\u0440\u043d\u043e\u0435 \u0432\u0440\u0435\u043c\u044f \u0434\u043b\u044f \u0447\u0442\u0435\u043d\u0438\u044f\" \/>\n\t<meta name=\"twitter:data1\" content=\"1 \u043c\u0438\u043d\u0443\u0442\u0430\" \/>\n<script type=\"application\/ld+json\" class=\"yoast-schema-graph\">{\"@context\":\"https:\/\/schema.org\",\"@graph\":[{\"@type\":\"Organization\",\"@id\":\"https:\/\/spectrebaltics.com\/ru\/#organization\",\"name\":\"Spectrebaltics\",\"url\":\"https:\/\/spectrebaltics.com\/ru\/\",\"sameAs\":[],\"logo\":{\"@type\":\"ImageObject\",\"@id\":\"https:\/\/spectrebaltics.com\/ru\/#logo\",\"inLanguage\":\"ru-RU\",\"url\":\"https:\/\/spectrebaltics.com\/wp-content\/uploads\/2024\/03\/Spectrebaltics-logo.svg\",\"contentUrl\":\"https:\/\/spectrebaltics.com\/wp-content\/uploads\/2024\/03\/Spectrebaltics-logo.svg\",\"caption\":\"Spectrebaltics\"},\"image\":{\"@id\":\"https:\/\/spectrebaltics.com\/ru\/#logo\"}},{\"@type\":\"WebSite\",\"@id\":\"https:\/\/spectrebaltics.com\/ru\/#website\",\"url\":\"https:\/\/spectrebaltics.com\/ru\/\",\"name\":\"Spectrebaltics\",\"description\":\"\",\"publisher\":{\"@id\":\"https:\/\/spectrebaltics.com\/ru\/#organization\"},\"potentialAction\":[{\"@type\":\"SearchAction\",\"target\":{\"@type\":\"EntryPoint\",\"urlTemplate\":\"https:\/\/spectrebaltics.com\/ru\/?s={search_term_string}\"},\"query-input\":\"required name=search_term_string\"}],\"inLanguage\":\"ru-RU\"},{\"@type\":\"ImageObject\",\"@id\":\"https:\/\/spectrebaltics.com\/toode\/promotech-pro-36-ad-madala-profiiliga-magnetpuur\/#primaryimage\",\"inLanguage\":\"ru-RU\",\"url\":\"https:\/\/spectrebaltics.com\/wp-content\/uploads\/2026\/05\/pro-36-ad.png\",\"contentUrl\":\"https:\/\/spectrebaltics.com\/wp-content\/uploads\/2026\/05\/pro-36-ad.png\",\"width\":900,\"height\":1050},{\"@type\":\"WebPage\",\"@id\":\"https:\/\/spectrebaltics.com\/toode\/promotech-pro-36-ad-madala-profiiliga-magnetpuur\/#webpage\",\"url\":\"https:\/\/spectrebaltics.com\/toode\/promotech-pro-36-ad-madala-profiiliga-magnetpuur\/\",\"name\":\"Promotech PRO-36 AD | Madala profiiliga magnetpuur\",\"isPartOf\":{\"@id\":\"https:\/\/spectrebaltics.com\/ru\/#website\"},\"primaryImageOfPage\":{\"@id\":\"https:\/\/spectrebaltics.com\/toode\/promotech-pro-36-ad-madala-profiiliga-magnetpuur\/#primaryimage\"},\"datePublished\":\"2026-05-05T12:41:44+00:00\",\"dateModified\":\"2026-05-05T12:41:44+00:00\",\"breadcrumb\":{\"@id\":\"https:\/\/spectrebaltics.com\/toode\/promotech-pro-36-ad-madala-profiiliga-magnetpuur\/#breadcrumb\"},\"inLanguage\":\"ru-RU\",\"potentialAction\":[{\"@type\":\"ReadAction\",\"target\":[\"https:\/\/spectrebaltics.com\/toode\/promotech-pro-36-ad-madala-profiiliga-magnetpuur\/\"]}]},{\"@type\":\"BreadcrumbList\",\"@id\":\"https:\/\/spectrebaltics.com\/toode\/promotech-pro-36-ad-madala-profiiliga-magnetpuur\/#breadcrumb\",\"itemListElement\":[{\"@type\":\"ListItem\",\"position\":1,\"name\":\"Home\",\"item\":\"https:\/\/spectrebaltics.com\/ru\/\"},{\"@type\":\"ListItem\",\"position\":2,\"name\":\"\u041a\u0430\u0442\u0430\u043b\u043e\u0433\",\"item\":\"https:\/\/spectrebaltics.com\/ru\/katalog\/\"},{\"@type\":\"ListItem\",\"position\":3,\"name\":\"Promotech PRO-36 AD | Madala profiiliga magnetpuur\"}]}]}<\/script>\n<!-- \/ Yoast SEO plugin. -->","yoast_head_json":{"title":"Promotech PRO-36 AD | Madala profiiliga magnetpuur","robots":{"index":"index","follow":"follow","max-snippet":"max-snippet:-1","max-image-preview":"max-image-preview:large","max-video-preview":"max-video-preview:-1"},"canonical":"https:\/\/spectrebaltics.com\/toode\/promotech-pro-36-ad-madala-profiiliga-magnetpuur\/","og_locale":"ru_RU","og_type":"article","og_title":"Promotech PRO-36 AD | Madala profiiliga magnetpuur","og_description":"PRO-36 AD on \u00fclimadala profiiliga magnetpuur, mis sobib k\u00f5ige kitsamatesse kohtadesse. Ideaalne lahendus igasugusteks rakendusteks kitsastes ruumides, kus t\u00fc\u00fcpilised magnetpuurmasinad on liiga suured. V\u00f5imas mootor ja tugev elektromagnetiline alus v\u00f5imaldavad puurida kuni 36 mm l\u00e4bim\u00f5\u00f5duga ja kuni 30 mm (1-3\/16\u2033) s\u00fcgavusega auke. PRO-36 AD \u00fchildub nii TCT- kui ka HSS-l\u00f5ikuritega, samuti keerdpuuriga ja puuridega, millel...","og_url":"https:\/\/spectrebaltics.com\/toode\/promotech-pro-36-ad-madala-profiiliga-magnetpuur\/","og_site_name":"Spectrebaltics","og_image":[{"width":900,"height":1050,"url":"https:\/\/spectrebaltics.com\/wp-content\/uploads\/2026\/05\/pro-36-ad.png","type":"image\/png"}],"twitter_card":"summary_large_image","twitter_misc":{"\u041f\u0440\u0438\u043c\u0435\u0440\u043d\u043e\u0435 \u0432\u0440\u0435\u043c\u044f \u0434\u043b\u044f \u0447\u0442\u0435\u043d\u0438\u044f":"1 \u043c\u0438\u043d\u0443\u0442\u0430"},"schema":{"@context":"https:\/\/schema.org","@graph":[{"@type":"Organization","@id":"https:\/\/spectrebaltics.com\/ru\/#organization","name":"Spectrebaltics","url":"https:\/\/spectrebaltics.com\/ru\/","sameAs":[],"logo":{"@type":"ImageObject","@id":"https:\/\/spectrebaltics.com\/ru\/#logo","inLanguage":"ru-RU","url":"https:\/\/spectrebaltics.com\/wp-content\/uploads\/2024\/03\/Spectrebaltics-logo.svg","contentUrl":"https:\/\/spectrebaltics.com\/wp-content\/uploads\/2024\/03\/Spectrebaltics-logo.svg","caption":"Spectrebaltics"},"image":{"@id":"https:\/\/spectrebaltics.com\/ru\/#logo"}},{"@type":"WebSite","@id":"https:\/\/spectrebaltics.com\/ru\/#website","url":"https:\/\/spectrebaltics.com\/ru\/","name":"Spectrebaltics","description":"","publisher":{"@id":"https:\/\/spectrebaltics.com\/ru\/#organization"},"potentialAction":[{"@type":"SearchAction","target":{"@type":"EntryPoint","urlTemplate":"https:\/\/spectrebaltics.com\/ru\/?s={search_term_string}"},"query-input":"required name=search_term_string"}],"inLanguage":"ru-RU"},{"@type":"ImageObject","@id":"https:\/\/spectrebaltics.com\/toode\/promotech-pro-36-ad-madala-profiiliga-magnetpuur\/#primaryimage","inLanguage":"ru-RU","url":"https:\/\/spectrebaltics.com\/wp-content\/uploads\/2026\/05\/pro-36-ad.png","contentUrl":"https:\/\/spectrebaltics.com\/wp-content\/uploads\/2026\/05\/pro-36-ad.png","width":900,"height":1050},{"@type":"WebPage","@id":"https:\/\/spectrebaltics.com\/toode\/promotech-pro-36-ad-madala-profiiliga-magnetpuur\/#webpage","url":"https:\/\/spectrebaltics.com\/toode\/promotech-pro-36-ad-madala-profiiliga-magnetpuur\/","name":"Promotech PRO-36 AD | Madala profiiliga magnetpuur","isPartOf":{"@id":"https:\/\/spectrebaltics.com\/ru\/#website"},"primaryImageOfPage":{"@id":"https:\/\/spectrebaltics.com\/toode\/promotech-pro-36-ad-madala-profiiliga-magnetpuur\/#primaryimage"},"datePublished":"2026-05-05T12:41:44+00:00","dateModified":"2026-05-05T12:41:44+00:00","breadcrumb":{"@id":"https:\/\/spectrebaltics.com\/toode\/promotech-pro-36-ad-madala-profiiliga-magnetpuur\/#breadcrumb"},"inLanguage":"ru-RU","potentialAction":[{"@type":"ReadAction","target":["https:\/\/spectrebaltics.com\/toode\/promotech-pro-36-ad-madala-profiiliga-magnetpuur\/"]}]},{"@type":"BreadcrumbList","@id":"https:\/\/spectrebaltics.com\/toode\/promotech-pro-36-ad-madala-profiiliga-magnetpuur\/#breadcrumb","itemListElement":[{"@type":"ListItem","position":1,"name":"Home","item":"https:\/\/spectrebaltics.com\/ru\/"},{"@type":"ListItem","position":2,"name":"\u041a\u0430\u0442\u0430\u043b\u043e\u0433","item":"https:\/\/spectrebaltics.com\/ru\/katalog\/"},{"@type":"ListItem","position":3,"name":"Promotech PRO-36 AD | Madala profiiliga magnetpuur"}]}]}},"_links":{"self":[{"href":"https:\/\/spectrebaltics.com\/ru\/wp-json\/wp\/v2\/product\/12821"}],"collection":[{"href":"https:\/\/spectrebaltics.com\/ru\/wp-json\/wp\/v2\/product"}],"about":[{"href":"https:\/\/spectrebaltics.com\/ru\/wp-json\/wp\/v2\/types\/product"}],"wp:featuredmedia":[{"embeddable":true,"href":"https:\/\/spectrebaltics.com\/ru\/wp-json\/wp\/v2\/media\/12822"}],"wp:attachment":[{"href":"https:\/\/spectrebaltics.com\/ru\/wp-json\/wp\/v2\/media?parent=12821"}],"wp:term":[{"taxonomy":"product_cat","embeddable":true,"href":"https:\/\/spectrebaltics.com\/ru\/wp-json\/wp\/v2\/product_cat?post=12821"},{"taxonomy":"product_tag","embeddable":true,"href":"https:\/\/spectrebaltics.com\/ru\/wp-json\/wp\/v2\/product_tag?post=12821"}],"curies":[{"name":"wp","href":"https:\/\/api.w.org\/{rel}","templated":true}]}}