{"id":12829,"date":"2026-05-05T12:45:28","date_gmt":"2026-05-05T12:45:28","guid":{"rendered":"https:\/\/spectrebaltics.com\/?post_type=product&#038;p=12829"},"modified":"2026-05-05T12:45:28","modified_gmt":"2026-05-05T12:45:28","slug":"promotech-pro-36-pm-aku-akutrell-pusimagnetiga-alusega","status":"publish","type":"product","link":"https:\/\/spectrebaltics.com\/ru\/toode\/promotech-pro-36-pm-aku-akutrell-pusimagnetiga-alusega\/","title":{"rendered":"Promotech PRO-36 PM aku | Akutrell p\u00fcsimagnetiga alusega"},"content":{"rendered":"<p>See spetsiaalse disainiga akutoitel t\u00f6\u00f6tav puurmasin, millel on p\u00fcsimagnetalus, on m\u00f5eldud t\u00f6\u00f6tamiseks kaugetes piirkondades, kus elektrivarustus puudub.<\/p>\n<p>Alus sisaldab v\u00e4ga tugevaid neod\u00fc\u00fcmmagneteid ja ei vaja t\u00f6\u00f6tamiseks elektrit.<\/p>\n<p>PRO-36 PM akutoitel on LED-j\u00e4lgimiss\u00fcsteem, mis genereerib rohelisi ja punaseid signaale, et n\u00e4idata puuri praegust olekut ja anda ohutusteavet.<\/p>\n<p>Puuri saab kasutada kumerate (min l\u00e4bim\u00f5\u00f5t \u2013 80 mm) ja n\u00f5gusate (min l\u00e4bim\u00f5\u00f5t 1000 mm) materjalidega.<\/p>\n<p>LED-liides vilgub roheliselt, kui tuvastatakse ebapiisav haardumine nt t\u00fchimiku v\u00f5i \u00f5hukese tooriku t\u00f5ttu.<\/p>\n<p>Kahe vardaga juhts\u00fcsteem tagab erakordse j\u00e4ikuse ja reguleerimisvaba t\u00f6\u00f6.<\/p>\n<p>\u00dclekoormuskaitse.<\/p>\n<p>Kallutusandur peatab mootori, kui masin peaks purunema.<\/p>\n<p>Juhtpaneel on varustatud nn vandaalikindlate valgustatud mootori k\u00e4ivitamise\/peatamise nuppudega.<\/p>\n<p>2-aastane garantii.<\/p>\n<p>Rohkem teavet:<\/p>\n<blockquote class=\"wp-embedded-content\" data-secret=\"njYiPFIG83\"><p><a href=\"https:\/\/www.promotech.eu\/product\/pro-36-pm-battery-cordless-drill-with-permanent-mag-base\/\">PRO-36 PM Battery | Cordless Drill With Permanent Mag Base<\/a><\/p><\/blockquote>\n<p><iframe class=\"wp-embedded-content\" sandbox=\"allow-scripts\" security=\"restricted\" style=\"position: absolute; clip: rect(1px, 1px, 1px, 1px);\" title=\"&#8222;PRO-36 PM Battery | Cordless Drill With Permanent Mag Base&#8221; &#8212; PROMOTECH\" src=\"https:\/\/www.promotech.eu\/product\/pro-36-pm-battery-cordless-drill-with-permanent-mag-base\/embed\/#?secret=KANxf4OUKr#?secret=njYiPFIG83\" data-secret=\"njYiPFIG83\" width=\"600\" height=\"338\" frameborder=\"0\" marginwidth=\"0\" marginheight=\"0\" scrolling=\"no\"><\/iframe><\/p>\n","protected":false},"excerpt":{"rendered":"<p>See spetsiaalse disainiga akutoitel t\u00f6\u00f6tav puurmasin, millel on p\u00fcsimagnetalus, on m\u00f5eldud t\u00f6\u00f6tamiseks kaugetes piirkondades, kus elektrivarustus puudub. Alus sisaldab v\u00e4ga tugevaid neod\u00fc\u00fcmmagneteid ja ei vaja t\u00f6\u00f6tamiseks elektrit. PRO-36 PM akutoitel on LED-j\u00e4lgimiss\u00fcsteem, mis genereerib rohelisi ja punaseid signaale, et n\u00e4idata puuri praegust olekut ja anda ohutusteavet. Puuri saab kasutada kumerate (min l\u00e4bim\u00f5\u00f5t \u2013 80 mm)&#8230;<\/p>\n","protected":false},"featured_media":12830,"template":"","meta":[],"product_cat":[326,119],"product_tag":[],"yoast_head":"<!-- This site is optimized with the Yoast SEO plugin v18.4.1 - https:\/\/yoast.com\/wordpress\/plugins\/seo\/ -->\n<title>Promotech PRO-36 PM aku | Akutrell p\u00fcsimagnetiga alusega<\/title>\n<meta name=\"robots\" content=\"index, follow, max-snippet:-1, max-image-preview:large, max-video-preview:-1\" \/>\n<link rel=\"canonical\" href=\"https:\/\/spectrebaltics.com\/toode\/promotech-pro-36-pm-aku-akutrell-pusimagnetiga-alusega\/\" \/>\n<meta property=\"og:locale\" content=\"ru_RU\" \/>\n<meta property=\"og:type\" content=\"article\" \/>\n<meta property=\"og:title\" content=\"Promotech PRO-36 PM aku | Akutrell p\u00fcsimagnetiga alusega\" \/>\n<meta property=\"og:description\" content=\"See spetsiaalse disainiga akutoitel t\u00f6\u00f6tav puurmasin, millel on p\u00fcsimagnetalus, on m\u00f5eldud t\u00f6\u00f6tamiseks kaugetes piirkondades, kus elektrivarustus puudub. Alus sisaldab v\u00e4ga tugevaid neod\u00fc\u00fcmmagneteid ja ei vaja t\u00f6\u00f6tamiseks elektrit. PRO-36 PM akutoitel on LED-j\u00e4lgimiss\u00fcsteem, mis genereerib rohelisi ja punaseid signaale, et n\u00e4idata puuri praegust olekut ja anda ohutusteavet. Puuri saab kasutada kumerate (min l\u00e4bim\u00f5\u00f5t \u2013 80 mm)...\" \/>\n<meta property=\"og:url\" content=\"https:\/\/spectrebaltics.com\/toode\/promotech-pro-36-pm-aku-akutrell-pusimagnetiga-alusega\/\" \/>\n<meta property=\"og:site_name\" content=\"Spectrebaltics\" \/>\n<meta property=\"og:image\" content=\"https:\/\/spectrebaltics.com\/wp-content\/uploads\/2026\/05\/pro-36-pm-battery.png\" \/>\n\t<meta property=\"og:image:width\" content=\"900\" \/>\n\t<meta property=\"og:image:height\" content=\"936\" \/>\n\t<meta property=\"og:image:type\" content=\"image\/png\" \/>\n<meta name=\"twitter:card\" content=\"summary_large_image\" \/>\n<meta name=\"twitter:label1\" content=\"\u041f\u0440\u0438\u043c\u0435\u0440\u043d\u043e\u0435 \u0432\u0440\u0435\u043c\u044f \u0434\u043b\u044f \u0447\u0442\u0435\u043d\u0438\u044f\" \/>\n\t<meta name=\"twitter:data1\" content=\"1 \u043c\u0438\u043d\u0443\u0442\u0430\" \/>\n<script type=\"application\/ld+json\" class=\"yoast-schema-graph\">{\"@context\":\"https:\/\/schema.org\",\"@graph\":[{\"@type\":\"Organization\",\"@id\":\"https:\/\/spectrebaltics.com\/ru\/#organization\",\"name\":\"Spectrebaltics\",\"url\":\"https:\/\/spectrebaltics.com\/ru\/\",\"sameAs\":[],\"logo\":{\"@type\":\"ImageObject\",\"@id\":\"https:\/\/spectrebaltics.com\/ru\/#logo\",\"inLanguage\":\"ru-RU\",\"url\":\"https:\/\/spectrebaltics.com\/wp-content\/uploads\/2024\/03\/Spectrebaltics-logo.svg\",\"contentUrl\":\"https:\/\/spectrebaltics.com\/wp-content\/uploads\/2024\/03\/Spectrebaltics-logo.svg\",\"caption\":\"Spectrebaltics\"},\"image\":{\"@id\":\"https:\/\/spectrebaltics.com\/ru\/#logo\"}},{\"@type\":\"WebSite\",\"@id\":\"https:\/\/spectrebaltics.com\/ru\/#website\",\"url\":\"https:\/\/spectrebaltics.com\/ru\/\",\"name\":\"Spectrebaltics\",\"description\":\"\",\"publisher\":{\"@id\":\"https:\/\/spectrebaltics.com\/ru\/#organization\"},\"potentialAction\":[{\"@type\":\"SearchAction\",\"target\":{\"@type\":\"EntryPoint\",\"urlTemplate\":\"https:\/\/spectrebaltics.com\/ru\/?s={search_term_string}\"},\"query-input\":\"required name=search_term_string\"}],\"inLanguage\":\"ru-RU\"},{\"@type\":\"ImageObject\",\"@id\":\"https:\/\/spectrebaltics.com\/toode\/promotech-pro-36-pm-aku-akutrell-pusimagnetiga-alusega\/#primaryimage\",\"inLanguage\":\"ru-RU\",\"url\":\"https:\/\/spectrebaltics.com\/wp-content\/uploads\/2026\/05\/pro-36-pm-battery.png\",\"contentUrl\":\"https:\/\/spectrebaltics.com\/wp-content\/uploads\/2026\/05\/pro-36-pm-battery.png\",\"width\":900,\"height\":936},{\"@type\":\"WebPage\",\"@id\":\"https:\/\/spectrebaltics.com\/toode\/promotech-pro-36-pm-aku-akutrell-pusimagnetiga-alusega\/#webpage\",\"url\":\"https:\/\/spectrebaltics.com\/toode\/promotech-pro-36-pm-aku-akutrell-pusimagnetiga-alusega\/\",\"name\":\"Promotech PRO-36 PM aku | Akutrell p\u00fcsimagnetiga alusega\",\"isPartOf\":{\"@id\":\"https:\/\/spectrebaltics.com\/ru\/#website\"},\"primaryImageOfPage\":{\"@id\":\"https:\/\/spectrebaltics.com\/toode\/promotech-pro-36-pm-aku-akutrell-pusimagnetiga-alusega\/#primaryimage\"},\"datePublished\":\"2026-05-05T12:45:28+00:00\",\"dateModified\":\"2026-05-05T12:45:28+00:00\",\"breadcrumb\":{\"@id\":\"https:\/\/spectrebaltics.com\/toode\/promotech-pro-36-pm-aku-akutrell-pusimagnetiga-alusega\/#breadcrumb\"},\"inLanguage\":\"ru-RU\",\"potentialAction\":[{\"@type\":\"ReadAction\",\"target\":[\"https:\/\/spectrebaltics.com\/toode\/promotech-pro-36-pm-aku-akutrell-pusimagnetiga-alusega\/\"]}]},{\"@type\":\"BreadcrumbList\",\"@id\":\"https:\/\/spectrebaltics.com\/toode\/promotech-pro-36-pm-aku-akutrell-pusimagnetiga-alusega\/#breadcrumb\",\"itemListElement\":[{\"@type\":\"ListItem\",\"position\":1,\"name\":\"Home\",\"item\":\"https:\/\/spectrebaltics.com\/ru\/\"},{\"@type\":\"ListItem\",\"position\":2,\"name\":\"\u041a\u0430\u0442\u0430\u043b\u043e\u0433\",\"item\":\"https:\/\/spectrebaltics.com\/ru\/katalog\/\"},{\"@type\":\"ListItem\",\"position\":3,\"name\":\"Promotech PRO-36 PM aku | Akutrell p\u00fcsimagnetiga alusega\"}]}]}<\/script>\n<!-- \/ Yoast SEO plugin. -->","yoast_head_json":{"title":"Promotech PRO-36 PM aku | Akutrell p\u00fcsimagnetiga alusega","robots":{"index":"index","follow":"follow","max-snippet":"max-snippet:-1","max-image-preview":"max-image-preview:large","max-video-preview":"max-video-preview:-1"},"canonical":"https:\/\/spectrebaltics.com\/toode\/promotech-pro-36-pm-aku-akutrell-pusimagnetiga-alusega\/","og_locale":"ru_RU","og_type":"article","og_title":"Promotech PRO-36 PM aku | Akutrell p\u00fcsimagnetiga alusega","og_description":"See spetsiaalse disainiga akutoitel t\u00f6\u00f6tav puurmasin, millel on p\u00fcsimagnetalus, on m\u00f5eldud t\u00f6\u00f6tamiseks kaugetes piirkondades, kus elektrivarustus puudub. Alus sisaldab v\u00e4ga tugevaid neod\u00fc\u00fcmmagneteid ja ei vaja t\u00f6\u00f6tamiseks elektrit. PRO-36 PM akutoitel on LED-j\u00e4lgimiss\u00fcsteem, mis genereerib rohelisi ja punaseid signaale, et n\u00e4idata puuri praegust olekut ja anda ohutusteavet. Puuri saab kasutada kumerate (min l\u00e4bim\u00f5\u00f5t \u2013 80 mm)...","og_url":"https:\/\/spectrebaltics.com\/toode\/promotech-pro-36-pm-aku-akutrell-pusimagnetiga-alusega\/","og_site_name":"Spectrebaltics","og_image":[{"width":900,"height":936,"url":"https:\/\/spectrebaltics.com\/wp-content\/uploads\/2026\/05\/pro-36-pm-battery.png","type":"image\/png"}],"twitter_card":"summary_large_image","twitter_misc":{"\u041f\u0440\u0438\u043c\u0435\u0440\u043d\u043e\u0435 \u0432\u0440\u0435\u043c\u044f \u0434\u043b\u044f \u0447\u0442\u0435\u043d\u0438\u044f":"1 \u043c\u0438\u043d\u0443\u0442\u0430"},"schema":{"@context":"https:\/\/schema.org","@graph":[{"@type":"Organization","@id":"https:\/\/spectrebaltics.com\/ru\/#organization","name":"Spectrebaltics","url":"https:\/\/spectrebaltics.com\/ru\/","sameAs":[],"logo":{"@type":"ImageObject","@id":"https:\/\/spectrebaltics.com\/ru\/#logo","inLanguage":"ru-RU","url":"https:\/\/spectrebaltics.com\/wp-content\/uploads\/2024\/03\/Spectrebaltics-logo.svg","contentUrl":"https:\/\/spectrebaltics.com\/wp-content\/uploads\/2024\/03\/Spectrebaltics-logo.svg","caption":"Spectrebaltics"},"image":{"@id":"https:\/\/spectrebaltics.com\/ru\/#logo"}},{"@type":"WebSite","@id":"https:\/\/spectrebaltics.com\/ru\/#website","url":"https:\/\/spectrebaltics.com\/ru\/","name":"Spectrebaltics","description":"","publisher":{"@id":"https:\/\/spectrebaltics.com\/ru\/#organization"},"potentialAction":[{"@type":"SearchAction","target":{"@type":"EntryPoint","urlTemplate":"https:\/\/spectrebaltics.com\/ru\/?s={search_term_string}"},"query-input":"required name=search_term_string"}],"inLanguage":"ru-RU"},{"@type":"ImageObject","@id":"https:\/\/spectrebaltics.com\/toode\/promotech-pro-36-pm-aku-akutrell-pusimagnetiga-alusega\/#primaryimage","inLanguage":"ru-RU","url":"https:\/\/spectrebaltics.com\/wp-content\/uploads\/2026\/05\/pro-36-pm-battery.png","contentUrl":"https:\/\/spectrebaltics.com\/wp-content\/uploads\/2026\/05\/pro-36-pm-battery.png","width":900,"height":936},{"@type":"WebPage","@id":"https:\/\/spectrebaltics.com\/toode\/promotech-pro-36-pm-aku-akutrell-pusimagnetiga-alusega\/#webpage","url":"https:\/\/spectrebaltics.com\/toode\/promotech-pro-36-pm-aku-akutrell-pusimagnetiga-alusega\/","name":"Promotech PRO-36 PM aku | Akutrell p\u00fcsimagnetiga alusega","isPartOf":{"@id":"https:\/\/spectrebaltics.com\/ru\/#website"},"primaryImageOfPage":{"@id":"https:\/\/spectrebaltics.com\/toode\/promotech-pro-36-pm-aku-akutrell-pusimagnetiga-alusega\/#primaryimage"},"datePublished":"2026-05-05T12:45:28+00:00","dateModified":"2026-05-05T12:45:28+00:00","breadcrumb":{"@id":"https:\/\/spectrebaltics.com\/toode\/promotech-pro-36-pm-aku-akutrell-pusimagnetiga-alusega\/#breadcrumb"},"inLanguage":"ru-RU","potentialAction":[{"@type":"ReadAction","target":["https:\/\/spectrebaltics.com\/toode\/promotech-pro-36-pm-aku-akutrell-pusimagnetiga-alusega\/"]}]},{"@type":"BreadcrumbList","@id":"https:\/\/spectrebaltics.com\/toode\/promotech-pro-36-pm-aku-akutrell-pusimagnetiga-alusega\/#breadcrumb","itemListElement":[{"@type":"ListItem","position":1,"name":"Home","item":"https:\/\/spectrebaltics.com\/ru\/"},{"@type":"ListItem","position":2,"name":"\u041a\u0430\u0442\u0430\u043b\u043e\u0433","item":"https:\/\/spectrebaltics.com\/ru\/katalog\/"},{"@type":"ListItem","position":3,"name":"Promotech PRO-36 PM aku | Akutrell p\u00fcsimagnetiga alusega"}]}]}},"_links":{"self":[{"href":"https:\/\/spectrebaltics.com\/ru\/wp-json\/wp\/v2\/product\/12829"}],"collection":[{"href":"https:\/\/spectrebaltics.com\/ru\/wp-json\/wp\/v2\/product"}],"about":[{"href":"https:\/\/spectrebaltics.com\/ru\/wp-json\/wp\/v2\/types\/product"}],"wp:featuredmedia":[{"embeddable":true,"href":"https:\/\/spectrebaltics.com\/ru\/wp-json\/wp\/v2\/media\/12830"}],"wp:attachment":[{"href":"https:\/\/spectrebaltics.com\/ru\/wp-json\/wp\/v2\/media?parent=12829"}],"wp:term":[{"taxonomy":"product_cat","embeddable":true,"href":"https:\/\/spectrebaltics.com\/ru\/wp-json\/wp\/v2\/product_cat?post=12829"},{"taxonomy":"product_tag","embeddable":true,"href":"https:\/\/spectrebaltics.com\/ru\/wp-json\/wp\/v2\/product_tag?post=12829"}],"curies":[{"name":"wp","href":"https:\/\/api.w.org\/{rel}","templated":true}]}}