{"id":12833,"date":"2026-05-05T12:50:02","date_gmt":"2026-05-05T12:50:02","guid":{"rendered":"https:\/\/spectrebaltics.com\/?post_type=product&#038;p=12833"},"modified":"2026-05-05T12:50:02","modified_gmt":"2026-05-05T12:50:02","slug":"promotech-pro-36-pm2-puur-special-applications","status":"publish","type":"product","link":"https:\/\/spectrebaltics.com\/ru\/toode\/promotech-pro-36-pm2-puur-special-applications\/","title":{"rendered":"Promotech PRO-36 PM2 | Puur Special Applications"},"content":{"rendered":"<p>Magnetilise alusega varustatud masin on spetsiaalselt loodud kasutamiseks olukordades, kus v\u00f5ib esineda elektrikatkestuste oht, n\u00e4iteks seinte puurimisel. Selle tugevate neod\u00fc\u00fcmmagnetitega t\u00f6\u00f6tav magnetiline alus on peamine omadus, mis v\u00f5imaldab sellel t\u00f6\u00f6tada ilma elektrita. See tagab masina t\u00f6\u00f6kindluse ka voolukatkestuse korral, pakkudes t\u00f6\u00f6kindlust ja mugavust.<\/p>\n<p>Selle masina \u00fcks silmapaistvamaid omadusi on l\u00fclitatav hoidej\u00f5ud, mis h\u00f5lbustab puuri lihtsat ja t\u00e4pset positsioneerimist. Magnetilise aluse osalise sissel\u00fclitamisega saavad kasutajad puuri asendit t\u00e4pselt reguleerida, suurendades puurimisprotsessi t\u00f5husust ja efektiivsust.<\/p>\n<p>Mitmek\u00fclgseks disainitud puur sobib mitmesuguste materjalide kujudega, sealhulgas kumerate pindadega minimaalse l\u00e4bim\u00f5\u00f5duga 80 mm ja n\u00f5gusate pindadega minimaalse l\u00e4bim\u00f5\u00f5duga 1000 mm. See kohanemisv\u00f5ime v\u00f5imaldab kasutajatel h\u00f5lpsalt hakkama saada laia valiku puurimist\u00f6\u00f6dega, muutes masina praktiliseks valikuks mitmesuguste rakenduste jaoks.<\/p>\n<p>2-aastane garantii<\/p>\n<p>Rohkem teavet:<\/p>\n<blockquote class=\"wp-embedded-content\" data-secret=\"ayJhGgFuj6\"><p><a href=\"https:\/\/www.promotech.eu\/product\/pro-36-pm\/\">PRO-36 PM2 | Drill for Special Applications<\/a><\/p><\/blockquote>\n<p><iframe class=\"wp-embedded-content\" sandbox=\"allow-scripts\" security=\"restricted\" style=\"position: absolute; clip: rect(1px, 1px, 1px, 1px);\" title=\"&#8222;PRO-36 PM2 | Drill for Special Applications&#8221; &#8212; PROMOTECH\" src=\"https:\/\/www.promotech.eu\/product\/pro-36-pm\/embed\/#?secret=ZTI51GhJX5#?secret=ayJhGgFuj6\" data-secret=\"ayJhGgFuj6\" width=\"600\" height=\"338\" frameborder=\"0\" marginwidth=\"0\" marginheight=\"0\" scrolling=\"no\"><\/iframe><\/p>\n","protected":false},"excerpt":{"rendered":"<p>Magnetilise alusega varustatud masin on spetsiaalselt loodud kasutamiseks olukordades, kus v\u00f5ib esineda elektrikatkestuste oht, n\u00e4iteks seinte puurimisel. Selle tugevate neod\u00fc\u00fcmmagnetitega t\u00f6\u00f6tav magnetiline alus on peamine omadus, mis v\u00f5imaldab sellel t\u00f6\u00f6tada ilma elektrita. See tagab masina t\u00f6\u00f6kindluse ka voolukatkestuse korral, pakkudes t\u00f6\u00f6kindlust ja mugavust. Selle masina \u00fcks silmapaistvamaid omadusi on l\u00fclitatav hoidej\u00f5ud, mis h\u00f5lbustab puuri lihtsat&#8230;<\/p>\n","protected":false},"featured_media":12834,"template":"","meta":[],"product_cat":[326,119],"product_tag":[],"yoast_head":"<!-- This site is optimized with the Yoast SEO plugin v18.4.1 - https:\/\/yoast.com\/wordpress\/plugins\/seo\/ -->\n<title>Promotech PRO-36 PM2 | Puur Special Applications<\/title>\n<meta name=\"robots\" content=\"index, follow, max-snippet:-1, max-image-preview:large, max-video-preview:-1\" \/>\n<link rel=\"canonical\" href=\"https:\/\/spectrebaltics.com\/toode\/promotech-pro-36-pm2-puur-special-applications\/\" \/>\n<meta property=\"og:locale\" content=\"ru_RU\" \/>\n<meta property=\"og:type\" content=\"article\" \/>\n<meta property=\"og:title\" content=\"Promotech PRO-36 PM2 | Puur Special Applications\" \/>\n<meta property=\"og:description\" content=\"Magnetilise alusega varustatud masin on spetsiaalselt loodud kasutamiseks olukordades, kus v\u00f5ib esineda elektrikatkestuste oht, n\u00e4iteks seinte puurimisel. Selle tugevate neod\u00fc\u00fcmmagnetitega t\u00f6\u00f6tav magnetiline alus on peamine omadus, mis v\u00f5imaldab sellel t\u00f6\u00f6tada ilma elektrita. See tagab masina t\u00f6\u00f6kindluse ka voolukatkestuse korral, pakkudes t\u00f6\u00f6kindlust ja mugavust. Selle masina \u00fcks silmapaistvamaid omadusi on l\u00fclitatav hoidej\u00f5ud, mis h\u00f5lbustab puuri lihtsat...\" \/>\n<meta property=\"og:url\" content=\"https:\/\/spectrebaltics.com\/toode\/promotech-pro-36-pm2-puur-special-applications\/\" \/>\n<meta property=\"og:site_name\" content=\"Spectrebaltics\" \/>\n<meta property=\"og:image\" content=\"https:\/\/spectrebaltics.com\/wp-content\/uploads\/2026\/05\/pro-36-pm2-900x884-1.png\" \/>\n\t<meta property=\"og:image:width\" content=\"900\" \/>\n\t<meta property=\"og:image:height\" content=\"884\" \/>\n\t<meta property=\"og:image:type\" content=\"image\/png\" \/>\n<meta name=\"twitter:card\" content=\"summary_large_image\" \/>\n<meta name=\"twitter:label1\" content=\"\u041f\u0440\u0438\u043c\u0435\u0440\u043d\u043e\u0435 \u0432\u0440\u0435\u043c\u044f \u0434\u043b\u044f \u0447\u0442\u0435\u043d\u0438\u044f\" \/>\n\t<meta name=\"twitter:data1\" content=\"1 \u043c\u0438\u043d\u0443\u0442\u0430\" \/>\n<script type=\"application\/ld+json\" class=\"yoast-schema-graph\">{\"@context\":\"https:\/\/schema.org\",\"@graph\":[{\"@type\":\"Organization\",\"@id\":\"https:\/\/spectrebaltics.com\/ru\/#organization\",\"name\":\"Spectrebaltics\",\"url\":\"https:\/\/spectrebaltics.com\/ru\/\",\"sameAs\":[],\"logo\":{\"@type\":\"ImageObject\",\"@id\":\"https:\/\/spectrebaltics.com\/ru\/#logo\",\"inLanguage\":\"ru-RU\",\"url\":\"https:\/\/spectrebaltics.com\/wp-content\/uploads\/2024\/03\/Spectrebaltics-logo.svg\",\"contentUrl\":\"https:\/\/spectrebaltics.com\/wp-content\/uploads\/2024\/03\/Spectrebaltics-logo.svg\",\"caption\":\"Spectrebaltics\"},\"image\":{\"@id\":\"https:\/\/spectrebaltics.com\/ru\/#logo\"}},{\"@type\":\"WebSite\",\"@id\":\"https:\/\/spectrebaltics.com\/ru\/#website\",\"url\":\"https:\/\/spectrebaltics.com\/ru\/\",\"name\":\"Spectrebaltics\",\"description\":\"\",\"publisher\":{\"@id\":\"https:\/\/spectrebaltics.com\/ru\/#organization\"},\"potentialAction\":[{\"@type\":\"SearchAction\",\"target\":{\"@type\":\"EntryPoint\",\"urlTemplate\":\"https:\/\/spectrebaltics.com\/ru\/?s={search_term_string}\"},\"query-input\":\"required name=search_term_string\"}],\"inLanguage\":\"ru-RU\"},{\"@type\":\"ImageObject\",\"@id\":\"https:\/\/spectrebaltics.com\/toode\/promotech-pro-36-pm2-puur-special-applications\/#primaryimage\",\"inLanguage\":\"ru-RU\",\"url\":\"https:\/\/spectrebaltics.com\/wp-content\/uploads\/2026\/05\/pro-36-pm2-900x884-1.png\",\"contentUrl\":\"https:\/\/spectrebaltics.com\/wp-content\/uploads\/2026\/05\/pro-36-pm2-900x884-1.png\",\"width\":900,\"height\":884},{\"@type\":\"WebPage\",\"@id\":\"https:\/\/spectrebaltics.com\/toode\/promotech-pro-36-pm2-puur-special-applications\/#webpage\",\"url\":\"https:\/\/spectrebaltics.com\/toode\/promotech-pro-36-pm2-puur-special-applications\/\",\"name\":\"Promotech PRO-36 PM2 | Puur Special Applications\",\"isPartOf\":{\"@id\":\"https:\/\/spectrebaltics.com\/ru\/#website\"},\"primaryImageOfPage\":{\"@id\":\"https:\/\/spectrebaltics.com\/toode\/promotech-pro-36-pm2-puur-special-applications\/#primaryimage\"},\"datePublished\":\"2026-05-05T12:50:02+00:00\",\"dateModified\":\"2026-05-05T12:50:02+00:00\",\"breadcrumb\":{\"@id\":\"https:\/\/spectrebaltics.com\/toode\/promotech-pro-36-pm2-puur-special-applications\/#breadcrumb\"},\"inLanguage\":\"ru-RU\",\"potentialAction\":[{\"@type\":\"ReadAction\",\"target\":[\"https:\/\/spectrebaltics.com\/toode\/promotech-pro-36-pm2-puur-special-applications\/\"]}]},{\"@type\":\"BreadcrumbList\",\"@id\":\"https:\/\/spectrebaltics.com\/toode\/promotech-pro-36-pm2-puur-special-applications\/#breadcrumb\",\"itemListElement\":[{\"@type\":\"ListItem\",\"position\":1,\"name\":\"Home\",\"item\":\"https:\/\/spectrebaltics.com\/ru\/\"},{\"@type\":\"ListItem\",\"position\":2,\"name\":\"\u041a\u0430\u0442\u0430\u043b\u043e\u0433\",\"item\":\"https:\/\/spectrebaltics.com\/ru\/katalog\/\"},{\"@type\":\"ListItem\",\"position\":3,\"name\":\"Promotech PRO-36 PM2 | Puur Special Applications\"}]}]}<\/script>\n<!-- \/ Yoast SEO plugin. -->","yoast_head_json":{"title":"Promotech PRO-36 PM2 | Puur Special Applications","robots":{"index":"index","follow":"follow","max-snippet":"max-snippet:-1","max-image-preview":"max-image-preview:large","max-video-preview":"max-video-preview:-1"},"canonical":"https:\/\/spectrebaltics.com\/toode\/promotech-pro-36-pm2-puur-special-applications\/","og_locale":"ru_RU","og_type":"article","og_title":"Promotech PRO-36 PM2 | Puur Special Applications","og_description":"Magnetilise alusega varustatud masin on spetsiaalselt loodud kasutamiseks olukordades, kus v\u00f5ib esineda elektrikatkestuste oht, n\u00e4iteks seinte puurimisel. Selle tugevate neod\u00fc\u00fcmmagnetitega t\u00f6\u00f6tav magnetiline alus on peamine omadus, mis v\u00f5imaldab sellel t\u00f6\u00f6tada ilma elektrita. See tagab masina t\u00f6\u00f6kindluse ka voolukatkestuse korral, pakkudes t\u00f6\u00f6kindlust ja mugavust. Selle masina \u00fcks silmapaistvamaid omadusi on l\u00fclitatav hoidej\u00f5ud, mis h\u00f5lbustab puuri lihtsat...","og_url":"https:\/\/spectrebaltics.com\/toode\/promotech-pro-36-pm2-puur-special-applications\/","og_site_name":"Spectrebaltics","og_image":[{"width":900,"height":884,"url":"https:\/\/spectrebaltics.com\/wp-content\/uploads\/2026\/05\/pro-36-pm2-900x884-1.png","type":"image\/png"}],"twitter_card":"summary_large_image","twitter_misc":{"\u041f\u0440\u0438\u043c\u0435\u0440\u043d\u043e\u0435 \u0432\u0440\u0435\u043c\u044f \u0434\u043b\u044f \u0447\u0442\u0435\u043d\u0438\u044f":"1 \u043c\u0438\u043d\u0443\u0442\u0430"},"schema":{"@context":"https:\/\/schema.org","@graph":[{"@type":"Organization","@id":"https:\/\/spectrebaltics.com\/ru\/#organization","name":"Spectrebaltics","url":"https:\/\/spectrebaltics.com\/ru\/","sameAs":[],"logo":{"@type":"ImageObject","@id":"https:\/\/spectrebaltics.com\/ru\/#logo","inLanguage":"ru-RU","url":"https:\/\/spectrebaltics.com\/wp-content\/uploads\/2024\/03\/Spectrebaltics-logo.svg","contentUrl":"https:\/\/spectrebaltics.com\/wp-content\/uploads\/2024\/03\/Spectrebaltics-logo.svg","caption":"Spectrebaltics"},"image":{"@id":"https:\/\/spectrebaltics.com\/ru\/#logo"}},{"@type":"WebSite","@id":"https:\/\/spectrebaltics.com\/ru\/#website","url":"https:\/\/spectrebaltics.com\/ru\/","name":"Spectrebaltics","description":"","publisher":{"@id":"https:\/\/spectrebaltics.com\/ru\/#organization"},"potentialAction":[{"@type":"SearchAction","target":{"@type":"EntryPoint","urlTemplate":"https:\/\/spectrebaltics.com\/ru\/?s={search_term_string}"},"query-input":"required name=search_term_string"}],"inLanguage":"ru-RU"},{"@type":"ImageObject","@id":"https:\/\/spectrebaltics.com\/toode\/promotech-pro-36-pm2-puur-special-applications\/#primaryimage","inLanguage":"ru-RU","url":"https:\/\/spectrebaltics.com\/wp-content\/uploads\/2026\/05\/pro-36-pm2-900x884-1.png","contentUrl":"https:\/\/spectrebaltics.com\/wp-content\/uploads\/2026\/05\/pro-36-pm2-900x884-1.png","width":900,"height":884},{"@type":"WebPage","@id":"https:\/\/spectrebaltics.com\/toode\/promotech-pro-36-pm2-puur-special-applications\/#webpage","url":"https:\/\/spectrebaltics.com\/toode\/promotech-pro-36-pm2-puur-special-applications\/","name":"Promotech PRO-36 PM2 | Puur Special Applications","isPartOf":{"@id":"https:\/\/spectrebaltics.com\/ru\/#website"},"primaryImageOfPage":{"@id":"https:\/\/spectrebaltics.com\/toode\/promotech-pro-36-pm2-puur-special-applications\/#primaryimage"},"datePublished":"2026-05-05T12:50:02+00:00","dateModified":"2026-05-05T12:50:02+00:00","breadcrumb":{"@id":"https:\/\/spectrebaltics.com\/toode\/promotech-pro-36-pm2-puur-special-applications\/#breadcrumb"},"inLanguage":"ru-RU","potentialAction":[{"@type":"ReadAction","target":["https:\/\/spectrebaltics.com\/toode\/promotech-pro-36-pm2-puur-special-applications\/"]}]},{"@type":"BreadcrumbList","@id":"https:\/\/spectrebaltics.com\/toode\/promotech-pro-36-pm2-puur-special-applications\/#breadcrumb","itemListElement":[{"@type":"ListItem","position":1,"name":"Home","item":"https:\/\/spectrebaltics.com\/ru\/"},{"@type":"ListItem","position":2,"name":"\u041a\u0430\u0442\u0430\u043b\u043e\u0433","item":"https:\/\/spectrebaltics.com\/ru\/katalog\/"},{"@type":"ListItem","position":3,"name":"Promotech PRO-36 PM2 | Puur Special Applications"}]}]}},"_links":{"self":[{"href":"https:\/\/spectrebaltics.com\/ru\/wp-json\/wp\/v2\/product\/12833"}],"collection":[{"href":"https:\/\/spectrebaltics.com\/ru\/wp-json\/wp\/v2\/product"}],"about":[{"href":"https:\/\/spectrebaltics.com\/ru\/wp-json\/wp\/v2\/types\/product"}],"wp:featuredmedia":[{"embeddable":true,"href":"https:\/\/spectrebaltics.com\/ru\/wp-json\/wp\/v2\/media\/12834"}],"wp:attachment":[{"href":"https:\/\/spectrebaltics.com\/ru\/wp-json\/wp\/v2\/media?parent=12833"}],"wp:term":[{"taxonomy":"product_cat","embeddable":true,"href":"https:\/\/spectrebaltics.com\/ru\/wp-json\/wp\/v2\/product_cat?post=12833"},{"taxonomy":"product_tag","embeddable":true,"href":"https:\/\/spectrebaltics.com\/ru\/wp-json\/wp\/v2\/product_tag?post=12833"}],"curies":[{"name":"wp","href":"https:\/\/api.w.org\/{rel}","templated":true}]}}