{"id":12841,"date":"2026-05-05T12:53:04","date_gmt":"2026-05-05T12:53:04","guid":{"rendered":"https:\/\/spectrebaltics.com\/?post_type=product&#038;p=12841"},"modified":"2026-05-05T12:53:04","modified_gmt":"2026-05-05T12:53:04","slug":"promotech-pro-36-aku-magnetpuurmasin","status":"publish","type":"product","link":"https:\/\/spectrebaltics.com\/ru\/toode\/promotech-pro-36-aku-magnetpuurmasin\/","title":{"rendered":"Promotech PRO-36 aku | Magnetpuurmasin"},"content":{"rendered":"<p>PRO-36 aku teeb r\u00f5ngasl\u00f5ikurite abil kuni 36 mm l\u00e4bim\u00f5\u00f5duga auke. Masin suudab puurida ka kuni 12 mm l\u00e4bim\u00f5\u00f5duga auke keerdpuuriteradega. Akutrell on varustatud LED-j\u00e4lgimiss\u00fcsteemiga, mis genereerib rohelisi ja punaseid signaale, et n\u00e4idata puuri hetkeseisu ja anda ohutusteavet. Juhtpaneelil on nn vandaalikindlad valgustatud k\u00e4ivitus-\/seiskamisl\u00fclitid (roheline\/punane).<\/p>\n<p>Juhtmeta, kompaktne ja kerge \u2013 ideaalne ehitusplatsil t\u00f6\u00f6tamiseks.<br \/>\nKahe vardaga juhts\u00fcsteem tagab erakordse j\u00e4ikuse ja reguleerimisvaba t\u00f6\u00f6.<br \/>\nLED-j\u00e4lgimiss\u00fcsteem vilgub roheliselt, kui tuvastatakse ebapiisav haardumine nt t\u00fchimiku v\u00f5i \u00f5hukese tooriku t\u00f5ttu.<br \/>\n\u00dclekoormuskaitse hoiab \u00e4ra masina v\u00e4\u00e4rkasutuse.<br \/>\nKallutusandur \u2013 mootori peatamiseks, kui masin t\u00f6\u00f6tamise ajal pinnast lahti tuleb.<br \/>\nEnergias\u00e4\u00e4stlik alus (ESB) kasutab mootori seiskamise ajal ainult 50% oma v\u00f5imsusest.<br \/>\nMagnetv\u00e4lja kuju kontroll (MFSC) tagab \u00f5hukeste materjalide maksimaalse hoidej\u00f5u.<br \/>\n2-aastane garantii.<\/p>\n<p>Rohkem teavet:<\/p>\n<blockquote class=\"wp-embedded-content\" data-secret=\"zqDOn6kt34\"><p><a href=\"https:\/\/www.promotech.eu\/product\/pro-36-battery-cordless-drilling-machine\/\">PRO-36 Battery | Cordless Drilling Machine<\/a><\/p><\/blockquote>\n<p><iframe class=\"wp-embedded-content\" sandbox=\"allow-scripts\" security=\"restricted\" style=\"position: absolute; clip: rect(1px, 1px, 1px, 1px);\" title=\"&#8222;PRO-36 Battery | Cordless Drilling Machine&#8221; &#8212; PROMOTECH\" src=\"https:\/\/www.promotech.eu\/product\/pro-36-battery-cordless-drilling-machine\/embed\/#?secret=1u7DBIGyPm#?secret=zqDOn6kt34\" data-secret=\"zqDOn6kt34\" width=\"600\" height=\"338\" frameborder=\"0\" marginwidth=\"0\" marginheight=\"0\" scrolling=\"no\"><\/iframe><\/p>\n","protected":false},"excerpt":{"rendered":"<p>PRO-36 aku teeb r\u00f5ngasl\u00f5ikurite abil kuni 36 mm l\u00e4bim\u00f5\u00f5duga auke. Masin suudab puurida ka kuni 12 mm l\u00e4bim\u00f5\u00f5duga auke keerdpuuriteradega. Akutrell on varustatud LED-j\u00e4lgimiss\u00fcsteemiga, mis genereerib rohelisi ja punaseid signaale, et n\u00e4idata puuri hetkeseisu ja anda ohutusteavet. Juhtpaneelil on nn vandaalikindlad valgustatud k\u00e4ivitus-\/seiskamisl\u00fclitid (roheline\/punane). Juhtmeta, kompaktne ja kerge \u2013 ideaalne ehitusplatsil t\u00f6\u00f6tamiseks. Kahe vardaga juhts\u00fcsteem&#8230;<\/p>\n","protected":false},"featured_media":12842,"template":"","meta":[],"product_cat":[326,119],"product_tag":[],"yoast_head":"<!-- This site is optimized with the Yoast SEO plugin v18.4.1 - https:\/\/yoast.com\/wordpress\/plugins\/seo\/ -->\n<title>Promotech PRO-36 aku | Magnetpuurmasin<\/title>\n<meta name=\"robots\" content=\"index, follow, max-snippet:-1, max-image-preview:large, max-video-preview:-1\" \/>\n<link rel=\"canonical\" href=\"https:\/\/spectrebaltics.com\/toode\/promotech-pro-36-aku-magnetpuurmasin\/\" \/>\n<meta property=\"og:locale\" content=\"ru_RU\" \/>\n<meta property=\"og:type\" content=\"article\" \/>\n<meta property=\"og:title\" content=\"Promotech PRO-36 aku | Magnetpuurmasin\" \/>\n<meta property=\"og:description\" content=\"PRO-36 aku teeb r\u00f5ngasl\u00f5ikurite abil kuni 36 mm l\u00e4bim\u00f5\u00f5duga auke. Masin suudab puurida ka kuni 12 mm l\u00e4bim\u00f5\u00f5duga auke keerdpuuriteradega. Akutrell on varustatud LED-j\u00e4lgimiss\u00fcsteemiga, mis genereerib rohelisi ja punaseid signaale, et n\u00e4idata puuri hetkeseisu ja anda ohutusteavet. Juhtpaneelil on nn vandaalikindlad valgustatud k\u00e4ivitus-\/seiskamisl\u00fclitid (roheline\/punane). Juhtmeta, kompaktne ja kerge \u2013 ideaalne ehitusplatsil t\u00f6\u00f6tamiseks. Kahe vardaga juhts\u00fcsteem...\" \/>\n<meta property=\"og:url\" content=\"https:\/\/spectrebaltics.com\/toode\/promotech-pro-36-aku-magnetpuurmasin\/\" \/>\n<meta property=\"og:site_name\" content=\"Spectrebaltics\" \/>\n<meta name=\"twitter:card\" content=\"summary_large_image\" \/>\n<meta name=\"twitter:image\" content=\"https:\/\/spectrebaltics.com\/wp-content\/uploads\/2026\/05\/pro-36-bat-900x983-1.webp\" \/>\n<meta name=\"twitter:label1\" content=\"\u041f\u0440\u0438\u043c\u0435\u0440\u043d\u043e\u0435 \u0432\u0440\u0435\u043c\u044f \u0434\u043b\u044f \u0447\u0442\u0435\u043d\u0438\u044f\" \/>\n\t<meta name=\"twitter:data1\" content=\"1 \u043c\u0438\u043d\u0443\u0442\u0430\" \/>\n<script type=\"application\/ld+json\" class=\"yoast-schema-graph\">{\"@context\":\"https:\/\/schema.org\",\"@graph\":[{\"@type\":\"Organization\",\"@id\":\"https:\/\/spectrebaltics.com\/ru\/#organization\",\"name\":\"Spectrebaltics\",\"url\":\"https:\/\/spectrebaltics.com\/ru\/\",\"sameAs\":[],\"logo\":{\"@type\":\"ImageObject\",\"@id\":\"https:\/\/spectrebaltics.com\/ru\/#logo\",\"inLanguage\":\"ru-RU\",\"url\":\"https:\/\/spectrebaltics.com\/wp-content\/uploads\/2024\/03\/Spectrebaltics-logo.svg\",\"contentUrl\":\"https:\/\/spectrebaltics.com\/wp-content\/uploads\/2024\/03\/Spectrebaltics-logo.svg\",\"caption\":\"Spectrebaltics\"},\"image\":{\"@id\":\"https:\/\/spectrebaltics.com\/ru\/#logo\"}},{\"@type\":\"WebSite\",\"@id\":\"https:\/\/spectrebaltics.com\/ru\/#website\",\"url\":\"https:\/\/spectrebaltics.com\/ru\/\",\"name\":\"Spectrebaltics\",\"description\":\"\",\"publisher\":{\"@id\":\"https:\/\/spectrebaltics.com\/ru\/#organization\"},\"potentialAction\":[{\"@type\":\"SearchAction\",\"target\":{\"@type\":\"EntryPoint\",\"urlTemplate\":\"https:\/\/spectrebaltics.com\/ru\/?s={search_term_string}\"},\"query-input\":\"required name=search_term_string\"}],\"inLanguage\":\"ru-RU\"},{\"@type\":\"ImageObject\",\"@id\":\"https:\/\/spectrebaltics.com\/toode\/promotech-pro-36-aku-magnetpuurmasin\/#primaryimage\",\"inLanguage\":\"ru-RU\",\"url\":\"https:\/\/spectrebaltics.com\/wp-content\/uploads\/2026\/05\/pro-36-bat-900x983-1.webp\",\"contentUrl\":\"https:\/\/spectrebaltics.com\/wp-content\/uploads\/2026\/05\/pro-36-bat-900x983-1.webp\",\"width\":900,\"height\":983},{\"@type\":\"WebPage\",\"@id\":\"https:\/\/spectrebaltics.com\/toode\/promotech-pro-36-aku-magnetpuurmasin\/#webpage\",\"url\":\"https:\/\/spectrebaltics.com\/toode\/promotech-pro-36-aku-magnetpuurmasin\/\",\"name\":\"Promotech PRO-36 aku | Magnetpuurmasin\",\"isPartOf\":{\"@id\":\"https:\/\/spectrebaltics.com\/ru\/#website\"},\"primaryImageOfPage\":{\"@id\":\"https:\/\/spectrebaltics.com\/toode\/promotech-pro-36-aku-magnetpuurmasin\/#primaryimage\"},\"datePublished\":\"2026-05-05T12:53:04+00:00\",\"dateModified\":\"2026-05-05T12:53:04+00:00\",\"breadcrumb\":{\"@id\":\"https:\/\/spectrebaltics.com\/toode\/promotech-pro-36-aku-magnetpuurmasin\/#breadcrumb\"},\"inLanguage\":\"ru-RU\",\"potentialAction\":[{\"@type\":\"ReadAction\",\"target\":[\"https:\/\/spectrebaltics.com\/toode\/promotech-pro-36-aku-magnetpuurmasin\/\"]}]},{\"@type\":\"BreadcrumbList\",\"@id\":\"https:\/\/spectrebaltics.com\/toode\/promotech-pro-36-aku-magnetpuurmasin\/#breadcrumb\",\"itemListElement\":[{\"@type\":\"ListItem\",\"position\":1,\"name\":\"Home\",\"item\":\"https:\/\/spectrebaltics.com\/ru\/\"},{\"@type\":\"ListItem\",\"position\":2,\"name\":\"\u041a\u0430\u0442\u0430\u043b\u043e\u0433\",\"item\":\"https:\/\/spectrebaltics.com\/ru\/katalog\/\"},{\"@type\":\"ListItem\",\"position\":3,\"name\":\"Promotech PRO-36 aku | Magnetpuurmasin\"}]}]}<\/script>\n<!-- \/ Yoast SEO plugin. -->","yoast_head_json":{"title":"Promotech PRO-36 aku | Magnetpuurmasin","robots":{"index":"index","follow":"follow","max-snippet":"max-snippet:-1","max-image-preview":"max-image-preview:large","max-video-preview":"max-video-preview:-1"},"canonical":"https:\/\/spectrebaltics.com\/toode\/promotech-pro-36-aku-magnetpuurmasin\/","og_locale":"ru_RU","og_type":"article","og_title":"Promotech PRO-36 aku | Magnetpuurmasin","og_description":"PRO-36 aku teeb r\u00f5ngasl\u00f5ikurite abil kuni 36 mm l\u00e4bim\u00f5\u00f5duga auke. Masin suudab puurida ka kuni 12 mm l\u00e4bim\u00f5\u00f5duga auke keerdpuuriteradega. Akutrell on varustatud LED-j\u00e4lgimiss\u00fcsteemiga, mis genereerib rohelisi ja punaseid signaale, et n\u00e4idata puuri hetkeseisu ja anda ohutusteavet. Juhtpaneelil on nn vandaalikindlad valgustatud k\u00e4ivitus-\/seiskamisl\u00fclitid (roheline\/punane). Juhtmeta, kompaktne ja kerge \u2013 ideaalne ehitusplatsil t\u00f6\u00f6tamiseks. Kahe vardaga juhts\u00fcsteem...","og_url":"https:\/\/spectrebaltics.com\/toode\/promotech-pro-36-aku-magnetpuurmasin\/","og_site_name":"Spectrebaltics","twitter_card":"summary_large_image","twitter_image":"https:\/\/spectrebaltics.com\/wp-content\/uploads\/2026\/05\/pro-36-bat-900x983-1.webp","twitter_misc":{"\u041f\u0440\u0438\u043c\u0435\u0440\u043d\u043e\u0435 \u0432\u0440\u0435\u043c\u044f \u0434\u043b\u044f \u0447\u0442\u0435\u043d\u0438\u044f":"1 \u043c\u0438\u043d\u0443\u0442\u0430"},"schema":{"@context":"https:\/\/schema.org","@graph":[{"@type":"Organization","@id":"https:\/\/spectrebaltics.com\/ru\/#organization","name":"Spectrebaltics","url":"https:\/\/spectrebaltics.com\/ru\/","sameAs":[],"logo":{"@type":"ImageObject","@id":"https:\/\/spectrebaltics.com\/ru\/#logo","inLanguage":"ru-RU","url":"https:\/\/spectrebaltics.com\/wp-content\/uploads\/2024\/03\/Spectrebaltics-logo.svg","contentUrl":"https:\/\/spectrebaltics.com\/wp-content\/uploads\/2024\/03\/Spectrebaltics-logo.svg","caption":"Spectrebaltics"},"image":{"@id":"https:\/\/spectrebaltics.com\/ru\/#logo"}},{"@type":"WebSite","@id":"https:\/\/spectrebaltics.com\/ru\/#website","url":"https:\/\/spectrebaltics.com\/ru\/","name":"Spectrebaltics","description":"","publisher":{"@id":"https:\/\/spectrebaltics.com\/ru\/#organization"},"potentialAction":[{"@type":"SearchAction","target":{"@type":"EntryPoint","urlTemplate":"https:\/\/spectrebaltics.com\/ru\/?s={search_term_string}"},"query-input":"required name=search_term_string"}],"inLanguage":"ru-RU"},{"@type":"ImageObject","@id":"https:\/\/spectrebaltics.com\/toode\/promotech-pro-36-aku-magnetpuurmasin\/#primaryimage","inLanguage":"ru-RU","url":"https:\/\/spectrebaltics.com\/wp-content\/uploads\/2026\/05\/pro-36-bat-900x983-1.webp","contentUrl":"https:\/\/spectrebaltics.com\/wp-content\/uploads\/2026\/05\/pro-36-bat-900x983-1.webp","width":900,"height":983},{"@type":"WebPage","@id":"https:\/\/spectrebaltics.com\/toode\/promotech-pro-36-aku-magnetpuurmasin\/#webpage","url":"https:\/\/spectrebaltics.com\/toode\/promotech-pro-36-aku-magnetpuurmasin\/","name":"Promotech PRO-36 aku | Magnetpuurmasin","isPartOf":{"@id":"https:\/\/spectrebaltics.com\/ru\/#website"},"primaryImageOfPage":{"@id":"https:\/\/spectrebaltics.com\/toode\/promotech-pro-36-aku-magnetpuurmasin\/#primaryimage"},"datePublished":"2026-05-05T12:53:04+00:00","dateModified":"2026-05-05T12:53:04+00:00","breadcrumb":{"@id":"https:\/\/spectrebaltics.com\/toode\/promotech-pro-36-aku-magnetpuurmasin\/#breadcrumb"},"inLanguage":"ru-RU","potentialAction":[{"@type":"ReadAction","target":["https:\/\/spectrebaltics.com\/toode\/promotech-pro-36-aku-magnetpuurmasin\/"]}]},{"@type":"BreadcrumbList","@id":"https:\/\/spectrebaltics.com\/toode\/promotech-pro-36-aku-magnetpuurmasin\/#breadcrumb","itemListElement":[{"@type":"ListItem","position":1,"name":"Home","item":"https:\/\/spectrebaltics.com\/ru\/"},{"@type":"ListItem","position":2,"name":"\u041a\u0430\u0442\u0430\u043b\u043e\u0433","item":"https:\/\/spectrebaltics.com\/ru\/katalog\/"},{"@type":"ListItem","position":3,"name":"Promotech PRO-36 aku | Magnetpuurmasin"}]}]}},"_links":{"self":[{"href":"https:\/\/spectrebaltics.com\/ru\/wp-json\/wp\/v2\/product\/12841"}],"collection":[{"href":"https:\/\/spectrebaltics.com\/ru\/wp-json\/wp\/v2\/product"}],"about":[{"href":"https:\/\/spectrebaltics.com\/ru\/wp-json\/wp\/v2\/types\/product"}],"wp:featuredmedia":[{"embeddable":true,"href":"https:\/\/spectrebaltics.com\/ru\/wp-json\/wp\/v2\/media\/12842"}],"wp:attachment":[{"href":"https:\/\/spectrebaltics.com\/ru\/wp-json\/wp\/v2\/media?parent=12841"}],"wp:term":[{"taxonomy":"product_cat","embeddable":true,"href":"https:\/\/spectrebaltics.com\/ru\/wp-json\/wp\/v2\/product_cat?post=12841"},{"taxonomy":"product_tag","embeddable":true,"href":"https:\/\/spectrebaltics.com\/ru\/wp-json\/wp\/v2\/product_tag?post=12841"}],"curies":[{"name":"wp","href":"https:\/\/api.w.org\/{rel}","templated":true}]}}