{"id":12845,"date":"2026-05-05T12:55:20","date_gmt":"2026-05-05T12:55:20","guid":{"rendered":"https:\/\/spectrebaltics.com\/?post_type=product&#038;p=12845"},"modified":"2026-05-05T12:55:20","modified_gmt":"2026-05-05T12:55:20","slug":"promotech-pro-36-kompaktne-magnetpuurmasin","status":"publish","type":"product","link":"https:\/\/spectrebaltics.com\/ru\/toode\/promotech-pro-36-kompaktne-magnetpuurmasin\/","title":{"rendered":"Promotech PRO-36 | Kompaktne magnetpuurmasin"},"content":{"rendered":"<p>PRO-36 puurib r\u00f5ngasl\u00f5ikurite abil kuni 36 mm l\u00e4bim\u00f5\u00f5duga auke. Masin suudab puurida ka kuni 12 mm l\u00e4bim\u00f5\u00f5duga auke, kasutades 19 mm (3\/4 tolli) Weldoni varrega keerdpuuri. Kompaktne disain ja suurep\u00e4rane kaalu\/v\u00f5imsuse suhe muudavad selle magnetpuurpuuri klientide seas v\u00e4ga populaarseks valikuks.<\/p>\n<p>Kahe vardaga juhts\u00fcsteem tagab erakordse j\u00e4ikuse ja reguleerimisvaba t\u00f6\u00f6.<\/p>\n<p>Kompaktne suurus ja \u00fclikerge \u2013 ideaalne ehitusplatsil t\u00f6\u00f6tamiseks.<br \/>\nVastupidav \u00fches t\u00fckis liugur ja k\u00e4igukast t\u00e4iendava stabiilsuse tagamiseks.<br \/>\nEttev\u00f5ttest l\u00e4htuvalt disainitud mootor vastupidava k\u00e4igukastiga.<br \/>\nHoolduss\u00f5bralik disain muudab kasutamise lihtsaks.<br \/>\nMagnetv\u00e4lja kuju kontroll (MFSC) tagab \u00f5hukeste materjalide maksimaalse hoidej\u00f5u.<br \/>\nMagnetj\u00f5u adhesiooni kontroll (MPAC) tuvastab elektromagnetilise aluse kleepumisj\u00f5u ja kaitseb nii masinat kui ka operaatorit liiga \u00f5hukese detaili kallal t\u00f6\u00f6tamise eest.<br \/>\nT\u00e4iustatud elektrimootori jahutus \u2013 \u00fcmberkujundatud mootoriventilaator suurendab \u00f5huvoolu ja parandab mootori jahutust.<br \/>\nV\u00e4hendatud k\u00f5rge m\u00fcratase, mis on operaatorile ebameeldiv \u2013 t\u00fc\u00fctute helide m\u00e4rkimisv\u00e4\u00e4rne v\u00e4henemine, m\u00fcrasummutus \u00fcle 2 dB.<br \/>\n2-aastane garantii.<\/p>\n<p>Rohkem teavet:<\/p>\n<blockquote class=\"wp-embedded-content\" data-secret=\"WKRl8S7KoB\"><p><a href=\"https:\/\/www.promotech.eu\/product\/pro-36-compact-drilling-machine\/\">PRO-36 | Compact Drilling Machine<\/a><\/p><\/blockquote>\n<p><iframe class=\"wp-embedded-content\" sandbox=\"allow-scripts\" security=\"restricted\" style=\"position: absolute; clip: rect(1px, 1px, 1px, 1px);\" title=\"&#8222;PRO-36 | Compact Drilling Machine&#8221; &#8212; PROMOTECH\" src=\"https:\/\/www.promotech.eu\/product\/pro-36-compact-drilling-machine\/embed\/#?secret=R7da1djR1P#?secret=WKRl8S7KoB\" data-secret=\"WKRl8S7KoB\" width=\"600\" height=\"338\" frameborder=\"0\" marginwidth=\"0\" marginheight=\"0\" scrolling=\"no\"><\/iframe><\/p>\n","protected":false},"excerpt":{"rendered":"<p>PRO-36 puurib r\u00f5ngasl\u00f5ikurite abil kuni 36 mm l\u00e4bim\u00f5\u00f5duga auke. Masin suudab puurida ka kuni 12 mm l\u00e4bim\u00f5\u00f5duga auke, kasutades 19 mm (3\/4 tolli) Weldoni varrega keerdpuuri. Kompaktne disain ja suurep\u00e4rane kaalu\/v\u00f5imsuse suhe muudavad selle magnetpuurpuuri klientide seas v\u00e4ga populaarseks valikuks. Kahe vardaga juhts\u00fcsteem tagab erakordse j\u00e4ikuse ja reguleerimisvaba t\u00f6\u00f6. Kompaktne suurus ja \u00fclikerge \u2013 ideaalne&#8230;<\/p>\n","protected":false},"featured_media":12846,"template":"","meta":[],"product_cat":[326,119],"product_tag":[],"yoast_head":"<!-- This site is optimized with the Yoast SEO plugin v18.4.1 - https:\/\/yoast.com\/wordpress\/plugins\/seo\/ -->\n<title>Promotech PRO-36 | Kompaktne magnetpuurmasin<\/title>\n<meta name=\"robots\" content=\"index, follow, max-snippet:-1, max-image-preview:large, max-video-preview:-1\" \/>\n<link rel=\"canonical\" href=\"https:\/\/spectrebaltics.com\/toode\/promotech-pro-36-kompaktne-magnetpuurmasin\/\" \/>\n<meta property=\"og:locale\" content=\"ru_RU\" \/>\n<meta property=\"og:type\" content=\"article\" \/>\n<meta property=\"og:title\" content=\"Promotech PRO-36 | Kompaktne magnetpuurmasin\" \/>\n<meta property=\"og:description\" content=\"PRO-36 puurib r\u00f5ngasl\u00f5ikurite abil kuni 36 mm l\u00e4bim\u00f5\u00f5duga auke. Masin suudab puurida ka kuni 12 mm l\u00e4bim\u00f5\u00f5duga auke, kasutades 19 mm (3\/4 tolli) Weldoni varrega keerdpuuri. Kompaktne disain ja suurep\u00e4rane kaalu\/v\u00f5imsuse suhe muudavad selle magnetpuurpuuri klientide seas v\u00e4ga populaarseks valikuks. Kahe vardaga juhts\u00fcsteem tagab erakordse j\u00e4ikuse ja reguleerimisvaba t\u00f6\u00f6. Kompaktne suurus ja \u00fclikerge \u2013 ideaalne...\" \/>\n<meta property=\"og:url\" content=\"https:\/\/spectrebaltics.com\/toode\/promotech-pro-36-kompaktne-magnetpuurmasin\/\" \/>\n<meta property=\"og:site_name\" content=\"Spectrebaltics\" \/>\n<meta property=\"og:image\" content=\"https:\/\/spectrebaltics.com\/wp-content\/uploads\/2026\/05\/pro-36-2-900x1155a-1.png\" \/>\n\t<meta property=\"og:image:width\" content=\"900\" \/>\n\t<meta property=\"og:image:height\" content=\"1155\" \/>\n\t<meta property=\"og:image:type\" content=\"image\/png\" \/>\n<meta name=\"twitter:card\" content=\"summary_large_image\" \/>\n<meta name=\"twitter:label1\" content=\"\u041f\u0440\u0438\u043c\u0435\u0440\u043d\u043e\u0435 \u0432\u0440\u0435\u043c\u044f \u0434\u043b\u044f \u0447\u0442\u0435\u043d\u0438\u044f\" \/>\n\t<meta name=\"twitter:data1\" content=\"1 \u043c\u0438\u043d\u0443\u0442\u0430\" \/>\n<script type=\"application\/ld+json\" class=\"yoast-schema-graph\">{\"@context\":\"https:\/\/schema.org\",\"@graph\":[{\"@type\":\"Organization\",\"@id\":\"https:\/\/spectrebaltics.com\/ru\/#organization\",\"name\":\"Spectrebaltics\",\"url\":\"https:\/\/spectrebaltics.com\/ru\/\",\"sameAs\":[],\"logo\":{\"@type\":\"ImageObject\",\"@id\":\"https:\/\/spectrebaltics.com\/ru\/#logo\",\"inLanguage\":\"ru-RU\",\"url\":\"https:\/\/spectrebaltics.com\/wp-content\/uploads\/2024\/03\/Spectrebaltics-logo.svg\",\"contentUrl\":\"https:\/\/spectrebaltics.com\/wp-content\/uploads\/2024\/03\/Spectrebaltics-logo.svg\",\"caption\":\"Spectrebaltics\"},\"image\":{\"@id\":\"https:\/\/spectrebaltics.com\/ru\/#logo\"}},{\"@type\":\"WebSite\",\"@id\":\"https:\/\/spectrebaltics.com\/ru\/#website\",\"url\":\"https:\/\/spectrebaltics.com\/ru\/\",\"name\":\"Spectrebaltics\",\"description\":\"\",\"publisher\":{\"@id\":\"https:\/\/spectrebaltics.com\/ru\/#organization\"},\"potentialAction\":[{\"@type\":\"SearchAction\",\"target\":{\"@type\":\"EntryPoint\",\"urlTemplate\":\"https:\/\/spectrebaltics.com\/ru\/?s={search_term_string}\"},\"query-input\":\"required name=search_term_string\"}],\"inLanguage\":\"ru-RU\"},{\"@type\":\"ImageObject\",\"@id\":\"https:\/\/spectrebaltics.com\/toode\/promotech-pro-36-kompaktne-magnetpuurmasin\/#primaryimage\",\"inLanguage\":\"ru-RU\",\"url\":\"https:\/\/spectrebaltics.com\/wp-content\/uploads\/2026\/05\/pro-36-2-900x1155a-1.png\",\"contentUrl\":\"https:\/\/spectrebaltics.com\/wp-content\/uploads\/2026\/05\/pro-36-2-900x1155a-1.png\",\"width\":900,\"height\":1155},{\"@type\":\"WebPage\",\"@id\":\"https:\/\/spectrebaltics.com\/toode\/promotech-pro-36-kompaktne-magnetpuurmasin\/#webpage\",\"url\":\"https:\/\/spectrebaltics.com\/toode\/promotech-pro-36-kompaktne-magnetpuurmasin\/\",\"name\":\"Promotech PRO-36 | Kompaktne magnetpuurmasin\",\"isPartOf\":{\"@id\":\"https:\/\/spectrebaltics.com\/ru\/#website\"},\"primaryImageOfPage\":{\"@id\":\"https:\/\/spectrebaltics.com\/toode\/promotech-pro-36-kompaktne-magnetpuurmasin\/#primaryimage\"},\"datePublished\":\"2026-05-05T12:55:20+00:00\",\"dateModified\":\"2026-05-05T12:55:20+00:00\",\"breadcrumb\":{\"@id\":\"https:\/\/spectrebaltics.com\/toode\/promotech-pro-36-kompaktne-magnetpuurmasin\/#breadcrumb\"},\"inLanguage\":\"ru-RU\",\"potentialAction\":[{\"@type\":\"ReadAction\",\"target\":[\"https:\/\/spectrebaltics.com\/toode\/promotech-pro-36-kompaktne-magnetpuurmasin\/\"]}]},{\"@type\":\"BreadcrumbList\",\"@id\":\"https:\/\/spectrebaltics.com\/toode\/promotech-pro-36-kompaktne-magnetpuurmasin\/#breadcrumb\",\"itemListElement\":[{\"@type\":\"ListItem\",\"position\":1,\"name\":\"Home\",\"item\":\"https:\/\/spectrebaltics.com\/ru\/\"},{\"@type\":\"ListItem\",\"position\":2,\"name\":\"\u041a\u0430\u0442\u0430\u043b\u043e\u0433\",\"item\":\"https:\/\/spectrebaltics.com\/ru\/katalog\/\"},{\"@type\":\"ListItem\",\"position\":3,\"name\":\"Promotech PRO-36 | Kompaktne magnetpuurmasin\"}]}]}<\/script>\n<!-- \/ Yoast SEO plugin. -->","yoast_head_json":{"title":"Promotech PRO-36 | Kompaktne magnetpuurmasin","robots":{"index":"index","follow":"follow","max-snippet":"max-snippet:-1","max-image-preview":"max-image-preview:large","max-video-preview":"max-video-preview:-1"},"canonical":"https:\/\/spectrebaltics.com\/toode\/promotech-pro-36-kompaktne-magnetpuurmasin\/","og_locale":"ru_RU","og_type":"article","og_title":"Promotech PRO-36 | Kompaktne magnetpuurmasin","og_description":"PRO-36 puurib r\u00f5ngasl\u00f5ikurite abil kuni 36 mm l\u00e4bim\u00f5\u00f5duga auke. Masin suudab puurida ka kuni 12 mm l\u00e4bim\u00f5\u00f5duga auke, kasutades 19 mm (3\/4 tolli) Weldoni varrega keerdpuuri. Kompaktne disain ja suurep\u00e4rane kaalu\/v\u00f5imsuse suhe muudavad selle magnetpuurpuuri klientide seas v\u00e4ga populaarseks valikuks. Kahe vardaga juhts\u00fcsteem tagab erakordse j\u00e4ikuse ja reguleerimisvaba t\u00f6\u00f6. Kompaktne suurus ja \u00fclikerge \u2013 ideaalne...","og_url":"https:\/\/spectrebaltics.com\/toode\/promotech-pro-36-kompaktne-magnetpuurmasin\/","og_site_name":"Spectrebaltics","og_image":[{"width":900,"height":1155,"url":"https:\/\/spectrebaltics.com\/wp-content\/uploads\/2026\/05\/pro-36-2-900x1155a-1.png","type":"image\/png"}],"twitter_card":"summary_large_image","twitter_misc":{"\u041f\u0440\u0438\u043c\u0435\u0440\u043d\u043e\u0435 \u0432\u0440\u0435\u043c\u044f \u0434\u043b\u044f \u0447\u0442\u0435\u043d\u0438\u044f":"1 \u043c\u0438\u043d\u0443\u0442\u0430"},"schema":{"@context":"https:\/\/schema.org","@graph":[{"@type":"Organization","@id":"https:\/\/spectrebaltics.com\/ru\/#organization","name":"Spectrebaltics","url":"https:\/\/spectrebaltics.com\/ru\/","sameAs":[],"logo":{"@type":"ImageObject","@id":"https:\/\/spectrebaltics.com\/ru\/#logo","inLanguage":"ru-RU","url":"https:\/\/spectrebaltics.com\/wp-content\/uploads\/2024\/03\/Spectrebaltics-logo.svg","contentUrl":"https:\/\/spectrebaltics.com\/wp-content\/uploads\/2024\/03\/Spectrebaltics-logo.svg","caption":"Spectrebaltics"},"image":{"@id":"https:\/\/spectrebaltics.com\/ru\/#logo"}},{"@type":"WebSite","@id":"https:\/\/spectrebaltics.com\/ru\/#website","url":"https:\/\/spectrebaltics.com\/ru\/","name":"Spectrebaltics","description":"","publisher":{"@id":"https:\/\/spectrebaltics.com\/ru\/#organization"},"potentialAction":[{"@type":"SearchAction","target":{"@type":"EntryPoint","urlTemplate":"https:\/\/spectrebaltics.com\/ru\/?s={search_term_string}"},"query-input":"required name=search_term_string"}],"inLanguage":"ru-RU"},{"@type":"ImageObject","@id":"https:\/\/spectrebaltics.com\/toode\/promotech-pro-36-kompaktne-magnetpuurmasin\/#primaryimage","inLanguage":"ru-RU","url":"https:\/\/spectrebaltics.com\/wp-content\/uploads\/2026\/05\/pro-36-2-900x1155a-1.png","contentUrl":"https:\/\/spectrebaltics.com\/wp-content\/uploads\/2026\/05\/pro-36-2-900x1155a-1.png","width":900,"height":1155},{"@type":"WebPage","@id":"https:\/\/spectrebaltics.com\/toode\/promotech-pro-36-kompaktne-magnetpuurmasin\/#webpage","url":"https:\/\/spectrebaltics.com\/toode\/promotech-pro-36-kompaktne-magnetpuurmasin\/","name":"Promotech PRO-36 | Kompaktne magnetpuurmasin","isPartOf":{"@id":"https:\/\/spectrebaltics.com\/ru\/#website"},"primaryImageOfPage":{"@id":"https:\/\/spectrebaltics.com\/toode\/promotech-pro-36-kompaktne-magnetpuurmasin\/#primaryimage"},"datePublished":"2026-05-05T12:55:20+00:00","dateModified":"2026-05-05T12:55:20+00:00","breadcrumb":{"@id":"https:\/\/spectrebaltics.com\/toode\/promotech-pro-36-kompaktne-magnetpuurmasin\/#breadcrumb"},"inLanguage":"ru-RU","potentialAction":[{"@type":"ReadAction","target":["https:\/\/spectrebaltics.com\/toode\/promotech-pro-36-kompaktne-magnetpuurmasin\/"]}]},{"@type":"BreadcrumbList","@id":"https:\/\/spectrebaltics.com\/toode\/promotech-pro-36-kompaktne-magnetpuurmasin\/#breadcrumb","itemListElement":[{"@type":"ListItem","position":1,"name":"Home","item":"https:\/\/spectrebaltics.com\/ru\/"},{"@type":"ListItem","position":2,"name":"\u041a\u0430\u0442\u0430\u043b\u043e\u0433","item":"https:\/\/spectrebaltics.com\/ru\/katalog\/"},{"@type":"ListItem","position":3,"name":"Promotech PRO-36 | Kompaktne magnetpuurmasin"}]}]}},"_links":{"self":[{"href":"https:\/\/spectrebaltics.com\/ru\/wp-json\/wp\/v2\/product\/12845"}],"collection":[{"href":"https:\/\/spectrebaltics.com\/ru\/wp-json\/wp\/v2\/product"}],"about":[{"href":"https:\/\/spectrebaltics.com\/ru\/wp-json\/wp\/v2\/types\/product"}],"wp:featuredmedia":[{"embeddable":true,"href":"https:\/\/spectrebaltics.com\/ru\/wp-json\/wp\/v2\/media\/12846"}],"wp:attachment":[{"href":"https:\/\/spectrebaltics.com\/ru\/wp-json\/wp\/v2\/media?parent=12845"}],"wp:term":[{"taxonomy":"product_cat","embeddable":true,"href":"https:\/\/spectrebaltics.com\/ru\/wp-json\/wp\/v2\/product_cat?post=12845"},{"taxonomy":"product_tag","embeddable":true,"href":"https:\/\/spectrebaltics.com\/ru\/wp-json\/wp\/v2\/product_tag?post=12845"}],"curies":[{"name":"wp","href":"https:\/\/api.w.org\/{rel}","templated":true}]}}