{"id":8845,"date":"2024-05-30T09:00:45","date_gmt":"2024-05-30T09:00:45","guid":{"rendered":"https:\/\/spectrebaltics.com\/?post_type=product&#038;p=8845"},"modified":"2024-05-30T09:01:16","modified_gmt":"2024-05-30T09:01:16","slug":"tyrolit-boorfrees-52spg-12-x-25-s6-x-70-mx-kabi-kujuline-otsast-terav","status":"publish","type":"product","link":"https:\/\/spectrebaltics.com\/ru\/toode\/tyrolit-boorfrees-52spg-12-x-25-s6-x-70-mx-kabi-kujuline-otsast-terav\/","title":{"rendered":"Tyrolit Boorfrees 52SPG 12 x 25 &#8212; S6 x 70 MX (K\u00e4bi-kujuline, otsast terav)"},"content":{"rendered":"<p>N\u00f5udlikuks t\u00f6\u00f6ks v\u00e4rviliste metallidega nagu alumiinium, alumiiniumpronks, alumiiniumi alussulamid, vask, pronks, messing, nikkel h\u00f5be ja titaan.<br \/>\nSobib eriti h\u00e4sti lihvimist\u00f6\u00f6deks k\u00e4sitsi juhitava pneumaatilise v\u00f5i elektrimasinad ja t\u00f6\u00f6stusrobotid raskesti ligip\u00e4\u00e4setavates kohtades.<\/p>\n<p>V\u00e4ga t\u00f5hus t\u00e4ppist\u00f6\u00f6riist, mis on toodetud kaasaegsel CNC-lihvimisel masinad<\/p>\n","protected":false},"excerpt":{"rendered":"<p>N\u00f5udlikuks t\u00f6\u00f6ks v\u00e4rviliste metallidega nagu alumiinium, alumiiniumpronks, alumiiniumi alussulamid, vask, pronks, messing, nikkel h\u00f5be ja titaan. Sobib eriti h\u00e4sti lihvimist\u00f6\u00f6deks k\u00e4sitsi juhitava pneumaatilise v\u00f5i elektrimasinad ja t\u00f6\u00f6stusrobotid raskesti ligip\u00e4\u00e4setavates kohtades. V\u00e4ga t\u00f5hus t\u00e4ppist\u00f6\u00f6riist, mis on toodetud kaasaegsel CNC-lihvimisel masinad<\/p>\n","protected":false},"featured_media":8849,"template":"","meta":[],"product_cat":[89,96],"product_tag":[],"yoast_head":"<!-- This site is optimized with the Yoast SEO plugin v18.4.1 - https:\/\/yoast.com\/wordpress\/plugins\/seo\/ -->\n<title>Tyrolit Boorfrees 52SPG 12 x 25 - S6 x 70 MX (K\u00e4bi-kujuline, otsast terav)<\/title>\n<meta name=\"robots\" content=\"index, follow, max-snippet:-1, max-image-preview:large, max-video-preview:-1\" \/>\n<link rel=\"canonical\" href=\"https:\/\/spectrebaltics.com\/toode\/tyrolit-boorfrees-52spg-12-x-25-s6-x-70-mx-kabi-kujuline-otsast-terav\/\" \/>\n<meta property=\"og:locale\" content=\"ru_RU\" \/>\n<meta property=\"og:type\" content=\"article\" \/>\n<meta property=\"og:title\" content=\"Tyrolit Boorfrees 52SPG 12 x 25 - S6 x 70 MX (K\u00e4bi-kujuline, otsast terav)\" \/>\n<meta property=\"og:description\" content=\"N\u00f5udlikuks t\u00f6\u00f6ks v\u00e4rviliste metallidega nagu alumiinium, alumiiniumpronks, alumiiniumi alussulamid, vask, pronks, messing, nikkel h\u00f5be ja titaan. Sobib eriti h\u00e4sti lihvimist\u00f6\u00f6deks k\u00e4sitsi juhitava pneumaatilise v\u00f5i elektrimasinad ja t\u00f6\u00f6stusrobotid raskesti ligip\u00e4\u00e4setavates kohtades. V\u00e4ga t\u00f5hus t\u00e4ppist\u00f6\u00f6riist, mis on toodetud kaasaegsel CNC-lihvimisel masinad\" \/>\n<meta property=\"og:url\" content=\"https:\/\/spectrebaltics.com\/toode\/tyrolit-boorfrees-52spg-12-x-25-s6-x-70-mx-kabi-kujuline-otsast-terav\/\" \/>\n<meta property=\"og:site_name\" content=\"Spectrebaltics\" \/>\n<meta property=\"article:modified_time\" content=\"2024-05-30T09:01:16+00:00\" \/>\n<meta name=\"twitter:card\" content=\"summary_large_image\" \/>\n<meta name=\"twitter:image\" content=\"https:\/\/spectrebaltics.com\/wp-content\/uploads\/2024\/05\/768948-tyrolit.-2.webp\" \/>\n<script type=\"application\/ld+json\" class=\"yoast-schema-graph\">{\"@context\":\"https:\/\/schema.org\",\"@graph\":[{\"@type\":\"Organization\",\"@id\":\"https:\/\/spectrebaltics.com\/ru\/#organization\",\"name\":\"Spectrebaltics\",\"url\":\"https:\/\/spectrebaltics.com\/ru\/\",\"sameAs\":[],\"logo\":{\"@type\":\"ImageObject\",\"@id\":\"https:\/\/spectrebaltics.com\/ru\/#logo\",\"inLanguage\":\"ru-RU\",\"url\":\"https:\/\/spectrebaltics.com\/wp-content\/uploads\/2024\/03\/Spectrebaltics-logo.svg\",\"contentUrl\":\"https:\/\/spectrebaltics.com\/wp-content\/uploads\/2024\/03\/Spectrebaltics-logo.svg\",\"caption\":\"Spectrebaltics\"},\"image\":{\"@id\":\"https:\/\/spectrebaltics.com\/ru\/#logo\"}},{\"@type\":\"WebSite\",\"@id\":\"https:\/\/spectrebaltics.com\/ru\/#website\",\"url\":\"https:\/\/spectrebaltics.com\/ru\/\",\"name\":\"Spectrebaltics\",\"description\":\"\",\"publisher\":{\"@id\":\"https:\/\/spectrebaltics.com\/ru\/#organization\"},\"potentialAction\":[{\"@type\":\"SearchAction\",\"target\":{\"@type\":\"EntryPoint\",\"urlTemplate\":\"https:\/\/spectrebaltics.com\/ru\/?s={search_term_string}\"},\"query-input\":\"required name=search_term_string\"}],\"inLanguage\":\"ru-RU\"},{\"@type\":\"ImageObject\",\"@id\":\"https:\/\/spectrebaltics.com\/toode\/tyrolit-boorfrees-52spg-12-x-25-s6-x-70-mx-kabi-kujuline-otsast-terav\/#primaryimage\",\"inLanguage\":\"ru-RU\",\"url\":\"https:\/\/spectrebaltics.com\/wp-content\/uploads\/2024\/05\/768948-tyrolit.-2.webp\",\"contentUrl\":\"https:\/\/spectrebaltics.com\/wp-content\/uploads\/2024\/05\/768948-tyrolit.-2.webp\",\"width\":500,\"height\":294},{\"@type\":\"WebPage\",\"@id\":\"https:\/\/spectrebaltics.com\/toode\/tyrolit-boorfrees-52spg-12-x-25-s6-x-70-mx-kabi-kujuline-otsast-terav\/#webpage\",\"url\":\"https:\/\/spectrebaltics.com\/toode\/tyrolit-boorfrees-52spg-12-x-25-s6-x-70-mx-kabi-kujuline-otsast-terav\/\",\"name\":\"Tyrolit Boorfrees 52SPG 12 x 25 - S6 x 70 MX (K\u00e4bi-kujuline, otsast terav)\",\"isPartOf\":{\"@id\":\"https:\/\/spectrebaltics.com\/ru\/#website\"},\"primaryImageOfPage\":{\"@id\":\"https:\/\/spectrebaltics.com\/toode\/tyrolit-boorfrees-52spg-12-x-25-s6-x-70-mx-kabi-kujuline-otsast-terav\/#primaryimage\"},\"datePublished\":\"2024-05-30T09:00:45+00:00\",\"dateModified\":\"2024-05-30T09:01:16+00:00\",\"breadcrumb\":{\"@id\":\"https:\/\/spectrebaltics.com\/toode\/tyrolit-boorfrees-52spg-12-x-25-s6-x-70-mx-kabi-kujuline-otsast-terav\/#breadcrumb\"},\"inLanguage\":\"ru-RU\",\"potentialAction\":[{\"@type\":\"ReadAction\",\"target\":[\"https:\/\/spectrebaltics.com\/toode\/tyrolit-boorfrees-52spg-12-x-25-s6-x-70-mx-kabi-kujuline-otsast-terav\/\"]}]},{\"@type\":\"BreadcrumbList\",\"@id\":\"https:\/\/spectrebaltics.com\/toode\/tyrolit-boorfrees-52spg-12-x-25-s6-x-70-mx-kabi-kujuline-otsast-terav\/#breadcrumb\",\"itemListElement\":[{\"@type\":\"ListItem\",\"position\":1,\"name\":\"Home\",\"item\":\"https:\/\/spectrebaltics.com\/ru\/\"},{\"@type\":\"ListItem\",\"position\":2,\"name\":\"\u041a\u0430\u0442\u0430\u043b\u043e\u0433\",\"item\":\"https:\/\/spectrebaltics.com\/ru\/katalog\/\"},{\"@type\":\"ListItem\",\"position\":3,\"name\":\"Tyrolit Boorfrees 52SPG 12 x 25 &#8211; S6 x 70 MX (K\u00e4bi-kujuline, otsast terav)\"}]}]}<\/script>\n<!-- \/ Yoast SEO plugin. -->","yoast_head_json":{"title":"Tyrolit Boorfrees 52SPG 12 x 25 - S6 x 70 MX (K\u00e4bi-kujuline, otsast terav)","robots":{"index":"index","follow":"follow","max-snippet":"max-snippet:-1","max-image-preview":"max-image-preview:large","max-video-preview":"max-video-preview:-1"},"canonical":"https:\/\/spectrebaltics.com\/toode\/tyrolit-boorfrees-52spg-12-x-25-s6-x-70-mx-kabi-kujuline-otsast-terav\/","og_locale":"ru_RU","og_type":"article","og_title":"Tyrolit Boorfrees 52SPG 12 x 25 - S6 x 70 MX (K\u00e4bi-kujuline, otsast terav)","og_description":"N\u00f5udlikuks t\u00f6\u00f6ks v\u00e4rviliste metallidega nagu alumiinium, alumiiniumpronks, alumiiniumi alussulamid, vask, pronks, messing, nikkel h\u00f5be ja titaan. Sobib eriti h\u00e4sti lihvimist\u00f6\u00f6deks k\u00e4sitsi juhitava pneumaatilise v\u00f5i elektrimasinad ja t\u00f6\u00f6stusrobotid raskesti ligip\u00e4\u00e4setavates kohtades. V\u00e4ga t\u00f5hus t\u00e4ppist\u00f6\u00f6riist, mis on toodetud kaasaegsel CNC-lihvimisel masinad","og_url":"https:\/\/spectrebaltics.com\/toode\/tyrolit-boorfrees-52spg-12-x-25-s6-x-70-mx-kabi-kujuline-otsast-terav\/","og_site_name":"Spectrebaltics","article_modified_time":"2024-05-30T09:01:16+00:00","twitter_card":"summary_large_image","twitter_image":"https:\/\/spectrebaltics.com\/wp-content\/uploads\/2024\/05\/768948-tyrolit.-2.webp","schema":{"@context":"https:\/\/schema.org","@graph":[{"@type":"Organization","@id":"https:\/\/spectrebaltics.com\/ru\/#organization","name":"Spectrebaltics","url":"https:\/\/spectrebaltics.com\/ru\/","sameAs":[],"logo":{"@type":"ImageObject","@id":"https:\/\/spectrebaltics.com\/ru\/#logo","inLanguage":"ru-RU","url":"https:\/\/spectrebaltics.com\/wp-content\/uploads\/2024\/03\/Spectrebaltics-logo.svg","contentUrl":"https:\/\/spectrebaltics.com\/wp-content\/uploads\/2024\/03\/Spectrebaltics-logo.svg","caption":"Spectrebaltics"},"image":{"@id":"https:\/\/spectrebaltics.com\/ru\/#logo"}},{"@type":"WebSite","@id":"https:\/\/spectrebaltics.com\/ru\/#website","url":"https:\/\/spectrebaltics.com\/ru\/","name":"Spectrebaltics","description":"","publisher":{"@id":"https:\/\/spectrebaltics.com\/ru\/#organization"},"potentialAction":[{"@type":"SearchAction","target":{"@type":"EntryPoint","urlTemplate":"https:\/\/spectrebaltics.com\/ru\/?s={search_term_string}"},"query-input":"required name=search_term_string"}],"inLanguage":"ru-RU"},{"@type":"ImageObject","@id":"https:\/\/spectrebaltics.com\/toode\/tyrolit-boorfrees-52spg-12-x-25-s6-x-70-mx-kabi-kujuline-otsast-terav\/#primaryimage","inLanguage":"ru-RU","url":"https:\/\/spectrebaltics.com\/wp-content\/uploads\/2024\/05\/768948-tyrolit.-2.webp","contentUrl":"https:\/\/spectrebaltics.com\/wp-content\/uploads\/2024\/05\/768948-tyrolit.-2.webp","width":500,"height":294},{"@type":"WebPage","@id":"https:\/\/spectrebaltics.com\/toode\/tyrolit-boorfrees-52spg-12-x-25-s6-x-70-mx-kabi-kujuline-otsast-terav\/#webpage","url":"https:\/\/spectrebaltics.com\/toode\/tyrolit-boorfrees-52spg-12-x-25-s6-x-70-mx-kabi-kujuline-otsast-terav\/","name":"Tyrolit Boorfrees 52SPG 12 x 25 - S6 x 70 MX (K\u00e4bi-kujuline, otsast terav)","isPartOf":{"@id":"https:\/\/spectrebaltics.com\/ru\/#website"},"primaryImageOfPage":{"@id":"https:\/\/spectrebaltics.com\/toode\/tyrolit-boorfrees-52spg-12-x-25-s6-x-70-mx-kabi-kujuline-otsast-terav\/#primaryimage"},"datePublished":"2024-05-30T09:00:45+00:00","dateModified":"2024-05-30T09:01:16+00:00","breadcrumb":{"@id":"https:\/\/spectrebaltics.com\/toode\/tyrolit-boorfrees-52spg-12-x-25-s6-x-70-mx-kabi-kujuline-otsast-terav\/#breadcrumb"},"inLanguage":"ru-RU","potentialAction":[{"@type":"ReadAction","target":["https:\/\/spectrebaltics.com\/toode\/tyrolit-boorfrees-52spg-12-x-25-s6-x-70-mx-kabi-kujuline-otsast-terav\/"]}]},{"@type":"BreadcrumbList","@id":"https:\/\/spectrebaltics.com\/toode\/tyrolit-boorfrees-52spg-12-x-25-s6-x-70-mx-kabi-kujuline-otsast-terav\/#breadcrumb","itemListElement":[{"@type":"ListItem","position":1,"name":"Home","item":"https:\/\/spectrebaltics.com\/ru\/"},{"@type":"ListItem","position":2,"name":"\u041a\u0430\u0442\u0430\u043b\u043e\u0433","item":"https:\/\/spectrebaltics.com\/ru\/katalog\/"},{"@type":"ListItem","position":3,"name":"Tyrolit Boorfrees 52SPG 12 x 25 &#8211; S6 x 70 MX (K\u00e4bi-kujuline, otsast terav)"}]}]}},"_links":{"self":[{"href":"https:\/\/spectrebaltics.com\/ru\/wp-json\/wp\/v2\/product\/8845"}],"collection":[{"href":"https:\/\/spectrebaltics.com\/ru\/wp-json\/wp\/v2\/product"}],"about":[{"href":"https:\/\/spectrebaltics.com\/ru\/wp-json\/wp\/v2\/types\/product"}],"wp:featuredmedia":[{"embeddable":true,"href":"https:\/\/spectrebaltics.com\/ru\/wp-json\/wp\/v2\/media\/8849"}],"wp:attachment":[{"href":"https:\/\/spectrebaltics.com\/ru\/wp-json\/wp\/v2\/media?parent=8845"}],"wp:term":[{"taxonomy":"product_cat","embeddable":true,"href":"https:\/\/spectrebaltics.com\/ru\/wp-json\/wp\/v2\/product_cat?post=8845"},{"taxonomy":"product_tag","embeddable":true,"href":"https:\/\/spectrebaltics.com\/ru\/wp-json\/wp\/v2\/product_tag?post=8845"}],"curies":[{"name":"wp","href":"https:\/\/api.w.org\/{rel}","templated":true}]}}