{"id":8852,"date":"2024-05-30T09:21:28","date_gmt":"2024-05-30T09:21:28","guid":{"rendered":"https:\/\/spectrebaltics.com\/?post_type=product&#038;p=8852"},"modified":"2024-05-30T09:21:28","modified_gmt":"2024-05-30T09:21:28","slug":"tyrolit-boorfrees-52wrc-10x19-s6x64-ic-inox","status":"publish","type":"product","link":"https:\/\/spectrebaltics.com\/ru\/toode\/tyrolit-boorfrees-52wrc-10x19-s6x64-ic-inox\/","title":{"rendered":"Tyrolit Boorfrees 52WRC 10&#215;19-S6x64 IC INOX"},"content":{"rendered":"<p>N\u00f5udlikuks t\u00f6\u00f6ks erinevate roostevaba terase klassidega.<br \/>\nUniversaalseteks lihvimist\u00f6\u00f6deks k\u00e4sitsi juhitava pneumaatilise v\u00f5i elektrilise lihvimisega masinad ja t\u00f6\u00f6stusrobotid raskesti ligip\u00e4\u00e4setavates kohtades.<br \/>\nMaksimaalne eluiga t\u00e4nu spetsiaalselt v\u00e4lja t\u00f6\u00f6tatud l\u00f5iketerale geomeetria.<br \/>\nAbrasiivl\u00f5ikuri profiil on eriti pikalt hakkiv ja toimetab maksimaalne varude eemaldamine.<\/p>\n","protected":false},"excerpt":{"rendered":"<p>N\u00f5udlikuks t\u00f6\u00f6ks erinevate roostevaba terase klassidega. Universaalseteks lihvimist\u00f6\u00f6deks k\u00e4sitsi juhitava pneumaatilise v\u00f5i elektrilise lihvimisega masinad ja t\u00f6\u00f6stusrobotid raskesti ligip\u00e4\u00e4setavates kohtades. Maksimaalne eluiga t\u00e4nu spetsiaalselt v\u00e4lja t\u00f6\u00f6tatud l\u00f5iketerale geomeetria. Abrasiivl\u00f5ikuri profiil on eriti pikalt hakkiv ja toimetab maksimaalne varude eemaldamine.<\/p>\n","protected":false},"featured_media":8853,"template":"","meta":[],"product_cat":[89,96],"product_tag":[],"yoast_head":"<!-- This site is optimized with the Yoast SEO plugin v18.4.1 - https:\/\/yoast.com\/wordpress\/plugins\/seo\/ -->\n<title>Tyrolit Boorfrees 52WRC 10x19-S6x64 IC INOX<\/title>\n<meta name=\"robots\" content=\"index, follow, max-snippet:-1, max-image-preview:large, max-video-preview:-1\" \/>\n<link rel=\"canonical\" href=\"https:\/\/spectrebaltics.com\/toode\/tyrolit-boorfrees-52wrc-10x19-s6x64-ic-inox\/\" \/>\n<meta property=\"og:locale\" content=\"ru_RU\" \/>\n<meta property=\"og:type\" content=\"article\" \/>\n<meta property=\"og:title\" content=\"Tyrolit Boorfrees 52WRC 10x19-S6x64 IC INOX\" \/>\n<meta property=\"og:description\" content=\"N\u00f5udlikuks t\u00f6\u00f6ks erinevate roostevaba terase klassidega. Universaalseteks lihvimist\u00f6\u00f6deks k\u00e4sitsi juhitava pneumaatilise v\u00f5i elektrilise lihvimisega masinad ja t\u00f6\u00f6stusrobotid raskesti ligip\u00e4\u00e4setavates kohtades. Maksimaalne eluiga t\u00e4nu spetsiaalselt v\u00e4lja t\u00f6\u00f6tatud l\u00f5iketerale geomeetria. Abrasiivl\u00f5ikuri profiil on eriti pikalt hakkiv ja toimetab maksimaalne varude eemaldamine.\" \/>\n<meta property=\"og:url\" content=\"https:\/\/spectrebaltics.com\/toode\/tyrolit-boorfrees-52wrc-10x19-s6x64-ic-inox\/\" \/>\n<meta property=\"og:site_name\" content=\"Spectrebaltics\" \/>\n<meta property=\"og:image\" content=\"https:\/\/spectrebaltics.com\/wp-content\/uploads\/2024\/05\/wrc-10x19-tyrolit.jpg\" \/>\n\t<meta property=\"og:image:width\" content=\"1280\" \/>\n\t<meta property=\"og:image:height\" content=\"1280\" \/>\n\t<meta property=\"og:image:type\" content=\"image\/jpeg\" \/>\n<meta name=\"twitter:card\" content=\"summary_large_image\" \/>\n<script type=\"application\/ld+json\" class=\"yoast-schema-graph\">{\"@context\":\"https:\/\/schema.org\",\"@graph\":[{\"@type\":\"Organization\",\"@id\":\"https:\/\/spectrebaltics.com\/ru\/#organization\",\"name\":\"Spectrebaltics\",\"url\":\"https:\/\/spectrebaltics.com\/ru\/\",\"sameAs\":[],\"logo\":{\"@type\":\"ImageObject\",\"@id\":\"https:\/\/spectrebaltics.com\/ru\/#logo\",\"inLanguage\":\"ru-RU\",\"url\":\"https:\/\/spectrebaltics.com\/wp-content\/uploads\/2024\/03\/Spectrebaltics-logo.svg\",\"contentUrl\":\"https:\/\/spectrebaltics.com\/wp-content\/uploads\/2024\/03\/Spectrebaltics-logo.svg\",\"caption\":\"Spectrebaltics\"},\"image\":{\"@id\":\"https:\/\/spectrebaltics.com\/ru\/#logo\"}},{\"@type\":\"WebSite\",\"@id\":\"https:\/\/spectrebaltics.com\/ru\/#website\",\"url\":\"https:\/\/spectrebaltics.com\/ru\/\",\"name\":\"Spectrebaltics\",\"description\":\"\",\"publisher\":{\"@id\":\"https:\/\/spectrebaltics.com\/ru\/#organization\"},\"potentialAction\":[{\"@type\":\"SearchAction\",\"target\":{\"@type\":\"EntryPoint\",\"urlTemplate\":\"https:\/\/spectrebaltics.com\/ru\/?s={search_term_string}\"},\"query-input\":\"required name=search_term_string\"}],\"inLanguage\":\"ru-RU\"},{\"@type\":\"ImageObject\",\"@id\":\"https:\/\/spectrebaltics.com\/toode\/tyrolit-boorfrees-52wrc-10x19-s6x64-ic-inox\/#primaryimage\",\"inLanguage\":\"ru-RU\",\"url\":\"https:\/\/spectrebaltics.com\/wp-content\/uploads\/2024\/05\/wrc-10x19-tyrolit.jpg\",\"contentUrl\":\"https:\/\/spectrebaltics.com\/wp-content\/uploads\/2024\/05\/wrc-10x19-tyrolit.jpg\",\"width\":1280,\"height\":1280},{\"@type\":\"WebPage\",\"@id\":\"https:\/\/spectrebaltics.com\/toode\/tyrolit-boorfrees-52wrc-10x19-s6x64-ic-inox\/#webpage\",\"url\":\"https:\/\/spectrebaltics.com\/toode\/tyrolit-boorfrees-52wrc-10x19-s6x64-ic-inox\/\",\"name\":\"Tyrolit Boorfrees 52WRC 10x19-S6x64 IC INOX\",\"isPartOf\":{\"@id\":\"https:\/\/spectrebaltics.com\/ru\/#website\"},\"primaryImageOfPage\":{\"@id\":\"https:\/\/spectrebaltics.com\/toode\/tyrolit-boorfrees-52wrc-10x19-s6x64-ic-inox\/#primaryimage\"},\"datePublished\":\"2024-05-30T09:21:28+00:00\",\"dateModified\":\"2024-05-30T09:21:28+00:00\",\"breadcrumb\":{\"@id\":\"https:\/\/spectrebaltics.com\/toode\/tyrolit-boorfrees-52wrc-10x19-s6x64-ic-inox\/#breadcrumb\"},\"inLanguage\":\"ru-RU\",\"potentialAction\":[{\"@type\":\"ReadAction\",\"target\":[\"https:\/\/spectrebaltics.com\/toode\/tyrolit-boorfrees-52wrc-10x19-s6x64-ic-inox\/\"]}]},{\"@type\":\"BreadcrumbList\",\"@id\":\"https:\/\/spectrebaltics.com\/toode\/tyrolit-boorfrees-52wrc-10x19-s6x64-ic-inox\/#breadcrumb\",\"itemListElement\":[{\"@type\":\"ListItem\",\"position\":1,\"name\":\"Home\",\"item\":\"https:\/\/spectrebaltics.com\/ru\/\"},{\"@type\":\"ListItem\",\"position\":2,\"name\":\"\u041a\u0430\u0442\u0430\u043b\u043e\u0433\",\"item\":\"https:\/\/spectrebaltics.com\/ru\/katalog\/\"},{\"@type\":\"ListItem\",\"position\":3,\"name\":\"Tyrolit Boorfrees 52WRC 10&#215;19-S6x64 IC INOX\"}]}]}<\/script>\n<!-- \/ Yoast SEO plugin. -->","yoast_head_json":{"title":"Tyrolit Boorfrees 52WRC 10x19-S6x64 IC INOX","robots":{"index":"index","follow":"follow","max-snippet":"max-snippet:-1","max-image-preview":"max-image-preview:large","max-video-preview":"max-video-preview:-1"},"canonical":"https:\/\/spectrebaltics.com\/toode\/tyrolit-boorfrees-52wrc-10x19-s6x64-ic-inox\/","og_locale":"ru_RU","og_type":"article","og_title":"Tyrolit Boorfrees 52WRC 10x19-S6x64 IC INOX","og_description":"N\u00f5udlikuks t\u00f6\u00f6ks erinevate roostevaba terase klassidega. Universaalseteks lihvimist\u00f6\u00f6deks k\u00e4sitsi juhitava pneumaatilise v\u00f5i elektrilise lihvimisega masinad ja t\u00f6\u00f6stusrobotid raskesti ligip\u00e4\u00e4setavates kohtades. Maksimaalne eluiga t\u00e4nu spetsiaalselt v\u00e4lja t\u00f6\u00f6tatud l\u00f5iketerale geomeetria. Abrasiivl\u00f5ikuri profiil on eriti pikalt hakkiv ja toimetab maksimaalne varude eemaldamine.","og_url":"https:\/\/spectrebaltics.com\/toode\/tyrolit-boorfrees-52wrc-10x19-s6x64-ic-inox\/","og_site_name":"Spectrebaltics","og_image":[{"width":1280,"height":1280,"url":"https:\/\/spectrebaltics.com\/wp-content\/uploads\/2024\/05\/wrc-10x19-tyrolit.jpg","type":"image\/jpeg"}],"twitter_card":"summary_large_image","schema":{"@context":"https:\/\/schema.org","@graph":[{"@type":"Organization","@id":"https:\/\/spectrebaltics.com\/ru\/#organization","name":"Spectrebaltics","url":"https:\/\/spectrebaltics.com\/ru\/","sameAs":[],"logo":{"@type":"ImageObject","@id":"https:\/\/spectrebaltics.com\/ru\/#logo","inLanguage":"ru-RU","url":"https:\/\/spectrebaltics.com\/wp-content\/uploads\/2024\/03\/Spectrebaltics-logo.svg","contentUrl":"https:\/\/spectrebaltics.com\/wp-content\/uploads\/2024\/03\/Spectrebaltics-logo.svg","caption":"Spectrebaltics"},"image":{"@id":"https:\/\/spectrebaltics.com\/ru\/#logo"}},{"@type":"WebSite","@id":"https:\/\/spectrebaltics.com\/ru\/#website","url":"https:\/\/spectrebaltics.com\/ru\/","name":"Spectrebaltics","description":"","publisher":{"@id":"https:\/\/spectrebaltics.com\/ru\/#organization"},"potentialAction":[{"@type":"SearchAction","target":{"@type":"EntryPoint","urlTemplate":"https:\/\/spectrebaltics.com\/ru\/?s={search_term_string}"},"query-input":"required name=search_term_string"}],"inLanguage":"ru-RU"},{"@type":"ImageObject","@id":"https:\/\/spectrebaltics.com\/toode\/tyrolit-boorfrees-52wrc-10x19-s6x64-ic-inox\/#primaryimage","inLanguage":"ru-RU","url":"https:\/\/spectrebaltics.com\/wp-content\/uploads\/2024\/05\/wrc-10x19-tyrolit.jpg","contentUrl":"https:\/\/spectrebaltics.com\/wp-content\/uploads\/2024\/05\/wrc-10x19-tyrolit.jpg","width":1280,"height":1280},{"@type":"WebPage","@id":"https:\/\/spectrebaltics.com\/toode\/tyrolit-boorfrees-52wrc-10x19-s6x64-ic-inox\/#webpage","url":"https:\/\/spectrebaltics.com\/toode\/tyrolit-boorfrees-52wrc-10x19-s6x64-ic-inox\/","name":"Tyrolit Boorfrees 52WRC 10x19-S6x64 IC INOX","isPartOf":{"@id":"https:\/\/spectrebaltics.com\/ru\/#website"},"primaryImageOfPage":{"@id":"https:\/\/spectrebaltics.com\/toode\/tyrolit-boorfrees-52wrc-10x19-s6x64-ic-inox\/#primaryimage"},"datePublished":"2024-05-30T09:21:28+00:00","dateModified":"2024-05-30T09:21:28+00:00","breadcrumb":{"@id":"https:\/\/spectrebaltics.com\/toode\/tyrolit-boorfrees-52wrc-10x19-s6x64-ic-inox\/#breadcrumb"},"inLanguage":"ru-RU","potentialAction":[{"@type":"ReadAction","target":["https:\/\/spectrebaltics.com\/toode\/tyrolit-boorfrees-52wrc-10x19-s6x64-ic-inox\/"]}]},{"@type":"BreadcrumbList","@id":"https:\/\/spectrebaltics.com\/toode\/tyrolit-boorfrees-52wrc-10x19-s6x64-ic-inox\/#breadcrumb","itemListElement":[{"@type":"ListItem","position":1,"name":"Home","item":"https:\/\/spectrebaltics.com\/ru\/"},{"@type":"ListItem","position":2,"name":"\u041a\u0430\u0442\u0430\u043b\u043e\u0433","item":"https:\/\/spectrebaltics.com\/ru\/katalog\/"},{"@type":"ListItem","position":3,"name":"Tyrolit Boorfrees 52WRC 10&#215;19-S6x64 IC INOX"}]}]}},"_links":{"self":[{"href":"https:\/\/spectrebaltics.com\/ru\/wp-json\/wp\/v2\/product\/8852"}],"collection":[{"href":"https:\/\/spectrebaltics.com\/ru\/wp-json\/wp\/v2\/product"}],"about":[{"href":"https:\/\/spectrebaltics.com\/ru\/wp-json\/wp\/v2\/types\/product"}],"wp:featuredmedia":[{"embeddable":true,"href":"https:\/\/spectrebaltics.com\/ru\/wp-json\/wp\/v2\/media\/8853"}],"wp:attachment":[{"href":"https:\/\/spectrebaltics.com\/ru\/wp-json\/wp\/v2\/media?parent=8852"}],"wp:term":[{"taxonomy":"product_cat","embeddable":true,"href":"https:\/\/spectrebaltics.com\/ru\/wp-json\/wp\/v2\/product_cat?post=8852"},{"taxonomy":"product_tag","embeddable":true,"href":"https:\/\/spectrebaltics.com\/ru\/wp-json\/wp\/v2\/product_tag?post=8852"}],"curies":[{"name":"wp","href":"https:\/\/api.w.org\/{rel}","templated":true}]}}