{"id":9015,"date":"2024-05-30T13:21:10","date_gmt":"2024-05-30T13:21:10","guid":{"rendered":"https:\/\/spectrebaltics.com\/?post_type=product&#038;p=9015"},"modified":"2024-05-30T13:21:10","modified_gmt":"2024-05-30T13:21:10","slug":"tyrolit-27xgr-125-x-14x222-c36-b-kargketas","status":"publish","type":"product","link":"https:\/\/spectrebaltics.com\/ru\/toode\/tyrolit-27xgr-125-x-14x222-c36-b-kargketas\/","title":{"rendered":"Tyrolit 27XGR 125 x 14&#215;22,2 C36-B K\u00c4RGKETAS"},"content":{"rendered":"<p>Rooste, v\u00e4rvi ja laki eemaldamiseks ning pindade ettevalmistamisekskeevitamine, jootmine v\u00f5i anodeerimine.<br \/>\nC COARSE disain pindade peeneks t\u00f6\u00f6tlemiseks EX. J\u00c4\u00c4ME disain, mis suurendab abrasiivsust ja kasutamist servadel.<br \/>\nAgressiivse abrasiivse teraga t\u00f6\u00f6deldud painduvad nailonkiud universaalseks soola kasutamine ja parimad tulemused.<br \/>\nDisain hoiab \u00e4ra ratta ummistumise ja koormamise<br \/>\nMinimaalne soojuse teke t\u00e4nu avatud struktuurile<\/p>\n","protected":false},"excerpt":{"rendered":"<p>Rooste, v\u00e4rvi ja laki eemaldamiseks ning pindade ettevalmistamisekskeevitamine, jootmine v\u00f5i anodeerimine. C COARSE disain pindade peeneks t\u00f6\u00f6tlemiseks EX. J\u00c4\u00c4ME disain, mis suurendab abrasiivsust ja kasutamist servadel. Agressiivse abrasiivse teraga t\u00f6\u00f6deldud painduvad nailonkiud universaalseks soola kasutamine ja parimad tulemused. Disain hoiab \u00e4ra ratta ummistumise ja koormamise Minimaalne soojuse teke t\u00e4nu avatud struktuurile<\/p>\n","protected":false},"featured_media":9019,"template":"","meta":[],"product_cat":[89,92],"product_tag":[],"yoast_head":"<!-- This site is optimized with the Yoast SEO plugin v18.4.1 - https:\/\/yoast.com\/wordpress\/plugins\/seo\/ -->\n<title>Tyrolit 27XGR 125 x 14x22,2 C36-B K\u00c4RGKETAS<\/title>\n<meta name=\"robots\" content=\"index, follow, max-snippet:-1, max-image-preview:large, max-video-preview:-1\" \/>\n<link rel=\"canonical\" href=\"https:\/\/spectrebaltics.com\/toode\/tyrolit-27xgr-125-x-14x222-c36-b-kargketas\/\" \/>\n<meta property=\"og:locale\" content=\"ru_RU\" \/>\n<meta property=\"og:type\" content=\"article\" \/>\n<meta property=\"og:title\" content=\"Tyrolit 27XGR 125 x 14x22,2 C36-B K\u00c4RGKETAS\" \/>\n<meta property=\"og:description\" content=\"Rooste, v\u00e4rvi ja laki eemaldamiseks ning pindade ettevalmistamisekskeevitamine, jootmine v\u00f5i anodeerimine. C COARSE disain pindade peeneks t\u00f6\u00f6tlemiseks EX. J\u00c4\u00c4ME disain, mis suurendab abrasiivsust ja kasutamist servadel. Agressiivse abrasiivse teraga t\u00f6\u00f6deldud painduvad nailonkiud universaalseks soola kasutamine ja parimad tulemused. Disain hoiab \u00e4ra ratta ummistumise ja koormamise Minimaalne soojuse teke t\u00e4nu avatud struktuurile\" \/>\n<meta property=\"og:url\" content=\"https:\/\/spectrebaltics.com\/toode\/tyrolit-27xgr-125-x-14x222-c36-b-kargketas\/\" \/>\n<meta property=\"og:site_name\" content=\"Spectrebaltics\" \/>\n<meta name=\"twitter:card\" content=\"summary_large_image\" \/>\n<meta name=\"twitter:image\" content=\"https:\/\/spectrebaltics.com\/wp-content\/uploads\/2024\/05\/optimize.webp\" \/>\n<script type=\"application\/ld+json\" class=\"yoast-schema-graph\">{\"@context\":\"https:\/\/schema.org\",\"@graph\":[{\"@type\":\"Organization\",\"@id\":\"https:\/\/spectrebaltics.com\/ru\/#organization\",\"name\":\"Spectrebaltics\",\"url\":\"https:\/\/spectrebaltics.com\/ru\/\",\"sameAs\":[],\"logo\":{\"@type\":\"ImageObject\",\"@id\":\"https:\/\/spectrebaltics.com\/ru\/#logo\",\"inLanguage\":\"ru-RU\",\"url\":\"https:\/\/spectrebaltics.com\/wp-content\/uploads\/2024\/03\/Spectrebaltics-logo.svg\",\"contentUrl\":\"https:\/\/spectrebaltics.com\/wp-content\/uploads\/2024\/03\/Spectrebaltics-logo.svg\",\"caption\":\"Spectrebaltics\"},\"image\":{\"@id\":\"https:\/\/spectrebaltics.com\/ru\/#logo\"}},{\"@type\":\"WebSite\",\"@id\":\"https:\/\/spectrebaltics.com\/ru\/#website\",\"url\":\"https:\/\/spectrebaltics.com\/ru\/\",\"name\":\"Spectrebaltics\",\"description\":\"\",\"publisher\":{\"@id\":\"https:\/\/spectrebaltics.com\/ru\/#organization\"},\"potentialAction\":[{\"@type\":\"SearchAction\",\"target\":{\"@type\":\"EntryPoint\",\"urlTemplate\":\"https:\/\/spectrebaltics.com\/ru\/?s={search_term_string}\"},\"query-input\":\"required name=search_term_string\"}],\"inLanguage\":\"ru-RU\"},{\"@type\":\"ImageObject\",\"@id\":\"https:\/\/spectrebaltics.com\/toode\/tyrolit-27xgr-125-x-14x222-c36-b-kargketas\/#primaryimage\",\"inLanguage\":\"ru-RU\",\"url\":\"https:\/\/spectrebaltics.com\/wp-content\/uploads\/2024\/05\/optimize.webp\",\"contentUrl\":\"https:\/\/spectrebaltics.com\/wp-content\/uploads\/2024\/05\/optimize.webp\",\"width\":1204,\"height\":1188},{\"@type\":\"WebPage\",\"@id\":\"https:\/\/spectrebaltics.com\/toode\/tyrolit-27xgr-125-x-14x222-c36-b-kargketas\/#webpage\",\"url\":\"https:\/\/spectrebaltics.com\/toode\/tyrolit-27xgr-125-x-14x222-c36-b-kargketas\/\",\"name\":\"Tyrolit 27XGR 125 x 14x22,2 C36-B K\u00c4RGKETAS\",\"isPartOf\":{\"@id\":\"https:\/\/spectrebaltics.com\/ru\/#website\"},\"primaryImageOfPage\":{\"@id\":\"https:\/\/spectrebaltics.com\/toode\/tyrolit-27xgr-125-x-14x222-c36-b-kargketas\/#primaryimage\"},\"datePublished\":\"2024-05-30T13:21:10+00:00\",\"dateModified\":\"2024-05-30T13:21:10+00:00\",\"breadcrumb\":{\"@id\":\"https:\/\/spectrebaltics.com\/toode\/tyrolit-27xgr-125-x-14x222-c36-b-kargketas\/#breadcrumb\"},\"inLanguage\":\"ru-RU\",\"potentialAction\":[{\"@type\":\"ReadAction\",\"target\":[\"https:\/\/spectrebaltics.com\/toode\/tyrolit-27xgr-125-x-14x222-c36-b-kargketas\/\"]}]},{\"@type\":\"BreadcrumbList\",\"@id\":\"https:\/\/spectrebaltics.com\/toode\/tyrolit-27xgr-125-x-14x222-c36-b-kargketas\/#breadcrumb\",\"itemListElement\":[{\"@type\":\"ListItem\",\"position\":1,\"name\":\"Home\",\"item\":\"https:\/\/spectrebaltics.com\/ru\/\"},{\"@type\":\"ListItem\",\"position\":2,\"name\":\"\u041a\u0430\u0442\u0430\u043b\u043e\u0433\",\"item\":\"https:\/\/spectrebaltics.com\/ru\/katalog\/\"},{\"@type\":\"ListItem\",\"position\":3,\"name\":\"Tyrolit 27XGR 125 x 14&#215;22,2 C36-B K\u00c4RGKETAS\"}]}]}<\/script>\n<!-- \/ Yoast SEO plugin. -->","yoast_head_json":{"title":"Tyrolit 27XGR 125 x 14x22,2 C36-B K\u00c4RGKETAS","robots":{"index":"index","follow":"follow","max-snippet":"max-snippet:-1","max-image-preview":"max-image-preview:large","max-video-preview":"max-video-preview:-1"},"canonical":"https:\/\/spectrebaltics.com\/toode\/tyrolit-27xgr-125-x-14x222-c36-b-kargketas\/","og_locale":"ru_RU","og_type":"article","og_title":"Tyrolit 27XGR 125 x 14x22,2 C36-B K\u00c4RGKETAS","og_description":"Rooste, v\u00e4rvi ja laki eemaldamiseks ning pindade ettevalmistamisekskeevitamine, jootmine v\u00f5i anodeerimine. C COARSE disain pindade peeneks t\u00f6\u00f6tlemiseks EX. J\u00c4\u00c4ME disain, mis suurendab abrasiivsust ja kasutamist servadel. Agressiivse abrasiivse teraga t\u00f6\u00f6deldud painduvad nailonkiud universaalseks soola kasutamine ja parimad tulemused. Disain hoiab \u00e4ra ratta ummistumise ja koormamise Minimaalne soojuse teke t\u00e4nu avatud struktuurile","og_url":"https:\/\/spectrebaltics.com\/toode\/tyrolit-27xgr-125-x-14x222-c36-b-kargketas\/","og_site_name":"Spectrebaltics","twitter_card":"summary_large_image","twitter_image":"https:\/\/spectrebaltics.com\/wp-content\/uploads\/2024\/05\/optimize.webp","schema":{"@context":"https:\/\/schema.org","@graph":[{"@type":"Organization","@id":"https:\/\/spectrebaltics.com\/ru\/#organization","name":"Spectrebaltics","url":"https:\/\/spectrebaltics.com\/ru\/","sameAs":[],"logo":{"@type":"ImageObject","@id":"https:\/\/spectrebaltics.com\/ru\/#logo","inLanguage":"ru-RU","url":"https:\/\/spectrebaltics.com\/wp-content\/uploads\/2024\/03\/Spectrebaltics-logo.svg","contentUrl":"https:\/\/spectrebaltics.com\/wp-content\/uploads\/2024\/03\/Spectrebaltics-logo.svg","caption":"Spectrebaltics"},"image":{"@id":"https:\/\/spectrebaltics.com\/ru\/#logo"}},{"@type":"WebSite","@id":"https:\/\/spectrebaltics.com\/ru\/#website","url":"https:\/\/spectrebaltics.com\/ru\/","name":"Spectrebaltics","description":"","publisher":{"@id":"https:\/\/spectrebaltics.com\/ru\/#organization"},"potentialAction":[{"@type":"SearchAction","target":{"@type":"EntryPoint","urlTemplate":"https:\/\/spectrebaltics.com\/ru\/?s={search_term_string}"},"query-input":"required name=search_term_string"}],"inLanguage":"ru-RU"},{"@type":"ImageObject","@id":"https:\/\/spectrebaltics.com\/toode\/tyrolit-27xgr-125-x-14x222-c36-b-kargketas\/#primaryimage","inLanguage":"ru-RU","url":"https:\/\/spectrebaltics.com\/wp-content\/uploads\/2024\/05\/optimize.webp","contentUrl":"https:\/\/spectrebaltics.com\/wp-content\/uploads\/2024\/05\/optimize.webp","width":1204,"height":1188},{"@type":"WebPage","@id":"https:\/\/spectrebaltics.com\/toode\/tyrolit-27xgr-125-x-14x222-c36-b-kargketas\/#webpage","url":"https:\/\/spectrebaltics.com\/toode\/tyrolit-27xgr-125-x-14x222-c36-b-kargketas\/","name":"Tyrolit 27XGR 125 x 14x22,2 C36-B K\u00c4RGKETAS","isPartOf":{"@id":"https:\/\/spectrebaltics.com\/ru\/#website"},"primaryImageOfPage":{"@id":"https:\/\/spectrebaltics.com\/toode\/tyrolit-27xgr-125-x-14x222-c36-b-kargketas\/#primaryimage"},"datePublished":"2024-05-30T13:21:10+00:00","dateModified":"2024-05-30T13:21:10+00:00","breadcrumb":{"@id":"https:\/\/spectrebaltics.com\/toode\/tyrolit-27xgr-125-x-14x222-c36-b-kargketas\/#breadcrumb"},"inLanguage":"ru-RU","potentialAction":[{"@type":"ReadAction","target":["https:\/\/spectrebaltics.com\/toode\/tyrolit-27xgr-125-x-14x222-c36-b-kargketas\/"]}]},{"@type":"BreadcrumbList","@id":"https:\/\/spectrebaltics.com\/toode\/tyrolit-27xgr-125-x-14x222-c36-b-kargketas\/#breadcrumb","itemListElement":[{"@type":"ListItem","position":1,"name":"Home","item":"https:\/\/spectrebaltics.com\/ru\/"},{"@type":"ListItem","position":2,"name":"\u041a\u0430\u0442\u0430\u043b\u043e\u0433","item":"https:\/\/spectrebaltics.com\/ru\/katalog\/"},{"@type":"ListItem","position":3,"name":"Tyrolit 27XGR 125 x 14&#215;22,2 C36-B K\u00c4RGKETAS"}]}]}},"_links":{"self":[{"href":"https:\/\/spectrebaltics.com\/ru\/wp-json\/wp\/v2\/product\/9015"}],"collection":[{"href":"https:\/\/spectrebaltics.com\/ru\/wp-json\/wp\/v2\/product"}],"about":[{"href":"https:\/\/spectrebaltics.com\/ru\/wp-json\/wp\/v2\/types\/product"}],"wp:featuredmedia":[{"embeddable":true,"href":"https:\/\/spectrebaltics.com\/ru\/wp-json\/wp\/v2\/media\/9019"}],"wp:attachment":[{"href":"https:\/\/spectrebaltics.com\/ru\/wp-json\/wp\/v2\/media?parent=9015"}],"wp:term":[{"taxonomy":"product_cat","embeddable":true,"href":"https:\/\/spectrebaltics.com\/ru\/wp-json\/wp\/v2\/product_cat?post=9015"},{"taxonomy":"product_tag","embeddable":true,"href":"https:\/\/spectrebaltics.com\/ru\/wp-json\/wp\/v2\/product_tag?post=9015"}],"curies":[{"name":"wp","href":"https:\/\/api.w.org\/{rel}","templated":true}]}}