{"id":9064,"date":"2024-05-31T06:07:41","date_gmt":"2024-05-31T06:07:41","guid":{"rendered":"https:\/\/spectrebaltics.com\/?post_type=product&#038;p=9064"},"modified":"2024-05-31T06:07:41","modified_gmt":"2024-05-31T06:07:41","slug":"tyrolit-lihvketas-125x4x222-ca24-q-bfp-new-cerabond","status":"publish","type":"product","link":"https:\/\/spectrebaltics.com\/ru\/toode\/tyrolit-lihvketas-125x4x222-ca24-q-bfp-new-cerabond\/","title":{"rendered":"Tyrolit lihvketas 125x4x22,2 CA24 Q BFP NEW CERABOND"},"content":{"rendered":"<p>PREMIUM CERABOND X lihvkettaga saavutate kindlasti kiiremini eesm\u00e4rgi. \u00dchendades revolutsioonilise liimimiss\u00fcsteemi ja spetsiaalse keraamilise abrasiivtera, saavutab CERABOND X uskumatult kauakestva agressiivsuse, muutes selle parimaks ja kiireimaks lahenduseks terase ja roostevaba terase t\u00f6\u00f6tlemiseks n\u00f5udlikes rakendustes. Selle ainulaadne eluiga v\u00e4hendab rataste vahetust, s\u00e4\u00e4stes t\u00f5husalt t\u00f6\u00f6tunde. CERABOND X-iga olete igaks v\u00e4ljakutseks h\u00e4sti ette valmistatud.<\/p>\n","protected":false},"excerpt":{"rendered":"<p>PREMIUM CERABOND X lihvkettaga saavutate kindlasti kiiremini eesm\u00e4rgi. \u00dchendades revolutsioonilise liimimiss\u00fcsteemi ja spetsiaalse keraamilise abrasiivtera, saavutab CERABOND X uskumatult kauakestva agressiivsuse, muutes selle parimaks ja kiireimaks lahenduseks terase ja roostevaba terase t\u00f6\u00f6tlemiseks n\u00f5udlikes rakendustes. Selle ainulaadne eluiga v\u00e4hendab rataste vahetust, s\u00e4\u00e4stes t\u00f5husalt t\u00f6\u00f6tunde. CERABOND X-iga olete igaks v\u00e4ljakutseks h\u00e4sti ette valmistatud.<\/p>\n","protected":false},"featured_media":9065,"template":"","meta":[],"product_cat":[89,92],"product_tag":[],"yoast_head":"<!-- This site is optimized with the Yoast SEO plugin v18.4.1 - https:\/\/yoast.com\/wordpress\/plugins\/seo\/ -->\n<title>Tyrolit lihvketas 125x4x22,2 CA24 Q BFP NEW CERABOND<\/title>\n<meta name=\"robots\" content=\"index, follow, max-snippet:-1, max-image-preview:large, max-video-preview:-1\" \/>\n<link rel=\"canonical\" href=\"https:\/\/spectrebaltics.com\/en\/toode\/tyrolit-lihvketas-125x4x222-ca24-q-bfp-new-cerabond\/\" \/>\n<meta property=\"og:locale\" content=\"ru_RU\" \/>\n<meta property=\"og:type\" content=\"article\" \/>\n<meta property=\"og:title\" content=\"Tyrolit lihvketas 125x4x22,2 CA24 Q BFP NEW CERABOND\" \/>\n<meta property=\"og:description\" content=\"PREMIUM CERABOND X lihvkettaga saavutate kindlasti kiiremini eesm\u00e4rgi. \u00dchendades revolutsioonilise liimimiss\u00fcsteemi ja spetsiaalse keraamilise abrasiivtera, saavutab CERABOND X uskumatult kauakestva agressiivsuse, muutes selle parimaks ja kiireimaks lahenduseks terase ja roostevaba terase t\u00f6\u00f6tlemiseks n\u00f5udlikes rakendustes. Selle ainulaadne eluiga v\u00e4hendab rataste vahetust, s\u00e4\u00e4stes t\u00f5husalt t\u00f6\u00f6tunde. CERABOND X-iga olete igaks v\u00e4ljakutseks h\u00e4sti ette valmistatud.\" \/>\n<meta property=\"og:url\" content=\"https:\/\/spectrebaltics.com\/en\/toode\/tyrolit-lihvketas-125x4x222-ca24-q-bfp-new-cerabond\/\" \/>\n<meta property=\"og:site_name\" content=\"Spectrebaltics\" \/>\n<meta property=\"og:image\" content=\"https:\/\/spectrebaltics.com\/wp-content\/uploads\/2024\/05\/a_4000845211_01_all.jpg\" \/>\n\t<meta property=\"og:image:width\" content=\"700\" \/>\n\t<meta property=\"og:image:height\" content=\"700\" \/>\n\t<meta property=\"og:image:type\" content=\"image\/jpeg\" \/>\n<meta name=\"twitter:card\" content=\"summary_large_image\" \/>\n<script type=\"application\/ld+json\" class=\"yoast-schema-graph\">{\"@context\":\"https:\/\/schema.org\",\"@graph\":[{\"@type\":\"Organization\",\"@id\":\"https:\/\/spectrebaltics.com\/ru\/#organization\",\"name\":\"Spectrebaltics\",\"url\":\"https:\/\/spectrebaltics.com\/ru\/\",\"sameAs\":[],\"logo\":{\"@type\":\"ImageObject\",\"@id\":\"https:\/\/spectrebaltics.com\/ru\/#logo\",\"inLanguage\":\"ru-RU\",\"url\":\"https:\/\/spectrebaltics.com\/wp-content\/uploads\/2024\/03\/Spectrebaltics-logo.svg\",\"contentUrl\":\"https:\/\/spectrebaltics.com\/wp-content\/uploads\/2024\/03\/Spectrebaltics-logo.svg\",\"caption\":\"Spectrebaltics\"},\"image\":{\"@id\":\"https:\/\/spectrebaltics.com\/ru\/#logo\"}},{\"@type\":\"WebSite\",\"@id\":\"https:\/\/spectrebaltics.com\/ru\/#website\",\"url\":\"https:\/\/spectrebaltics.com\/ru\/\",\"name\":\"Spectrebaltics\",\"description\":\"\",\"publisher\":{\"@id\":\"https:\/\/spectrebaltics.com\/ru\/#organization\"},\"potentialAction\":[{\"@type\":\"SearchAction\",\"target\":{\"@type\":\"EntryPoint\",\"urlTemplate\":\"https:\/\/spectrebaltics.com\/ru\/?s={search_term_string}\"},\"query-input\":\"required name=search_term_string\"}],\"inLanguage\":\"ru-RU\"},{\"@type\":\"ImageObject\",\"@id\":\"https:\/\/spectrebaltics.com\/en\/toode\/tyrolit-lihvketas-125x4x222-ca24-q-bfp-new-cerabond\/#primaryimage\",\"inLanguage\":\"ru-RU\",\"url\":\"https:\/\/spectrebaltics.com\/wp-content\/uploads\/2024\/05\/a_4000845211_01_all.jpg\",\"contentUrl\":\"https:\/\/spectrebaltics.com\/wp-content\/uploads\/2024\/05\/a_4000845211_01_all.jpg\",\"width\":700,\"height\":700},{\"@type\":\"WebPage\",\"@id\":\"https:\/\/spectrebaltics.com\/en\/toode\/tyrolit-lihvketas-125x4x222-ca24-q-bfp-new-cerabond\/#webpage\",\"url\":\"https:\/\/spectrebaltics.com\/en\/toode\/tyrolit-lihvketas-125x4x222-ca24-q-bfp-new-cerabond\/\",\"name\":\"Tyrolit lihvketas 125x4x22,2 CA24 Q BFP NEW CERABOND\",\"isPartOf\":{\"@id\":\"https:\/\/spectrebaltics.com\/ru\/#website\"},\"primaryImageOfPage\":{\"@id\":\"https:\/\/spectrebaltics.com\/en\/toode\/tyrolit-lihvketas-125x4x222-ca24-q-bfp-new-cerabond\/#primaryimage\"},\"datePublished\":\"2024-05-31T06:07:41+00:00\",\"dateModified\":\"2024-05-31T06:07:41+00:00\",\"breadcrumb\":{\"@id\":\"https:\/\/spectrebaltics.com\/en\/toode\/tyrolit-lihvketas-125x4x222-ca24-q-bfp-new-cerabond\/#breadcrumb\"},\"inLanguage\":\"ru-RU\",\"potentialAction\":[{\"@type\":\"ReadAction\",\"target\":[\"https:\/\/spectrebaltics.com\/en\/toode\/tyrolit-lihvketas-125x4x222-ca24-q-bfp-new-cerabond\/\"]}]},{\"@type\":\"BreadcrumbList\",\"@id\":\"https:\/\/spectrebaltics.com\/en\/toode\/tyrolit-lihvketas-125x4x222-ca24-q-bfp-new-cerabond\/#breadcrumb\",\"itemListElement\":[{\"@type\":\"ListItem\",\"position\":1,\"name\":\"Home\",\"item\":\"https:\/\/spectrebaltics.com\/ru\/\"},{\"@type\":\"ListItem\",\"position\":2,\"name\":\"\u041a\u0430\u0442\u0430\u043b\u043e\u0433\",\"item\":\"https:\/\/spectrebaltics.com\/ru\/katalog\/\"},{\"@type\":\"ListItem\",\"position\":3,\"name\":\"Tyrolit lihvketas 125x4x22,2 CA24 Q BFP NEW CERABOND\"}]}]}<\/script>\n<!-- \/ Yoast SEO plugin. -->","yoast_head_json":{"title":"Tyrolit lihvketas 125x4x22,2 CA24 Q BFP NEW CERABOND","robots":{"index":"index","follow":"follow","max-snippet":"max-snippet:-1","max-image-preview":"max-image-preview:large","max-video-preview":"max-video-preview:-1"},"canonical":"https:\/\/spectrebaltics.com\/en\/toode\/tyrolit-lihvketas-125x4x222-ca24-q-bfp-new-cerabond\/","og_locale":"ru_RU","og_type":"article","og_title":"Tyrolit lihvketas 125x4x22,2 CA24 Q BFP NEW CERABOND","og_description":"PREMIUM CERABOND X lihvkettaga saavutate kindlasti kiiremini eesm\u00e4rgi. \u00dchendades revolutsioonilise liimimiss\u00fcsteemi ja spetsiaalse keraamilise abrasiivtera, saavutab CERABOND X uskumatult kauakestva agressiivsuse, muutes selle parimaks ja kiireimaks lahenduseks terase ja roostevaba terase t\u00f6\u00f6tlemiseks n\u00f5udlikes rakendustes. Selle ainulaadne eluiga v\u00e4hendab rataste vahetust, s\u00e4\u00e4stes t\u00f5husalt t\u00f6\u00f6tunde. CERABOND X-iga olete igaks v\u00e4ljakutseks h\u00e4sti ette valmistatud.","og_url":"https:\/\/spectrebaltics.com\/en\/toode\/tyrolit-lihvketas-125x4x222-ca24-q-bfp-new-cerabond\/","og_site_name":"Spectrebaltics","og_image":[{"width":700,"height":700,"url":"https:\/\/spectrebaltics.com\/wp-content\/uploads\/2024\/05\/a_4000845211_01_all.jpg","type":"image\/jpeg"}],"twitter_card":"summary_large_image","schema":{"@context":"https:\/\/schema.org","@graph":[{"@type":"Organization","@id":"https:\/\/spectrebaltics.com\/ru\/#organization","name":"Spectrebaltics","url":"https:\/\/spectrebaltics.com\/ru\/","sameAs":[],"logo":{"@type":"ImageObject","@id":"https:\/\/spectrebaltics.com\/ru\/#logo","inLanguage":"ru-RU","url":"https:\/\/spectrebaltics.com\/wp-content\/uploads\/2024\/03\/Spectrebaltics-logo.svg","contentUrl":"https:\/\/spectrebaltics.com\/wp-content\/uploads\/2024\/03\/Spectrebaltics-logo.svg","caption":"Spectrebaltics"},"image":{"@id":"https:\/\/spectrebaltics.com\/ru\/#logo"}},{"@type":"WebSite","@id":"https:\/\/spectrebaltics.com\/ru\/#website","url":"https:\/\/spectrebaltics.com\/ru\/","name":"Spectrebaltics","description":"","publisher":{"@id":"https:\/\/spectrebaltics.com\/ru\/#organization"},"potentialAction":[{"@type":"SearchAction","target":{"@type":"EntryPoint","urlTemplate":"https:\/\/spectrebaltics.com\/ru\/?s={search_term_string}"},"query-input":"required name=search_term_string"}],"inLanguage":"ru-RU"},{"@type":"ImageObject","@id":"https:\/\/spectrebaltics.com\/en\/toode\/tyrolit-lihvketas-125x4x222-ca24-q-bfp-new-cerabond\/#primaryimage","inLanguage":"ru-RU","url":"https:\/\/spectrebaltics.com\/wp-content\/uploads\/2024\/05\/a_4000845211_01_all.jpg","contentUrl":"https:\/\/spectrebaltics.com\/wp-content\/uploads\/2024\/05\/a_4000845211_01_all.jpg","width":700,"height":700},{"@type":"WebPage","@id":"https:\/\/spectrebaltics.com\/en\/toode\/tyrolit-lihvketas-125x4x222-ca24-q-bfp-new-cerabond\/#webpage","url":"https:\/\/spectrebaltics.com\/en\/toode\/tyrolit-lihvketas-125x4x222-ca24-q-bfp-new-cerabond\/","name":"Tyrolit lihvketas 125x4x22,2 CA24 Q BFP NEW CERABOND","isPartOf":{"@id":"https:\/\/spectrebaltics.com\/ru\/#website"},"primaryImageOfPage":{"@id":"https:\/\/spectrebaltics.com\/en\/toode\/tyrolit-lihvketas-125x4x222-ca24-q-bfp-new-cerabond\/#primaryimage"},"datePublished":"2024-05-31T06:07:41+00:00","dateModified":"2024-05-31T06:07:41+00:00","breadcrumb":{"@id":"https:\/\/spectrebaltics.com\/en\/toode\/tyrolit-lihvketas-125x4x222-ca24-q-bfp-new-cerabond\/#breadcrumb"},"inLanguage":"ru-RU","potentialAction":[{"@type":"ReadAction","target":["https:\/\/spectrebaltics.com\/en\/toode\/tyrolit-lihvketas-125x4x222-ca24-q-bfp-new-cerabond\/"]}]},{"@type":"BreadcrumbList","@id":"https:\/\/spectrebaltics.com\/en\/toode\/tyrolit-lihvketas-125x4x222-ca24-q-bfp-new-cerabond\/#breadcrumb","itemListElement":[{"@type":"ListItem","position":1,"name":"Home","item":"https:\/\/spectrebaltics.com\/ru\/"},{"@type":"ListItem","position":2,"name":"\u041a\u0430\u0442\u0430\u043b\u043e\u0433","item":"https:\/\/spectrebaltics.com\/ru\/katalog\/"},{"@type":"ListItem","position":3,"name":"Tyrolit lihvketas 125x4x22,2 CA24 Q BFP NEW CERABOND"}]}]}},"_links":{"self":[{"href":"https:\/\/spectrebaltics.com\/ru\/wp-json\/wp\/v2\/product\/9064"}],"collection":[{"href":"https:\/\/spectrebaltics.com\/ru\/wp-json\/wp\/v2\/product"}],"about":[{"href":"https:\/\/spectrebaltics.com\/ru\/wp-json\/wp\/v2\/types\/product"}],"wp:featuredmedia":[{"embeddable":true,"href":"https:\/\/spectrebaltics.com\/ru\/wp-json\/wp\/v2\/media\/9065"}],"wp:attachment":[{"href":"https:\/\/spectrebaltics.com\/ru\/wp-json\/wp\/v2\/media?parent=9064"}],"wp:term":[{"taxonomy":"product_cat","embeddable":true,"href":"https:\/\/spectrebaltics.com\/ru\/wp-json\/wp\/v2\/product_cat?post=9064"},{"taxonomy":"product_tag","embeddable":true,"href":"https:\/\/spectrebaltics.com\/ru\/wp-json\/wp\/v2\/product_tag?post=9064"}],"curies":[{"name":"wp","href":"https:\/\/api.w.org\/{rel}","templated":true}]}}