{"id":9075,"date":"2024-05-31T11:45:25","date_gmt":"2024-05-31T11:45:25","guid":{"rendered":"https:\/\/spectrebaltics.com\/?post_type=product&#038;p=9075"},"modified":"2024-05-31T11:45:25","modified_gmt":"2024-05-31T11:45:25","slug":"tyrolit-lihvketas-125x70x222-za24s-steel-z-force","status":"publish","type":"product","link":"https:\/\/spectrebaltics.com\/ru\/toode\/tyrolit-lihvketas-125x70x222-za24s-steel-z-force\/","title":{"rendered":"Tyrolit Lihvketas 125&#215;7,0x22,2 ZA24S Steel Z-Force"},"content":{"rendered":"<p>PREMIUM LONGLIFE suure j\u00f5udlusega lihvketast iseloomustab selle suurep\u00e4rane eluiga, eriti esi- ja servalihvimisel. Paksustes 7, 8 ja 10 mm pakub LONGLIFE t\u00f6\u00f6tlemata lihvketas eriti suurt m\u00f5\u00f5tmete stabiilsust keevitamisel. 4 mm paksusena kasutatakse seda eriti torustike ehitamisel ja filee keevis\u00f5mbluste t\u00f6\u00f6tlemisel.<\/p>\n<ul>\n<li>Suure j\u00f5udlusega t\u00f6\u00f6tlemata lihvimisketas LONGLIFE tehnoloogiaga maksimaalse eluea tagamiseks<\/li>\n<li>Tsirkoonium-alumiiniumoksiidi ja uuendusliku sides\u00fcsteemi kombinatsioon pakub enneolematut abrasiivsust<\/li>\n<li>Comfort Start tagab mugava alguse lihvimisel ja t\u00f5stab t\u00f6\u00f6mugavuse taset<\/li>\n<\/ul>\n<p>&nbsp;<\/p>\n","protected":false},"excerpt":{"rendered":"<p>PREMIUM LONGLIFE suure j\u00f5udlusega lihvketast iseloomustab selle suurep\u00e4rane eluiga, eriti esi- ja servalihvimisel. Paksustes 7, 8 ja 10 mm pakub LONGLIFE t\u00f6\u00f6tlemata lihvketas eriti suurt m\u00f5\u00f5tmete stabiilsust keevitamisel. 4 mm paksusena kasutatakse seda eriti torustike ehitamisel ja filee keevis\u00f5mbluste t\u00f6\u00f6tlemisel. Suure j\u00f5udlusega t\u00f6\u00f6tlemata lihvimisketas LONGLIFE tehnoloogiaga maksimaalse eluea tagamiseks Tsirkoonium-alumiiniumoksiidi ja uuendusliku sides\u00fcsteemi kombinatsioon pakub&#8230;<\/p>\n","protected":false},"featured_media":9076,"template":"","meta":[],"product_cat":[89,92],"product_tag":[],"yoast_head":"<!-- This site is optimized with the Yoast SEO plugin v18.4.1 - https:\/\/yoast.com\/wordpress\/plugins\/seo\/ -->\n<title>Tyrolit Lihvketas 125x7,0x22,2 ZA24S Steel Z-Force<\/title>\n<meta name=\"robots\" content=\"index, follow, max-snippet:-1, max-image-preview:large, max-video-preview:-1\" \/>\n<link rel=\"canonical\" href=\"https:\/\/spectrebaltics.com\/toode\/tyrolit-lihvketas-125x70x222-za24s-steel-z-force\/\" \/>\n<meta property=\"og:locale\" content=\"ru_RU\" \/>\n<meta property=\"og:type\" content=\"article\" \/>\n<meta property=\"og:title\" content=\"Tyrolit Lihvketas 125x7,0x22,2 ZA24S Steel Z-Force\" \/>\n<meta property=\"og:description\" content=\"PREMIUM LONGLIFE suure j\u00f5udlusega lihvketast iseloomustab selle suurep\u00e4rane eluiga, eriti esi- ja servalihvimisel. Paksustes 7, 8 ja 10 mm pakub LONGLIFE t\u00f6\u00f6tlemata lihvketas eriti suurt m\u00f5\u00f5tmete stabiilsust keevitamisel. 4 mm paksusena kasutatakse seda eriti torustike ehitamisel ja filee keevis\u00f5mbluste t\u00f6\u00f6tlemisel. Suure j\u00f5udlusega t\u00f6\u00f6tlemata lihvimisketas LONGLIFE tehnoloogiaga maksimaalse eluea tagamiseks Tsirkoonium-alumiiniumoksiidi ja uuendusliku sides\u00fcsteemi kombinatsioon pakub...\" \/>\n<meta property=\"og:url\" content=\"https:\/\/spectrebaltics.com\/toode\/tyrolit-lihvketas-125x70x222-za24s-steel-z-force\/\" \/>\n<meta property=\"og:site_name\" content=\"Spectrebaltics\" \/>\n<meta name=\"twitter:card\" content=\"summary_large_image\" \/>\n<meta name=\"twitter:image\" content=\"https:\/\/spectrebaltics.com\/wp-content\/uploads\/2024\/05\/c0508fec0113-27_115x4x22-23_za24s-bfx_tn34353701_mdb-1.png\" \/>\n<script type=\"application\/ld+json\" class=\"yoast-schema-graph\">{\"@context\":\"https:\/\/schema.org\",\"@graph\":[{\"@type\":\"Organization\",\"@id\":\"https:\/\/spectrebaltics.com\/ru\/#organization\",\"name\":\"Spectrebaltics\",\"url\":\"https:\/\/spectrebaltics.com\/ru\/\",\"sameAs\":[],\"logo\":{\"@type\":\"ImageObject\",\"@id\":\"https:\/\/spectrebaltics.com\/ru\/#logo\",\"inLanguage\":\"ru-RU\",\"url\":\"https:\/\/spectrebaltics.com\/wp-content\/uploads\/2024\/03\/Spectrebaltics-logo.svg\",\"contentUrl\":\"https:\/\/spectrebaltics.com\/wp-content\/uploads\/2024\/03\/Spectrebaltics-logo.svg\",\"caption\":\"Spectrebaltics\"},\"image\":{\"@id\":\"https:\/\/spectrebaltics.com\/ru\/#logo\"}},{\"@type\":\"WebSite\",\"@id\":\"https:\/\/spectrebaltics.com\/ru\/#website\",\"url\":\"https:\/\/spectrebaltics.com\/ru\/\",\"name\":\"Spectrebaltics\",\"description\":\"\",\"publisher\":{\"@id\":\"https:\/\/spectrebaltics.com\/ru\/#organization\"},\"potentialAction\":[{\"@type\":\"SearchAction\",\"target\":{\"@type\":\"EntryPoint\",\"urlTemplate\":\"https:\/\/spectrebaltics.com\/ru\/?s={search_term_string}\"},\"query-input\":\"required name=search_term_string\"}],\"inLanguage\":\"ru-RU\"},{\"@type\":\"ImageObject\",\"@id\":\"https:\/\/spectrebaltics.com\/toode\/tyrolit-lihvketas-125x70x222-za24s-steel-z-force\/#primaryimage\",\"inLanguage\":\"ru-RU\",\"url\":\"https:\/\/spectrebaltics.com\/wp-content\/uploads\/2024\/05\/c0508fec0113-27_115x4x22-23_za24s-bfx_tn34353701_mdb-1.png\",\"contentUrl\":\"https:\/\/spectrebaltics.com\/wp-content\/uploads\/2024\/05\/c0508fec0113-27_115x4x22-23_za24s-bfx_tn34353701_mdb-1.png\",\"width\":799,\"height\":800},{\"@type\":\"WebPage\",\"@id\":\"https:\/\/spectrebaltics.com\/toode\/tyrolit-lihvketas-125x70x222-za24s-steel-z-force\/#webpage\",\"url\":\"https:\/\/spectrebaltics.com\/toode\/tyrolit-lihvketas-125x70x222-za24s-steel-z-force\/\",\"name\":\"Tyrolit Lihvketas 125x7,0x22,2 ZA24S Steel Z-Force\",\"isPartOf\":{\"@id\":\"https:\/\/spectrebaltics.com\/ru\/#website\"},\"primaryImageOfPage\":{\"@id\":\"https:\/\/spectrebaltics.com\/toode\/tyrolit-lihvketas-125x70x222-za24s-steel-z-force\/#primaryimage\"},\"datePublished\":\"2024-05-31T11:45:25+00:00\",\"dateModified\":\"2024-05-31T11:45:25+00:00\",\"breadcrumb\":{\"@id\":\"https:\/\/spectrebaltics.com\/toode\/tyrolit-lihvketas-125x70x222-za24s-steel-z-force\/#breadcrumb\"},\"inLanguage\":\"ru-RU\",\"potentialAction\":[{\"@type\":\"ReadAction\",\"target\":[\"https:\/\/spectrebaltics.com\/toode\/tyrolit-lihvketas-125x70x222-za24s-steel-z-force\/\"]}]},{\"@type\":\"BreadcrumbList\",\"@id\":\"https:\/\/spectrebaltics.com\/toode\/tyrolit-lihvketas-125x70x222-za24s-steel-z-force\/#breadcrumb\",\"itemListElement\":[{\"@type\":\"ListItem\",\"position\":1,\"name\":\"Home\",\"item\":\"https:\/\/spectrebaltics.com\/ru\/\"},{\"@type\":\"ListItem\",\"position\":2,\"name\":\"\u041a\u0430\u0442\u0430\u043b\u043e\u0433\",\"item\":\"https:\/\/spectrebaltics.com\/ru\/katalog\/\"},{\"@type\":\"ListItem\",\"position\":3,\"name\":\"Tyrolit Lihvketas 125&#215;7,0x22,2 ZA24S Steel Z-Force\"}]}]}<\/script>\n<!-- \/ Yoast SEO plugin. -->","yoast_head_json":{"title":"Tyrolit Lihvketas 125x7,0x22,2 ZA24S Steel Z-Force","robots":{"index":"index","follow":"follow","max-snippet":"max-snippet:-1","max-image-preview":"max-image-preview:large","max-video-preview":"max-video-preview:-1"},"canonical":"https:\/\/spectrebaltics.com\/toode\/tyrolit-lihvketas-125x70x222-za24s-steel-z-force\/","og_locale":"ru_RU","og_type":"article","og_title":"Tyrolit Lihvketas 125x7,0x22,2 ZA24S Steel Z-Force","og_description":"PREMIUM LONGLIFE suure j\u00f5udlusega lihvketast iseloomustab selle suurep\u00e4rane eluiga, eriti esi- ja servalihvimisel. Paksustes 7, 8 ja 10 mm pakub LONGLIFE t\u00f6\u00f6tlemata lihvketas eriti suurt m\u00f5\u00f5tmete stabiilsust keevitamisel. 4 mm paksusena kasutatakse seda eriti torustike ehitamisel ja filee keevis\u00f5mbluste t\u00f6\u00f6tlemisel. Suure j\u00f5udlusega t\u00f6\u00f6tlemata lihvimisketas LONGLIFE tehnoloogiaga maksimaalse eluea tagamiseks Tsirkoonium-alumiiniumoksiidi ja uuendusliku sides\u00fcsteemi kombinatsioon pakub...","og_url":"https:\/\/spectrebaltics.com\/toode\/tyrolit-lihvketas-125x70x222-za24s-steel-z-force\/","og_site_name":"Spectrebaltics","twitter_card":"summary_large_image","twitter_image":"https:\/\/spectrebaltics.com\/wp-content\/uploads\/2024\/05\/c0508fec0113-27_115x4x22-23_za24s-bfx_tn34353701_mdb-1.png","schema":{"@context":"https:\/\/schema.org","@graph":[{"@type":"Organization","@id":"https:\/\/spectrebaltics.com\/ru\/#organization","name":"Spectrebaltics","url":"https:\/\/spectrebaltics.com\/ru\/","sameAs":[],"logo":{"@type":"ImageObject","@id":"https:\/\/spectrebaltics.com\/ru\/#logo","inLanguage":"ru-RU","url":"https:\/\/spectrebaltics.com\/wp-content\/uploads\/2024\/03\/Spectrebaltics-logo.svg","contentUrl":"https:\/\/spectrebaltics.com\/wp-content\/uploads\/2024\/03\/Spectrebaltics-logo.svg","caption":"Spectrebaltics"},"image":{"@id":"https:\/\/spectrebaltics.com\/ru\/#logo"}},{"@type":"WebSite","@id":"https:\/\/spectrebaltics.com\/ru\/#website","url":"https:\/\/spectrebaltics.com\/ru\/","name":"Spectrebaltics","description":"","publisher":{"@id":"https:\/\/spectrebaltics.com\/ru\/#organization"},"potentialAction":[{"@type":"SearchAction","target":{"@type":"EntryPoint","urlTemplate":"https:\/\/spectrebaltics.com\/ru\/?s={search_term_string}"},"query-input":"required name=search_term_string"}],"inLanguage":"ru-RU"},{"@type":"ImageObject","@id":"https:\/\/spectrebaltics.com\/toode\/tyrolit-lihvketas-125x70x222-za24s-steel-z-force\/#primaryimage","inLanguage":"ru-RU","url":"https:\/\/spectrebaltics.com\/wp-content\/uploads\/2024\/05\/c0508fec0113-27_115x4x22-23_za24s-bfx_tn34353701_mdb-1.png","contentUrl":"https:\/\/spectrebaltics.com\/wp-content\/uploads\/2024\/05\/c0508fec0113-27_115x4x22-23_za24s-bfx_tn34353701_mdb-1.png","width":799,"height":800},{"@type":"WebPage","@id":"https:\/\/spectrebaltics.com\/toode\/tyrolit-lihvketas-125x70x222-za24s-steel-z-force\/#webpage","url":"https:\/\/spectrebaltics.com\/toode\/tyrolit-lihvketas-125x70x222-za24s-steel-z-force\/","name":"Tyrolit Lihvketas 125x7,0x22,2 ZA24S Steel Z-Force","isPartOf":{"@id":"https:\/\/spectrebaltics.com\/ru\/#website"},"primaryImageOfPage":{"@id":"https:\/\/spectrebaltics.com\/toode\/tyrolit-lihvketas-125x70x222-za24s-steel-z-force\/#primaryimage"},"datePublished":"2024-05-31T11:45:25+00:00","dateModified":"2024-05-31T11:45:25+00:00","breadcrumb":{"@id":"https:\/\/spectrebaltics.com\/toode\/tyrolit-lihvketas-125x70x222-za24s-steel-z-force\/#breadcrumb"},"inLanguage":"ru-RU","potentialAction":[{"@type":"ReadAction","target":["https:\/\/spectrebaltics.com\/toode\/tyrolit-lihvketas-125x70x222-za24s-steel-z-force\/"]}]},{"@type":"BreadcrumbList","@id":"https:\/\/spectrebaltics.com\/toode\/tyrolit-lihvketas-125x70x222-za24s-steel-z-force\/#breadcrumb","itemListElement":[{"@type":"ListItem","position":1,"name":"Home","item":"https:\/\/spectrebaltics.com\/ru\/"},{"@type":"ListItem","position":2,"name":"\u041a\u0430\u0442\u0430\u043b\u043e\u0433","item":"https:\/\/spectrebaltics.com\/ru\/katalog\/"},{"@type":"ListItem","position":3,"name":"Tyrolit Lihvketas 125&#215;7,0x22,2 ZA24S Steel Z-Force"}]}]}},"_links":{"self":[{"href":"https:\/\/spectrebaltics.com\/ru\/wp-json\/wp\/v2\/product\/9075"}],"collection":[{"href":"https:\/\/spectrebaltics.com\/ru\/wp-json\/wp\/v2\/product"}],"about":[{"href":"https:\/\/spectrebaltics.com\/ru\/wp-json\/wp\/v2\/types\/product"}],"wp:featuredmedia":[{"embeddable":true,"href":"https:\/\/spectrebaltics.com\/ru\/wp-json\/wp\/v2\/media\/9076"}],"wp:attachment":[{"href":"https:\/\/spectrebaltics.com\/ru\/wp-json\/wp\/v2\/media?parent=9075"}],"wp:term":[{"taxonomy":"product_cat","embeddable":true,"href":"https:\/\/spectrebaltics.com\/ru\/wp-json\/wp\/v2\/product_cat?post=9075"},{"taxonomy":"product_tag","embeddable":true,"href":"https:\/\/spectrebaltics.com\/ru\/wp-json\/wp\/v2\/product_tag?post=9075"}],"curies":[{"name":"wp","href":"https:\/\/api.w.org\/{rel}","templated":true}]}}