{"id":9105,"date":"2024-05-31T13:00:53","date_gmt":"2024-05-31T13:00:53","guid":{"rendered":"https:\/\/spectrebaltics.com\/?post_type=product&#038;p=9105"},"modified":"2024-05-31T13:00:53","modified_gmt":"2024-05-31T13:00:53","slug":"tyrolit-lihvketas-230x60x22-a30q-bf-inox-steel","status":"publish","type":"product","link":"https:\/\/spectrebaltics.com\/ru\/toode\/tyrolit-lihvketas-230x60x22-a30q-bf-inox-steel\/","title":{"rendered":"Tyrolit Lihvketas 230&#215;6,0x22 A30Q BF Inox+Steel"},"content":{"rendered":"<p>Metalli lihvimisketas Tyrolit 222865 2in1 Basic DPC on spetsiaalselt loodud erinevate terase- ja roostevaba terase klasside t\u00f6\u00f6tlemiseks.<\/p>\n<p>See toimib erakordselt h\u00e4sti nii pinna- kui servalihvimisel ning seda saab kasutada metalllehtede, profiilide, torude ja varraste, aga ka tahke materjali lihvimiseks.<\/p>\n<p>Tyroliti 2in1 sari tagab stabiilsed lihvimiskettad, mille tulemuseks on universaalsete lihvimist\u00f6\u00f6de jaoks v\u00e4iksem surve ja m\u00f5istlik kasutusiga.<\/p>\n<p>222865 annab suurep\u00e4raseid t\u00f6\u00f6tlemata lihvimistulemusi, eriti torujuhtme ehitamisel ja perifeerse lihvimise korral.<\/p>\n<p>Ketta l\u00e4bim\u00f5\u00f5t on 230 mm, paksus 6,0 mm ja l\u00e4bim\u00f5\u00f5t 22,23 mm.<\/p>\n","protected":false},"excerpt":{"rendered":"<p>Metalli lihvimisketas Tyrolit 222865 2in1 Basic DPC on spetsiaalselt loodud erinevate terase- ja roostevaba terase klasside t\u00f6\u00f6tlemiseks. See toimib erakordselt h\u00e4sti nii pinna- kui servalihvimisel ning seda saab kasutada metalllehtede, profiilide, torude ja varraste, aga ka tahke materjali lihvimiseks. Tyroliti 2in1 sari tagab stabiilsed lihvimiskettad, mille tulemuseks on universaalsete lihvimist\u00f6\u00f6de jaoks v\u00e4iksem surve ja m\u00f5istlik&#8230;<\/p>\n","protected":false},"featured_media":9106,"template":"","meta":[],"product_cat":[89,92],"product_tag":[],"yoast_head":"<!-- This site is optimized with the Yoast SEO plugin v18.4.1 - https:\/\/yoast.com\/wordpress\/plugins\/seo\/ -->\n<title>Tyrolit Lihvketas 230x6,0x22 A30Q BF Inox+Steel<\/title>\n<meta name=\"robots\" content=\"index, follow, max-snippet:-1, max-image-preview:large, max-video-preview:-1\" \/>\n<link rel=\"canonical\" href=\"https:\/\/spectrebaltics.com\/toode\/tyrolit-lihvketas-230x60x22-a30q-bf-inox-steel\/\" \/>\n<meta property=\"og:locale\" content=\"ru_RU\" \/>\n<meta property=\"og:type\" content=\"article\" \/>\n<meta property=\"og:title\" content=\"Tyrolit Lihvketas 230x6,0x22 A30Q BF Inox+Steel\" \/>\n<meta property=\"og:description\" content=\"Metalli lihvimisketas Tyrolit 222865 2in1 Basic DPC on spetsiaalselt loodud erinevate terase- ja roostevaba terase klasside t\u00f6\u00f6tlemiseks. See toimib erakordselt h\u00e4sti nii pinna- kui servalihvimisel ning seda saab kasutada metalllehtede, profiilide, torude ja varraste, aga ka tahke materjali lihvimiseks. Tyroliti 2in1 sari tagab stabiilsed lihvimiskettad, mille tulemuseks on universaalsete lihvimist\u00f6\u00f6de jaoks v\u00e4iksem surve ja m\u00f5istlik...\" \/>\n<meta property=\"og:url\" content=\"https:\/\/spectrebaltics.com\/toode\/tyrolit-lihvketas-230x60x22-a30q-bf-inox-steel\/\" \/>\n<meta property=\"og:site_name\" content=\"Spectrebaltics\" \/>\n<meta property=\"og:image\" content=\"https:\/\/spectrebaltics.com\/wp-content\/uploads\/2024\/05\/2.jpg\" \/>\n\t<meta property=\"og:image:width\" content=\"1800\" \/>\n\t<meta property=\"og:image:height\" content=\"1800\" \/>\n\t<meta property=\"og:image:type\" content=\"image\/jpeg\" \/>\n<meta name=\"twitter:card\" content=\"summary_large_image\" \/>\n<script type=\"application\/ld+json\" class=\"yoast-schema-graph\">{\"@context\":\"https:\/\/schema.org\",\"@graph\":[{\"@type\":\"Organization\",\"@id\":\"https:\/\/spectrebaltics.com\/ru\/#organization\",\"name\":\"Spectrebaltics\",\"url\":\"https:\/\/spectrebaltics.com\/ru\/\",\"sameAs\":[],\"logo\":{\"@type\":\"ImageObject\",\"@id\":\"https:\/\/spectrebaltics.com\/ru\/#logo\",\"inLanguage\":\"ru-RU\",\"url\":\"https:\/\/spectrebaltics.com\/wp-content\/uploads\/2024\/03\/Spectrebaltics-logo.svg\",\"contentUrl\":\"https:\/\/spectrebaltics.com\/wp-content\/uploads\/2024\/03\/Spectrebaltics-logo.svg\",\"caption\":\"Spectrebaltics\"},\"image\":{\"@id\":\"https:\/\/spectrebaltics.com\/ru\/#logo\"}},{\"@type\":\"WebSite\",\"@id\":\"https:\/\/spectrebaltics.com\/ru\/#website\",\"url\":\"https:\/\/spectrebaltics.com\/ru\/\",\"name\":\"Spectrebaltics\",\"description\":\"\",\"publisher\":{\"@id\":\"https:\/\/spectrebaltics.com\/ru\/#organization\"},\"potentialAction\":[{\"@type\":\"SearchAction\",\"target\":{\"@type\":\"EntryPoint\",\"urlTemplate\":\"https:\/\/spectrebaltics.com\/ru\/?s={search_term_string}\"},\"query-input\":\"required name=search_term_string\"}],\"inLanguage\":\"ru-RU\"},{\"@type\":\"ImageObject\",\"@id\":\"https:\/\/spectrebaltics.com\/toode\/tyrolit-lihvketas-230x60x22-a30q-bf-inox-steel\/#primaryimage\",\"inLanguage\":\"ru-RU\",\"url\":\"https:\/\/spectrebaltics.com\/wp-content\/uploads\/2024\/05\/2.jpg\",\"contentUrl\":\"https:\/\/spectrebaltics.com\/wp-content\/uploads\/2024\/05\/2.jpg\",\"width\":1800,\"height\":1800},{\"@type\":\"WebPage\",\"@id\":\"https:\/\/spectrebaltics.com\/toode\/tyrolit-lihvketas-230x60x22-a30q-bf-inox-steel\/#webpage\",\"url\":\"https:\/\/spectrebaltics.com\/toode\/tyrolit-lihvketas-230x60x22-a30q-bf-inox-steel\/\",\"name\":\"Tyrolit Lihvketas 230x6,0x22 A30Q BF Inox+Steel\",\"isPartOf\":{\"@id\":\"https:\/\/spectrebaltics.com\/ru\/#website\"},\"primaryImageOfPage\":{\"@id\":\"https:\/\/spectrebaltics.com\/toode\/tyrolit-lihvketas-230x60x22-a30q-bf-inox-steel\/#primaryimage\"},\"datePublished\":\"2024-05-31T13:00:53+00:00\",\"dateModified\":\"2024-05-31T13:00:53+00:00\",\"breadcrumb\":{\"@id\":\"https:\/\/spectrebaltics.com\/toode\/tyrolit-lihvketas-230x60x22-a30q-bf-inox-steel\/#breadcrumb\"},\"inLanguage\":\"ru-RU\",\"potentialAction\":[{\"@type\":\"ReadAction\",\"target\":[\"https:\/\/spectrebaltics.com\/toode\/tyrolit-lihvketas-230x60x22-a30q-bf-inox-steel\/\"]}]},{\"@type\":\"BreadcrumbList\",\"@id\":\"https:\/\/spectrebaltics.com\/toode\/tyrolit-lihvketas-230x60x22-a30q-bf-inox-steel\/#breadcrumb\",\"itemListElement\":[{\"@type\":\"ListItem\",\"position\":1,\"name\":\"Home\",\"item\":\"https:\/\/spectrebaltics.com\/ru\/\"},{\"@type\":\"ListItem\",\"position\":2,\"name\":\"\u041a\u0430\u0442\u0430\u043b\u043e\u0433\",\"item\":\"https:\/\/spectrebaltics.com\/ru\/katalog\/\"},{\"@type\":\"ListItem\",\"position\":3,\"name\":\"Tyrolit Lihvketas 230&#215;6,0x22 A30Q BF Inox+Steel\"}]}]}<\/script>\n<!-- \/ Yoast SEO plugin. -->","yoast_head_json":{"title":"Tyrolit Lihvketas 230x6,0x22 A30Q BF Inox+Steel","robots":{"index":"index","follow":"follow","max-snippet":"max-snippet:-1","max-image-preview":"max-image-preview:large","max-video-preview":"max-video-preview:-1"},"canonical":"https:\/\/spectrebaltics.com\/toode\/tyrolit-lihvketas-230x60x22-a30q-bf-inox-steel\/","og_locale":"ru_RU","og_type":"article","og_title":"Tyrolit Lihvketas 230x6,0x22 A30Q BF Inox+Steel","og_description":"Metalli lihvimisketas Tyrolit 222865 2in1 Basic DPC on spetsiaalselt loodud erinevate terase- ja roostevaba terase klasside t\u00f6\u00f6tlemiseks. See toimib erakordselt h\u00e4sti nii pinna- kui servalihvimisel ning seda saab kasutada metalllehtede, profiilide, torude ja varraste, aga ka tahke materjali lihvimiseks. Tyroliti 2in1 sari tagab stabiilsed lihvimiskettad, mille tulemuseks on universaalsete lihvimist\u00f6\u00f6de jaoks v\u00e4iksem surve ja m\u00f5istlik...","og_url":"https:\/\/spectrebaltics.com\/toode\/tyrolit-lihvketas-230x60x22-a30q-bf-inox-steel\/","og_site_name":"Spectrebaltics","og_image":[{"width":1800,"height":1800,"url":"https:\/\/spectrebaltics.com\/wp-content\/uploads\/2024\/05\/2.jpg","type":"image\/jpeg"}],"twitter_card":"summary_large_image","schema":{"@context":"https:\/\/schema.org","@graph":[{"@type":"Organization","@id":"https:\/\/spectrebaltics.com\/ru\/#organization","name":"Spectrebaltics","url":"https:\/\/spectrebaltics.com\/ru\/","sameAs":[],"logo":{"@type":"ImageObject","@id":"https:\/\/spectrebaltics.com\/ru\/#logo","inLanguage":"ru-RU","url":"https:\/\/spectrebaltics.com\/wp-content\/uploads\/2024\/03\/Spectrebaltics-logo.svg","contentUrl":"https:\/\/spectrebaltics.com\/wp-content\/uploads\/2024\/03\/Spectrebaltics-logo.svg","caption":"Spectrebaltics"},"image":{"@id":"https:\/\/spectrebaltics.com\/ru\/#logo"}},{"@type":"WebSite","@id":"https:\/\/spectrebaltics.com\/ru\/#website","url":"https:\/\/spectrebaltics.com\/ru\/","name":"Spectrebaltics","description":"","publisher":{"@id":"https:\/\/spectrebaltics.com\/ru\/#organization"},"potentialAction":[{"@type":"SearchAction","target":{"@type":"EntryPoint","urlTemplate":"https:\/\/spectrebaltics.com\/ru\/?s={search_term_string}"},"query-input":"required name=search_term_string"}],"inLanguage":"ru-RU"},{"@type":"ImageObject","@id":"https:\/\/spectrebaltics.com\/toode\/tyrolit-lihvketas-230x60x22-a30q-bf-inox-steel\/#primaryimage","inLanguage":"ru-RU","url":"https:\/\/spectrebaltics.com\/wp-content\/uploads\/2024\/05\/2.jpg","contentUrl":"https:\/\/spectrebaltics.com\/wp-content\/uploads\/2024\/05\/2.jpg","width":1800,"height":1800},{"@type":"WebPage","@id":"https:\/\/spectrebaltics.com\/toode\/tyrolit-lihvketas-230x60x22-a30q-bf-inox-steel\/#webpage","url":"https:\/\/spectrebaltics.com\/toode\/tyrolit-lihvketas-230x60x22-a30q-bf-inox-steel\/","name":"Tyrolit Lihvketas 230x6,0x22 A30Q BF Inox+Steel","isPartOf":{"@id":"https:\/\/spectrebaltics.com\/ru\/#website"},"primaryImageOfPage":{"@id":"https:\/\/spectrebaltics.com\/toode\/tyrolit-lihvketas-230x60x22-a30q-bf-inox-steel\/#primaryimage"},"datePublished":"2024-05-31T13:00:53+00:00","dateModified":"2024-05-31T13:00:53+00:00","breadcrumb":{"@id":"https:\/\/spectrebaltics.com\/toode\/tyrolit-lihvketas-230x60x22-a30q-bf-inox-steel\/#breadcrumb"},"inLanguage":"ru-RU","potentialAction":[{"@type":"ReadAction","target":["https:\/\/spectrebaltics.com\/toode\/tyrolit-lihvketas-230x60x22-a30q-bf-inox-steel\/"]}]},{"@type":"BreadcrumbList","@id":"https:\/\/spectrebaltics.com\/toode\/tyrolit-lihvketas-230x60x22-a30q-bf-inox-steel\/#breadcrumb","itemListElement":[{"@type":"ListItem","position":1,"name":"Home","item":"https:\/\/spectrebaltics.com\/ru\/"},{"@type":"ListItem","position":2,"name":"\u041a\u0430\u0442\u0430\u043b\u043e\u0433","item":"https:\/\/spectrebaltics.com\/ru\/katalog\/"},{"@type":"ListItem","position":3,"name":"Tyrolit Lihvketas 230&#215;6,0x22 A30Q BF Inox+Steel"}]}]}},"_links":{"self":[{"href":"https:\/\/spectrebaltics.com\/ru\/wp-json\/wp\/v2\/product\/9105"}],"collection":[{"href":"https:\/\/spectrebaltics.com\/ru\/wp-json\/wp\/v2\/product"}],"about":[{"href":"https:\/\/spectrebaltics.com\/ru\/wp-json\/wp\/v2\/types\/product"}],"wp:featuredmedia":[{"embeddable":true,"href":"https:\/\/spectrebaltics.com\/ru\/wp-json\/wp\/v2\/media\/9106"}],"wp:attachment":[{"href":"https:\/\/spectrebaltics.com\/ru\/wp-json\/wp\/v2\/media?parent=9105"}],"wp:term":[{"taxonomy":"product_cat","embeddable":true,"href":"https:\/\/spectrebaltics.com\/ru\/wp-json\/wp\/v2\/product_cat?post=9105"},{"taxonomy":"product_tag","embeddable":true,"href":"https:\/\/spectrebaltics.com\/ru\/wp-json\/wp\/v2\/product_tag?post=9105"}],"curies":[{"name":"wp","href":"https:\/\/api.w.org\/{rel}","templated":true}]}}