{"id":9183,"date":"2024-06-03T07:27:29","date_gmt":"2024-06-03T07:27:29","guid":{"rendered":"https:\/\/spectrebaltics.com\/?post_type=product&#038;p=9183"},"modified":"2024-06-03T07:27:29","modified_gmt":"2024-06-03T07:27:29","slug":"tyrolit-lamellketas-125x22-2-ca-80-q-b-cerab-premium-2in1","status":"publish","type":"product","link":"https:\/\/spectrebaltics.com\/ru\/toode\/tyrolit-lamellketas-125x22-2-ca-80-q-b-cerab-premium-2in1\/","title":{"rendered":"Tyrolit Lamellketas 125&#215;22.2 CA-80 Q-B cerab premium *** 2in1"},"content":{"rendered":"","protected":false},"excerpt":{"rendered":"<p>Erineva terase lihvimisrakenduste n\u00f5udmiseks ja roostevabast terasest hinded<br \/>\nSobib k\u00f5ige paremini pinna lihvimiseks, serva lihvimiseks ja keevitus\u00f5mbluste eemaldamine.<br \/>\nMe soovitame:<br \/>\nGrit suurus 40\/60 k\u00f5rge varude eemaldamiseks<br \/>\nGrit suurus 80 peene t\u00f6\u00f6 jaoks<br \/>\nParimad tulemused, kui neid kasutatakse v\u00f5imsate nurga jahvatajate abil<\/p>\n","protected":false},"featured_media":9184,"template":"","meta":[],"product_cat":[89,91],"product_tag":[],"yoast_head":"<!-- This site is optimized with the Yoast SEO plugin v18.4.1 - https:\/\/yoast.com\/wordpress\/plugins\/seo\/ -->\n<title>Tyrolit Lamellketas 125x22.2 CA-80 Q-B cerab premium *** 2in1<\/title>\n<meta name=\"robots\" content=\"index, follow, max-snippet:-1, max-image-preview:large, max-video-preview:-1\" \/>\n<link rel=\"canonical\" href=\"https:\/\/spectrebaltics.com\/ru\/toode\/tyrolit-lamellketas-125x22-2-ca-80-q-b-cerab-premium-2in1\/\" \/>\n<meta property=\"og:locale\" content=\"ru_RU\" \/>\n<meta property=\"og:type\" content=\"article\" \/>\n<meta property=\"og:title\" content=\"Tyrolit Lamellketas 125x22.2 CA-80 Q-B cerab premium *** 2in1\" \/>\n<meta property=\"og:description\" content=\"Erineva terase lihvimisrakenduste n\u00f5udmiseks ja roostevabast terasest hinded Sobib k\u00f5ige paremini pinna lihvimiseks, serva lihvimiseks ja keevitus\u00f5mbluste eemaldamine. Me soovitame: Grit suurus 40\/60 k\u00f5rge varude eemaldamiseks Grit suurus 80 peene t\u00f6\u00f6 jaoks Parimad tulemused, kui neid kasutatakse v\u00f5imsate nurga jahvatajate abil\" \/>\n<meta property=\"og:url\" content=\"https:\/\/spectrebaltics.com\/ru\/toode\/tyrolit-lamellketas-125x22-2-ca-80-q-b-cerab-premium-2in1\/\" \/>\n<meta property=\"og:site_name\" content=\"Spectrebaltics\" \/>\n<meta property=\"og:image\" content=\"https:\/\/spectrebaltics.com\/wp-content\/uploads\/2024\/06\/tyt34576529_as01-7064.jpg\" \/>\n\t<meta property=\"og:image:width\" content=\"1000\" \/>\n\t<meta property=\"og:image:height\" content=\"1000\" \/>\n\t<meta property=\"og:image:type\" content=\"image\/jpeg\" \/>\n<meta name=\"twitter:card\" content=\"summary_large_image\" \/>\n<script type=\"application\/ld+json\" class=\"yoast-schema-graph\">{\"@context\":\"https:\/\/schema.org\",\"@graph\":[{\"@type\":\"Organization\",\"@id\":\"https:\/\/spectrebaltics.com\/ru\/#organization\",\"name\":\"Spectrebaltics\",\"url\":\"https:\/\/spectrebaltics.com\/ru\/\",\"sameAs\":[],\"logo\":{\"@type\":\"ImageObject\",\"@id\":\"https:\/\/spectrebaltics.com\/ru\/#logo\",\"inLanguage\":\"ru-RU\",\"url\":\"https:\/\/spectrebaltics.com\/wp-content\/uploads\/2024\/03\/Spectrebaltics-logo.svg\",\"contentUrl\":\"https:\/\/spectrebaltics.com\/wp-content\/uploads\/2024\/03\/Spectrebaltics-logo.svg\",\"caption\":\"Spectrebaltics\"},\"image\":{\"@id\":\"https:\/\/spectrebaltics.com\/ru\/#logo\"}},{\"@type\":\"WebSite\",\"@id\":\"https:\/\/spectrebaltics.com\/ru\/#website\",\"url\":\"https:\/\/spectrebaltics.com\/ru\/\",\"name\":\"Spectrebaltics\",\"description\":\"\",\"publisher\":{\"@id\":\"https:\/\/spectrebaltics.com\/ru\/#organization\"},\"potentialAction\":[{\"@type\":\"SearchAction\",\"target\":{\"@type\":\"EntryPoint\",\"urlTemplate\":\"https:\/\/spectrebaltics.com\/ru\/?s={search_term_string}\"},\"query-input\":\"required name=search_term_string\"}],\"inLanguage\":\"ru-RU\"},{\"@type\":\"ImageObject\",\"@id\":\"https:\/\/spectrebaltics.com\/ru\/toode\/tyrolit-lamellketas-125x22-2-ca-80-q-b-cerab-premium-2in1\/#primaryimage\",\"inLanguage\":\"ru-RU\",\"url\":\"https:\/\/spectrebaltics.com\/wp-content\/uploads\/2024\/06\/tyt34576529_as01-7064.jpg\",\"contentUrl\":\"https:\/\/spectrebaltics.com\/wp-content\/uploads\/2024\/06\/tyt34576529_as01-7064.jpg\",\"width\":1000,\"height\":1000},{\"@type\":\"WebPage\",\"@id\":\"https:\/\/spectrebaltics.com\/ru\/toode\/tyrolit-lamellketas-125x22-2-ca-80-q-b-cerab-premium-2in1\/#webpage\",\"url\":\"https:\/\/spectrebaltics.com\/ru\/toode\/tyrolit-lamellketas-125x22-2-ca-80-q-b-cerab-premium-2in1\/\",\"name\":\"Tyrolit Lamellketas 125x22.2 CA-80 Q-B cerab premium *** 2in1\",\"isPartOf\":{\"@id\":\"https:\/\/spectrebaltics.com\/ru\/#website\"},\"primaryImageOfPage\":{\"@id\":\"https:\/\/spectrebaltics.com\/ru\/toode\/tyrolit-lamellketas-125x22-2-ca-80-q-b-cerab-premium-2in1\/#primaryimage\"},\"datePublished\":\"2024-06-03T07:27:29+00:00\",\"dateModified\":\"2024-06-03T07:27:29+00:00\",\"breadcrumb\":{\"@id\":\"https:\/\/spectrebaltics.com\/ru\/toode\/tyrolit-lamellketas-125x22-2-ca-80-q-b-cerab-premium-2in1\/#breadcrumb\"},\"inLanguage\":\"ru-RU\",\"potentialAction\":[{\"@type\":\"ReadAction\",\"target\":[\"https:\/\/spectrebaltics.com\/ru\/toode\/tyrolit-lamellketas-125x22-2-ca-80-q-b-cerab-premium-2in1\/\"]}]},{\"@type\":\"BreadcrumbList\",\"@id\":\"https:\/\/spectrebaltics.com\/ru\/toode\/tyrolit-lamellketas-125x22-2-ca-80-q-b-cerab-premium-2in1\/#breadcrumb\",\"itemListElement\":[{\"@type\":\"ListItem\",\"position\":1,\"name\":\"Home\",\"item\":\"https:\/\/spectrebaltics.com\/ru\/\"},{\"@type\":\"ListItem\",\"position\":2,\"name\":\"\u041a\u0430\u0442\u0430\u043b\u043e\u0433\",\"item\":\"https:\/\/spectrebaltics.com\/ru\/katalog\/\"},{\"@type\":\"ListItem\",\"position\":3,\"name\":\"Tyrolit Lamellketas 125&#215;22.2 CA-80 Q-B cerab premium *** 2in1\"}]}]}<\/script>\n<!-- \/ Yoast SEO plugin. -->","yoast_head_json":{"title":"Tyrolit Lamellketas 125x22.2 CA-80 Q-B cerab premium *** 2in1","robots":{"index":"index","follow":"follow","max-snippet":"max-snippet:-1","max-image-preview":"max-image-preview:large","max-video-preview":"max-video-preview:-1"},"canonical":"https:\/\/spectrebaltics.com\/ru\/toode\/tyrolit-lamellketas-125x22-2-ca-80-q-b-cerab-premium-2in1\/","og_locale":"ru_RU","og_type":"article","og_title":"Tyrolit Lamellketas 125x22.2 CA-80 Q-B cerab premium *** 2in1","og_description":"Erineva terase lihvimisrakenduste n\u00f5udmiseks ja roostevabast terasest hinded Sobib k\u00f5ige paremini pinna lihvimiseks, serva lihvimiseks ja keevitus\u00f5mbluste eemaldamine. Me soovitame: Grit suurus 40\/60 k\u00f5rge varude eemaldamiseks Grit suurus 80 peene t\u00f6\u00f6 jaoks Parimad tulemused, kui neid kasutatakse v\u00f5imsate nurga jahvatajate abil","og_url":"https:\/\/spectrebaltics.com\/ru\/toode\/tyrolit-lamellketas-125x22-2-ca-80-q-b-cerab-premium-2in1\/","og_site_name":"Spectrebaltics","og_image":[{"width":1000,"height":1000,"url":"https:\/\/spectrebaltics.com\/wp-content\/uploads\/2024\/06\/tyt34576529_as01-7064.jpg","type":"image\/jpeg"}],"twitter_card":"summary_large_image","schema":{"@context":"https:\/\/schema.org","@graph":[{"@type":"Organization","@id":"https:\/\/spectrebaltics.com\/ru\/#organization","name":"Spectrebaltics","url":"https:\/\/spectrebaltics.com\/ru\/","sameAs":[],"logo":{"@type":"ImageObject","@id":"https:\/\/spectrebaltics.com\/ru\/#logo","inLanguage":"ru-RU","url":"https:\/\/spectrebaltics.com\/wp-content\/uploads\/2024\/03\/Spectrebaltics-logo.svg","contentUrl":"https:\/\/spectrebaltics.com\/wp-content\/uploads\/2024\/03\/Spectrebaltics-logo.svg","caption":"Spectrebaltics"},"image":{"@id":"https:\/\/spectrebaltics.com\/ru\/#logo"}},{"@type":"WebSite","@id":"https:\/\/spectrebaltics.com\/ru\/#website","url":"https:\/\/spectrebaltics.com\/ru\/","name":"Spectrebaltics","description":"","publisher":{"@id":"https:\/\/spectrebaltics.com\/ru\/#organization"},"potentialAction":[{"@type":"SearchAction","target":{"@type":"EntryPoint","urlTemplate":"https:\/\/spectrebaltics.com\/ru\/?s={search_term_string}"},"query-input":"required name=search_term_string"}],"inLanguage":"ru-RU"},{"@type":"ImageObject","@id":"https:\/\/spectrebaltics.com\/ru\/toode\/tyrolit-lamellketas-125x22-2-ca-80-q-b-cerab-premium-2in1\/#primaryimage","inLanguage":"ru-RU","url":"https:\/\/spectrebaltics.com\/wp-content\/uploads\/2024\/06\/tyt34576529_as01-7064.jpg","contentUrl":"https:\/\/spectrebaltics.com\/wp-content\/uploads\/2024\/06\/tyt34576529_as01-7064.jpg","width":1000,"height":1000},{"@type":"WebPage","@id":"https:\/\/spectrebaltics.com\/ru\/toode\/tyrolit-lamellketas-125x22-2-ca-80-q-b-cerab-premium-2in1\/#webpage","url":"https:\/\/spectrebaltics.com\/ru\/toode\/tyrolit-lamellketas-125x22-2-ca-80-q-b-cerab-premium-2in1\/","name":"Tyrolit Lamellketas 125x22.2 CA-80 Q-B cerab premium *** 2in1","isPartOf":{"@id":"https:\/\/spectrebaltics.com\/ru\/#website"},"primaryImageOfPage":{"@id":"https:\/\/spectrebaltics.com\/ru\/toode\/tyrolit-lamellketas-125x22-2-ca-80-q-b-cerab-premium-2in1\/#primaryimage"},"datePublished":"2024-06-03T07:27:29+00:00","dateModified":"2024-06-03T07:27:29+00:00","breadcrumb":{"@id":"https:\/\/spectrebaltics.com\/ru\/toode\/tyrolit-lamellketas-125x22-2-ca-80-q-b-cerab-premium-2in1\/#breadcrumb"},"inLanguage":"ru-RU","potentialAction":[{"@type":"ReadAction","target":["https:\/\/spectrebaltics.com\/ru\/toode\/tyrolit-lamellketas-125x22-2-ca-80-q-b-cerab-premium-2in1\/"]}]},{"@type":"BreadcrumbList","@id":"https:\/\/spectrebaltics.com\/ru\/toode\/tyrolit-lamellketas-125x22-2-ca-80-q-b-cerab-premium-2in1\/#breadcrumb","itemListElement":[{"@type":"ListItem","position":1,"name":"Home","item":"https:\/\/spectrebaltics.com\/ru\/"},{"@type":"ListItem","position":2,"name":"\u041a\u0430\u0442\u0430\u043b\u043e\u0433","item":"https:\/\/spectrebaltics.com\/ru\/katalog\/"},{"@type":"ListItem","position":3,"name":"Tyrolit Lamellketas 125&#215;22.2 CA-80 Q-B cerab premium *** 2in1"}]}]}},"_links":{"self":[{"href":"https:\/\/spectrebaltics.com\/ru\/wp-json\/wp\/v2\/product\/9183"}],"collection":[{"href":"https:\/\/spectrebaltics.com\/ru\/wp-json\/wp\/v2\/product"}],"about":[{"href":"https:\/\/spectrebaltics.com\/ru\/wp-json\/wp\/v2\/types\/product"}],"wp:featuredmedia":[{"embeddable":true,"href":"https:\/\/spectrebaltics.com\/ru\/wp-json\/wp\/v2\/media\/9184"}],"wp:attachment":[{"href":"https:\/\/spectrebaltics.com\/ru\/wp-json\/wp\/v2\/media?parent=9183"}],"wp:term":[{"taxonomy":"product_cat","embeddable":true,"href":"https:\/\/spectrebaltics.com\/ru\/wp-json\/wp\/v2\/product_cat?post=9183"},{"taxonomy":"product_tag","embeddable":true,"href":"https:\/\/spectrebaltics.com\/ru\/wp-json\/wp\/v2\/product_tag?post=9183"}],"curies":[{"name":"wp","href":"https:\/\/api.w.org\/{rel}","templated":true}]}}