{"id":9195,"date":"2024-06-03T07:39:54","date_gmt":"2024-06-03T07:39:54","guid":{"rendered":"https:\/\/spectrebaltics.com\/?post_type=product&#038;p=9195"},"modified":"2024-06-03T07:39:55","modified_gmt":"2024-06-03T07:39:55","slug":"tyrolit-lamellketas-27a-lamellketas-125-x-2223-ca-40-n-b-premium-non-ferrous-alu","status":"publish","type":"product","link":"https:\/\/spectrebaltics.com\/ru\/toode\/tyrolit-lamellketas-27a-lamellketas-125-x-2223-ca-40-n-b-premium-non-ferrous-alu\/","title":{"rendered":"Tyrolit Lamellketas 27A LAMELLKETAS 125 X 22,23 CA 40 N- B PREMIUM Non Ferrous ALU***"},"content":{"rendered":"<p>Spetsiaalselt viljakate metallide jaoks v\u00e4lja t\u00f6\u00f6tatud spetsifikatsiooni t\u00f5ttu ei t\u00e4ida see klappketas ja s\u00e4ilitab oma tipptaseme. Keraamilise teraga lisamine soodustab ketta enesepuhastumist ja iseenda kahanemist varude eemaldamise ajal.<br \/>\nSeda t\u00f6\u00f6riista on h\u00f5lpsasti kasutatav ja see annab suurep\u00e4raseid tulemusi selliste materjalide, n\u00e4iteks alumiiniumist, alumiiniumist sulamid, vask, pronks, messingist ja nikkel h\u00f5bedaks.<\/p>\n","protected":false},"excerpt":{"rendered":"<p>Spetsiaalselt viljakate metallide jaoks v\u00e4lja t\u00f6\u00f6tatud spetsifikatsiooni t\u00f5ttu ei t\u00e4ida see klappketas ja s\u00e4ilitab oma tipptaseme. Keraamilise teraga lisamine soodustab ketta enesepuhastumist ja iseenda kahanemist varude eemaldamise ajal. Seda t\u00f6\u00f6riista on h\u00f5lpsasti kasutatav ja see annab suurep\u00e4raseid tulemusi selliste materjalide, n\u00e4iteks alumiiniumist, alumiiniumist sulamid, vask, pronks, messingist ja nikkel h\u00f5bedaks.<\/p>\n","protected":false},"featured_media":9202,"template":"","meta":[],"product_cat":[89,91],"product_tag":[],"yoast_head":"<!-- This site is optimized with the Yoast SEO plugin v18.4.1 - https:\/\/yoast.com\/wordpress\/plugins\/seo\/ -->\n<title>Tyrolit Lamellketas 27A LAMELLKETAS 125 X 22,23 CA 40 N- B PREMIUM Non Ferrous ALU***<\/title>\n<meta name=\"robots\" content=\"index, follow, max-snippet:-1, max-image-preview:large, max-video-preview:-1\" \/>\n<link rel=\"canonical\" href=\"https:\/\/spectrebaltics.com\/ru\/toode\/tyrolit-lamellketas-27a-lamellketas-125-x-2223-ca-40-n-b-premium-non-ferrous-alu\/\" \/>\n<meta property=\"og:locale\" content=\"ru_RU\" \/>\n<meta property=\"og:type\" content=\"article\" \/>\n<meta property=\"og:title\" content=\"Tyrolit Lamellketas 27A LAMELLKETAS 125 X 22,23 CA 40 N- B PREMIUM Non Ferrous ALU***\" \/>\n<meta property=\"og:description\" content=\"Spetsiaalselt viljakate metallide jaoks v\u00e4lja t\u00f6\u00f6tatud spetsifikatsiooni t\u00f5ttu ei t\u00e4ida see klappketas ja s\u00e4ilitab oma tipptaseme. Keraamilise teraga lisamine soodustab ketta enesepuhastumist ja iseenda kahanemist varude eemaldamise ajal. Seda t\u00f6\u00f6riista on h\u00f5lpsasti kasutatav ja see annab suurep\u00e4raseid tulemusi selliste materjalide, n\u00e4iteks alumiiniumist, alumiiniumist sulamid, vask, pronks, messingist ja nikkel h\u00f5bedaks.\" \/>\n<meta property=\"og:url\" content=\"https:\/\/spectrebaltics.com\/ru\/toode\/tyrolit-lamellketas-27a-lamellketas-125-x-2223-ca-40-n-b-premium-non-ferrous-alu\/\" \/>\n<meta property=\"og:site_name\" content=\"Spectrebaltics\" \/>\n<meta property=\"article:modified_time\" content=\"2024-06-03T07:39:55+00:00\" \/>\n<meta name=\"twitter:card\" content=\"summary_large_image\" \/>\n<meta name=\"twitter:image\" content=\"https:\/\/spectrebaltics.com\/wp-content\/uploads\/2024\/06\/tyrolit-707011-premium-flap-disc-40-grit-5-in-ceramic-6_765x.webp\" \/>\n<script type=\"application\/ld+json\" class=\"yoast-schema-graph\">{\"@context\":\"https:\/\/schema.org\",\"@graph\":[{\"@type\":\"Organization\",\"@id\":\"https:\/\/spectrebaltics.com\/ru\/#organization\",\"name\":\"Spectrebaltics\",\"url\":\"https:\/\/spectrebaltics.com\/ru\/\",\"sameAs\":[],\"logo\":{\"@type\":\"ImageObject\",\"@id\":\"https:\/\/spectrebaltics.com\/ru\/#logo\",\"inLanguage\":\"ru-RU\",\"url\":\"https:\/\/spectrebaltics.com\/wp-content\/uploads\/2024\/03\/Spectrebaltics-logo.svg\",\"contentUrl\":\"https:\/\/spectrebaltics.com\/wp-content\/uploads\/2024\/03\/Spectrebaltics-logo.svg\",\"caption\":\"Spectrebaltics\"},\"image\":{\"@id\":\"https:\/\/spectrebaltics.com\/ru\/#logo\"}},{\"@type\":\"WebSite\",\"@id\":\"https:\/\/spectrebaltics.com\/ru\/#website\",\"url\":\"https:\/\/spectrebaltics.com\/ru\/\",\"name\":\"Spectrebaltics\",\"description\":\"\",\"publisher\":{\"@id\":\"https:\/\/spectrebaltics.com\/ru\/#organization\"},\"potentialAction\":[{\"@type\":\"SearchAction\",\"target\":{\"@type\":\"EntryPoint\",\"urlTemplate\":\"https:\/\/spectrebaltics.com\/ru\/?s={search_term_string}\"},\"query-input\":\"required name=search_term_string\"}],\"inLanguage\":\"ru-RU\"},{\"@type\":\"ImageObject\",\"@id\":\"https:\/\/spectrebaltics.com\/ru\/toode\/tyrolit-lamellketas-27a-lamellketas-125-x-2223-ca-40-n-b-premium-non-ferrous-alu\/#primaryimage\",\"inLanguage\":\"ru-RU\",\"url\":\"https:\/\/spectrebaltics.com\/wp-content\/uploads\/2024\/06\/tyrolit-707011-premium-flap-disc-40-grit-5-in-ceramic-6_765x.webp\",\"contentUrl\":\"https:\/\/spectrebaltics.com\/wp-content\/uploads\/2024\/06\/tyrolit-707011-premium-flap-disc-40-grit-5-in-ceramic-6_765x.webp\",\"width\":765,\"height\":765},{\"@type\":\"WebPage\",\"@id\":\"https:\/\/spectrebaltics.com\/ru\/toode\/tyrolit-lamellketas-27a-lamellketas-125-x-2223-ca-40-n-b-premium-non-ferrous-alu\/#webpage\",\"url\":\"https:\/\/spectrebaltics.com\/ru\/toode\/tyrolit-lamellketas-27a-lamellketas-125-x-2223-ca-40-n-b-premium-non-ferrous-alu\/\",\"name\":\"Tyrolit Lamellketas 27A LAMELLKETAS 125 X 22,23 CA 40 N- B PREMIUM Non Ferrous ALU***\",\"isPartOf\":{\"@id\":\"https:\/\/spectrebaltics.com\/ru\/#website\"},\"primaryImageOfPage\":{\"@id\":\"https:\/\/spectrebaltics.com\/ru\/toode\/tyrolit-lamellketas-27a-lamellketas-125-x-2223-ca-40-n-b-premium-non-ferrous-alu\/#primaryimage\"},\"datePublished\":\"2024-06-03T07:39:54+00:00\",\"dateModified\":\"2024-06-03T07:39:55+00:00\",\"breadcrumb\":{\"@id\":\"https:\/\/spectrebaltics.com\/ru\/toode\/tyrolit-lamellketas-27a-lamellketas-125-x-2223-ca-40-n-b-premium-non-ferrous-alu\/#breadcrumb\"},\"inLanguage\":\"ru-RU\",\"potentialAction\":[{\"@type\":\"ReadAction\",\"target\":[\"https:\/\/spectrebaltics.com\/ru\/toode\/tyrolit-lamellketas-27a-lamellketas-125-x-2223-ca-40-n-b-premium-non-ferrous-alu\/\"]}]},{\"@type\":\"BreadcrumbList\",\"@id\":\"https:\/\/spectrebaltics.com\/ru\/toode\/tyrolit-lamellketas-27a-lamellketas-125-x-2223-ca-40-n-b-premium-non-ferrous-alu\/#breadcrumb\",\"itemListElement\":[{\"@type\":\"ListItem\",\"position\":1,\"name\":\"Home\",\"item\":\"https:\/\/spectrebaltics.com\/ru\/\"},{\"@type\":\"ListItem\",\"position\":2,\"name\":\"\u041a\u0430\u0442\u0430\u043b\u043e\u0433\",\"item\":\"https:\/\/spectrebaltics.com\/ru\/katalog\/\"},{\"@type\":\"ListItem\",\"position\":3,\"name\":\"Tyrolit Lamellketas 27A LAMELLKETAS 125 X 22,23 CA 40 N- B PREMIUM Non Ferrous ALU***\"}]}]}<\/script>\n<!-- \/ Yoast SEO plugin. -->","yoast_head_json":{"title":"Tyrolit Lamellketas 27A LAMELLKETAS 125 X 22,23 CA 40 N- B PREMIUM Non Ferrous ALU***","robots":{"index":"index","follow":"follow","max-snippet":"max-snippet:-1","max-image-preview":"max-image-preview:large","max-video-preview":"max-video-preview:-1"},"canonical":"https:\/\/spectrebaltics.com\/ru\/toode\/tyrolit-lamellketas-27a-lamellketas-125-x-2223-ca-40-n-b-premium-non-ferrous-alu\/","og_locale":"ru_RU","og_type":"article","og_title":"Tyrolit Lamellketas 27A LAMELLKETAS 125 X 22,23 CA 40 N- B PREMIUM Non Ferrous ALU***","og_description":"Spetsiaalselt viljakate metallide jaoks v\u00e4lja t\u00f6\u00f6tatud spetsifikatsiooni t\u00f5ttu ei t\u00e4ida see klappketas ja s\u00e4ilitab oma tipptaseme. Keraamilise teraga lisamine soodustab ketta enesepuhastumist ja iseenda kahanemist varude eemaldamise ajal. Seda t\u00f6\u00f6riista on h\u00f5lpsasti kasutatav ja see annab suurep\u00e4raseid tulemusi selliste materjalide, n\u00e4iteks alumiiniumist, alumiiniumist sulamid, vask, pronks, messingist ja nikkel h\u00f5bedaks.","og_url":"https:\/\/spectrebaltics.com\/ru\/toode\/tyrolit-lamellketas-27a-lamellketas-125-x-2223-ca-40-n-b-premium-non-ferrous-alu\/","og_site_name":"Spectrebaltics","article_modified_time":"2024-06-03T07:39:55+00:00","twitter_card":"summary_large_image","twitter_image":"https:\/\/spectrebaltics.com\/wp-content\/uploads\/2024\/06\/tyrolit-707011-premium-flap-disc-40-grit-5-in-ceramic-6_765x.webp","schema":{"@context":"https:\/\/schema.org","@graph":[{"@type":"Organization","@id":"https:\/\/spectrebaltics.com\/ru\/#organization","name":"Spectrebaltics","url":"https:\/\/spectrebaltics.com\/ru\/","sameAs":[],"logo":{"@type":"ImageObject","@id":"https:\/\/spectrebaltics.com\/ru\/#logo","inLanguage":"ru-RU","url":"https:\/\/spectrebaltics.com\/wp-content\/uploads\/2024\/03\/Spectrebaltics-logo.svg","contentUrl":"https:\/\/spectrebaltics.com\/wp-content\/uploads\/2024\/03\/Spectrebaltics-logo.svg","caption":"Spectrebaltics"},"image":{"@id":"https:\/\/spectrebaltics.com\/ru\/#logo"}},{"@type":"WebSite","@id":"https:\/\/spectrebaltics.com\/ru\/#website","url":"https:\/\/spectrebaltics.com\/ru\/","name":"Spectrebaltics","description":"","publisher":{"@id":"https:\/\/spectrebaltics.com\/ru\/#organization"},"potentialAction":[{"@type":"SearchAction","target":{"@type":"EntryPoint","urlTemplate":"https:\/\/spectrebaltics.com\/ru\/?s={search_term_string}"},"query-input":"required name=search_term_string"}],"inLanguage":"ru-RU"},{"@type":"ImageObject","@id":"https:\/\/spectrebaltics.com\/ru\/toode\/tyrolit-lamellketas-27a-lamellketas-125-x-2223-ca-40-n-b-premium-non-ferrous-alu\/#primaryimage","inLanguage":"ru-RU","url":"https:\/\/spectrebaltics.com\/wp-content\/uploads\/2024\/06\/tyrolit-707011-premium-flap-disc-40-grit-5-in-ceramic-6_765x.webp","contentUrl":"https:\/\/spectrebaltics.com\/wp-content\/uploads\/2024\/06\/tyrolit-707011-premium-flap-disc-40-grit-5-in-ceramic-6_765x.webp","width":765,"height":765},{"@type":"WebPage","@id":"https:\/\/spectrebaltics.com\/ru\/toode\/tyrolit-lamellketas-27a-lamellketas-125-x-2223-ca-40-n-b-premium-non-ferrous-alu\/#webpage","url":"https:\/\/spectrebaltics.com\/ru\/toode\/tyrolit-lamellketas-27a-lamellketas-125-x-2223-ca-40-n-b-premium-non-ferrous-alu\/","name":"Tyrolit Lamellketas 27A LAMELLKETAS 125 X 22,23 CA 40 N- B PREMIUM Non Ferrous ALU***","isPartOf":{"@id":"https:\/\/spectrebaltics.com\/ru\/#website"},"primaryImageOfPage":{"@id":"https:\/\/spectrebaltics.com\/ru\/toode\/tyrolit-lamellketas-27a-lamellketas-125-x-2223-ca-40-n-b-premium-non-ferrous-alu\/#primaryimage"},"datePublished":"2024-06-03T07:39:54+00:00","dateModified":"2024-06-03T07:39:55+00:00","breadcrumb":{"@id":"https:\/\/spectrebaltics.com\/ru\/toode\/tyrolit-lamellketas-27a-lamellketas-125-x-2223-ca-40-n-b-premium-non-ferrous-alu\/#breadcrumb"},"inLanguage":"ru-RU","potentialAction":[{"@type":"ReadAction","target":["https:\/\/spectrebaltics.com\/ru\/toode\/tyrolit-lamellketas-27a-lamellketas-125-x-2223-ca-40-n-b-premium-non-ferrous-alu\/"]}]},{"@type":"BreadcrumbList","@id":"https:\/\/spectrebaltics.com\/ru\/toode\/tyrolit-lamellketas-27a-lamellketas-125-x-2223-ca-40-n-b-premium-non-ferrous-alu\/#breadcrumb","itemListElement":[{"@type":"ListItem","position":1,"name":"Home","item":"https:\/\/spectrebaltics.com\/ru\/"},{"@type":"ListItem","position":2,"name":"\u041a\u0430\u0442\u0430\u043b\u043e\u0433","item":"https:\/\/spectrebaltics.com\/ru\/katalog\/"},{"@type":"ListItem","position":3,"name":"Tyrolit Lamellketas 27A LAMELLKETAS 125 X 22,23 CA 40 N- B PREMIUM Non Ferrous ALU***"}]}]}},"_links":{"self":[{"href":"https:\/\/spectrebaltics.com\/ru\/wp-json\/wp\/v2\/product\/9195"}],"collection":[{"href":"https:\/\/spectrebaltics.com\/ru\/wp-json\/wp\/v2\/product"}],"about":[{"href":"https:\/\/spectrebaltics.com\/ru\/wp-json\/wp\/v2\/types\/product"}],"wp:featuredmedia":[{"embeddable":true,"href":"https:\/\/spectrebaltics.com\/ru\/wp-json\/wp\/v2\/media\/9202"}],"wp:attachment":[{"href":"https:\/\/spectrebaltics.com\/ru\/wp-json\/wp\/v2\/media?parent=9195"}],"wp:term":[{"taxonomy":"product_cat","embeddable":true,"href":"https:\/\/spectrebaltics.com\/ru\/wp-json\/wp\/v2\/product_cat?post=9195"},{"taxonomy":"product_tag","embeddable":true,"href":"https:\/\/spectrebaltics.com\/ru\/wp-json\/wp\/v2\/product_tag?post=9195"}],"curies":[{"name":"wp","href":"https:\/\/api.w.org\/{rel}","templated":true}]}}