{"id":9227,"date":"2024-06-03T09:49:06","date_gmt":"2024-06-03T09:49:06","guid":{"rendered":"https:\/\/spectrebaltics.com\/?post_type=product&#038;p=9227"},"modified":"2024-06-03T09:49:06","modified_gmt":"2024-06-03T09:49:06","slug":"tyrolit-lamellkettas-125x22-za-80-inox-steel","status":"publish","type":"product","link":"https:\/\/spectrebaltics.com\/ru\/toode\/tyrolit-lamellkettas-125x22-za-80-inox-steel\/","title":{"rendered":"Tyrolit Lamellkettas 125&#215;22 ZA-80, INOX+Steel*"},"content":{"rendered":"<p>Tyrolit 34318391 2in1 klappkettal on tsirkooniumoksiidi alumiiniumoksiidi kate, mis tagab kvaliteetse j\u00f5udluse.<\/p>\n<p>See on spetsiaalselt loodud kasutamiseks erinevatel terasest ja roostevabast terasest klasside lihvimiseks.<\/p>\n<p>Sellel 2in1 klapi kettal on suurep\u00e4rane eluiga ja see pakub keevitus\u00f5mbluste, samuti serva ja pinna lihvimise vaevatu t\u00f6\u00f6tlemist.<\/p>\n<p>30% -lise parema j\u00f5udlusega kui eelmisel mudelil on nende 80 liivakattega kattekiht ideaalne suurep\u00e4raseks t\u00f6\u00f6ks.<\/p>\n<p>Selle 27A ventilaatorikujulise ratta l\u00e4bim\u00f5\u00f5t on 22,23 mm avaga ja see on kasutamiseks nurga jahvatustega.<\/p>\n","protected":false},"excerpt":{"rendered":"<p>Tyrolit 34318391 2in1 klappkettal on tsirkooniumoksiidi alumiiniumoksiidi kate, mis tagab kvaliteetse j\u00f5udluse. See on spetsiaalselt loodud kasutamiseks erinevatel terasest ja roostevabast terasest klasside lihvimiseks. Sellel 2in1 klapi kettal on suurep\u00e4rane eluiga ja see pakub keevitus\u00f5mbluste, samuti serva ja pinna lihvimise vaevatu t\u00f6\u00f6tlemist. 30% -lise parema j\u00f5udlusega kui eelmisel mudelil on nende 80 liivakattega kattekiht ideaalne&#8230;<\/p>\n","protected":false},"featured_media":9228,"template":"","meta":[],"product_cat":[89,91],"product_tag":[],"yoast_head":"<!-- This site is optimized with the Yoast SEO plugin v18.4.1 - https:\/\/yoast.com\/wordpress\/plugins\/seo\/ -->\n<title>Tyrolit Lamellkettas 125x22 ZA-80, INOX+Steel*<\/title>\n<meta name=\"robots\" content=\"index, follow, max-snippet:-1, max-image-preview:large, max-video-preview:-1\" \/>\n<link rel=\"canonical\" href=\"https:\/\/spectrebaltics.com\/toode\/tyrolit-lamellkettas-125x22-za-80-inox-steel\/\" \/>\n<meta property=\"og:locale\" content=\"ru_RU\" \/>\n<meta property=\"og:type\" content=\"article\" \/>\n<meta property=\"og:title\" content=\"Tyrolit Lamellkettas 125x22 ZA-80, INOX+Steel*\" \/>\n<meta property=\"og:description\" content=\"Tyrolit 34318391 2in1 klappkettal on tsirkooniumoksiidi alumiiniumoksiidi kate, mis tagab kvaliteetse j\u00f5udluse. See on spetsiaalselt loodud kasutamiseks erinevatel terasest ja roostevabast terasest klasside lihvimiseks. Sellel 2in1 klapi kettal on suurep\u00e4rane eluiga ja see pakub keevitus\u00f5mbluste, samuti serva ja pinna lihvimise vaevatu t\u00f6\u00f6tlemist. 30% -lise parema j\u00f5udlusega kui eelmisel mudelil on nende 80 liivakattega kattekiht ideaalne...\" \/>\n<meta property=\"og:url\" content=\"https:\/\/spectrebaltics.com\/toode\/tyrolit-lamellkettas-125x22-za-80-inox-steel\/\" \/>\n<meta property=\"og:site_name\" content=\"Spectrebaltics\" \/>\n<meta property=\"og:image\" content=\"https:\/\/spectrebaltics.com\/wp-content\/uploads\/2024\/06\/kotuc-brusny-lamelovy-125x22-k-zr-80-tyrolit.jpg\" \/>\n\t<meta property=\"og:image:width\" content=\"600\" \/>\n\t<meta property=\"og:image:height\" content=\"600\" \/>\n\t<meta property=\"og:image:type\" content=\"image\/jpeg\" \/>\n<meta name=\"twitter:card\" content=\"summary_large_image\" \/>\n<script type=\"application\/ld+json\" class=\"yoast-schema-graph\">{\"@context\":\"https:\/\/schema.org\",\"@graph\":[{\"@type\":\"Organization\",\"@id\":\"https:\/\/spectrebaltics.com\/ru\/#organization\",\"name\":\"Spectrebaltics\",\"url\":\"https:\/\/spectrebaltics.com\/ru\/\",\"sameAs\":[],\"logo\":{\"@type\":\"ImageObject\",\"@id\":\"https:\/\/spectrebaltics.com\/ru\/#logo\",\"inLanguage\":\"ru-RU\",\"url\":\"https:\/\/spectrebaltics.com\/wp-content\/uploads\/2024\/03\/Spectrebaltics-logo.svg\",\"contentUrl\":\"https:\/\/spectrebaltics.com\/wp-content\/uploads\/2024\/03\/Spectrebaltics-logo.svg\",\"caption\":\"Spectrebaltics\"},\"image\":{\"@id\":\"https:\/\/spectrebaltics.com\/ru\/#logo\"}},{\"@type\":\"WebSite\",\"@id\":\"https:\/\/spectrebaltics.com\/ru\/#website\",\"url\":\"https:\/\/spectrebaltics.com\/ru\/\",\"name\":\"Spectrebaltics\",\"description\":\"\",\"publisher\":{\"@id\":\"https:\/\/spectrebaltics.com\/ru\/#organization\"},\"potentialAction\":[{\"@type\":\"SearchAction\",\"target\":{\"@type\":\"EntryPoint\",\"urlTemplate\":\"https:\/\/spectrebaltics.com\/ru\/?s={search_term_string}\"},\"query-input\":\"required name=search_term_string\"}],\"inLanguage\":\"ru-RU\"},{\"@type\":\"ImageObject\",\"@id\":\"https:\/\/spectrebaltics.com\/toode\/tyrolit-lamellkettas-125x22-za-80-inox-steel\/#primaryimage\",\"inLanguage\":\"ru-RU\",\"url\":\"https:\/\/spectrebaltics.com\/wp-content\/uploads\/2024\/06\/kotuc-brusny-lamelovy-125x22-k-zr-80-tyrolit.jpg\",\"contentUrl\":\"https:\/\/spectrebaltics.com\/wp-content\/uploads\/2024\/06\/kotuc-brusny-lamelovy-125x22-k-zr-80-tyrolit.jpg\",\"width\":600,\"height\":600},{\"@type\":\"WebPage\",\"@id\":\"https:\/\/spectrebaltics.com\/toode\/tyrolit-lamellkettas-125x22-za-80-inox-steel\/#webpage\",\"url\":\"https:\/\/spectrebaltics.com\/toode\/tyrolit-lamellkettas-125x22-za-80-inox-steel\/\",\"name\":\"Tyrolit Lamellkettas 125x22 ZA-80, INOX+Steel*\",\"isPartOf\":{\"@id\":\"https:\/\/spectrebaltics.com\/ru\/#website\"},\"primaryImageOfPage\":{\"@id\":\"https:\/\/spectrebaltics.com\/toode\/tyrolit-lamellkettas-125x22-za-80-inox-steel\/#primaryimage\"},\"datePublished\":\"2024-06-03T09:49:06+00:00\",\"dateModified\":\"2024-06-03T09:49:06+00:00\",\"breadcrumb\":{\"@id\":\"https:\/\/spectrebaltics.com\/toode\/tyrolit-lamellkettas-125x22-za-80-inox-steel\/#breadcrumb\"},\"inLanguage\":\"ru-RU\",\"potentialAction\":[{\"@type\":\"ReadAction\",\"target\":[\"https:\/\/spectrebaltics.com\/toode\/tyrolit-lamellkettas-125x22-za-80-inox-steel\/\"]}]},{\"@type\":\"BreadcrumbList\",\"@id\":\"https:\/\/spectrebaltics.com\/toode\/tyrolit-lamellkettas-125x22-za-80-inox-steel\/#breadcrumb\",\"itemListElement\":[{\"@type\":\"ListItem\",\"position\":1,\"name\":\"Home\",\"item\":\"https:\/\/spectrebaltics.com\/ru\/\"},{\"@type\":\"ListItem\",\"position\":2,\"name\":\"\u041a\u0430\u0442\u0430\u043b\u043e\u0433\",\"item\":\"https:\/\/spectrebaltics.com\/ru\/katalog\/\"},{\"@type\":\"ListItem\",\"position\":3,\"name\":\"Tyrolit Lamellkettas 125&#215;22 ZA-80, INOX+Steel*\"}]}]}<\/script>\n<!-- \/ Yoast SEO plugin. -->","yoast_head_json":{"title":"Tyrolit Lamellkettas 125x22 ZA-80, INOX+Steel*","robots":{"index":"index","follow":"follow","max-snippet":"max-snippet:-1","max-image-preview":"max-image-preview:large","max-video-preview":"max-video-preview:-1"},"canonical":"https:\/\/spectrebaltics.com\/toode\/tyrolit-lamellkettas-125x22-za-80-inox-steel\/","og_locale":"ru_RU","og_type":"article","og_title":"Tyrolit Lamellkettas 125x22 ZA-80, INOX+Steel*","og_description":"Tyrolit 34318391 2in1 klappkettal on tsirkooniumoksiidi alumiiniumoksiidi kate, mis tagab kvaliteetse j\u00f5udluse. See on spetsiaalselt loodud kasutamiseks erinevatel terasest ja roostevabast terasest klasside lihvimiseks. Sellel 2in1 klapi kettal on suurep\u00e4rane eluiga ja see pakub keevitus\u00f5mbluste, samuti serva ja pinna lihvimise vaevatu t\u00f6\u00f6tlemist. 30% -lise parema j\u00f5udlusega kui eelmisel mudelil on nende 80 liivakattega kattekiht ideaalne...","og_url":"https:\/\/spectrebaltics.com\/toode\/tyrolit-lamellkettas-125x22-za-80-inox-steel\/","og_site_name":"Spectrebaltics","og_image":[{"width":600,"height":600,"url":"https:\/\/spectrebaltics.com\/wp-content\/uploads\/2024\/06\/kotuc-brusny-lamelovy-125x22-k-zr-80-tyrolit.jpg","type":"image\/jpeg"}],"twitter_card":"summary_large_image","schema":{"@context":"https:\/\/schema.org","@graph":[{"@type":"Organization","@id":"https:\/\/spectrebaltics.com\/ru\/#organization","name":"Spectrebaltics","url":"https:\/\/spectrebaltics.com\/ru\/","sameAs":[],"logo":{"@type":"ImageObject","@id":"https:\/\/spectrebaltics.com\/ru\/#logo","inLanguage":"ru-RU","url":"https:\/\/spectrebaltics.com\/wp-content\/uploads\/2024\/03\/Spectrebaltics-logo.svg","contentUrl":"https:\/\/spectrebaltics.com\/wp-content\/uploads\/2024\/03\/Spectrebaltics-logo.svg","caption":"Spectrebaltics"},"image":{"@id":"https:\/\/spectrebaltics.com\/ru\/#logo"}},{"@type":"WebSite","@id":"https:\/\/spectrebaltics.com\/ru\/#website","url":"https:\/\/spectrebaltics.com\/ru\/","name":"Spectrebaltics","description":"","publisher":{"@id":"https:\/\/spectrebaltics.com\/ru\/#organization"},"potentialAction":[{"@type":"SearchAction","target":{"@type":"EntryPoint","urlTemplate":"https:\/\/spectrebaltics.com\/ru\/?s={search_term_string}"},"query-input":"required name=search_term_string"}],"inLanguage":"ru-RU"},{"@type":"ImageObject","@id":"https:\/\/spectrebaltics.com\/toode\/tyrolit-lamellkettas-125x22-za-80-inox-steel\/#primaryimage","inLanguage":"ru-RU","url":"https:\/\/spectrebaltics.com\/wp-content\/uploads\/2024\/06\/kotuc-brusny-lamelovy-125x22-k-zr-80-tyrolit.jpg","contentUrl":"https:\/\/spectrebaltics.com\/wp-content\/uploads\/2024\/06\/kotuc-brusny-lamelovy-125x22-k-zr-80-tyrolit.jpg","width":600,"height":600},{"@type":"WebPage","@id":"https:\/\/spectrebaltics.com\/toode\/tyrolit-lamellkettas-125x22-za-80-inox-steel\/#webpage","url":"https:\/\/spectrebaltics.com\/toode\/tyrolit-lamellkettas-125x22-za-80-inox-steel\/","name":"Tyrolit Lamellkettas 125x22 ZA-80, INOX+Steel*","isPartOf":{"@id":"https:\/\/spectrebaltics.com\/ru\/#website"},"primaryImageOfPage":{"@id":"https:\/\/spectrebaltics.com\/toode\/tyrolit-lamellkettas-125x22-za-80-inox-steel\/#primaryimage"},"datePublished":"2024-06-03T09:49:06+00:00","dateModified":"2024-06-03T09:49:06+00:00","breadcrumb":{"@id":"https:\/\/spectrebaltics.com\/toode\/tyrolit-lamellkettas-125x22-za-80-inox-steel\/#breadcrumb"},"inLanguage":"ru-RU","potentialAction":[{"@type":"ReadAction","target":["https:\/\/spectrebaltics.com\/toode\/tyrolit-lamellkettas-125x22-za-80-inox-steel\/"]}]},{"@type":"BreadcrumbList","@id":"https:\/\/spectrebaltics.com\/toode\/tyrolit-lamellkettas-125x22-za-80-inox-steel\/#breadcrumb","itemListElement":[{"@type":"ListItem","position":1,"name":"Home","item":"https:\/\/spectrebaltics.com\/ru\/"},{"@type":"ListItem","position":2,"name":"\u041a\u0430\u0442\u0430\u043b\u043e\u0433","item":"https:\/\/spectrebaltics.com\/ru\/katalog\/"},{"@type":"ListItem","position":3,"name":"Tyrolit Lamellkettas 125&#215;22 ZA-80, INOX+Steel*"}]}]}},"_links":{"self":[{"href":"https:\/\/spectrebaltics.com\/ru\/wp-json\/wp\/v2\/product\/9227"}],"collection":[{"href":"https:\/\/spectrebaltics.com\/ru\/wp-json\/wp\/v2\/product"}],"about":[{"href":"https:\/\/spectrebaltics.com\/ru\/wp-json\/wp\/v2\/types\/product"}],"wp:featuredmedia":[{"embeddable":true,"href":"https:\/\/spectrebaltics.com\/ru\/wp-json\/wp\/v2\/media\/9228"}],"wp:attachment":[{"href":"https:\/\/spectrebaltics.com\/ru\/wp-json\/wp\/v2\/media?parent=9227"}],"wp:term":[{"taxonomy":"product_cat","embeddable":true,"href":"https:\/\/spectrebaltics.com\/ru\/wp-json\/wp\/v2\/product_cat?post=9227"},{"taxonomy":"product_tag","embeddable":true,"href":"https:\/\/spectrebaltics.com\/ru\/wp-json\/wp\/v2\/product_tag?post=9227"}],"curies":[{"name":"wp","href":"https:\/\/api.w.org\/{rel}","templated":true}]}}