{"id":9246,"date":"2024-06-03T11:07:41","date_gmt":"2024-06-03T11:07:41","guid":{"rendered":"https:\/\/spectrebaltics.com\/?post_type=product&#038;p=9246"},"modified":"2024-06-03T11:07:55","modified_gmt":"2024-06-03T11:07:55","slug":"tyrolit-lamellkettas-150x22-za-80-inox-steel","status":"publish","type":"product","link":"https:\/\/spectrebaltics.com\/ru\/toode\/tyrolit-lamellkettas-150x22-za-80-inox-steel\/","title":{"rendered":"Tyrolit Lamellkettas 150&#215;22 ZA-80, INOX+Steel*"},"content":{"rendered":"<p>BASIC 2in1 klappketas pakub head spetsiifilist varude eemaldamist. T\u00e4nu uuele uuendusele saavutab BASIC klappketas ka enneolematu kasutusea ja j\u00f5udluse kasvu 30%. TYROLIT 2in1 klappkettaid kasutatakse k\u00f5rglegeeritud terastel ja roostevabal terasel, samuti legeerimata ja v\u00e4helegeeritud terastel.<\/p>\n<p>Omadused<br \/>\nPaksus 22,23 mm<br \/>\nL\u00e4bim\u00f5\u00f5t 150 mm<br \/>\nP\u00f5hitootesari<br \/>\nDxH 150&#215;22,23<br \/>\nSpetsifikatsioon ZA 80 Q-B<br \/>\nMaksimaalne p\u00f6\u00f6rlemiskiirus: 50 m\/sek<br \/>\nKuju: 27A \u2013 v\u00e4ndaga konstruktsioon (klaaskiust kandekorpuse disain)<br \/>\nPuru suurus: P80<br \/>\nAbrasiiv: ZA &#8212; tsirkooniumalumiiniumoksiid<br \/>\nPuru suurus: 80<\/p>\n","protected":false},"excerpt":{"rendered":"<p>BASIC 2in1 klappketas pakub head spetsiifilist varude eemaldamist. T\u00e4nu uuele uuendusele saavutab BASIC klappketas ka enneolematu kasutusea ja j\u00f5udluse kasvu 30%. TYROLIT 2in1 klappkettaid kasutatakse k\u00f5rglegeeritud terastel ja roostevabal terasel, samuti legeerimata ja v\u00e4helegeeritud terastel. Omadused Paksus 22,23 mm L\u00e4bim\u00f5\u00f5t 150 mm P\u00f5hitootesari DxH 150&#215;22,23 Spetsifikatsioon ZA 80 Q-B Maksimaalne p\u00f6\u00f6rlemiskiirus: 50 m\/sek Kuju: 27A&#8230;<\/p>\n","protected":false},"featured_media":9239,"template":"","meta":[],"product_cat":[89,91],"product_tag":[],"yoast_head":"<!-- This site is optimized with the Yoast SEO plugin v18.4.1 - https:\/\/yoast.com\/wordpress\/plugins\/seo\/ -->\n<title>Tyrolit Lamellkettas 150x22 ZA-80, INOX+Steel*<\/title>\n<meta name=\"robots\" content=\"index, follow, max-snippet:-1, max-image-preview:large, max-video-preview:-1\" \/>\n<link rel=\"canonical\" href=\"https:\/\/spectrebaltics.com\/toode\/tyrolit-lamellkettas-150x22-za-80-inox-steel\/\" \/>\n<meta property=\"og:locale\" content=\"ru_RU\" \/>\n<meta property=\"og:type\" content=\"article\" \/>\n<meta property=\"og:title\" content=\"Tyrolit Lamellkettas 150x22 ZA-80, INOX+Steel*\" \/>\n<meta property=\"og:description\" content=\"BASIC 2in1 klappketas pakub head spetsiifilist varude eemaldamist. T\u00e4nu uuele uuendusele saavutab BASIC klappketas ka enneolematu kasutusea ja j\u00f5udluse kasvu 30%. TYROLIT 2in1 klappkettaid kasutatakse k\u00f5rglegeeritud terastel ja roostevabal terasel, samuti legeerimata ja v\u00e4helegeeritud terastel. Omadused Paksus 22,23 mm L\u00e4bim\u00f5\u00f5t 150 mm P\u00f5hitootesari DxH 150&#215;22,23 Spetsifikatsioon ZA 80 Q-B Maksimaalne p\u00f6\u00f6rlemiskiirus: 50 m\/sek Kuju: 27A...\" \/>\n<meta property=\"og:url\" content=\"https:\/\/spectrebaltics.com\/toode\/tyrolit-lamellkettas-150x22-za-80-inox-steel\/\" \/>\n<meta property=\"og:site_name\" content=\"Spectrebaltics\" \/>\n<meta property=\"article:modified_time\" content=\"2024-06-03T11:07:55+00:00\" \/>\n<meta property=\"og:image\" content=\"https:\/\/spectrebaltics.com\/wp-content\/uploads\/2024\/06\/tyrolit_faecherscheibe_dxh_150x2223_2in1_fuer_stahl_edelstahl_p40_form_27ae_-_gekroepfte_aeusfuehrung_glasfasertraegerkoerperausfuehrung_aert._34318393-1_1920x1920.jpg\" \/>\n\t<meta property=\"og:image:width\" content=\"1280\" \/>\n\t<meta property=\"og:image:height\" content=\"1280\" \/>\n\t<meta property=\"og:image:type\" content=\"image\/jpeg\" \/>\n<meta name=\"twitter:card\" content=\"summary_large_image\" \/>\n<script type=\"application\/ld+json\" class=\"yoast-schema-graph\">{\"@context\":\"https:\/\/schema.org\",\"@graph\":[{\"@type\":\"Organization\",\"@id\":\"https:\/\/spectrebaltics.com\/ru\/#organization\",\"name\":\"Spectrebaltics\",\"url\":\"https:\/\/spectrebaltics.com\/ru\/\",\"sameAs\":[],\"logo\":{\"@type\":\"ImageObject\",\"@id\":\"https:\/\/spectrebaltics.com\/ru\/#logo\",\"inLanguage\":\"ru-RU\",\"url\":\"https:\/\/spectrebaltics.com\/wp-content\/uploads\/2024\/03\/Spectrebaltics-logo.svg\",\"contentUrl\":\"https:\/\/spectrebaltics.com\/wp-content\/uploads\/2024\/03\/Spectrebaltics-logo.svg\",\"caption\":\"Spectrebaltics\"},\"image\":{\"@id\":\"https:\/\/spectrebaltics.com\/ru\/#logo\"}},{\"@type\":\"WebSite\",\"@id\":\"https:\/\/spectrebaltics.com\/ru\/#website\",\"url\":\"https:\/\/spectrebaltics.com\/ru\/\",\"name\":\"Spectrebaltics\",\"description\":\"\",\"publisher\":{\"@id\":\"https:\/\/spectrebaltics.com\/ru\/#organization\"},\"potentialAction\":[{\"@type\":\"SearchAction\",\"target\":{\"@type\":\"EntryPoint\",\"urlTemplate\":\"https:\/\/spectrebaltics.com\/ru\/?s={search_term_string}\"},\"query-input\":\"required name=search_term_string\"}],\"inLanguage\":\"ru-RU\"},{\"@type\":\"ImageObject\",\"@id\":\"https:\/\/spectrebaltics.com\/toode\/tyrolit-lamellkettas-150x22-za-80-inox-steel\/#primaryimage\",\"inLanguage\":\"ru-RU\",\"url\":\"https:\/\/spectrebaltics.com\/wp-content\/uploads\/2024\/06\/tyrolit_faecherscheibe_dxh_150x2223_2in1_fuer_stahl_edelstahl_p40_form_27ae_-_gekroepfte_aeusfuehrung_glasfasertraegerkoerperausfuehrung_aert._34318393-1_1920x1920.jpg\",\"contentUrl\":\"https:\/\/spectrebaltics.com\/wp-content\/uploads\/2024\/06\/tyrolit_faecherscheibe_dxh_150x2223_2in1_fuer_stahl_edelstahl_p40_form_27ae_-_gekroepfte_aeusfuehrung_glasfasertraegerkoerperausfuehrung_aert._34318393-1_1920x1920.jpg\",\"width\":1280,\"height\":1280},{\"@type\":\"WebPage\",\"@id\":\"https:\/\/spectrebaltics.com\/toode\/tyrolit-lamellkettas-150x22-za-80-inox-steel\/#webpage\",\"url\":\"https:\/\/spectrebaltics.com\/toode\/tyrolit-lamellkettas-150x22-za-80-inox-steel\/\",\"name\":\"Tyrolit Lamellkettas 150x22 ZA-80, INOX+Steel*\",\"isPartOf\":{\"@id\":\"https:\/\/spectrebaltics.com\/ru\/#website\"},\"primaryImageOfPage\":{\"@id\":\"https:\/\/spectrebaltics.com\/toode\/tyrolit-lamellkettas-150x22-za-80-inox-steel\/#primaryimage\"},\"datePublished\":\"2024-06-03T11:07:41+00:00\",\"dateModified\":\"2024-06-03T11:07:55+00:00\",\"breadcrumb\":{\"@id\":\"https:\/\/spectrebaltics.com\/toode\/tyrolit-lamellkettas-150x22-za-80-inox-steel\/#breadcrumb\"},\"inLanguage\":\"ru-RU\",\"potentialAction\":[{\"@type\":\"ReadAction\",\"target\":[\"https:\/\/spectrebaltics.com\/toode\/tyrolit-lamellkettas-150x22-za-80-inox-steel\/\"]}]},{\"@type\":\"BreadcrumbList\",\"@id\":\"https:\/\/spectrebaltics.com\/toode\/tyrolit-lamellkettas-150x22-za-80-inox-steel\/#breadcrumb\",\"itemListElement\":[{\"@type\":\"ListItem\",\"position\":1,\"name\":\"Home\",\"item\":\"https:\/\/spectrebaltics.com\/ru\/\"},{\"@type\":\"ListItem\",\"position\":2,\"name\":\"\u041a\u0430\u0442\u0430\u043b\u043e\u0433\",\"item\":\"https:\/\/spectrebaltics.com\/ru\/katalog\/\"},{\"@type\":\"ListItem\",\"position\":3,\"name\":\"Tyrolit Lamellkettas 150&#215;22 ZA-80, INOX+Steel*\"}]}]}<\/script>\n<!-- \/ Yoast SEO plugin. -->","yoast_head_json":{"title":"Tyrolit Lamellkettas 150x22 ZA-80, INOX+Steel*","robots":{"index":"index","follow":"follow","max-snippet":"max-snippet:-1","max-image-preview":"max-image-preview:large","max-video-preview":"max-video-preview:-1"},"canonical":"https:\/\/spectrebaltics.com\/toode\/tyrolit-lamellkettas-150x22-za-80-inox-steel\/","og_locale":"ru_RU","og_type":"article","og_title":"Tyrolit Lamellkettas 150x22 ZA-80, INOX+Steel*","og_description":"BASIC 2in1 klappketas pakub head spetsiifilist varude eemaldamist. T\u00e4nu uuele uuendusele saavutab BASIC klappketas ka enneolematu kasutusea ja j\u00f5udluse kasvu 30%. TYROLIT 2in1 klappkettaid kasutatakse k\u00f5rglegeeritud terastel ja roostevabal terasel, samuti legeerimata ja v\u00e4helegeeritud terastel. Omadused Paksus 22,23 mm L\u00e4bim\u00f5\u00f5t 150 mm P\u00f5hitootesari DxH 150&#215;22,23 Spetsifikatsioon ZA 80 Q-B Maksimaalne p\u00f6\u00f6rlemiskiirus: 50 m\/sek Kuju: 27A...","og_url":"https:\/\/spectrebaltics.com\/toode\/tyrolit-lamellkettas-150x22-za-80-inox-steel\/","og_site_name":"Spectrebaltics","article_modified_time":"2024-06-03T11:07:55+00:00","og_image":[{"width":1280,"height":1280,"url":"https:\/\/spectrebaltics.com\/wp-content\/uploads\/2024\/06\/tyrolit_faecherscheibe_dxh_150x2223_2in1_fuer_stahl_edelstahl_p40_form_27ae_-_gekroepfte_aeusfuehrung_glasfasertraegerkoerperausfuehrung_aert._34318393-1_1920x1920.jpg","type":"image\/jpeg"}],"twitter_card":"summary_large_image","schema":{"@context":"https:\/\/schema.org","@graph":[{"@type":"Organization","@id":"https:\/\/spectrebaltics.com\/ru\/#organization","name":"Spectrebaltics","url":"https:\/\/spectrebaltics.com\/ru\/","sameAs":[],"logo":{"@type":"ImageObject","@id":"https:\/\/spectrebaltics.com\/ru\/#logo","inLanguage":"ru-RU","url":"https:\/\/spectrebaltics.com\/wp-content\/uploads\/2024\/03\/Spectrebaltics-logo.svg","contentUrl":"https:\/\/spectrebaltics.com\/wp-content\/uploads\/2024\/03\/Spectrebaltics-logo.svg","caption":"Spectrebaltics"},"image":{"@id":"https:\/\/spectrebaltics.com\/ru\/#logo"}},{"@type":"WebSite","@id":"https:\/\/spectrebaltics.com\/ru\/#website","url":"https:\/\/spectrebaltics.com\/ru\/","name":"Spectrebaltics","description":"","publisher":{"@id":"https:\/\/spectrebaltics.com\/ru\/#organization"},"potentialAction":[{"@type":"SearchAction","target":{"@type":"EntryPoint","urlTemplate":"https:\/\/spectrebaltics.com\/ru\/?s={search_term_string}"},"query-input":"required name=search_term_string"}],"inLanguage":"ru-RU"},{"@type":"ImageObject","@id":"https:\/\/spectrebaltics.com\/toode\/tyrolit-lamellkettas-150x22-za-80-inox-steel\/#primaryimage","inLanguage":"ru-RU","url":"https:\/\/spectrebaltics.com\/wp-content\/uploads\/2024\/06\/tyrolit_faecherscheibe_dxh_150x2223_2in1_fuer_stahl_edelstahl_p40_form_27ae_-_gekroepfte_aeusfuehrung_glasfasertraegerkoerperausfuehrung_aert._34318393-1_1920x1920.jpg","contentUrl":"https:\/\/spectrebaltics.com\/wp-content\/uploads\/2024\/06\/tyrolit_faecherscheibe_dxh_150x2223_2in1_fuer_stahl_edelstahl_p40_form_27ae_-_gekroepfte_aeusfuehrung_glasfasertraegerkoerperausfuehrung_aert._34318393-1_1920x1920.jpg","width":1280,"height":1280},{"@type":"WebPage","@id":"https:\/\/spectrebaltics.com\/toode\/tyrolit-lamellkettas-150x22-za-80-inox-steel\/#webpage","url":"https:\/\/spectrebaltics.com\/toode\/tyrolit-lamellkettas-150x22-za-80-inox-steel\/","name":"Tyrolit Lamellkettas 150x22 ZA-80, INOX+Steel*","isPartOf":{"@id":"https:\/\/spectrebaltics.com\/ru\/#website"},"primaryImageOfPage":{"@id":"https:\/\/spectrebaltics.com\/toode\/tyrolit-lamellkettas-150x22-za-80-inox-steel\/#primaryimage"},"datePublished":"2024-06-03T11:07:41+00:00","dateModified":"2024-06-03T11:07:55+00:00","breadcrumb":{"@id":"https:\/\/spectrebaltics.com\/toode\/tyrolit-lamellkettas-150x22-za-80-inox-steel\/#breadcrumb"},"inLanguage":"ru-RU","potentialAction":[{"@type":"ReadAction","target":["https:\/\/spectrebaltics.com\/toode\/tyrolit-lamellkettas-150x22-za-80-inox-steel\/"]}]},{"@type":"BreadcrumbList","@id":"https:\/\/spectrebaltics.com\/toode\/tyrolit-lamellkettas-150x22-za-80-inox-steel\/#breadcrumb","itemListElement":[{"@type":"ListItem","position":1,"name":"Home","item":"https:\/\/spectrebaltics.com\/ru\/"},{"@type":"ListItem","position":2,"name":"\u041a\u0430\u0442\u0430\u043b\u043e\u0433","item":"https:\/\/spectrebaltics.com\/ru\/katalog\/"},{"@type":"ListItem","position":3,"name":"Tyrolit Lamellkettas 150&#215;22 ZA-80, INOX+Steel*"}]}]}},"_links":{"self":[{"href":"https:\/\/spectrebaltics.com\/ru\/wp-json\/wp\/v2\/product\/9246"}],"collection":[{"href":"https:\/\/spectrebaltics.com\/ru\/wp-json\/wp\/v2\/product"}],"about":[{"href":"https:\/\/spectrebaltics.com\/ru\/wp-json\/wp\/v2\/types\/product"}],"wp:featuredmedia":[{"embeddable":true,"href":"https:\/\/spectrebaltics.com\/ru\/wp-json\/wp\/v2\/media\/9239"}],"wp:attachment":[{"href":"https:\/\/spectrebaltics.com\/ru\/wp-json\/wp\/v2\/media?parent=9246"}],"wp:term":[{"taxonomy":"product_cat","embeddable":true,"href":"https:\/\/spectrebaltics.com\/ru\/wp-json\/wp\/v2\/product_cat?post=9246"},{"taxonomy":"product_tag","embeddable":true,"href":"https:\/\/spectrebaltics.com\/ru\/wp-json\/wp\/v2\/product_tag?post=9246"}],"curies":[{"name":"wp","href":"https:\/\/api.w.org\/{rel}","templated":true}]}}