{"id":9247,"date":"2024-06-03T11:19:29","date_gmt":"2024-06-03T11:19:29","guid":{"rendered":"https:\/\/spectrebaltics.com\/?post_type=product&#038;p=9247"},"modified":"2024-06-03T11:19:29","modified_gmt":"2024-06-03T11:19:29","slug":"tyrolit-lamellrull-1la-vls-c-x-100x100x191-s-4-c80-medium-premium","status":"publish","type":"product","link":"https:\/\/spectrebaltics.com\/ru\/toode\/tyrolit-lamellrull-1la-vls-c-x-100x100x191-s-4-c80-medium-premium\/","title":{"rendered":"Tyrolit Lamellrull 1LA VLS-C X 100x100x19,1 S-4 C80\/MEDIUM Premium***"},"content":{"rendered":"<p>PREMIUM spiraalrullikute patenteeritud kuju v\u00f5imaldab h\u00f5lpsalt ja mugavalt t\u00f6\u00f6tada terase, roostevaba terase ja v\u00e4rviliste metallide keerulistel pindadel ilma k\u00fclgsuunalise k\u00f5rvalekaldeta. T\u00fc\u00fcpilised rullij\u00e4ljed t\u00f6\u00f6deldaval detailil on selle rulliga minevik, suurendades oluliselt tootlikkust, kuna puudub vajadus lihvimisprotsesse korrata. Lisaks v\u00e4heneb oluliselt vibratsioon ja t\u00f6\u00f6koormus on viidud miinimumini. Mugav ja intuitiivne t\u00f6\u00f6tamine selle t\u00f6\u00f6riistaga ei n\u00f5ua pikaajalist treeningperioodi \u2013 saate koheselt saavutada parimad tulemuse.<\/p>\n<p>Terasele, roostevabale terasele ja v\u00e4rvilistele metallidele<\/p>\n","protected":false},"excerpt":{"rendered":"<p>PREMIUM spiraalrullikute patenteeritud kuju v\u00f5imaldab h\u00f5lpsalt ja mugavalt t\u00f6\u00f6tada terase, roostevaba terase ja v\u00e4rviliste metallide keerulistel pindadel ilma k\u00fclgsuunalise k\u00f5rvalekaldeta. T\u00fc\u00fcpilised rullij\u00e4ljed t\u00f6\u00f6deldaval detailil on selle rulliga minevik, suurendades oluliselt tootlikkust, kuna puudub vajadus lihvimisprotsesse korrata. Lisaks v\u00e4heneb oluliselt vibratsioon ja t\u00f6\u00f6koormus on viidud miinimumini. Mugav ja intuitiivne t\u00f6\u00f6tamine selle t\u00f6\u00f6riistaga ei n\u00f5ua pikaajalist treeningperioodi&#8230;<\/p>\n","protected":false},"featured_media":9248,"template":"","meta":[],"product_cat":[89,91],"product_tag":[],"yoast_head":"<!-- This site is optimized with the Yoast SEO plugin v18.4.1 - https:\/\/yoast.com\/wordpress\/plugins\/seo\/ -->\n<title>Tyrolit Lamellrull 1LA VLS-C X 100x100x19,1 S-4 C80\/MEDIUM Premium***<\/title>\n<meta name=\"robots\" content=\"index, follow, max-snippet:-1, max-image-preview:large, max-video-preview:-1\" \/>\n<link rel=\"canonical\" href=\"https:\/\/spectrebaltics.com\/toode\/tyrolit-lamellrull-1la-vls-c-x-100x100x191-s-4-c80-medium-premium\/\" \/>\n<meta property=\"og:locale\" content=\"ru_RU\" \/>\n<meta property=\"og:type\" content=\"article\" \/>\n<meta property=\"og:title\" content=\"Tyrolit Lamellrull 1LA VLS-C X 100x100x19,1 S-4 C80\/MEDIUM Premium***\" \/>\n<meta property=\"og:description\" content=\"PREMIUM spiraalrullikute patenteeritud kuju v\u00f5imaldab h\u00f5lpsalt ja mugavalt t\u00f6\u00f6tada terase, roostevaba terase ja v\u00e4rviliste metallide keerulistel pindadel ilma k\u00fclgsuunalise k\u00f5rvalekaldeta. T\u00fc\u00fcpilised rullij\u00e4ljed t\u00f6\u00f6deldaval detailil on selle rulliga minevik, suurendades oluliselt tootlikkust, kuna puudub vajadus lihvimisprotsesse korrata. Lisaks v\u00e4heneb oluliselt vibratsioon ja t\u00f6\u00f6koormus on viidud miinimumini. Mugav ja intuitiivne t\u00f6\u00f6tamine selle t\u00f6\u00f6riistaga ei n\u00f5ua pikaajalist treeningperioodi...\" \/>\n<meta property=\"og:url\" content=\"https:\/\/spectrebaltics.com\/toode\/tyrolit-lamellrull-1la-vls-c-x-100x100x191-s-4-c80-medium-premium\/\" \/>\n<meta property=\"og:site_name\" content=\"Spectrebaltics\" \/>\n<meta property=\"og:image\" content=\"https:\/\/spectrebaltics.com\/wp-content\/uploads\/2024\/06\/tyrolit_spirael_walzen_dxtxh_100x100x191_fuer_stahl_edelstahl_und_nichteisenmetalle_p80_c_medium_form_1lae_aert._94234-1_1920x1920.jpg\" \/>\n\t<meta property=\"og:image:width\" content=\"1280\" \/>\n\t<meta property=\"og:image:height\" content=\"1280\" \/>\n\t<meta property=\"og:image:type\" content=\"image\/jpeg\" \/>\n<meta name=\"twitter:card\" content=\"summary_large_image\" \/>\n<script type=\"application\/ld+json\" class=\"yoast-schema-graph\">{\"@context\":\"https:\/\/schema.org\",\"@graph\":[{\"@type\":\"Organization\",\"@id\":\"https:\/\/spectrebaltics.com\/ru\/#organization\",\"name\":\"Spectrebaltics\",\"url\":\"https:\/\/spectrebaltics.com\/ru\/\",\"sameAs\":[],\"logo\":{\"@type\":\"ImageObject\",\"@id\":\"https:\/\/spectrebaltics.com\/ru\/#logo\",\"inLanguage\":\"ru-RU\",\"url\":\"https:\/\/spectrebaltics.com\/wp-content\/uploads\/2024\/03\/Spectrebaltics-logo.svg\",\"contentUrl\":\"https:\/\/spectrebaltics.com\/wp-content\/uploads\/2024\/03\/Spectrebaltics-logo.svg\",\"caption\":\"Spectrebaltics\"},\"image\":{\"@id\":\"https:\/\/spectrebaltics.com\/ru\/#logo\"}},{\"@type\":\"WebSite\",\"@id\":\"https:\/\/spectrebaltics.com\/ru\/#website\",\"url\":\"https:\/\/spectrebaltics.com\/ru\/\",\"name\":\"Spectrebaltics\",\"description\":\"\",\"publisher\":{\"@id\":\"https:\/\/spectrebaltics.com\/ru\/#organization\"},\"potentialAction\":[{\"@type\":\"SearchAction\",\"target\":{\"@type\":\"EntryPoint\",\"urlTemplate\":\"https:\/\/spectrebaltics.com\/ru\/?s={search_term_string}\"},\"query-input\":\"required name=search_term_string\"}],\"inLanguage\":\"ru-RU\"},{\"@type\":\"ImageObject\",\"@id\":\"https:\/\/spectrebaltics.com\/toode\/tyrolit-lamellrull-1la-vls-c-x-100x100x191-s-4-c80-medium-premium\/#primaryimage\",\"inLanguage\":\"ru-RU\",\"url\":\"https:\/\/spectrebaltics.com\/wp-content\/uploads\/2024\/06\/tyrolit_spirael_walzen_dxtxh_100x100x191_fuer_stahl_edelstahl_und_nichteisenmetalle_p80_c_medium_form_1lae_aert._94234-1_1920x1920.jpg\",\"contentUrl\":\"https:\/\/spectrebaltics.com\/wp-content\/uploads\/2024\/06\/tyrolit_spirael_walzen_dxtxh_100x100x191_fuer_stahl_edelstahl_und_nichteisenmetalle_p80_c_medium_form_1lae_aert._94234-1_1920x1920.jpg\",\"width\":1280,\"height\":1280},{\"@type\":\"WebPage\",\"@id\":\"https:\/\/spectrebaltics.com\/toode\/tyrolit-lamellrull-1la-vls-c-x-100x100x191-s-4-c80-medium-premium\/#webpage\",\"url\":\"https:\/\/spectrebaltics.com\/toode\/tyrolit-lamellrull-1la-vls-c-x-100x100x191-s-4-c80-medium-premium\/\",\"name\":\"Tyrolit Lamellrull 1LA VLS-C X 100x100x19,1 S-4 C80\/MEDIUM Premium***\",\"isPartOf\":{\"@id\":\"https:\/\/spectrebaltics.com\/ru\/#website\"},\"primaryImageOfPage\":{\"@id\":\"https:\/\/spectrebaltics.com\/toode\/tyrolit-lamellrull-1la-vls-c-x-100x100x191-s-4-c80-medium-premium\/#primaryimage\"},\"datePublished\":\"2024-06-03T11:19:29+00:00\",\"dateModified\":\"2024-06-03T11:19:29+00:00\",\"breadcrumb\":{\"@id\":\"https:\/\/spectrebaltics.com\/toode\/tyrolit-lamellrull-1la-vls-c-x-100x100x191-s-4-c80-medium-premium\/#breadcrumb\"},\"inLanguage\":\"ru-RU\",\"potentialAction\":[{\"@type\":\"ReadAction\",\"target\":[\"https:\/\/spectrebaltics.com\/toode\/tyrolit-lamellrull-1la-vls-c-x-100x100x191-s-4-c80-medium-premium\/\"]}]},{\"@type\":\"BreadcrumbList\",\"@id\":\"https:\/\/spectrebaltics.com\/toode\/tyrolit-lamellrull-1la-vls-c-x-100x100x191-s-4-c80-medium-premium\/#breadcrumb\",\"itemListElement\":[{\"@type\":\"ListItem\",\"position\":1,\"name\":\"Home\",\"item\":\"https:\/\/spectrebaltics.com\/ru\/\"},{\"@type\":\"ListItem\",\"position\":2,\"name\":\"\u041a\u0430\u0442\u0430\u043b\u043e\u0433\",\"item\":\"https:\/\/spectrebaltics.com\/ru\/katalog\/\"},{\"@type\":\"ListItem\",\"position\":3,\"name\":\"Tyrolit Lamellrull 1LA VLS-C X 100x100x19,1 S-4 C80\/MEDIUM Premium***\"}]}]}<\/script>\n<!-- \/ Yoast SEO plugin. -->","yoast_head_json":{"title":"Tyrolit Lamellrull 1LA VLS-C X 100x100x19,1 S-4 C80\/MEDIUM Premium***","robots":{"index":"index","follow":"follow","max-snippet":"max-snippet:-1","max-image-preview":"max-image-preview:large","max-video-preview":"max-video-preview:-1"},"canonical":"https:\/\/spectrebaltics.com\/toode\/tyrolit-lamellrull-1la-vls-c-x-100x100x191-s-4-c80-medium-premium\/","og_locale":"ru_RU","og_type":"article","og_title":"Tyrolit Lamellrull 1LA VLS-C X 100x100x19,1 S-4 C80\/MEDIUM Premium***","og_description":"PREMIUM spiraalrullikute patenteeritud kuju v\u00f5imaldab h\u00f5lpsalt ja mugavalt t\u00f6\u00f6tada terase, roostevaba terase ja v\u00e4rviliste metallide keerulistel pindadel ilma k\u00fclgsuunalise k\u00f5rvalekaldeta. T\u00fc\u00fcpilised rullij\u00e4ljed t\u00f6\u00f6deldaval detailil on selle rulliga minevik, suurendades oluliselt tootlikkust, kuna puudub vajadus lihvimisprotsesse korrata. Lisaks v\u00e4heneb oluliselt vibratsioon ja t\u00f6\u00f6koormus on viidud miinimumini. Mugav ja intuitiivne t\u00f6\u00f6tamine selle t\u00f6\u00f6riistaga ei n\u00f5ua pikaajalist treeningperioodi...","og_url":"https:\/\/spectrebaltics.com\/toode\/tyrolit-lamellrull-1la-vls-c-x-100x100x191-s-4-c80-medium-premium\/","og_site_name":"Spectrebaltics","og_image":[{"width":1280,"height":1280,"url":"https:\/\/spectrebaltics.com\/wp-content\/uploads\/2024\/06\/tyrolit_spirael_walzen_dxtxh_100x100x191_fuer_stahl_edelstahl_und_nichteisenmetalle_p80_c_medium_form_1lae_aert._94234-1_1920x1920.jpg","type":"image\/jpeg"}],"twitter_card":"summary_large_image","schema":{"@context":"https:\/\/schema.org","@graph":[{"@type":"Organization","@id":"https:\/\/spectrebaltics.com\/ru\/#organization","name":"Spectrebaltics","url":"https:\/\/spectrebaltics.com\/ru\/","sameAs":[],"logo":{"@type":"ImageObject","@id":"https:\/\/spectrebaltics.com\/ru\/#logo","inLanguage":"ru-RU","url":"https:\/\/spectrebaltics.com\/wp-content\/uploads\/2024\/03\/Spectrebaltics-logo.svg","contentUrl":"https:\/\/spectrebaltics.com\/wp-content\/uploads\/2024\/03\/Spectrebaltics-logo.svg","caption":"Spectrebaltics"},"image":{"@id":"https:\/\/spectrebaltics.com\/ru\/#logo"}},{"@type":"WebSite","@id":"https:\/\/spectrebaltics.com\/ru\/#website","url":"https:\/\/spectrebaltics.com\/ru\/","name":"Spectrebaltics","description":"","publisher":{"@id":"https:\/\/spectrebaltics.com\/ru\/#organization"},"potentialAction":[{"@type":"SearchAction","target":{"@type":"EntryPoint","urlTemplate":"https:\/\/spectrebaltics.com\/ru\/?s={search_term_string}"},"query-input":"required name=search_term_string"}],"inLanguage":"ru-RU"},{"@type":"ImageObject","@id":"https:\/\/spectrebaltics.com\/toode\/tyrolit-lamellrull-1la-vls-c-x-100x100x191-s-4-c80-medium-premium\/#primaryimage","inLanguage":"ru-RU","url":"https:\/\/spectrebaltics.com\/wp-content\/uploads\/2024\/06\/tyrolit_spirael_walzen_dxtxh_100x100x191_fuer_stahl_edelstahl_und_nichteisenmetalle_p80_c_medium_form_1lae_aert._94234-1_1920x1920.jpg","contentUrl":"https:\/\/spectrebaltics.com\/wp-content\/uploads\/2024\/06\/tyrolit_spirael_walzen_dxtxh_100x100x191_fuer_stahl_edelstahl_und_nichteisenmetalle_p80_c_medium_form_1lae_aert._94234-1_1920x1920.jpg","width":1280,"height":1280},{"@type":"WebPage","@id":"https:\/\/spectrebaltics.com\/toode\/tyrolit-lamellrull-1la-vls-c-x-100x100x191-s-4-c80-medium-premium\/#webpage","url":"https:\/\/spectrebaltics.com\/toode\/tyrolit-lamellrull-1la-vls-c-x-100x100x191-s-4-c80-medium-premium\/","name":"Tyrolit Lamellrull 1LA VLS-C X 100x100x19,1 S-4 C80\/MEDIUM Premium***","isPartOf":{"@id":"https:\/\/spectrebaltics.com\/ru\/#website"},"primaryImageOfPage":{"@id":"https:\/\/spectrebaltics.com\/toode\/tyrolit-lamellrull-1la-vls-c-x-100x100x191-s-4-c80-medium-premium\/#primaryimage"},"datePublished":"2024-06-03T11:19:29+00:00","dateModified":"2024-06-03T11:19:29+00:00","breadcrumb":{"@id":"https:\/\/spectrebaltics.com\/toode\/tyrolit-lamellrull-1la-vls-c-x-100x100x191-s-4-c80-medium-premium\/#breadcrumb"},"inLanguage":"ru-RU","potentialAction":[{"@type":"ReadAction","target":["https:\/\/spectrebaltics.com\/toode\/tyrolit-lamellrull-1la-vls-c-x-100x100x191-s-4-c80-medium-premium\/"]}]},{"@type":"BreadcrumbList","@id":"https:\/\/spectrebaltics.com\/toode\/tyrolit-lamellrull-1la-vls-c-x-100x100x191-s-4-c80-medium-premium\/#breadcrumb","itemListElement":[{"@type":"ListItem","position":1,"name":"Home","item":"https:\/\/spectrebaltics.com\/ru\/"},{"@type":"ListItem","position":2,"name":"\u041a\u0430\u0442\u0430\u043b\u043e\u0433","item":"https:\/\/spectrebaltics.com\/ru\/katalog\/"},{"@type":"ListItem","position":3,"name":"Tyrolit Lamellrull 1LA VLS-C X 100x100x19,1 S-4 C80\/MEDIUM Premium***"}]}]}},"_links":{"self":[{"href":"https:\/\/spectrebaltics.com\/ru\/wp-json\/wp\/v2\/product\/9247"}],"collection":[{"href":"https:\/\/spectrebaltics.com\/ru\/wp-json\/wp\/v2\/product"}],"about":[{"href":"https:\/\/spectrebaltics.com\/ru\/wp-json\/wp\/v2\/types\/product"}],"wp:featuredmedia":[{"embeddable":true,"href":"https:\/\/spectrebaltics.com\/ru\/wp-json\/wp\/v2\/media\/9248"}],"wp:attachment":[{"href":"https:\/\/spectrebaltics.com\/ru\/wp-json\/wp\/v2\/media?parent=9247"}],"wp:term":[{"taxonomy":"product_cat","embeddable":true,"href":"https:\/\/spectrebaltics.com\/ru\/wp-json\/wp\/v2\/product_cat?post=9247"},{"taxonomy":"product_tag","embeddable":true,"href":"https:\/\/spectrebaltics.com\/ru\/wp-json\/wp\/v2\/product_tag?post=9247"}],"curies":[{"name":"wp","href":"https:\/\/api.w.org\/{rel}","templated":true}]}}