{"id":9271,"date":"2024-06-03T11:56:25","date_gmt":"2024-06-03T11:56:25","guid":{"rendered":"https:\/\/spectrebaltics.com\/?post_type=product&#038;p=9271"},"modified":"2024-06-03T11:56:25","modified_gmt":"2024-06-03T11:56:25","slug":"3m-984f-lihvlint-150x2000mm-36","status":"publish","type":"product","link":"https:\/\/spectrebaltics.com\/ru\/toode\/3m-984f-lihvlint-150x2000mm-36\/","title":{"rendered":"3M 984F lihvlint 150x2000mm 36+"},"content":{"rendered":"<p>3M\u2122 Cubitron\u2122 II riidest rihmad 984F pakuvad revolutsioonilist j\u00f5udlust 3M Precision Shaped Grainiga, mis l\u00f5ikab l\u00e4bi metalli puhtaks.\u00a0 984F rihmad sisaldavad lihvimisabi, mist\u00f5ttu on see ideaalne keskmise ja k\u00f5rge r\u00f5huga rakenduste jaoks.<\/p>\n<p>3M\u2122 Cubitron\u2122 II riiderihmad 984F tagavad kiire l\u00f5ike ja v\u00e4hendavad kuumenemist, tagavad \u00fchtlase viimistluse kogu toote eluea jooksul, v\u00e4listades samal ajal p\u00f5letamise l\u00f5pptera lihvimisel. Riiderihmad kasutavad 3M\u2122 keraamilist abrasiivtera, mis on elektrostaatiliselt orienteeritud, et moodustada teravaid piike, mis toimivad nagu \u00fcksikud l\u00f5ikeriistad, l\u00f5ikades metalli kiiresti l\u00e4bi.<\/p>\n","protected":false},"excerpt":{"rendered":"<p>3M\u2122 Cubitron\u2122 II riidest rihmad 984F pakuvad revolutsioonilist j\u00f5udlust 3M Precision Shaped Grainiga, mis l\u00f5ikab l\u00e4bi metalli puhtaks.\u00a0 984F rihmad sisaldavad lihvimisabi, mist\u00f5ttu on see ideaalne keskmise ja k\u00f5rge r\u00f5huga rakenduste jaoks. 3M\u2122 Cubitron\u2122 II riiderihmad 984F tagavad kiire l\u00f5ike ja v\u00e4hendavad kuumenemist, tagavad \u00fchtlase viimistluse kogu toote eluea jooksul, v\u00e4listades samal ajal p\u00f5letamise l\u00f5pptera&#8230;<\/p>\n","protected":false},"featured_media":9275,"template":"","meta":[],"product_cat":[89,95],"product_tag":[],"yoast_head":"<!-- This site is optimized with the Yoast SEO plugin v18.4.1 - https:\/\/yoast.com\/wordpress\/plugins\/seo\/ -->\n<title>3M 984F lihvlint 150x2000mm 36+<\/title>\n<meta name=\"robots\" content=\"index, follow, max-snippet:-1, max-image-preview:large, max-video-preview:-1\" \/>\n<link rel=\"canonical\" href=\"https:\/\/spectrebaltics.com\/toode\/3m-984f-lihvlint-150x2000mm-36\/\" \/>\n<meta property=\"og:locale\" content=\"ru_RU\" \/>\n<meta property=\"og:type\" content=\"article\" \/>\n<meta property=\"og:title\" content=\"3M 984F lihvlint 150x2000mm 36+\" \/>\n<meta property=\"og:description\" content=\"3M\u2122 Cubitron\u2122 II riidest rihmad 984F pakuvad revolutsioonilist j\u00f5udlust 3M Precision Shaped Grainiga, mis l\u00f5ikab l\u00e4bi metalli puhtaks.\u00a0 984F rihmad sisaldavad lihvimisabi, mist\u00f5ttu on see ideaalne keskmise ja k\u00f5rge r\u00f5huga rakenduste jaoks. 3M\u2122 Cubitron\u2122 II riiderihmad 984F tagavad kiire l\u00f5ike ja v\u00e4hendavad kuumenemist, tagavad \u00fchtlase viimistluse kogu toote eluea jooksul, v\u00e4listades samal ajal p\u00f5letamise l\u00f5pptera...\" \/>\n<meta property=\"og:url\" content=\"https:\/\/spectrebaltics.com\/toode\/3m-984f-lihvlint-150x2000mm-36\/\" \/>\n<meta property=\"og:site_name\" content=\"Spectrebaltics\" \/>\n<meta name=\"twitter:card\" content=\"summary_large_image\" \/>\n<meta name=\"twitter:image\" content=\"https:\/\/spectrebaltics.com\/wp-content\/uploads\/2024\/06\/984f-1000x1000-1.webp\" \/>\n<script type=\"application\/ld+json\" class=\"yoast-schema-graph\">{\"@context\":\"https:\/\/schema.org\",\"@graph\":[{\"@type\":\"Organization\",\"@id\":\"https:\/\/spectrebaltics.com\/ru\/#organization\",\"name\":\"Spectrebaltics\",\"url\":\"https:\/\/spectrebaltics.com\/ru\/\",\"sameAs\":[],\"logo\":{\"@type\":\"ImageObject\",\"@id\":\"https:\/\/spectrebaltics.com\/ru\/#logo\",\"inLanguage\":\"ru-RU\",\"url\":\"https:\/\/spectrebaltics.com\/wp-content\/uploads\/2024\/03\/Spectrebaltics-logo.svg\",\"contentUrl\":\"https:\/\/spectrebaltics.com\/wp-content\/uploads\/2024\/03\/Spectrebaltics-logo.svg\",\"caption\":\"Spectrebaltics\"},\"image\":{\"@id\":\"https:\/\/spectrebaltics.com\/ru\/#logo\"}},{\"@type\":\"WebSite\",\"@id\":\"https:\/\/spectrebaltics.com\/ru\/#website\",\"url\":\"https:\/\/spectrebaltics.com\/ru\/\",\"name\":\"Spectrebaltics\",\"description\":\"\",\"publisher\":{\"@id\":\"https:\/\/spectrebaltics.com\/ru\/#organization\"},\"potentialAction\":[{\"@type\":\"SearchAction\",\"target\":{\"@type\":\"EntryPoint\",\"urlTemplate\":\"https:\/\/spectrebaltics.com\/ru\/?s={search_term_string}\"},\"query-input\":\"required name=search_term_string\"}],\"inLanguage\":\"ru-RU\"},{\"@type\":\"ImageObject\",\"@id\":\"https:\/\/spectrebaltics.com\/toode\/3m-984f-lihvlint-150x2000mm-36\/#primaryimage\",\"inLanguage\":\"ru-RU\",\"url\":\"https:\/\/spectrebaltics.com\/wp-content\/uploads\/2024\/06\/984f-1000x1000-1.webp\",\"contentUrl\":\"https:\/\/spectrebaltics.com\/wp-content\/uploads\/2024\/06\/984f-1000x1000-1.webp\",\"width\":1000,\"height\":1000},{\"@type\":\"WebPage\",\"@id\":\"https:\/\/spectrebaltics.com\/toode\/3m-984f-lihvlint-150x2000mm-36\/#webpage\",\"url\":\"https:\/\/spectrebaltics.com\/toode\/3m-984f-lihvlint-150x2000mm-36\/\",\"name\":\"3M 984F lihvlint 150x2000mm 36+\",\"isPartOf\":{\"@id\":\"https:\/\/spectrebaltics.com\/ru\/#website\"},\"primaryImageOfPage\":{\"@id\":\"https:\/\/spectrebaltics.com\/toode\/3m-984f-lihvlint-150x2000mm-36\/#primaryimage\"},\"datePublished\":\"2024-06-03T11:56:25+00:00\",\"dateModified\":\"2024-06-03T11:56:25+00:00\",\"breadcrumb\":{\"@id\":\"https:\/\/spectrebaltics.com\/toode\/3m-984f-lihvlint-150x2000mm-36\/#breadcrumb\"},\"inLanguage\":\"ru-RU\",\"potentialAction\":[{\"@type\":\"ReadAction\",\"target\":[\"https:\/\/spectrebaltics.com\/toode\/3m-984f-lihvlint-150x2000mm-36\/\"]}]},{\"@type\":\"BreadcrumbList\",\"@id\":\"https:\/\/spectrebaltics.com\/toode\/3m-984f-lihvlint-150x2000mm-36\/#breadcrumb\",\"itemListElement\":[{\"@type\":\"ListItem\",\"position\":1,\"name\":\"Home\",\"item\":\"https:\/\/spectrebaltics.com\/ru\/\"},{\"@type\":\"ListItem\",\"position\":2,\"name\":\"\u041a\u0430\u0442\u0430\u043b\u043e\u0433\",\"item\":\"https:\/\/spectrebaltics.com\/ru\/katalog\/\"},{\"@type\":\"ListItem\",\"position\":3,\"name\":\"3M 984F lihvlint 150x2000mm 36+\"}]}]}<\/script>\n<!-- \/ Yoast SEO plugin. -->","yoast_head_json":{"title":"3M 984F lihvlint 150x2000mm 36+","robots":{"index":"index","follow":"follow","max-snippet":"max-snippet:-1","max-image-preview":"max-image-preview:large","max-video-preview":"max-video-preview:-1"},"canonical":"https:\/\/spectrebaltics.com\/toode\/3m-984f-lihvlint-150x2000mm-36\/","og_locale":"ru_RU","og_type":"article","og_title":"3M 984F lihvlint 150x2000mm 36+","og_description":"3M\u2122 Cubitron\u2122 II riidest rihmad 984F pakuvad revolutsioonilist j\u00f5udlust 3M Precision Shaped Grainiga, mis l\u00f5ikab l\u00e4bi metalli puhtaks.\u00a0 984F rihmad sisaldavad lihvimisabi, mist\u00f5ttu on see ideaalne keskmise ja k\u00f5rge r\u00f5huga rakenduste jaoks. 3M\u2122 Cubitron\u2122 II riiderihmad 984F tagavad kiire l\u00f5ike ja v\u00e4hendavad kuumenemist, tagavad \u00fchtlase viimistluse kogu toote eluea jooksul, v\u00e4listades samal ajal p\u00f5letamise l\u00f5pptera...","og_url":"https:\/\/spectrebaltics.com\/toode\/3m-984f-lihvlint-150x2000mm-36\/","og_site_name":"Spectrebaltics","twitter_card":"summary_large_image","twitter_image":"https:\/\/spectrebaltics.com\/wp-content\/uploads\/2024\/06\/984f-1000x1000-1.webp","schema":{"@context":"https:\/\/schema.org","@graph":[{"@type":"Organization","@id":"https:\/\/spectrebaltics.com\/ru\/#organization","name":"Spectrebaltics","url":"https:\/\/spectrebaltics.com\/ru\/","sameAs":[],"logo":{"@type":"ImageObject","@id":"https:\/\/spectrebaltics.com\/ru\/#logo","inLanguage":"ru-RU","url":"https:\/\/spectrebaltics.com\/wp-content\/uploads\/2024\/03\/Spectrebaltics-logo.svg","contentUrl":"https:\/\/spectrebaltics.com\/wp-content\/uploads\/2024\/03\/Spectrebaltics-logo.svg","caption":"Spectrebaltics"},"image":{"@id":"https:\/\/spectrebaltics.com\/ru\/#logo"}},{"@type":"WebSite","@id":"https:\/\/spectrebaltics.com\/ru\/#website","url":"https:\/\/spectrebaltics.com\/ru\/","name":"Spectrebaltics","description":"","publisher":{"@id":"https:\/\/spectrebaltics.com\/ru\/#organization"},"potentialAction":[{"@type":"SearchAction","target":{"@type":"EntryPoint","urlTemplate":"https:\/\/spectrebaltics.com\/ru\/?s={search_term_string}"},"query-input":"required name=search_term_string"}],"inLanguage":"ru-RU"},{"@type":"ImageObject","@id":"https:\/\/spectrebaltics.com\/toode\/3m-984f-lihvlint-150x2000mm-36\/#primaryimage","inLanguage":"ru-RU","url":"https:\/\/spectrebaltics.com\/wp-content\/uploads\/2024\/06\/984f-1000x1000-1.webp","contentUrl":"https:\/\/spectrebaltics.com\/wp-content\/uploads\/2024\/06\/984f-1000x1000-1.webp","width":1000,"height":1000},{"@type":"WebPage","@id":"https:\/\/spectrebaltics.com\/toode\/3m-984f-lihvlint-150x2000mm-36\/#webpage","url":"https:\/\/spectrebaltics.com\/toode\/3m-984f-lihvlint-150x2000mm-36\/","name":"3M 984F lihvlint 150x2000mm 36+","isPartOf":{"@id":"https:\/\/spectrebaltics.com\/ru\/#website"},"primaryImageOfPage":{"@id":"https:\/\/spectrebaltics.com\/toode\/3m-984f-lihvlint-150x2000mm-36\/#primaryimage"},"datePublished":"2024-06-03T11:56:25+00:00","dateModified":"2024-06-03T11:56:25+00:00","breadcrumb":{"@id":"https:\/\/spectrebaltics.com\/toode\/3m-984f-lihvlint-150x2000mm-36\/#breadcrumb"},"inLanguage":"ru-RU","potentialAction":[{"@type":"ReadAction","target":["https:\/\/spectrebaltics.com\/toode\/3m-984f-lihvlint-150x2000mm-36\/"]}]},{"@type":"BreadcrumbList","@id":"https:\/\/spectrebaltics.com\/toode\/3m-984f-lihvlint-150x2000mm-36\/#breadcrumb","itemListElement":[{"@type":"ListItem","position":1,"name":"Home","item":"https:\/\/spectrebaltics.com\/ru\/"},{"@type":"ListItem","position":2,"name":"\u041a\u0430\u0442\u0430\u043b\u043e\u0433","item":"https:\/\/spectrebaltics.com\/ru\/katalog\/"},{"@type":"ListItem","position":3,"name":"3M 984F lihvlint 150x2000mm 36+"}]}]}},"_links":{"self":[{"href":"https:\/\/spectrebaltics.com\/ru\/wp-json\/wp\/v2\/product\/9271"}],"collection":[{"href":"https:\/\/spectrebaltics.com\/ru\/wp-json\/wp\/v2\/product"}],"about":[{"href":"https:\/\/spectrebaltics.com\/ru\/wp-json\/wp\/v2\/types\/product"}],"wp:featuredmedia":[{"embeddable":true,"href":"https:\/\/spectrebaltics.com\/ru\/wp-json\/wp\/v2\/media\/9275"}],"wp:attachment":[{"href":"https:\/\/spectrebaltics.com\/ru\/wp-json\/wp\/v2\/media?parent=9271"}],"wp:term":[{"taxonomy":"product_cat","embeddable":true,"href":"https:\/\/spectrebaltics.com\/ru\/wp-json\/wp\/v2\/product_cat?post=9271"},{"taxonomy":"product_tag","embeddable":true,"href":"https:\/\/spectrebaltics.com\/ru\/wp-json\/wp\/v2\/product_tag?post=9271"}],"curies":[{"name":"wp","href":"https:\/\/api.w.org\/{rel}","templated":true}]}}