{"id":9278,"date":"2024-06-03T12:03:24","date_gmt":"2024-06-03T12:03:24","guid":{"rendered":"https:\/\/spectrebaltics.com\/?post_type=product&#038;p=9278"},"modified":"2024-06-03T12:03:24","modified_gmt":"2024-06-03T12:03:24","slug":"3m-scotchbrite-cf-rl-viimistluslint-rullis-a-vfn-100mmx10m","status":"publish","type":"product","link":"https:\/\/spectrebaltics.com\/ru\/toode\/3m-scotchbrite-cf-rl-viimistluslint-rullis-a-vfn-100mmx10m\/","title":{"rendered":"3M ScotchBrite CF-RL viimistluslint rullis A VFN 100mmx10m"},"content":{"rendered":"<p>Sobivaks l\u00f5igatud rullmaterjal tagab \u00fchtlase viimistluse, segamise, poleerimise, kontuuride viimistlemise ja puhastamise<br \/>\nMugav padjake satub raskesti ligip\u00e4\u00e4setavatesse kohtadesse<br \/>\nSobib kasutamiseks k\u00e4sitsi v\u00f5i v\u00f5nkuvatel ja kahepadjaga h\u00f5\u00f5rumismasinatel<br \/>\nAvatud v\u00f5rgumaterjal talub koormust, v\u00f5imaldades abrasiividel s\u00e4ilitada \u00fchtlast l\u00f5ikekiirust<br \/>\nAvatud v\u00f5rgukonstruktsioon talub laadimist ja loputab korduvaks kasutamiseks puhtaks<br \/>\nScotch-Brite Clean and Finish Roll annab \u00fchtseid tulemusi viimistlemisel, segamisel, poleerimisel ja puhastamisel erinevatel metalli-, puidu-, plastpindadel ja raskesti ligip\u00e4\u00e4setavatel kohtadel. Rulli saab kergesti l\u00f5igata mis tahes pikkusesse. Clean and Finish rullmaterjal tagab \u00fchtlase pinna konditsioneerimise kogu toote eluea jooksul.<\/p>\n<p>&nbsp;<\/p>\n","protected":false},"excerpt":{"rendered":"<p>Sobivaks l\u00f5igatud rullmaterjal tagab \u00fchtlase viimistluse, segamise, poleerimise, kontuuride viimistlemise ja puhastamise Mugav padjake satub raskesti ligip\u00e4\u00e4setavatesse kohtadesse Sobib kasutamiseks k\u00e4sitsi v\u00f5i v\u00f5nkuvatel ja kahepadjaga h\u00f5\u00f5rumismasinatel Avatud v\u00f5rgumaterjal talub koormust, v\u00f5imaldades abrasiividel s\u00e4ilitada \u00fchtlast l\u00f5ikekiirust Avatud v\u00f5rgukonstruktsioon talub laadimist ja loputab korduvaks kasutamiseks puhtaks Scotch-Brite Clean and Finish Roll annab \u00fchtseid tulemusi viimistlemisel, segamisel, poleerimisel&#8230;<\/p>\n","protected":false},"featured_media":9279,"template":"","meta":[],"product_cat":[89,95],"product_tag":[],"yoast_head":"<!-- This site is optimized with the Yoast SEO plugin v18.4.1 - https:\/\/yoast.com\/wordpress\/plugins\/seo\/ -->\n<title>3M ScotchBrite CF-RL viimistluslint rullis A VFN 100mmx10m<\/title>\n<meta name=\"robots\" content=\"index, follow, max-snippet:-1, max-image-preview:large, max-video-preview:-1\" \/>\n<link rel=\"canonical\" href=\"https:\/\/spectrebaltics.com\/toode\/3m-scotchbrite-cf-rl-viimistluslint-rullis-a-vfn-100mmx10m\/\" \/>\n<meta property=\"og:locale\" content=\"ru_RU\" \/>\n<meta property=\"og:type\" content=\"article\" \/>\n<meta property=\"og:title\" content=\"3M ScotchBrite CF-RL viimistluslint rullis A VFN 100mmx10m\" \/>\n<meta property=\"og:description\" content=\"Sobivaks l\u00f5igatud rullmaterjal tagab \u00fchtlase viimistluse, segamise, poleerimise, kontuuride viimistlemise ja puhastamise Mugav padjake satub raskesti ligip\u00e4\u00e4setavatesse kohtadesse Sobib kasutamiseks k\u00e4sitsi v\u00f5i v\u00f5nkuvatel ja kahepadjaga h\u00f5\u00f5rumismasinatel Avatud v\u00f5rgumaterjal talub koormust, v\u00f5imaldades abrasiividel s\u00e4ilitada \u00fchtlast l\u00f5ikekiirust Avatud v\u00f5rgukonstruktsioon talub laadimist ja loputab korduvaks kasutamiseks puhtaks Scotch-Brite Clean and Finish Roll annab \u00fchtseid tulemusi viimistlemisel, segamisel, poleerimisel...\" \/>\n<meta property=\"og:url\" content=\"https:\/\/spectrebaltics.com\/toode\/3m-scotchbrite-cf-rl-viimistluslint-rullis-a-vfn-100mmx10m\/\" \/>\n<meta property=\"og:site_name\" content=\"Spectrebaltics\" \/>\n<meta name=\"twitter:card\" content=\"summary_large_image\" \/>\n<meta name=\"twitter:image\" content=\"https:\/\/spectrebaltics.com\/wp-content\/uploads\/2024\/06\/3m-scotch-brite-clean-finish-roll-cf-rl-100mm-x-10m-case-of-4-grade-a-vfn-very-f-78399-p.webp\" \/>\n<script type=\"application\/ld+json\" class=\"yoast-schema-graph\">{\"@context\":\"https:\/\/schema.org\",\"@graph\":[{\"@type\":\"Organization\",\"@id\":\"https:\/\/spectrebaltics.com\/ru\/#organization\",\"name\":\"Spectrebaltics\",\"url\":\"https:\/\/spectrebaltics.com\/ru\/\",\"sameAs\":[],\"logo\":{\"@type\":\"ImageObject\",\"@id\":\"https:\/\/spectrebaltics.com\/ru\/#logo\",\"inLanguage\":\"ru-RU\",\"url\":\"https:\/\/spectrebaltics.com\/wp-content\/uploads\/2024\/03\/Spectrebaltics-logo.svg\",\"contentUrl\":\"https:\/\/spectrebaltics.com\/wp-content\/uploads\/2024\/03\/Spectrebaltics-logo.svg\",\"caption\":\"Spectrebaltics\"},\"image\":{\"@id\":\"https:\/\/spectrebaltics.com\/ru\/#logo\"}},{\"@type\":\"WebSite\",\"@id\":\"https:\/\/spectrebaltics.com\/ru\/#website\",\"url\":\"https:\/\/spectrebaltics.com\/ru\/\",\"name\":\"Spectrebaltics\",\"description\":\"\",\"publisher\":{\"@id\":\"https:\/\/spectrebaltics.com\/ru\/#organization\"},\"potentialAction\":[{\"@type\":\"SearchAction\",\"target\":{\"@type\":\"EntryPoint\",\"urlTemplate\":\"https:\/\/spectrebaltics.com\/ru\/?s={search_term_string}\"},\"query-input\":\"required name=search_term_string\"}],\"inLanguage\":\"ru-RU\"},{\"@type\":\"ImageObject\",\"@id\":\"https:\/\/spectrebaltics.com\/toode\/3m-scotchbrite-cf-rl-viimistluslint-rullis-a-vfn-100mmx10m\/#primaryimage\",\"inLanguage\":\"ru-RU\",\"url\":\"https:\/\/spectrebaltics.com\/wp-content\/uploads\/2024\/06\/3m-scotch-brite-clean-finish-roll-cf-rl-100mm-x-10m-case-of-4-grade-a-vfn-very-f-78399-p.webp\",\"contentUrl\":\"https:\/\/spectrebaltics.com\/wp-content\/uploads\/2024\/06\/3m-scotch-brite-clean-finish-roll-cf-rl-100mm-x-10m-case-of-4-grade-a-vfn-very-f-78399-p.webp\",\"width\":400,\"height\":400},{\"@type\":\"WebPage\",\"@id\":\"https:\/\/spectrebaltics.com\/toode\/3m-scotchbrite-cf-rl-viimistluslint-rullis-a-vfn-100mmx10m\/#webpage\",\"url\":\"https:\/\/spectrebaltics.com\/toode\/3m-scotchbrite-cf-rl-viimistluslint-rullis-a-vfn-100mmx10m\/\",\"name\":\"3M ScotchBrite CF-RL viimistluslint rullis A VFN 100mmx10m\",\"isPartOf\":{\"@id\":\"https:\/\/spectrebaltics.com\/ru\/#website\"},\"primaryImageOfPage\":{\"@id\":\"https:\/\/spectrebaltics.com\/toode\/3m-scotchbrite-cf-rl-viimistluslint-rullis-a-vfn-100mmx10m\/#primaryimage\"},\"datePublished\":\"2024-06-03T12:03:24+00:00\",\"dateModified\":\"2024-06-03T12:03:24+00:00\",\"breadcrumb\":{\"@id\":\"https:\/\/spectrebaltics.com\/toode\/3m-scotchbrite-cf-rl-viimistluslint-rullis-a-vfn-100mmx10m\/#breadcrumb\"},\"inLanguage\":\"ru-RU\",\"potentialAction\":[{\"@type\":\"ReadAction\",\"target\":[\"https:\/\/spectrebaltics.com\/toode\/3m-scotchbrite-cf-rl-viimistluslint-rullis-a-vfn-100mmx10m\/\"]}]},{\"@type\":\"BreadcrumbList\",\"@id\":\"https:\/\/spectrebaltics.com\/toode\/3m-scotchbrite-cf-rl-viimistluslint-rullis-a-vfn-100mmx10m\/#breadcrumb\",\"itemListElement\":[{\"@type\":\"ListItem\",\"position\":1,\"name\":\"Home\",\"item\":\"https:\/\/spectrebaltics.com\/ru\/\"},{\"@type\":\"ListItem\",\"position\":2,\"name\":\"\u041a\u0430\u0442\u0430\u043b\u043e\u0433\",\"item\":\"https:\/\/spectrebaltics.com\/ru\/katalog\/\"},{\"@type\":\"ListItem\",\"position\":3,\"name\":\"3M ScotchBrite CF-RL viimistluslint rullis A VFN 100mmx10m\"}]}]}<\/script>\n<!-- \/ Yoast SEO plugin. -->","yoast_head_json":{"title":"3M ScotchBrite CF-RL viimistluslint rullis A VFN 100mmx10m","robots":{"index":"index","follow":"follow","max-snippet":"max-snippet:-1","max-image-preview":"max-image-preview:large","max-video-preview":"max-video-preview:-1"},"canonical":"https:\/\/spectrebaltics.com\/toode\/3m-scotchbrite-cf-rl-viimistluslint-rullis-a-vfn-100mmx10m\/","og_locale":"ru_RU","og_type":"article","og_title":"3M ScotchBrite CF-RL viimistluslint rullis A VFN 100mmx10m","og_description":"Sobivaks l\u00f5igatud rullmaterjal tagab \u00fchtlase viimistluse, segamise, poleerimise, kontuuride viimistlemise ja puhastamise Mugav padjake satub raskesti ligip\u00e4\u00e4setavatesse kohtadesse Sobib kasutamiseks k\u00e4sitsi v\u00f5i v\u00f5nkuvatel ja kahepadjaga h\u00f5\u00f5rumismasinatel Avatud v\u00f5rgumaterjal talub koormust, v\u00f5imaldades abrasiividel s\u00e4ilitada \u00fchtlast l\u00f5ikekiirust Avatud v\u00f5rgukonstruktsioon talub laadimist ja loputab korduvaks kasutamiseks puhtaks Scotch-Brite Clean and Finish Roll annab \u00fchtseid tulemusi viimistlemisel, segamisel, poleerimisel...","og_url":"https:\/\/spectrebaltics.com\/toode\/3m-scotchbrite-cf-rl-viimistluslint-rullis-a-vfn-100mmx10m\/","og_site_name":"Spectrebaltics","twitter_card":"summary_large_image","twitter_image":"https:\/\/spectrebaltics.com\/wp-content\/uploads\/2024\/06\/3m-scotch-brite-clean-finish-roll-cf-rl-100mm-x-10m-case-of-4-grade-a-vfn-very-f-78399-p.webp","schema":{"@context":"https:\/\/schema.org","@graph":[{"@type":"Organization","@id":"https:\/\/spectrebaltics.com\/ru\/#organization","name":"Spectrebaltics","url":"https:\/\/spectrebaltics.com\/ru\/","sameAs":[],"logo":{"@type":"ImageObject","@id":"https:\/\/spectrebaltics.com\/ru\/#logo","inLanguage":"ru-RU","url":"https:\/\/spectrebaltics.com\/wp-content\/uploads\/2024\/03\/Spectrebaltics-logo.svg","contentUrl":"https:\/\/spectrebaltics.com\/wp-content\/uploads\/2024\/03\/Spectrebaltics-logo.svg","caption":"Spectrebaltics"},"image":{"@id":"https:\/\/spectrebaltics.com\/ru\/#logo"}},{"@type":"WebSite","@id":"https:\/\/spectrebaltics.com\/ru\/#website","url":"https:\/\/spectrebaltics.com\/ru\/","name":"Spectrebaltics","description":"","publisher":{"@id":"https:\/\/spectrebaltics.com\/ru\/#organization"},"potentialAction":[{"@type":"SearchAction","target":{"@type":"EntryPoint","urlTemplate":"https:\/\/spectrebaltics.com\/ru\/?s={search_term_string}"},"query-input":"required name=search_term_string"}],"inLanguage":"ru-RU"},{"@type":"ImageObject","@id":"https:\/\/spectrebaltics.com\/toode\/3m-scotchbrite-cf-rl-viimistluslint-rullis-a-vfn-100mmx10m\/#primaryimage","inLanguage":"ru-RU","url":"https:\/\/spectrebaltics.com\/wp-content\/uploads\/2024\/06\/3m-scotch-brite-clean-finish-roll-cf-rl-100mm-x-10m-case-of-4-grade-a-vfn-very-f-78399-p.webp","contentUrl":"https:\/\/spectrebaltics.com\/wp-content\/uploads\/2024\/06\/3m-scotch-brite-clean-finish-roll-cf-rl-100mm-x-10m-case-of-4-grade-a-vfn-very-f-78399-p.webp","width":400,"height":400},{"@type":"WebPage","@id":"https:\/\/spectrebaltics.com\/toode\/3m-scotchbrite-cf-rl-viimistluslint-rullis-a-vfn-100mmx10m\/#webpage","url":"https:\/\/spectrebaltics.com\/toode\/3m-scotchbrite-cf-rl-viimistluslint-rullis-a-vfn-100mmx10m\/","name":"3M ScotchBrite CF-RL viimistluslint rullis A VFN 100mmx10m","isPartOf":{"@id":"https:\/\/spectrebaltics.com\/ru\/#website"},"primaryImageOfPage":{"@id":"https:\/\/spectrebaltics.com\/toode\/3m-scotchbrite-cf-rl-viimistluslint-rullis-a-vfn-100mmx10m\/#primaryimage"},"datePublished":"2024-06-03T12:03:24+00:00","dateModified":"2024-06-03T12:03:24+00:00","breadcrumb":{"@id":"https:\/\/spectrebaltics.com\/toode\/3m-scotchbrite-cf-rl-viimistluslint-rullis-a-vfn-100mmx10m\/#breadcrumb"},"inLanguage":"ru-RU","potentialAction":[{"@type":"ReadAction","target":["https:\/\/spectrebaltics.com\/toode\/3m-scotchbrite-cf-rl-viimistluslint-rullis-a-vfn-100mmx10m\/"]}]},{"@type":"BreadcrumbList","@id":"https:\/\/spectrebaltics.com\/toode\/3m-scotchbrite-cf-rl-viimistluslint-rullis-a-vfn-100mmx10m\/#breadcrumb","itemListElement":[{"@type":"ListItem","position":1,"name":"Home","item":"https:\/\/spectrebaltics.com\/ru\/"},{"@type":"ListItem","position":2,"name":"\u041a\u0430\u0442\u0430\u043b\u043e\u0433","item":"https:\/\/spectrebaltics.com\/ru\/katalog\/"},{"@type":"ListItem","position":3,"name":"3M ScotchBrite CF-RL viimistluslint rullis A VFN 100mmx10m"}]}]}},"_links":{"self":[{"href":"https:\/\/spectrebaltics.com\/ru\/wp-json\/wp\/v2\/product\/9278"}],"collection":[{"href":"https:\/\/spectrebaltics.com\/ru\/wp-json\/wp\/v2\/product"}],"about":[{"href":"https:\/\/spectrebaltics.com\/ru\/wp-json\/wp\/v2\/types\/product"}],"wp:featuredmedia":[{"embeddable":true,"href":"https:\/\/spectrebaltics.com\/ru\/wp-json\/wp\/v2\/media\/9279"}],"wp:attachment":[{"href":"https:\/\/spectrebaltics.com\/ru\/wp-json\/wp\/v2\/media?parent=9278"}],"wp:term":[{"taxonomy":"product_cat","embeddable":true,"href":"https:\/\/spectrebaltics.com\/ru\/wp-json\/wp\/v2\/product_cat?post=9278"},{"taxonomy":"product_tag","embeddable":true,"href":"https:\/\/spectrebaltics.com\/ru\/wp-json\/wp\/v2\/product_tag?post=9278"}],"curies":[{"name":"wp","href":"https:\/\/api.w.org\/{rel}","templated":true}]}}