{"id":9323,"date":"2024-06-05T07:06:16","date_gmt":"2024-06-05T07:06:16","guid":{"rendered":"https:\/\/spectrebaltics.com\/?post_type=product&#038;p=9323"},"modified":"2024-06-05T07:06:16","modified_gmt":"2024-06-05T07:06:16","slug":"tyrolit-loikeketas-41-125-x-1-0-x-222-a60-s-bfp-premium-long-life","status":"publish","type":"product","link":"https:\/\/spectrebaltics.com\/ru\/toode\/tyrolit-loikeketas-41-125-x-1-0-x-222-a60-s-bfp-premium-long-life\/","title":{"rendered":"Tyrolit L\u00f5ikeketas 41*** 125 x 1.0 x 22,2 A60 S BFP Premium Long life"},"content":{"rendered":"<p>PREMIUM LONGLIFE l\u00f5ikeketas on spetsiaalselt v\u00e4lja t\u00f6\u00f6tatud kauakestvate l\u00f5iket\u00f6\u00f6de jaoks. Oma v\u00f5imsa disainiga on see ideaalne t\u00f6\u00f6riist terase ja roostevaba terase l\u00f5ikamiseks. See on valmistatud eriti kvaliteetsetest materjalidest ja on optimeeritud t\u00e4iendava vastupidavuse tagamiseks. Selle ainulaadse l\u00f5ikekettaga saate oma t\u00f6\u00f6d t\u00f5husalt teha.<\/p>\n<p>Funktsioonid<br \/>\nMaksimaalne eluiga t\u00e4nu LONGLIFE tehnoloogiale<br \/>\n\u00c4\u00e4rmiselt l\u00fchikesed t\u00f6\u00f6ajad t\u00e4nu suurep\u00e4rasele l\u00f5ikev\u00f5imele ja t\u00f6\u00f6deldava detaili madalale termilisele koormusele (soojuse kogunemine)<br \/>\n\u00dcmbert\u00f6\u00f6d, nagu puhastamine v\u00f5i j\u00e4me eemaldamine, pole vaja<\/p>\n","protected":false},"excerpt":{"rendered":"<p>PREMIUM LONGLIFE l\u00f5ikeketas on spetsiaalselt v\u00e4lja t\u00f6\u00f6tatud kauakestvate l\u00f5iket\u00f6\u00f6de jaoks. Oma v\u00f5imsa disainiga on see ideaalne t\u00f6\u00f6riist terase ja roostevaba terase l\u00f5ikamiseks. See on valmistatud eriti kvaliteetsetest materjalidest ja on optimeeritud t\u00e4iendava vastupidavuse tagamiseks. Selle ainulaadse l\u00f5ikekettaga saate oma t\u00f6\u00f6d t\u00f5husalt teha. Funktsioonid Maksimaalne eluiga t\u00e4nu LONGLIFE tehnoloogiale \u00c4\u00e4rmiselt l\u00fchikesed t\u00f6\u00f6ajad t\u00e4nu suurep\u00e4rasele l\u00f5ikev\u00f5imele ja&#8230;<\/p>\n","protected":false},"featured_media":9327,"template":"","meta":[],"product_cat":[89,90],"product_tag":[],"yoast_head":"<!-- This site is optimized with the Yoast SEO plugin v18.4.1 - https:\/\/yoast.com\/wordpress\/plugins\/seo\/ -->\n<title>Tyrolit L\u00f5ikeketas 41*** 125 x 1.0 x 22,2 A60 S BFP Premium Long life<\/title>\n<meta name=\"robots\" content=\"index, follow, max-snippet:-1, max-image-preview:large, max-video-preview:-1\" \/>\n<link rel=\"canonical\" href=\"https:\/\/spectrebaltics.com\/toode\/tyrolit-loikeketas-41-125-x-1-0-x-222-a60-s-bfp-premium-long-life\/\" \/>\n<meta property=\"og:locale\" content=\"ru_RU\" \/>\n<meta property=\"og:type\" content=\"article\" \/>\n<meta property=\"og:title\" content=\"Tyrolit L\u00f5ikeketas 41*** 125 x 1.0 x 22,2 A60 S BFP Premium Long life\" \/>\n<meta property=\"og:description\" content=\"PREMIUM LONGLIFE l\u00f5ikeketas on spetsiaalselt v\u00e4lja t\u00f6\u00f6tatud kauakestvate l\u00f5iket\u00f6\u00f6de jaoks. Oma v\u00f5imsa disainiga on see ideaalne t\u00f6\u00f6riist terase ja roostevaba terase l\u00f5ikamiseks. See on valmistatud eriti kvaliteetsetest materjalidest ja on optimeeritud t\u00e4iendava vastupidavuse tagamiseks. Selle ainulaadse l\u00f5ikekettaga saate oma t\u00f6\u00f6d t\u00f5husalt teha. Funktsioonid Maksimaalne eluiga t\u00e4nu LONGLIFE tehnoloogiale \u00c4\u00e4rmiselt l\u00fchikesed t\u00f6\u00f6ajad t\u00e4nu suurep\u00e4rasele l\u00f5ikev\u00f5imele ja...\" \/>\n<meta property=\"og:url\" content=\"https:\/\/spectrebaltics.com\/toode\/tyrolit-loikeketas-41-125-x-1-0-x-222-a60-s-bfp-premium-long-life\/\" \/>\n<meta property=\"og:site_name\" content=\"Spectrebaltics\" \/>\n<meta property=\"og:image\" content=\"https:\/\/spectrebaltics.com\/wp-content\/uploads\/2024\/06\/2-scaled.jpg\" \/>\n\t<meta property=\"og:image:width\" content=\"1467\" \/>\n\t<meta property=\"og:image:height\" content=\"2000\" \/>\n\t<meta property=\"og:image:type\" content=\"image\/jpeg\" \/>\n<meta name=\"twitter:card\" content=\"summary_large_image\" \/>\n<script type=\"application\/ld+json\" class=\"yoast-schema-graph\">{\"@context\":\"https:\/\/schema.org\",\"@graph\":[{\"@type\":\"Organization\",\"@id\":\"https:\/\/spectrebaltics.com\/ru\/#organization\",\"name\":\"Spectrebaltics\",\"url\":\"https:\/\/spectrebaltics.com\/ru\/\",\"sameAs\":[],\"logo\":{\"@type\":\"ImageObject\",\"@id\":\"https:\/\/spectrebaltics.com\/ru\/#logo\",\"inLanguage\":\"ru-RU\",\"url\":\"https:\/\/spectrebaltics.com\/wp-content\/uploads\/2024\/03\/Spectrebaltics-logo.svg\",\"contentUrl\":\"https:\/\/spectrebaltics.com\/wp-content\/uploads\/2024\/03\/Spectrebaltics-logo.svg\",\"caption\":\"Spectrebaltics\"},\"image\":{\"@id\":\"https:\/\/spectrebaltics.com\/ru\/#logo\"}},{\"@type\":\"WebSite\",\"@id\":\"https:\/\/spectrebaltics.com\/ru\/#website\",\"url\":\"https:\/\/spectrebaltics.com\/ru\/\",\"name\":\"Spectrebaltics\",\"description\":\"\",\"publisher\":{\"@id\":\"https:\/\/spectrebaltics.com\/ru\/#organization\"},\"potentialAction\":[{\"@type\":\"SearchAction\",\"target\":{\"@type\":\"EntryPoint\",\"urlTemplate\":\"https:\/\/spectrebaltics.com\/ru\/?s={search_term_string}\"},\"query-input\":\"required name=search_term_string\"}],\"inLanguage\":\"ru-RU\"},{\"@type\":\"ImageObject\",\"@id\":\"https:\/\/spectrebaltics.com\/toode\/tyrolit-loikeketas-41-125-x-1-0-x-222-a60-s-bfp-premium-long-life\/#primaryimage\",\"inLanguage\":\"ru-RU\",\"url\":\"https:\/\/spectrebaltics.com\/wp-content\/uploads\/2024\/06\/2-scaled.jpg\",\"contentUrl\":\"https:\/\/spectrebaltics.com\/wp-content\/uploads\/2024\/06\/2-scaled.jpg\",\"width\":1467,\"height\":2000},{\"@type\":\"WebPage\",\"@id\":\"https:\/\/spectrebaltics.com\/toode\/tyrolit-loikeketas-41-125-x-1-0-x-222-a60-s-bfp-premium-long-life\/#webpage\",\"url\":\"https:\/\/spectrebaltics.com\/toode\/tyrolit-loikeketas-41-125-x-1-0-x-222-a60-s-bfp-premium-long-life\/\",\"name\":\"Tyrolit L\u00f5ikeketas 41*** 125 x 1.0 x 22,2 A60 S BFP Premium Long life\",\"isPartOf\":{\"@id\":\"https:\/\/spectrebaltics.com\/ru\/#website\"},\"primaryImageOfPage\":{\"@id\":\"https:\/\/spectrebaltics.com\/toode\/tyrolit-loikeketas-41-125-x-1-0-x-222-a60-s-bfp-premium-long-life\/#primaryimage\"},\"datePublished\":\"2024-06-05T07:06:16+00:00\",\"dateModified\":\"2024-06-05T07:06:16+00:00\",\"breadcrumb\":{\"@id\":\"https:\/\/spectrebaltics.com\/toode\/tyrolit-loikeketas-41-125-x-1-0-x-222-a60-s-bfp-premium-long-life\/#breadcrumb\"},\"inLanguage\":\"ru-RU\",\"potentialAction\":[{\"@type\":\"ReadAction\",\"target\":[\"https:\/\/spectrebaltics.com\/toode\/tyrolit-loikeketas-41-125-x-1-0-x-222-a60-s-bfp-premium-long-life\/\"]}]},{\"@type\":\"BreadcrumbList\",\"@id\":\"https:\/\/spectrebaltics.com\/toode\/tyrolit-loikeketas-41-125-x-1-0-x-222-a60-s-bfp-premium-long-life\/#breadcrumb\",\"itemListElement\":[{\"@type\":\"ListItem\",\"position\":1,\"name\":\"Home\",\"item\":\"https:\/\/spectrebaltics.com\/ru\/\"},{\"@type\":\"ListItem\",\"position\":2,\"name\":\"\u041a\u0430\u0442\u0430\u043b\u043e\u0433\",\"item\":\"https:\/\/spectrebaltics.com\/ru\/katalog\/\"},{\"@type\":\"ListItem\",\"position\":3,\"name\":\"Tyrolit L\u00f5ikeketas 41*** 125 x 1.0 x 22,2 A60 S BFP Premium Long life\"}]}]}<\/script>\n<!-- \/ Yoast SEO plugin. -->","yoast_head_json":{"title":"Tyrolit L\u00f5ikeketas 41*** 125 x 1.0 x 22,2 A60 S BFP Premium Long life","robots":{"index":"index","follow":"follow","max-snippet":"max-snippet:-1","max-image-preview":"max-image-preview:large","max-video-preview":"max-video-preview:-1"},"canonical":"https:\/\/spectrebaltics.com\/toode\/tyrolit-loikeketas-41-125-x-1-0-x-222-a60-s-bfp-premium-long-life\/","og_locale":"ru_RU","og_type":"article","og_title":"Tyrolit L\u00f5ikeketas 41*** 125 x 1.0 x 22,2 A60 S BFP Premium Long life","og_description":"PREMIUM LONGLIFE l\u00f5ikeketas on spetsiaalselt v\u00e4lja t\u00f6\u00f6tatud kauakestvate l\u00f5iket\u00f6\u00f6de jaoks. Oma v\u00f5imsa disainiga on see ideaalne t\u00f6\u00f6riist terase ja roostevaba terase l\u00f5ikamiseks. See on valmistatud eriti kvaliteetsetest materjalidest ja on optimeeritud t\u00e4iendava vastupidavuse tagamiseks. Selle ainulaadse l\u00f5ikekettaga saate oma t\u00f6\u00f6d t\u00f5husalt teha. Funktsioonid Maksimaalne eluiga t\u00e4nu LONGLIFE tehnoloogiale \u00c4\u00e4rmiselt l\u00fchikesed t\u00f6\u00f6ajad t\u00e4nu suurep\u00e4rasele l\u00f5ikev\u00f5imele ja...","og_url":"https:\/\/spectrebaltics.com\/toode\/tyrolit-loikeketas-41-125-x-1-0-x-222-a60-s-bfp-premium-long-life\/","og_site_name":"Spectrebaltics","og_image":[{"width":1467,"height":2000,"url":"https:\/\/spectrebaltics.com\/wp-content\/uploads\/2024\/06\/2-scaled.jpg","type":"image\/jpeg"}],"twitter_card":"summary_large_image","schema":{"@context":"https:\/\/schema.org","@graph":[{"@type":"Organization","@id":"https:\/\/spectrebaltics.com\/ru\/#organization","name":"Spectrebaltics","url":"https:\/\/spectrebaltics.com\/ru\/","sameAs":[],"logo":{"@type":"ImageObject","@id":"https:\/\/spectrebaltics.com\/ru\/#logo","inLanguage":"ru-RU","url":"https:\/\/spectrebaltics.com\/wp-content\/uploads\/2024\/03\/Spectrebaltics-logo.svg","contentUrl":"https:\/\/spectrebaltics.com\/wp-content\/uploads\/2024\/03\/Spectrebaltics-logo.svg","caption":"Spectrebaltics"},"image":{"@id":"https:\/\/spectrebaltics.com\/ru\/#logo"}},{"@type":"WebSite","@id":"https:\/\/spectrebaltics.com\/ru\/#website","url":"https:\/\/spectrebaltics.com\/ru\/","name":"Spectrebaltics","description":"","publisher":{"@id":"https:\/\/spectrebaltics.com\/ru\/#organization"},"potentialAction":[{"@type":"SearchAction","target":{"@type":"EntryPoint","urlTemplate":"https:\/\/spectrebaltics.com\/ru\/?s={search_term_string}"},"query-input":"required name=search_term_string"}],"inLanguage":"ru-RU"},{"@type":"ImageObject","@id":"https:\/\/spectrebaltics.com\/toode\/tyrolit-loikeketas-41-125-x-1-0-x-222-a60-s-bfp-premium-long-life\/#primaryimage","inLanguage":"ru-RU","url":"https:\/\/spectrebaltics.com\/wp-content\/uploads\/2024\/06\/2-scaled.jpg","contentUrl":"https:\/\/spectrebaltics.com\/wp-content\/uploads\/2024\/06\/2-scaled.jpg","width":1467,"height":2000},{"@type":"WebPage","@id":"https:\/\/spectrebaltics.com\/toode\/tyrolit-loikeketas-41-125-x-1-0-x-222-a60-s-bfp-premium-long-life\/#webpage","url":"https:\/\/spectrebaltics.com\/toode\/tyrolit-loikeketas-41-125-x-1-0-x-222-a60-s-bfp-premium-long-life\/","name":"Tyrolit L\u00f5ikeketas 41*** 125 x 1.0 x 22,2 A60 S BFP Premium Long life","isPartOf":{"@id":"https:\/\/spectrebaltics.com\/ru\/#website"},"primaryImageOfPage":{"@id":"https:\/\/spectrebaltics.com\/toode\/tyrolit-loikeketas-41-125-x-1-0-x-222-a60-s-bfp-premium-long-life\/#primaryimage"},"datePublished":"2024-06-05T07:06:16+00:00","dateModified":"2024-06-05T07:06:16+00:00","breadcrumb":{"@id":"https:\/\/spectrebaltics.com\/toode\/tyrolit-loikeketas-41-125-x-1-0-x-222-a60-s-bfp-premium-long-life\/#breadcrumb"},"inLanguage":"ru-RU","potentialAction":[{"@type":"ReadAction","target":["https:\/\/spectrebaltics.com\/toode\/tyrolit-loikeketas-41-125-x-1-0-x-222-a60-s-bfp-premium-long-life\/"]}]},{"@type":"BreadcrumbList","@id":"https:\/\/spectrebaltics.com\/toode\/tyrolit-loikeketas-41-125-x-1-0-x-222-a60-s-bfp-premium-long-life\/#breadcrumb","itemListElement":[{"@type":"ListItem","position":1,"name":"Home","item":"https:\/\/spectrebaltics.com\/ru\/"},{"@type":"ListItem","position":2,"name":"\u041a\u0430\u0442\u0430\u043b\u043e\u0433","item":"https:\/\/spectrebaltics.com\/ru\/katalog\/"},{"@type":"ListItem","position":3,"name":"Tyrolit L\u00f5ikeketas 41*** 125 x 1.0 x 22,2 A60 S BFP Premium Long life"}]}]}},"_links":{"self":[{"href":"https:\/\/spectrebaltics.com\/ru\/wp-json\/wp\/v2\/product\/9323"}],"collection":[{"href":"https:\/\/spectrebaltics.com\/ru\/wp-json\/wp\/v2\/product"}],"about":[{"href":"https:\/\/spectrebaltics.com\/ru\/wp-json\/wp\/v2\/types\/product"}],"wp:featuredmedia":[{"embeddable":true,"href":"https:\/\/spectrebaltics.com\/ru\/wp-json\/wp\/v2\/media\/9327"}],"wp:attachment":[{"href":"https:\/\/spectrebaltics.com\/ru\/wp-json\/wp\/v2\/media?parent=9323"}],"wp:term":[{"taxonomy":"product_cat","embeddable":true,"href":"https:\/\/spectrebaltics.com\/ru\/wp-json\/wp\/v2\/product_cat?post=9323"},{"taxonomy":"product_tag","embeddable":true,"href":"https:\/\/spectrebaltics.com\/ru\/wp-json\/wp\/v2\/product_tag?post=9323"}],"curies":[{"name":"wp","href":"https:\/\/api.w.org\/{rel}","templated":true}]}}