{"id":9346,"date":"2024-06-05T07:35:50","date_gmt":"2024-06-05T07:35:50","guid":{"rendered":"https:\/\/spectrebaltics.com\/?post_type=product&#038;p=9346"},"modified":"2024-06-05T07:35:50","modified_gmt":"2024-06-05T07:35:50","slug":"tyrolit-loikeketas-125-x-16-x-2223-ca-46-q-bfp-premium-2in1","status":"publish","type":"product","link":"https:\/\/spectrebaltics.com\/ru\/toode\/tyrolit-loikeketas-125-x-16-x-2223-ca-46-q-bfp-premium-2in1\/","title":{"rendered":"Tyrolit L\u00f5ikeketas 125 X 1,6 X 22,23 CA 46 Q- BFP PREMIUM*** 2IN1"},"content":{"rendered":"<p>Erinevate terase ja roostevaba terase klasside t\u00f6\u00f6tlemiseks<br \/>\nV\u00e4ga raskete, raskete toorikute ja tahkete materjalide l\u00f5ikamiseks<\/p>\n<p>1,0 kuni 1,9 mm kiireimaks l\u00f5ikamiseks ja minimaalseks r\u00e4stikuks<br \/>\n2,0 kuni 3,0 mm pika eluea ja maksimaalse stabiilsuse tagamiseks<\/p>\n","protected":false},"excerpt":{"rendered":"<p>Erinevate terase ja roostevaba terase klasside t\u00f6\u00f6tlemiseks V\u00e4ga raskete, raskete toorikute ja tahkete materjalide l\u00f5ikamiseks 1,0 kuni 1,9 mm kiireimaks l\u00f5ikamiseks ja minimaalseks r\u00e4stikuks 2,0 kuni 3,0 mm pika eluea ja maksimaalse stabiilsuse tagamiseks<\/p>\n","protected":false},"featured_media":9347,"template":"","meta":[],"product_cat":[89,90],"product_tag":[],"yoast_head":"<!-- This site is optimized with the Yoast SEO plugin v18.4.1 - https:\/\/yoast.com\/wordpress\/plugins\/seo\/ -->\n<title>Tyrolit L\u00f5ikeketas 125 X 1,6 X 22,23 CA 46 Q- BFP PREMIUM*** 2IN1<\/title>\n<meta name=\"robots\" content=\"index, follow, max-snippet:-1, max-image-preview:large, max-video-preview:-1\" \/>\n<link rel=\"canonical\" href=\"https:\/\/spectrebaltics.com\/toode\/tyrolit-loikeketas-125-x-16-x-2223-ca-46-q-bfp-premium-2in1\/\" \/>\n<meta property=\"og:locale\" content=\"ru_RU\" \/>\n<meta property=\"og:type\" content=\"article\" \/>\n<meta property=\"og:title\" content=\"Tyrolit L\u00f5ikeketas 125 X 1,6 X 22,23 CA 46 Q- BFP PREMIUM*** 2IN1\" \/>\n<meta property=\"og:description\" content=\"Erinevate terase ja roostevaba terase klasside t\u00f6\u00f6tlemiseks V\u00e4ga raskete, raskete toorikute ja tahkete materjalide l\u00f5ikamiseks 1,0 kuni 1,9 mm kiireimaks l\u00f5ikamiseks ja minimaalseks r\u00e4stikuks 2,0 kuni 3,0 mm pika eluea ja maksimaalse stabiilsuse tagamiseks\" \/>\n<meta property=\"og:url\" content=\"https:\/\/spectrebaltics.com\/toode\/tyrolit-loikeketas-125-x-16-x-2223-ca-46-q-bfp-premium-2in1\/\" \/>\n<meta property=\"og:site_name\" content=\"Spectrebaltics\" \/>\n<meta name=\"twitter:card\" content=\"summary_large_image\" \/>\n<meta name=\"twitter:image\" content=\"https:\/\/spectrebaltics.com\/wp-content\/uploads\/2024\/06\/7629.webp\" \/>\n<script type=\"application\/ld+json\" class=\"yoast-schema-graph\">{\"@context\":\"https:\/\/schema.org\",\"@graph\":[{\"@type\":\"Organization\",\"@id\":\"https:\/\/spectrebaltics.com\/ru\/#organization\",\"name\":\"Spectrebaltics\",\"url\":\"https:\/\/spectrebaltics.com\/ru\/\",\"sameAs\":[],\"logo\":{\"@type\":\"ImageObject\",\"@id\":\"https:\/\/spectrebaltics.com\/ru\/#logo\",\"inLanguage\":\"ru-RU\",\"url\":\"https:\/\/spectrebaltics.com\/wp-content\/uploads\/2024\/03\/Spectrebaltics-logo.svg\",\"contentUrl\":\"https:\/\/spectrebaltics.com\/wp-content\/uploads\/2024\/03\/Spectrebaltics-logo.svg\",\"caption\":\"Spectrebaltics\"},\"image\":{\"@id\":\"https:\/\/spectrebaltics.com\/ru\/#logo\"}},{\"@type\":\"WebSite\",\"@id\":\"https:\/\/spectrebaltics.com\/ru\/#website\",\"url\":\"https:\/\/spectrebaltics.com\/ru\/\",\"name\":\"Spectrebaltics\",\"description\":\"\",\"publisher\":{\"@id\":\"https:\/\/spectrebaltics.com\/ru\/#organization\"},\"potentialAction\":[{\"@type\":\"SearchAction\",\"target\":{\"@type\":\"EntryPoint\",\"urlTemplate\":\"https:\/\/spectrebaltics.com\/ru\/?s={search_term_string}\"},\"query-input\":\"required name=search_term_string\"}],\"inLanguage\":\"ru-RU\"},{\"@type\":\"ImageObject\",\"@id\":\"https:\/\/spectrebaltics.com\/toode\/tyrolit-loikeketas-125-x-16-x-2223-ca-46-q-bfp-premium-2in1\/#primaryimage\",\"inLanguage\":\"ru-RU\",\"url\":\"https:\/\/spectrebaltics.com\/wp-content\/uploads\/2024\/06\/7629.webp\",\"contentUrl\":\"https:\/\/spectrebaltics.com\/wp-content\/uploads\/2024\/06\/7629.webp\",\"width\":700,\"height\":700},{\"@type\":\"WebPage\",\"@id\":\"https:\/\/spectrebaltics.com\/toode\/tyrolit-loikeketas-125-x-16-x-2223-ca-46-q-bfp-premium-2in1\/#webpage\",\"url\":\"https:\/\/spectrebaltics.com\/toode\/tyrolit-loikeketas-125-x-16-x-2223-ca-46-q-bfp-premium-2in1\/\",\"name\":\"Tyrolit L\u00f5ikeketas 125 X 1,6 X 22,23 CA 46 Q- BFP PREMIUM*** 2IN1\",\"isPartOf\":{\"@id\":\"https:\/\/spectrebaltics.com\/ru\/#website\"},\"primaryImageOfPage\":{\"@id\":\"https:\/\/spectrebaltics.com\/toode\/tyrolit-loikeketas-125-x-16-x-2223-ca-46-q-bfp-premium-2in1\/#primaryimage\"},\"datePublished\":\"2024-06-05T07:35:50+00:00\",\"dateModified\":\"2024-06-05T07:35:50+00:00\",\"breadcrumb\":{\"@id\":\"https:\/\/spectrebaltics.com\/toode\/tyrolit-loikeketas-125-x-16-x-2223-ca-46-q-bfp-premium-2in1\/#breadcrumb\"},\"inLanguage\":\"ru-RU\",\"potentialAction\":[{\"@type\":\"ReadAction\",\"target\":[\"https:\/\/spectrebaltics.com\/toode\/tyrolit-loikeketas-125-x-16-x-2223-ca-46-q-bfp-premium-2in1\/\"]}]},{\"@type\":\"BreadcrumbList\",\"@id\":\"https:\/\/spectrebaltics.com\/toode\/tyrolit-loikeketas-125-x-16-x-2223-ca-46-q-bfp-premium-2in1\/#breadcrumb\",\"itemListElement\":[{\"@type\":\"ListItem\",\"position\":1,\"name\":\"Home\",\"item\":\"https:\/\/spectrebaltics.com\/ru\/\"},{\"@type\":\"ListItem\",\"position\":2,\"name\":\"\u041a\u0430\u0442\u0430\u043b\u043e\u0433\",\"item\":\"https:\/\/spectrebaltics.com\/ru\/katalog\/\"},{\"@type\":\"ListItem\",\"position\":3,\"name\":\"Tyrolit L\u00f5ikeketas 125 X 1,6 X 22,23 CA 46 Q- BFP PREMIUM*** 2IN1\"}]}]}<\/script>\n<!-- \/ Yoast SEO plugin. -->","yoast_head_json":{"title":"Tyrolit L\u00f5ikeketas 125 X 1,6 X 22,23 CA 46 Q- BFP PREMIUM*** 2IN1","robots":{"index":"index","follow":"follow","max-snippet":"max-snippet:-1","max-image-preview":"max-image-preview:large","max-video-preview":"max-video-preview:-1"},"canonical":"https:\/\/spectrebaltics.com\/toode\/tyrolit-loikeketas-125-x-16-x-2223-ca-46-q-bfp-premium-2in1\/","og_locale":"ru_RU","og_type":"article","og_title":"Tyrolit L\u00f5ikeketas 125 X 1,6 X 22,23 CA 46 Q- BFP PREMIUM*** 2IN1","og_description":"Erinevate terase ja roostevaba terase klasside t\u00f6\u00f6tlemiseks V\u00e4ga raskete, raskete toorikute ja tahkete materjalide l\u00f5ikamiseks 1,0 kuni 1,9 mm kiireimaks l\u00f5ikamiseks ja minimaalseks r\u00e4stikuks 2,0 kuni 3,0 mm pika eluea ja maksimaalse stabiilsuse tagamiseks","og_url":"https:\/\/spectrebaltics.com\/toode\/tyrolit-loikeketas-125-x-16-x-2223-ca-46-q-bfp-premium-2in1\/","og_site_name":"Spectrebaltics","twitter_card":"summary_large_image","twitter_image":"https:\/\/spectrebaltics.com\/wp-content\/uploads\/2024\/06\/7629.webp","schema":{"@context":"https:\/\/schema.org","@graph":[{"@type":"Organization","@id":"https:\/\/spectrebaltics.com\/ru\/#organization","name":"Spectrebaltics","url":"https:\/\/spectrebaltics.com\/ru\/","sameAs":[],"logo":{"@type":"ImageObject","@id":"https:\/\/spectrebaltics.com\/ru\/#logo","inLanguage":"ru-RU","url":"https:\/\/spectrebaltics.com\/wp-content\/uploads\/2024\/03\/Spectrebaltics-logo.svg","contentUrl":"https:\/\/spectrebaltics.com\/wp-content\/uploads\/2024\/03\/Spectrebaltics-logo.svg","caption":"Spectrebaltics"},"image":{"@id":"https:\/\/spectrebaltics.com\/ru\/#logo"}},{"@type":"WebSite","@id":"https:\/\/spectrebaltics.com\/ru\/#website","url":"https:\/\/spectrebaltics.com\/ru\/","name":"Spectrebaltics","description":"","publisher":{"@id":"https:\/\/spectrebaltics.com\/ru\/#organization"},"potentialAction":[{"@type":"SearchAction","target":{"@type":"EntryPoint","urlTemplate":"https:\/\/spectrebaltics.com\/ru\/?s={search_term_string}"},"query-input":"required name=search_term_string"}],"inLanguage":"ru-RU"},{"@type":"ImageObject","@id":"https:\/\/spectrebaltics.com\/toode\/tyrolit-loikeketas-125-x-16-x-2223-ca-46-q-bfp-premium-2in1\/#primaryimage","inLanguage":"ru-RU","url":"https:\/\/spectrebaltics.com\/wp-content\/uploads\/2024\/06\/7629.webp","contentUrl":"https:\/\/spectrebaltics.com\/wp-content\/uploads\/2024\/06\/7629.webp","width":700,"height":700},{"@type":"WebPage","@id":"https:\/\/spectrebaltics.com\/toode\/tyrolit-loikeketas-125-x-16-x-2223-ca-46-q-bfp-premium-2in1\/#webpage","url":"https:\/\/spectrebaltics.com\/toode\/tyrolit-loikeketas-125-x-16-x-2223-ca-46-q-bfp-premium-2in1\/","name":"Tyrolit L\u00f5ikeketas 125 X 1,6 X 22,23 CA 46 Q- BFP PREMIUM*** 2IN1","isPartOf":{"@id":"https:\/\/spectrebaltics.com\/ru\/#website"},"primaryImageOfPage":{"@id":"https:\/\/spectrebaltics.com\/toode\/tyrolit-loikeketas-125-x-16-x-2223-ca-46-q-bfp-premium-2in1\/#primaryimage"},"datePublished":"2024-06-05T07:35:50+00:00","dateModified":"2024-06-05T07:35:50+00:00","breadcrumb":{"@id":"https:\/\/spectrebaltics.com\/toode\/tyrolit-loikeketas-125-x-16-x-2223-ca-46-q-bfp-premium-2in1\/#breadcrumb"},"inLanguage":"ru-RU","potentialAction":[{"@type":"ReadAction","target":["https:\/\/spectrebaltics.com\/toode\/tyrolit-loikeketas-125-x-16-x-2223-ca-46-q-bfp-premium-2in1\/"]}]},{"@type":"BreadcrumbList","@id":"https:\/\/spectrebaltics.com\/toode\/tyrolit-loikeketas-125-x-16-x-2223-ca-46-q-bfp-premium-2in1\/#breadcrumb","itemListElement":[{"@type":"ListItem","position":1,"name":"Home","item":"https:\/\/spectrebaltics.com\/ru\/"},{"@type":"ListItem","position":2,"name":"\u041a\u0430\u0442\u0430\u043b\u043e\u0433","item":"https:\/\/spectrebaltics.com\/ru\/katalog\/"},{"@type":"ListItem","position":3,"name":"Tyrolit L\u00f5ikeketas 125 X 1,6 X 22,23 CA 46 Q- BFP PREMIUM*** 2IN1"}]}]}},"_links":{"self":[{"href":"https:\/\/spectrebaltics.com\/ru\/wp-json\/wp\/v2\/product\/9346"}],"collection":[{"href":"https:\/\/spectrebaltics.com\/ru\/wp-json\/wp\/v2\/product"}],"about":[{"href":"https:\/\/spectrebaltics.com\/ru\/wp-json\/wp\/v2\/types\/product"}],"wp:featuredmedia":[{"embeddable":true,"href":"https:\/\/spectrebaltics.com\/ru\/wp-json\/wp\/v2\/media\/9347"}],"wp:attachment":[{"href":"https:\/\/spectrebaltics.com\/ru\/wp-json\/wp\/v2\/media?parent=9346"}],"wp:term":[{"taxonomy":"product_cat","embeddable":true,"href":"https:\/\/spectrebaltics.com\/ru\/wp-json\/wp\/v2\/product_cat?post=9346"},{"taxonomy":"product_tag","embeddable":true,"href":"https:\/\/spectrebaltics.com\/ru\/wp-json\/wp\/v2\/product_tag?post=9346"}],"curies":[{"name":"wp","href":"https:\/\/api.w.org\/{rel}","templated":true}]}}