{"id":9361,"date":"2024-06-05T09:52:13","date_gmt":"2024-06-05T09:52:13","guid":{"rendered":"https:\/\/spectrebaltics.com\/?post_type=product&#038;p=9361"},"modified":"2024-06-05T09:52:13","modified_gmt":"2024-06-05T09:52:13","slug":"tyrolit-loikeketas-41-125-x-1-6-x-222-a46q-bfb-inox-steel","status":"publish","type":"product","link":"https:\/\/spectrebaltics.com\/ru\/toode\/tyrolit-loikeketas-41-125-x-1-6-x-222-a46q-bfb-inox-steel\/","title":{"rendered":"Tyrolit L\u00f5ikeketas 41* 125 x 1.6 x 22,2 A46Q BFB INOX+STEEL"},"content":{"rendered":"<p>See t\u00f6\u00f6riist on m\u00f5eldud kasutamiseks nii terasel kui ka roostevabal terasel. Meie BASIC l\u00f5ikekettal 2in1 on hea kasutusiga ja stabiilsus. See t\u00f6\u00f6riist sobib lehtmetalli, profiilide, torude, varraste ja tahke materjali l\u00f5ikamiseks. BASIC-sarja kuuluv 1,6 mm l\u00f5ikeketas sobib eriti h\u00e4sti kiireks, mugavaks ja madala koorega t\u00f6\u00f6ks. 2,0 kuni 3,0 mm paksused kettad on pika t\u00f6\u00f6eaga ja neid saab kasutada universaalselt.<\/p>\n","protected":false},"excerpt":{"rendered":"<p>See t\u00f6\u00f6riist on m\u00f5eldud kasutamiseks nii terasel kui ka roostevabal terasel. Meie BASIC l\u00f5ikekettal 2in1 on hea kasutusiga ja stabiilsus. See t\u00f6\u00f6riist sobib lehtmetalli, profiilide, torude, varraste ja tahke materjali l\u00f5ikamiseks. BASIC-sarja kuuluv 1,6 mm l\u00f5ikeketas sobib eriti h\u00e4sti kiireks, mugavaks ja madala koorega t\u00f6\u00f6ks. 2,0 kuni 3,0 mm paksused kettad on pika t\u00f6\u00f6eaga ja&#8230;<\/p>\n","protected":false},"featured_media":9362,"template":"","meta":[],"product_cat":[89,90],"product_tag":[],"yoast_head":"<!-- This site is optimized with the Yoast SEO plugin v18.4.1 - https:\/\/yoast.com\/wordpress\/plugins\/seo\/ -->\n<title>Tyrolit L\u00f5ikeketas 41* 125 x 1.6 x 22,2 A46Q BFB INOX+STEEL<\/title>\n<meta name=\"robots\" content=\"index, follow, max-snippet:-1, max-image-preview:large, max-video-preview:-1\" \/>\n<link rel=\"canonical\" href=\"https:\/\/spectrebaltics.com\/toode\/tyrolit-loikeketas-41-125-x-1-6-x-222-a46q-bfb-inox-steel\/\" \/>\n<meta property=\"og:locale\" content=\"ru_RU\" \/>\n<meta property=\"og:type\" content=\"article\" \/>\n<meta property=\"og:title\" content=\"Tyrolit L\u00f5ikeketas 41* 125 x 1.6 x 22,2 A46Q BFB INOX+STEEL\" \/>\n<meta property=\"og:description\" content=\"See t\u00f6\u00f6riist on m\u00f5eldud kasutamiseks nii terasel kui ka roostevabal terasel. Meie BASIC l\u00f5ikekettal 2in1 on hea kasutusiga ja stabiilsus. See t\u00f6\u00f6riist sobib lehtmetalli, profiilide, torude, varraste ja tahke materjali l\u00f5ikamiseks. BASIC-sarja kuuluv 1,6 mm l\u00f5ikeketas sobib eriti h\u00e4sti kiireks, mugavaks ja madala koorega t\u00f6\u00f6ks. 2,0 kuni 3,0 mm paksused kettad on pika t\u00f6\u00f6eaga ja...\" \/>\n<meta property=\"og:url\" content=\"https:\/\/spectrebaltics.com\/toode\/tyrolit-loikeketas-41-125-x-1-6-x-222-a46q-bfb-inox-steel\/\" \/>\n<meta property=\"og:site_name\" content=\"Spectrebaltics\" \/>\n<meta property=\"og:image\" content=\"https:\/\/spectrebaltics.com\/wp-content\/uploads\/2024\/06\/2873.jpg\" \/>\n\t<meta property=\"og:image:width\" content=\"1000\" \/>\n\t<meta property=\"og:image:height\" content=\"1000\" \/>\n\t<meta property=\"og:image:type\" content=\"image\/jpeg\" \/>\n<meta name=\"twitter:card\" content=\"summary_large_image\" \/>\n<script type=\"application\/ld+json\" class=\"yoast-schema-graph\">{\"@context\":\"https:\/\/schema.org\",\"@graph\":[{\"@type\":\"Organization\",\"@id\":\"https:\/\/spectrebaltics.com\/ru\/#organization\",\"name\":\"Spectrebaltics\",\"url\":\"https:\/\/spectrebaltics.com\/ru\/\",\"sameAs\":[],\"logo\":{\"@type\":\"ImageObject\",\"@id\":\"https:\/\/spectrebaltics.com\/ru\/#logo\",\"inLanguage\":\"ru-RU\",\"url\":\"https:\/\/spectrebaltics.com\/wp-content\/uploads\/2024\/03\/Spectrebaltics-logo.svg\",\"contentUrl\":\"https:\/\/spectrebaltics.com\/wp-content\/uploads\/2024\/03\/Spectrebaltics-logo.svg\",\"caption\":\"Spectrebaltics\"},\"image\":{\"@id\":\"https:\/\/spectrebaltics.com\/ru\/#logo\"}},{\"@type\":\"WebSite\",\"@id\":\"https:\/\/spectrebaltics.com\/ru\/#website\",\"url\":\"https:\/\/spectrebaltics.com\/ru\/\",\"name\":\"Spectrebaltics\",\"description\":\"\",\"publisher\":{\"@id\":\"https:\/\/spectrebaltics.com\/ru\/#organization\"},\"potentialAction\":[{\"@type\":\"SearchAction\",\"target\":{\"@type\":\"EntryPoint\",\"urlTemplate\":\"https:\/\/spectrebaltics.com\/ru\/?s={search_term_string}\"},\"query-input\":\"required name=search_term_string\"}],\"inLanguage\":\"ru-RU\"},{\"@type\":\"ImageObject\",\"@id\":\"https:\/\/spectrebaltics.com\/toode\/tyrolit-loikeketas-41-125-x-1-6-x-222-a46q-bfb-inox-steel\/#primaryimage\",\"inLanguage\":\"ru-RU\",\"url\":\"https:\/\/spectrebaltics.com\/wp-content\/uploads\/2024\/06\/2873.jpg\",\"contentUrl\":\"https:\/\/spectrebaltics.com\/wp-content\/uploads\/2024\/06\/2873.jpg\",\"width\":1000,\"height\":1000},{\"@type\":\"WebPage\",\"@id\":\"https:\/\/spectrebaltics.com\/toode\/tyrolit-loikeketas-41-125-x-1-6-x-222-a46q-bfb-inox-steel\/#webpage\",\"url\":\"https:\/\/spectrebaltics.com\/toode\/tyrolit-loikeketas-41-125-x-1-6-x-222-a46q-bfb-inox-steel\/\",\"name\":\"Tyrolit L\u00f5ikeketas 41* 125 x 1.6 x 22,2 A46Q BFB INOX+STEEL\",\"isPartOf\":{\"@id\":\"https:\/\/spectrebaltics.com\/ru\/#website\"},\"primaryImageOfPage\":{\"@id\":\"https:\/\/spectrebaltics.com\/toode\/tyrolit-loikeketas-41-125-x-1-6-x-222-a46q-bfb-inox-steel\/#primaryimage\"},\"datePublished\":\"2024-06-05T09:52:13+00:00\",\"dateModified\":\"2024-06-05T09:52:13+00:00\",\"breadcrumb\":{\"@id\":\"https:\/\/spectrebaltics.com\/toode\/tyrolit-loikeketas-41-125-x-1-6-x-222-a46q-bfb-inox-steel\/#breadcrumb\"},\"inLanguage\":\"ru-RU\",\"potentialAction\":[{\"@type\":\"ReadAction\",\"target\":[\"https:\/\/spectrebaltics.com\/toode\/tyrolit-loikeketas-41-125-x-1-6-x-222-a46q-bfb-inox-steel\/\"]}]},{\"@type\":\"BreadcrumbList\",\"@id\":\"https:\/\/spectrebaltics.com\/toode\/tyrolit-loikeketas-41-125-x-1-6-x-222-a46q-bfb-inox-steel\/#breadcrumb\",\"itemListElement\":[{\"@type\":\"ListItem\",\"position\":1,\"name\":\"Home\",\"item\":\"https:\/\/spectrebaltics.com\/ru\/\"},{\"@type\":\"ListItem\",\"position\":2,\"name\":\"\u041a\u0430\u0442\u0430\u043b\u043e\u0433\",\"item\":\"https:\/\/spectrebaltics.com\/ru\/katalog\/\"},{\"@type\":\"ListItem\",\"position\":3,\"name\":\"Tyrolit L\u00f5ikeketas 41* 125 x 1.6 x 22,2 A46Q BFB INOX+STEEL\"}]}]}<\/script>\n<!-- \/ Yoast SEO plugin. -->","yoast_head_json":{"title":"Tyrolit L\u00f5ikeketas 41* 125 x 1.6 x 22,2 A46Q BFB INOX+STEEL","robots":{"index":"index","follow":"follow","max-snippet":"max-snippet:-1","max-image-preview":"max-image-preview:large","max-video-preview":"max-video-preview:-1"},"canonical":"https:\/\/spectrebaltics.com\/toode\/tyrolit-loikeketas-41-125-x-1-6-x-222-a46q-bfb-inox-steel\/","og_locale":"ru_RU","og_type":"article","og_title":"Tyrolit L\u00f5ikeketas 41* 125 x 1.6 x 22,2 A46Q BFB INOX+STEEL","og_description":"See t\u00f6\u00f6riist on m\u00f5eldud kasutamiseks nii terasel kui ka roostevabal terasel. Meie BASIC l\u00f5ikekettal 2in1 on hea kasutusiga ja stabiilsus. See t\u00f6\u00f6riist sobib lehtmetalli, profiilide, torude, varraste ja tahke materjali l\u00f5ikamiseks. BASIC-sarja kuuluv 1,6 mm l\u00f5ikeketas sobib eriti h\u00e4sti kiireks, mugavaks ja madala koorega t\u00f6\u00f6ks. 2,0 kuni 3,0 mm paksused kettad on pika t\u00f6\u00f6eaga ja...","og_url":"https:\/\/spectrebaltics.com\/toode\/tyrolit-loikeketas-41-125-x-1-6-x-222-a46q-bfb-inox-steel\/","og_site_name":"Spectrebaltics","og_image":[{"width":1000,"height":1000,"url":"https:\/\/spectrebaltics.com\/wp-content\/uploads\/2024\/06\/2873.jpg","type":"image\/jpeg"}],"twitter_card":"summary_large_image","schema":{"@context":"https:\/\/schema.org","@graph":[{"@type":"Organization","@id":"https:\/\/spectrebaltics.com\/ru\/#organization","name":"Spectrebaltics","url":"https:\/\/spectrebaltics.com\/ru\/","sameAs":[],"logo":{"@type":"ImageObject","@id":"https:\/\/spectrebaltics.com\/ru\/#logo","inLanguage":"ru-RU","url":"https:\/\/spectrebaltics.com\/wp-content\/uploads\/2024\/03\/Spectrebaltics-logo.svg","contentUrl":"https:\/\/spectrebaltics.com\/wp-content\/uploads\/2024\/03\/Spectrebaltics-logo.svg","caption":"Spectrebaltics"},"image":{"@id":"https:\/\/spectrebaltics.com\/ru\/#logo"}},{"@type":"WebSite","@id":"https:\/\/spectrebaltics.com\/ru\/#website","url":"https:\/\/spectrebaltics.com\/ru\/","name":"Spectrebaltics","description":"","publisher":{"@id":"https:\/\/spectrebaltics.com\/ru\/#organization"},"potentialAction":[{"@type":"SearchAction","target":{"@type":"EntryPoint","urlTemplate":"https:\/\/spectrebaltics.com\/ru\/?s={search_term_string}"},"query-input":"required name=search_term_string"}],"inLanguage":"ru-RU"},{"@type":"ImageObject","@id":"https:\/\/spectrebaltics.com\/toode\/tyrolit-loikeketas-41-125-x-1-6-x-222-a46q-bfb-inox-steel\/#primaryimage","inLanguage":"ru-RU","url":"https:\/\/spectrebaltics.com\/wp-content\/uploads\/2024\/06\/2873.jpg","contentUrl":"https:\/\/spectrebaltics.com\/wp-content\/uploads\/2024\/06\/2873.jpg","width":1000,"height":1000},{"@type":"WebPage","@id":"https:\/\/spectrebaltics.com\/toode\/tyrolit-loikeketas-41-125-x-1-6-x-222-a46q-bfb-inox-steel\/#webpage","url":"https:\/\/spectrebaltics.com\/toode\/tyrolit-loikeketas-41-125-x-1-6-x-222-a46q-bfb-inox-steel\/","name":"Tyrolit L\u00f5ikeketas 41* 125 x 1.6 x 22,2 A46Q BFB INOX+STEEL","isPartOf":{"@id":"https:\/\/spectrebaltics.com\/ru\/#website"},"primaryImageOfPage":{"@id":"https:\/\/spectrebaltics.com\/toode\/tyrolit-loikeketas-41-125-x-1-6-x-222-a46q-bfb-inox-steel\/#primaryimage"},"datePublished":"2024-06-05T09:52:13+00:00","dateModified":"2024-06-05T09:52:13+00:00","breadcrumb":{"@id":"https:\/\/spectrebaltics.com\/toode\/tyrolit-loikeketas-41-125-x-1-6-x-222-a46q-bfb-inox-steel\/#breadcrumb"},"inLanguage":"ru-RU","potentialAction":[{"@type":"ReadAction","target":["https:\/\/spectrebaltics.com\/toode\/tyrolit-loikeketas-41-125-x-1-6-x-222-a46q-bfb-inox-steel\/"]}]},{"@type":"BreadcrumbList","@id":"https:\/\/spectrebaltics.com\/toode\/tyrolit-loikeketas-41-125-x-1-6-x-222-a46q-bfb-inox-steel\/#breadcrumb","itemListElement":[{"@type":"ListItem","position":1,"name":"Home","item":"https:\/\/spectrebaltics.com\/ru\/"},{"@type":"ListItem","position":2,"name":"\u041a\u0430\u0442\u0430\u043b\u043e\u0433","item":"https:\/\/spectrebaltics.com\/ru\/katalog\/"},{"@type":"ListItem","position":3,"name":"Tyrolit L\u00f5ikeketas 41* 125 x 1.6 x 22,2 A46Q BFB INOX+STEEL"}]}]}},"_links":{"self":[{"href":"https:\/\/spectrebaltics.com\/ru\/wp-json\/wp\/v2\/product\/9361"}],"collection":[{"href":"https:\/\/spectrebaltics.com\/ru\/wp-json\/wp\/v2\/product"}],"about":[{"href":"https:\/\/spectrebaltics.com\/ru\/wp-json\/wp\/v2\/types\/product"}],"wp:featuredmedia":[{"embeddable":true,"href":"https:\/\/spectrebaltics.com\/ru\/wp-json\/wp\/v2\/media\/9362"}],"wp:attachment":[{"href":"https:\/\/spectrebaltics.com\/ru\/wp-json\/wp\/v2\/media?parent=9361"}],"wp:term":[{"taxonomy":"product_cat","embeddable":true,"href":"https:\/\/spectrebaltics.com\/ru\/wp-json\/wp\/v2\/product_cat?post=9361"},{"taxonomy":"product_tag","embeddable":true,"href":"https:\/\/spectrebaltics.com\/ru\/wp-json\/wp\/v2\/product_tag?post=9361"}],"curies":[{"name":"wp","href":"https:\/\/api.w.org\/{rel}","templated":true}]}}