{"id":9369,"date":"2024-06-05T10:06:03","date_gmt":"2024-06-05T10:06:03","guid":{"rendered":"https:\/\/spectrebaltics.com\/?post_type=product&#038;p=9369"},"modified":"2024-06-05T10:06:03","modified_gmt":"2024-06-05T10:06:03","slug":"tyrolit-loikeketas-125-x-20-x-2223-a-30-r-bfx-a-premium-inox","status":"publish","type":"product","link":"https:\/\/spectrebaltics.com\/ru\/toode\/tyrolit-loikeketas-125-x-20-x-2223-a-30-r-bfx-a-premium-inox\/","title":{"rendered":"Tyrolit L\u00f5ikeketas 125 X 2,0 X 22,23 A 30 R- BFX A PREMIUM*** INOX"},"content":{"rendered":"<p>Nende t\u00f6\u00f6riistade keemiline puhtus on roostevaba terase t\u00f6\u00f6tlemise eeltingimus, et v\u00e4ltida materjali negatiivseid m\u00f5jusid, nagu korrosioon, t\u00e4ppide tekkimine v\u00f5i metalli v\u00e4simine. See t\u00f6\u00f6riist sobib lehtmaterjali, profiilide, torude, vardade ja tahke materjali lihvimiseks.<br \/>\nNende l\u00f5ikeketaste valik on vahemikus 1,6\u20131,9 mm kiireks ja mugavaks t\u00f6\u00f6ks maksimaalse t\u00f6\u00f6eaga ning 2,5\u20133,0 mm maksimaalse t\u00f6\u00f6ea ja stabiilsuse tagamiseks.<\/p>\n","protected":false},"excerpt":{"rendered":"<p>Nende t\u00f6\u00f6riistade keemiline puhtus on roostevaba terase t\u00f6\u00f6tlemise eeltingimus, et v\u00e4ltida materjali negatiivseid m\u00f5jusid, nagu korrosioon, t\u00e4ppide tekkimine v\u00f5i metalli v\u00e4simine. See t\u00f6\u00f6riist sobib lehtmaterjali, profiilide, torude, vardade ja tahke materjali lihvimiseks. Nende l\u00f5ikeketaste valik on vahemikus 1,6\u20131,9 mm kiireks ja mugavaks t\u00f6\u00f6ks maksimaalse t\u00f6\u00f6eaga ning 2,5\u20133,0 mm maksimaalse t\u00f6\u00f6ea ja stabiilsuse tagamiseks.<\/p>\n","protected":false},"featured_media":9370,"template":"","meta":[],"product_cat":[89,90],"product_tag":[],"yoast_head":"<!-- This site is optimized with the Yoast SEO plugin v18.4.1 - https:\/\/yoast.com\/wordpress\/plugins\/seo\/ -->\n<title>Tyrolit L\u00f5ikeketas 125 X 2,0 X 22,23 A 30 R- BFX A PREMIUM*** INOX<\/title>\n<meta name=\"robots\" content=\"index, follow, max-snippet:-1, max-image-preview:large, max-video-preview:-1\" \/>\n<link rel=\"canonical\" href=\"https:\/\/spectrebaltics.com\/toode\/tyrolit-loikeketas-125-x-20-x-2223-a-30-r-bfx-a-premium-inox\/\" \/>\n<meta property=\"og:locale\" content=\"ru_RU\" \/>\n<meta property=\"og:type\" content=\"article\" \/>\n<meta property=\"og:title\" content=\"Tyrolit L\u00f5ikeketas 125 X 2,0 X 22,23 A 30 R- BFX A PREMIUM*** INOX\" \/>\n<meta property=\"og:description\" content=\"Nende t\u00f6\u00f6riistade keemiline puhtus on roostevaba terase t\u00f6\u00f6tlemise eeltingimus, et v\u00e4ltida materjali negatiivseid m\u00f5jusid, nagu korrosioon, t\u00e4ppide tekkimine v\u00f5i metalli v\u00e4simine. See t\u00f6\u00f6riist sobib lehtmaterjali, profiilide, torude, vardade ja tahke materjali lihvimiseks. Nende l\u00f5ikeketaste valik on vahemikus 1,6\u20131,9 mm kiireks ja mugavaks t\u00f6\u00f6ks maksimaalse t\u00f6\u00f6eaga ning 2,5\u20133,0 mm maksimaalse t\u00f6\u00f6ea ja stabiilsuse tagamiseks.\" \/>\n<meta property=\"og:url\" content=\"https:\/\/spectrebaltics.com\/toode\/tyrolit-loikeketas-125-x-20-x-2223-a-30-r-bfx-a-premium-inox\/\" \/>\n<meta property=\"og:site_name\" content=\"Spectrebaltics\" \/>\n<meta property=\"og:image\" content=\"https:\/\/spectrebaltics.com\/wp-content\/uploads\/2024\/06\/41492-main.jpg\" \/>\n\t<meta property=\"og:image:width\" content=\"500\" \/>\n\t<meta property=\"og:image:height\" content=\"500\" \/>\n\t<meta property=\"og:image:type\" content=\"image\/jpeg\" \/>\n<meta name=\"twitter:card\" content=\"summary_large_image\" \/>\n<script type=\"application\/ld+json\" class=\"yoast-schema-graph\">{\"@context\":\"https:\/\/schema.org\",\"@graph\":[{\"@type\":\"Organization\",\"@id\":\"https:\/\/spectrebaltics.com\/ru\/#organization\",\"name\":\"Spectrebaltics\",\"url\":\"https:\/\/spectrebaltics.com\/ru\/\",\"sameAs\":[],\"logo\":{\"@type\":\"ImageObject\",\"@id\":\"https:\/\/spectrebaltics.com\/ru\/#logo\",\"inLanguage\":\"ru-RU\",\"url\":\"https:\/\/spectrebaltics.com\/wp-content\/uploads\/2024\/03\/Spectrebaltics-logo.svg\",\"contentUrl\":\"https:\/\/spectrebaltics.com\/wp-content\/uploads\/2024\/03\/Spectrebaltics-logo.svg\",\"caption\":\"Spectrebaltics\"},\"image\":{\"@id\":\"https:\/\/spectrebaltics.com\/ru\/#logo\"}},{\"@type\":\"WebSite\",\"@id\":\"https:\/\/spectrebaltics.com\/ru\/#website\",\"url\":\"https:\/\/spectrebaltics.com\/ru\/\",\"name\":\"Spectrebaltics\",\"description\":\"\",\"publisher\":{\"@id\":\"https:\/\/spectrebaltics.com\/ru\/#organization\"},\"potentialAction\":[{\"@type\":\"SearchAction\",\"target\":{\"@type\":\"EntryPoint\",\"urlTemplate\":\"https:\/\/spectrebaltics.com\/ru\/?s={search_term_string}\"},\"query-input\":\"required name=search_term_string\"}],\"inLanguage\":\"ru-RU\"},{\"@type\":\"ImageObject\",\"@id\":\"https:\/\/spectrebaltics.com\/toode\/tyrolit-loikeketas-125-x-20-x-2223-a-30-r-bfx-a-premium-inox\/#primaryimage\",\"inLanguage\":\"ru-RU\",\"url\":\"https:\/\/spectrebaltics.com\/wp-content\/uploads\/2024\/06\/41492-main.jpg\",\"contentUrl\":\"https:\/\/spectrebaltics.com\/wp-content\/uploads\/2024\/06\/41492-main.jpg\",\"width\":500,\"height\":500},{\"@type\":\"WebPage\",\"@id\":\"https:\/\/spectrebaltics.com\/toode\/tyrolit-loikeketas-125-x-20-x-2223-a-30-r-bfx-a-premium-inox\/#webpage\",\"url\":\"https:\/\/spectrebaltics.com\/toode\/tyrolit-loikeketas-125-x-20-x-2223-a-30-r-bfx-a-premium-inox\/\",\"name\":\"Tyrolit L\u00f5ikeketas 125 X 2,0 X 22,23 A 30 R- BFX A PREMIUM*** INOX\",\"isPartOf\":{\"@id\":\"https:\/\/spectrebaltics.com\/ru\/#website\"},\"primaryImageOfPage\":{\"@id\":\"https:\/\/spectrebaltics.com\/toode\/tyrolit-loikeketas-125-x-20-x-2223-a-30-r-bfx-a-premium-inox\/#primaryimage\"},\"datePublished\":\"2024-06-05T10:06:03+00:00\",\"dateModified\":\"2024-06-05T10:06:03+00:00\",\"breadcrumb\":{\"@id\":\"https:\/\/spectrebaltics.com\/toode\/tyrolit-loikeketas-125-x-20-x-2223-a-30-r-bfx-a-premium-inox\/#breadcrumb\"},\"inLanguage\":\"ru-RU\",\"potentialAction\":[{\"@type\":\"ReadAction\",\"target\":[\"https:\/\/spectrebaltics.com\/toode\/tyrolit-loikeketas-125-x-20-x-2223-a-30-r-bfx-a-premium-inox\/\"]}]},{\"@type\":\"BreadcrumbList\",\"@id\":\"https:\/\/spectrebaltics.com\/toode\/tyrolit-loikeketas-125-x-20-x-2223-a-30-r-bfx-a-premium-inox\/#breadcrumb\",\"itemListElement\":[{\"@type\":\"ListItem\",\"position\":1,\"name\":\"Home\",\"item\":\"https:\/\/spectrebaltics.com\/ru\/\"},{\"@type\":\"ListItem\",\"position\":2,\"name\":\"\u041a\u0430\u0442\u0430\u043b\u043e\u0433\",\"item\":\"https:\/\/spectrebaltics.com\/ru\/katalog\/\"},{\"@type\":\"ListItem\",\"position\":3,\"name\":\"Tyrolit L\u00f5ikeketas 125 X 2,0 X 22,23 A 30 R- BFX A PREMIUM*** INOX\"}]}]}<\/script>\n<!-- \/ Yoast SEO plugin. -->","yoast_head_json":{"title":"Tyrolit L\u00f5ikeketas 125 X 2,0 X 22,23 A 30 R- BFX A PREMIUM*** INOX","robots":{"index":"index","follow":"follow","max-snippet":"max-snippet:-1","max-image-preview":"max-image-preview:large","max-video-preview":"max-video-preview:-1"},"canonical":"https:\/\/spectrebaltics.com\/toode\/tyrolit-loikeketas-125-x-20-x-2223-a-30-r-bfx-a-premium-inox\/","og_locale":"ru_RU","og_type":"article","og_title":"Tyrolit L\u00f5ikeketas 125 X 2,0 X 22,23 A 30 R- BFX A PREMIUM*** INOX","og_description":"Nende t\u00f6\u00f6riistade keemiline puhtus on roostevaba terase t\u00f6\u00f6tlemise eeltingimus, et v\u00e4ltida materjali negatiivseid m\u00f5jusid, nagu korrosioon, t\u00e4ppide tekkimine v\u00f5i metalli v\u00e4simine. See t\u00f6\u00f6riist sobib lehtmaterjali, profiilide, torude, vardade ja tahke materjali lihvimiseks. Nende l\u00f5ikeketaste valik on vahemikus 1,6\u20131,9 mm kiireks ja mugavaks t\u00f6\u00f6ks maksimaalse t\u00f6\u00f6eaga ning 2,5\u20133,0 mm maksimaalse t\u00f6\u00f6ea ja stabiilsuse tagamiseks.","og_url":"https:\/\/spectrebaltics.com\/toode\/tyrolit-loikeketas-125-x-20-x-2223-a-30-r-bfx-a-premium-inox\/","og_site_name":"Spectrebaltics","og_image":[{"width":500,"height":500,"url":"https:\/\/spectrebaltics.com\/wp-content\/uploads\/2024\/06\/41492-main.jpg","type":"image\/jpeg"}],"twitter_card":"summary_large_image","schema":{"@context":"https:\/\/schema.org","@graph":[{"@type":"Organization","@id":"https:\/\/spectrebaltics.com\/ru\/#organization","name":"Spectrebaltics","url":"https:\/\/spectrebaltics.com\/ru\/","sameAs":[],"logo":{"@type":"ImageObject","@id":"https:\/\/spectrebaltics.com\/ru\/#logo","inLanguage":"ru-RU","url":"https:\/\/spectrebaltics.com\/wp-content\/uploads\/2024\/03\/Spectrebaltics-logo.svg","contentUrl":"https:\/\/spectrebaltics.com\/wp-content\/uploads\/2024\/03\/Spectrebaltics-logo.svg","caption":"Spectrebaltics"},"image":{"@id":"https:\/\/spectrebaltics.com\/ru\/#logo"}},{"@type":"WebSite","@id":"https:\/\/spectrebaltics.com\/ru\/#website","url":"https:\/\/spectrebaltics.com\/ru\/","name":"Spectrebaltics","description":"","publisher":{"@id":"https:\/\/spectrebaltics.com\/ru\/#organization"},"potentialAction":[{"@type":"SearchAction","target":{"@type":"EntryPoint","urlTemplate":"https:\/\/spectrebaltics.com\/ru\/?s={search_term_string}"},"query-input":"required name=search_term_string"}],"inLanguage":"ru-RU"},{"@type":"ImageObject","@id":"https:\/\/spectrebaltics.com\/toode\/tyrolit-loikeketas-125-x-20-x-2223-a-30-r-bfx-a-premium-inox\/#primaryimage","inLanguage":"ru-RU","url":"https:\/\/spectrebaltics.com\/wp-content\/uploads\/2024\/06\/41492-main.jpg","contentUrl":"https:\/\/spectrebaltics.com\/wp-content\/uploads\/2024\/06\/41492-main.jpg","width":500,"height":500},{"@type":"WebPage","@id":"https:\/\/spectrebaltics.com\/toode\/tyrolit-loikeketas-125-x-20-x-2223-a-30-r-bfx-a-premium-inox\/#webpage","url":"https:\/\/spectrebaltics.com\/toode\/tyrolit-loikeketas-125-x-20-x-2223-a-30-r-bfx-a-premium-inox\/","name":"Tyrolit L\u00f5ikeketas 125 X 2,0 X 22,23 A 30 R- BFX A PREMIUM*** INOX","isPartOf":{"@id":"https:\/\/spectrebaltics.com\/ru\/#website"},"primaryImageOfPage":{"@id":"https:\/\/spectrebaltics.com\/toode\/tyrolit-loikeketas-125-x-20-x-2223-a-30-r-bfx-a-premium-inox\/#primaryimage"},"datePublished":"2024-06-05T10:06:03+00:00","dateModified":"2024-06-05T10:06:03+00:00","breadcrumb":{"@id":"https:\/\/spectrebaltics.com\/toode\/tyrolit-loikeketas-125-x-20-x-2223-a-30-r-bfx-a-premium-inox\/#breadcrumb"},"inLanguage":"ru-RU","potentialAction":[{"@type":"ReadAction","target":["https:\/\/spectrebaltics.com\/toode\/tyrolit-loikeketas-125-x-20-x-2223-a-30-r-bfx-a-premium-inox\/"]}]},{"@type":"BreadcrumbList","@id":"https:\/\/spectrebaltics.com\/toode\/tyrolit-loikeketas-125-x-20-x-2223-a-30-r-bfx-a-premium-inox\/#breadcrumb","itemListElement":[{"@type":"ListItem","position":1,"name":"Home","item":"https:\/\/spectrebaltics.com\/ru\/"},{"@type":"ListItem","position":2,"name":"\u041a\u0430\u0442\u0430\u043b\u043e\u0433","item":"https:\/\/spectrebaltics.com\/ru\/katalog\/"},{"@type":"ListItem","position":3,"name":"Tyrolit L\u00f5ikeketas 125 X 2,0 X 22,23 A 30 R- BFX A PREMIUM*** INOX"}]}]}},"_links":{"self":[{"href":"https:\/\/spectrebaltics.com\/ru\/wp-json\/wp\/v2\/product\/9369"}],"collection":[{"href":"https:\/\/spectrebaltics.com\/ru\/wp-json\/wp\/v2\/product"}],"about":[{"href":"https:\/\/spectrebaltics.com\/ru\/wp-json\/wp\/v2\/types\/product"}],"wp:featuredmedia":[{"embeddable":true,"href":"https:\/\/spectrebaltics.com\/ru\/wp-json\/wp\/v2\/media\/9370"}],"wp:attachment":[{"href":"https:\/\/spectrebaltics.com\/ru\/wp-json\/wp\/v2\/media?parent=9369"}],"wp:term":[{"taxonomy":"product_cat","embeddable":true,"href":"https:\/\/spectrebaltics.com\/ru\/wp-json\/wp\/v2\/product_cat?post=9369"},{"taxonomy":"product_tag","embeddable":true,"href":"https:\/\/spectrebaltics.com\/ru\/wp-json\/wp\/v2\/product_tag?post=9369"}],"curies":[{"name":"wp","href":"https:\/\/api.w.org\/{rel}","templated":true}]}}