{"id":9373,"date":"2024-06-05T10:14:48","date_gmt":"2024-06-05T10:14:48","guid":{"rendered":"https:\/\/spectrebaltics.com\/?post_type=product&#038;p=9373"},"modified":"2024-06-05T10:14:48","modified_gmt":"2024-06-05T10:14:48","slug":"tyrolit-loikeketas-41-125x20x22-2-a30-q-bfxa-inox-steel","status":"publish","type":"product","link":"https:\/\/spectrebaltics.com\/ru\/toode\/tyrolit-loikeketas-41-125x20x22-2-a30-q-bfxa-inox-steel\/","title":{"rendered":"Tyrolit L\u00f5ikeketas 41*** 125&#215;2,0x22.2 A30 Q BFXA INOX+STEEL"},"content":{"rendered":"<p>Tyroliti Premium 2in1 l\u00f5ikekettad on v\u00e4ga t\u00f5husad ja kauakestvad t\u00f6\u00f6riistad nii terase kui ka roostevaba terase l\u00f5ikamiseks. Roostevaba terasega t\u00f6\u00f6tamisel on eelduseks ketaste keemiline puhtus, mis v\u00e4ldib t\u00f6\u00f6deldavale detailile korrosiooni teket v\u00f5i selle vastupidavuse halvenemist.<\/p>\n","protected":false},"excerpt":{"rendered":"<p>Tyroliti Premium 2in1 l\u00f5ikekettad on v\u00e4ga t\u00f5husad ja kauakestvad t\u00f6\u00f6riistad nii terase kui ka roostevaba terase l\u00f5ikamiseks. Roostevaba terasega t\u00f6\u00f6tamisel on eelduseks ketaste keemiline puhtus, mis v\u00e4ldib t\u00f6\u00f6deldavale detailile korrosiooni teket v\u00f5i selle vastupidavuse halvenemist.<\/p>\n","protected":false},"featured_media":9374,"template":"","meta":[],"product_cat":[89,90],"product_tag":[],"yoast_head":"<!-- This site is optimized with the Yoast SEO plugin v18.4.1 - https:\/\/yoast.com\/wordpress\/plugins\/seo\/ -->\n<title>Tyrolit L\u00f5ikeketas 41*** 125x2,0x22.2 A30 Q BFXA INOX+STEEL<\/title>\n<meta name=\"robots\" content=\"index, follow, max-snippet:-1, max-image-preview:large, max-video-preview:-1\" \/>\n<link rel=\"canonical\" href=\"https:\/\/spectrebaltics.com\/en\/toode\/tyrolit-loikeketas-41-125x20x22-2-a30-q-bfxa-inox-steel\/\" \/>\n<meta property=\"og:locale\" content=\"ru_RU\" \/>\n<meta property=\"og:type\" content=\"article\" \/>\n<meta property=\"og:title\" content=\"Tyrolit L\u00f5ikeketas 41*** 125x2,0x22.2 A30 Q BFXA INOX+STEEL\" \/>\n<meta property=\"og:description\" content=\"Tyroliti Premium 2in1 l\u00f5ikekettad on v\u00e4ga t\u00f5husad ja kauakestvad t\u00f6\u00f6riistad nii terase kui ka roostevaba terase l\u00f5ikamiseks. Roostevaba terasega t\u00f6\u00f6tamisel on eelduseks ketaste keemiline puhtus, mis v\u00e4ldib t\u00f6\u00f6deldavale detailile korrosiooni teket v\u00f5i selle vastupidavuse halvenemist.\" \/>\n<meta property=\"og:url\" content=\"https:\/\/spectrebaltics.com\/en\/toode\/tyrolit-loikeketas-41-125x20x22-2-a30-q-bfxa-inox-steel\/\" \/>\n<meta property=\"og:site_name\" content=\"Spectrebaltics\" \/>\n<meta property=\"og:image\" content=\"https:\/\/spectrebaltics.com\/wp-content\/uploads\/2024\/06\/1.jpg\" \/>\n\t<meta property=\"og:image:width\" content=\"750\" \/>\n\t<meta property=\"og:image:height\" content=\"1000\" \/>\n\t<meta property=\"og:image:type\" content=\"image\/jpeg\" \/>\n<meta name=\"twitter:card\" content=\"summary_large_image\" \/>\n<script type=\"application\/ld+json\" class=\"yoast-schema-graph\">{\"@context\":\"https:\/\/schema.org\",\"@graph\":[{\"@type\":\"Organization\",\"@id\":\"https:\/\/spectrebaltics.com\/ru\/#organization\",\"name\":\"Spectrebaltics\",\"url\":\"https:\/\/spectrebaltics.com\/ru\/\",\"sameAs\":[],\"logo\":{\"@type\":\"ImageObject\",\"@id\":\"https:\/\/spectrebaltics.com\/ru\/#logo\",\"inLanguage\":\"ru-RU\",\"url\":\"https:\/\/spectrebaltics.com\/wp-content\/uploads\/2024\/03\/Spectrebaltics-logo.svg\",\"contentUrl\":\"https:\/\/spectrebaltics.com\/wp-content\/uploads\/2024\/03\/Spectrebaltics-logo.svg\",\"caption\":\"Spectrebaltics\"},\"image\":{\"@id\":\"https:\/\/spectrebaltics.com\/ru\/#logo\"}},{\"@type\":\"WebSite\",\"@id\":\"https:\/\/spectrebaltics.com\/ru\/#website\",\"url\":\"https:\/\/spectrebaltics.com\/ru\/\",\"name\":\"Spectrebaltics\",\"description\":\"\",\"publisher\":{\"@id\":\"https:\/\/spectrebaltics.com\/ru\/#organization\"},\"potentialAction\":[{\"@type\":\"SearchAction\",\"target\":{\"@type\":\"EntryPoint\",\"urlTemplate\":\"https:\/\/spectrebaltics.com\/ru\/?s={search_term_string}\"},\"query-input\":\"required name=search_term_string\"}],\"inLanguage\":\"ru-RU\"},{\"@type\":\"ImageObject\",\"@id\":\"https:\/\/spectrebaltics.com\/en\/toode\/tyrolit-loikeketas-41-125x20x22-2-a30-q-bfxa-inox-steel\/#primaryimage\",\"inLanguage\":\"ru-RU\",\"url\":\"https:\/\/spectrebaltics.com\/wp-content\/uploads\/2024\/06\/1.jpg\",\"contentUrl\":\"https:\/\/spectrebaltics.com\/wp-content\/uploads\/2024\/06\/1.jpg\",\"width\":750,\"height\":1000},{\"@type\":\"WebPage\",\"@id\":\"https:\/\/spectrebaltics.com\/en\/toode\/tyrolit-loikeketas-41-125x20x22-2-a30-q-bfxa-inox-steel\/#webpage\",\"url\":\"https:\/\/spectrebaltics.com\/en\/toode\/tyrolit-loikeketas-41-125x20x22-2-a30-q-bfxa-inox-steel\/\",\"name\":\"Tyrolit L\u00f5ikeketas 41*** 125x2,0x22.2 A30 Q BFXA INOX+STEEL\",\"isPartOf\":{\"@id\":\"https:\/\/spectrebaltics.com\/ru\/#website\"},\"primaryImageOfPage\":{\"@id\":\"https:\/\/spectrebaltics.com\/en\/toode\/tyrolit-loikeketas-41-125x20x22-2-a30-q-bfxa-inox-steel\/#primaryimage\"},\"datePublished\":\"2024-06-05T10:14:48+00:00\",\"dateModified\":\"2024-06-05T10:14:48+00:00\",\"breadcrumb\":{\"@id\":\"https:\/\/spectrebaltics.com\/en\/toode\/tyrolit-loikeketas-41-125x20x22-2-a30-q-bfxa-inox-steel\/#breadcrumb\"},\"inLanguage\":\"ru-RU\",\"potentialAction\":[{\"@type\":\"ReadAction\",\"target\":[\"https:\/\/spectrebaltics.com\/en\/toode\/tyrolit-loikeketas-41-125x20x22-2-a30-q-bfxa-inox-steel\/\"]}]},{\"@type\":\"BreadcrumbList\",\"@id\":\"https:\/\/spectrebaltics.com\/en\/toode\/tyrolit-loikeketas-41-125x20x22-2-a30-q-bfxa-inox-steel\/#breadcrumb\",\"itemListElement\":[{\"@type\":\"ListItem\",\"position\":1,\"name\":\"Home\",\"item\":\"https:\/\/spectrebaltics.com\/ru\/\"},{\"@type\":\"ListItem\",\"position\":2,\"name\":\"\u041a\u0430\u0442\u0430\u043b\u043e\u0433\",\"item\":\"https:\/\/spectrebaltics.com\/ru\/katalog\/\"},{\"@type\":\"ListItem\",\"position\":3,\"name\":\"Tyrolit L\u00f5ikeketas 41*** 125&#215;2,0x22.2 A30 Q BFXA INOX+STEEL\"}]}]}<\/script>\n<!-- \/ Yoast SEO plugin. -->","yoast_head_json":{"title":"Tyrolit L\u00f5ikeketas 41*** 125x2,0x22.2 A30 Q BFXA INOX+STEEL","robots":{"index":"index","follow":"follow","max-snippet":"max-snippet:-1","max-image-preview":"max-image-preview:large","max-video-preview":"max-video-preview:-1"},"canonical":"https:\/\/spectrebaltics.com\/en\/toode\/tyrolit-loikeketas-41-125x20x22-2-a30-q-bfxa-inox-steel\/","og_locale":"ru_RU","og_type":"article","og_title":"Tyrolit L\u00f5ikeketas 41*** 125x2,0x22.2 A30 Q BFXA INOX+STEEL","og_description":"Tyroliti Premium 2in1 l\u00f5ikekettad on v\u00e4ga t\u00f5husad ja kauakestvad t\u00f6\u00f6riistad nii terase kui ka roostevaba terase l\u00f5ikamiseks. Roostevaba terasega t\u00f6\u00f6tamisel on eelduseks ketaste keemiline puhtus, mis v\u00e4ldib t\u00f6\u00f6deldavale detailile korrosiooni teket v\u00f5i selle vastupidavuse halvenemist.","og_url":"https:\/\/spectrebaltics.com\/en\/toode\/tyrolit-loikeketas-41-125x20x22-2-a30-q-bfxa-inox-steel\/","og_site_name":"Spectrebaltics","og_image":[{"width":750,"height":1000,"url":"https:\/\/spectrebaltics.com\/wp-content\/uploads\/2024\/06\/1.jpg","type":"image\/jpeg"}],"twitter_card":"summary_large_image","schema":{"@context":"https:\/\/schema.org","@graph":[{"@type":"Organization","@id":"https:\/\/spectrebaltics.com\/ru\/#organization","name":"Spectrebaltics","url":"https:\/\/spectrebaltics.com\/ru\/","sameAs":[],"logo":{"@type":"ImageObject","@id":"https:\/\/spectrebaltics.com\/ru\/#logo","inLanguage":"ru-RU","url":"https:\/\/spectrebaltics.com\/wp-content\/uploads\/2024\/03\/Spectrebaltics-logo.svg","contentUrl":"https:\/\/spectrebaltics.com\/wp-content\/uploads\/2024\/03\/Spectrebaltics-logo.svg","caption":"Spectrebaltics"},"image":{"@id":"https:\/\/spectrebaltics.com\/ru\/#logo"}},{"@type":"WebSite","@id":"https:\/\/spectrebaltics.com\/ru\/#website","url":"https:\/\/spectrebaltics.com\/ru\/","name":"Spectrebaltics","description":"","publisher":{"@id":"https:\/\/spectrebaltics.com\/ru\/#organization"},"potentialAction":[{"@type":"SearchAction","target":{"@type":"EntryPoint","urlTemplate":"https:\/\/spectrebaltics.com\/ru\/?s={search_term_string}"},"query-input":"required name=search_term_string"}],"inLanguage":"ru-RU"},{"@type":"ImageObject","@id":"https:\/\/spectrebaltics.com\/en\/toode\/tyrolit-loikeketas-41-125x20x22-2-a30-q-bfxa-inox-steel\/#primaryimage","inLanguage":"ru-RU","url":"https:\/\/spectrebaltics.com\/wp-content\/uploads\/2024\/06\/1.jpg","contentUrl":"https:\/\/spectrebaltics.com\/wp-content\/uploads\/2024\/06\/1.jpg","width":750,"height":1000},{"@type":"WebPage","@id":"https:\/\/spectrebaltics.com\/en\/toode\/tyrolit-loikeketas-41-125x20x22-2-a30-q-bfxa-inox-steel\/#webpage","url":"https:\/\/spectrebaltics.com\/en\/toode\/tyrolit-loikeketas-41-125x20x22-2-a30-q-bfxa-inox-steel\/","name":"Tyrolit L\u00f5ikeketas 41*** 125x2,0x22.2 A30 Q BFXA INOX+STEEL","isPartOf":{"@id":"https:\/\/spectrebaltics.com\/ru\/#website"},"primaryImageOfPage":{"@id":"https:\/\/spectrebaltics.com\/en\/toode\/tyrolit-loikeketas-41-125x20x22-2-a30-q-bfxa-inox-steel\/#primaryimage"},"datePublished":"2024-06-05T10:14:48+00:00","dateModified":"2024-06-05T10:14:48+00:00","breadcrumb":{"@id":"https:\/\/spectrebaltics.com\/en\/toode\/tyrolit-loikeketas-41-125x20x22-2-a30-q-bfxa-inox-steel\/#breadcrumb"},"inLanguage":"ru-RU","potentialAction":[{"@type":"ReadAction","target":["https:\/\/spectrebaltics.com\/en\/toode\/tyrolit-loikeketas-41-125x20x22-2-a30-q-bfxa-inox-steel\/"]}]},{"@type":"BreadcrumbList","@id":"https:\/\/spectrebaltics.com\/en\/toode\/tyrolit-loikeketas-41-125x20x22-2-a30-q-bfxa-inox-steel\/#breadcrumb","itemListElement":[{"@type":"ListItem","position":1,"name":"Home","item":"https:\/\/spectrebaltics.com\/ru\/"},{"@type":"ListItem","position":2,"name":"\u041a\u0430\u0442\u0430\u043b\u043e\u0433","item":"https:\/\/spectrebaltics.com\/ru\/katalog\/"},{"@type":"ListItem","position":3,"name":"Tyrolit L\u00f5ikeketas 41*** 125&#215;2,0x22.2 A30 Q BFXA INOX+STEEL"}]}]}},"_links":{"self":[{"href":"https:\/\/spectrebaltics.com\/ru\/wp-json\/wp\/v2\/product\/9373"}],"collection":[{"href":"https:\/\/spectrebaltics.com\/ru\/wp-json\/wp\/v2\/product"}],"about":[{"href":"https:\/\/spectrebaltics.com\/ru\/wp-json\/wp\/v2\/types\/product"}],"wp:featuredmedia":[{"embeddable":true,"href":"https:\/\/spectrebaltics.com\/ru\/wp-json\/wp\/v2\/media\/9374"}],"wp:attachment":[{"href":"https:\/\/spectrebaltics.com\/ru\/wp-json\/wp\/v2\/media?parent=9373"}],"wp:term":[{"taxonomy":"product_cat","embeddable":true,"href":"https:\/\/spectrebaltics.com\/ru\/wp-json\/wp\/v2\/product_cat?post=9373"},{"taxonomy":"product_tag","embeddable":true,"href":"https:\/\/spectrebaltics.com\/ru\/wp-json\/wp\/v2\/product_tag?post=9373"}],"curies":[{"name":"wp","href":"https:\/\/api.w.org\/{rel}","templated":true}]}}