{"id":9391,"date":"2024-06-05T10:47:38","date_gmt":"2024-06-05T10:47:38","guid":{"rendered":"https:\/\/spectrebaltics.com\/?post_type=product&#038;p=9391"},"modified":"2024-06-05T10:47:38","modified_gmt":"2024-06-05T10:47:38","slug":"tyrolit-loikeketas-125-x-25-x-222-a30-r-bfxa-premium-inox","status":"publish","type":"product","link":"https:\/\/spectrebaltics.com\/ru\/toode\/tyrolit-loikeketas-125-x-25-x-222-a30-r-bfxa-premium-inox\/","title":{"rendered":"Tyrolit L\u00f5ikeketas 125 x 2,5 x 22,2 A30 R BFXA PREMIUM*** INOX"},"content":{"rendered":"<p><span>Nende t\u00f6\u00f6riistade keemiline puhtus on roostevaba terase t\u00f6\u00f6tlemise eeltingimus, et v\u00e4ltida materjali negatiivseid m\u00f5jusid, nagu korrosioon, t\u00e4ppide tekkimine v\u00f5i metalli v\u00e4simine. See t\u00f6\u00f6riist sobib lehtmaterjali, profiilide, torude, vardade ja tahke materjali lihvimiseks.<\/span><\/p>\n","protected":false},"excerpt":{"rendered":"<p>Nende t\u00f6\u00f6riistade keemiline puhtus on roostevaba terase t\u00f6\u00f6tlemise eeltingimus, et v\u00e4ltida materjali negatiivseid m\u00f5jusid, nagu korrosioon, t\u00e4ppide tekkimine v\u00f5i metalli v\u00e4simine. See t\u00f6\u00f6riist sobib lehtmaterjali, profiilide, torude, vardade ja tahke materjali lihvimiseks.<\/p>\n","protected":false},"featured_media":9392,"template":"","meta":[],"product_cat":[89,90],"product_tag":[],"yoast_head":"<!-- This site is optimized with the Yoast SEO plugin v18.4.1 - https:\/\/yoast.com\/wordpress\/plugins\/seo\/ -->\n<title>Tyrolit L\u00f5ikeketas 125 x 2,5 x 22,2 A30 R BFXA PREMIUM*** INOX<\/title>\n<meta name=\"robots\" content=\"index, follow, max-snippet:-1, max-image-preview:large, max-video-preview:-1\" \/>\n<link rel=\"canonical\" href=\"https:\/\/spectrebaltics.com\/toode\/tyrolit-loikeketas-125-x-25-x-222-a30-r-bfxa-premium-inox\/\" \/>\n<meta property=\"og:locale\" content=\"ru_RU\" \/>\n<meta property=\"og:type\" content=\"article\" \/>\n<meta property=\"og:title\" content=\"Tyrolit L\u00f5ikeketas 125 x 2,5 x 22,2 A30 R BFXA PREMIUM*** INOX\" \/>\n<meta property=\"og:description\" content=\"Nende t\u00f6\u00f6riistade keemiline puhtus on roostevaba terase t\u00f6\u00f6tlemise eeltingimus, et v\u00e4ltida materjali negatiivseid m\u00f5jusid, nagu korrosioon, t\u00e4ppide tekkimine v\u00f5i metalli v\u00e4simine. See t\u00f6\u00f6riist sobib lehtmaterjali, profiilide, torude, vardade ja tahke materjali lihvimiseks.\" \/>\n<meta property=\"og:url\" content=\"https:\/\/spectrebaltics.com\/toode\/tyrolit-loikeketas-125-x-25-x-222-a30-r-bfxa-premium-inox\/\" \/>\n<meta property=\"og:site_name\" content=\"Spectrebaltics\" \/>\n<meta property=\"og:image\" content=\"https:\/\/spectrebaltics.com\/wp-content\/uploads\/2024\/06\/41493.jpg\" \/>\n\t<meta property=\"og:image:width\" content=\"547\" \/>\n\t<meta property=\"og:image:height\" content=\"478\" \/>\n\t<meta property=\"og:image:type\" content=\"image\/jpeg\" \/>\n<meta name=\"twitter:card\" content=\"summary_large_image\" \/>\n<script type=\"application\/ld+json\" class=\"yoast-schema-graph\">{\"@context\":\"https:\/\/schema.org\",\"@graph\":[{\"@type\":\"Organization\",\"@id\":\"https:\/\/spectrebaltics.com\/ru\/#organization\",\"name\":\"Spectrebaltics\",\"url\":\"https:\/\/spectrebaltics.com\/ru\/\",\"sameAs\":[],\"logo\":{\"@type\":\"ImageObject\",\"@id\":\"https:\/\/spectrebaltics.com\/ru\/#logo\",\"inLanguage\":\"ru-RU\",\"url\":\"https:\/\/spectrebaltics.com\/wp-content\/uploads\/2024\/03\/Spectrebaltics-logo.svg\",\"contentUrl\":\"https:\/\/spectrebaltics.com\/wp-content\/uploads\/2024\/03\/Spectrebaltics-logo.svg\",\"caption\":\"Spectrebaltics\"},\"image\":{\"@id\":\"https:\/\/spectrebaltics.com\/ru\/#logo\"}},{\"@type\":\"WebSite\",\"@id\":\"https:\/\/spectrebaltics.com\/ru\/#website\",\"url\":\"https:\/\/spectrebaltics.com\/ru\/\",\"name\":\"Spectrebaltics\",\"description\":\"\",\"publisher\":{\"@id\":\"https:\/\/spectrebaltics.com\/ru\/#organization\"},\"potentialAction\":[{\"@type\":\"SearchAction\",\"target\":{\"@type\":\"EntryPoint\",\"urlTemplate\":\"https:\/\/spectrebaltics.com\/ru\/?s={search_term_string}\"},\"query-input\":\"required name=search_term_string\"}],\"inLanguage\":\"ru-RU\"},{\"@type\":\"ImageObject\",\"@id\":\"https:\/\/spectrebaltics.com\/toode\/tyrolit-loikeketas-125-x-25-x-222-a30-r-bfxa-premium-inox\/#primaryimage\",\"inLanguage\":\"ru-RU\",\"url\":\"https:\/\/spectrebaltics.com\/wp-content\/uploads\/2024\/06\/41493.jpg\",\"contentUrl\":\"https:\/\/spectrebaltics.com\/wp-content\/uploads\/2024\/06\/41493.jpg\",\"width\":547,\"height\":478},{\"@type\":\"WebPage\",\"@id\":\"https:\/\/spectrebaltics.com\/toode\/tyrolit-loikeketas-125-x-25-x-222-a30-r-bfxa-premium-inox\/#webpage\",\"url\":\"https:\/\/spectrebaltics.com\/toode\/tyrolit-loikeketas-125-x-25-x-222-a30-r-bfxa-premium-inox\/\",\"name\":\"Tyrolit L\u00f5ikeketas 125 x 2,5 x 22,2 A30 R BFXA PREMIUM*** INOX\",\"isPartOf\":{\"@id\":\"https:\/\/spectrebaltics.com\/ru\/#website\"},\"primaryImageOfPage\":{\"@id\":\"https:\/\/spectrebaltics.com\/toode\/tyrolit-loikeketas-125-x-25-x-222-a30-r-bfxa-premium-inox\/#primaryimage\"},\"datePublished\":\"2024-06-05T10:47:38+00:00\",\"dateModified\":\"2024-06-05T10:47:38+00:00\",\"breadcrumb\":{\"@id\":\"https:\/\/spectrebaltics.com\/toode\/tyrolit-loikeketas-125-x-25-x-222-a30-r-bfxa-premium-inox\/#breadcrumb\"},\"inLanguage\":\"ru-RU\",\"potentialAction\":[{\"@type\":\"ReadAction\",\"target\":[\"https:\/\/spectrebaltics.com\/toode\/tyrolit-loikeketas-125-x-25-x-222-a30-r-bfxa-premium-inox\/\"]}]},{\"@type\":\"BreadcrumbList\",\"@id\":\"https:\/\/spectrebaltics.com\/toode\/tyrolit-loikeketas-125-x-25-x-222-a30-r-bfxa-premium-inox\/#breadcrumb\",\"itemListElement\":[{\"@type\":\"ListItem\",\"position\":1,\"name\":\"Home\",\"item\":\"https:\/\/spectrebaltics.com\/ru\/\"},{\"@type\":\"ListItem\",\"position\":2,\"name\":\"\u041a\u0430\u0442\u0430\u043b\u043e\u0433\",\"item\":\"https:\/\/spectrebaltics.com\/ru\/katalog\/\"},{\"@type\":\"ListItem\",\"position\":3,\"name\":\"Tyrolit L\u00f5ikeketas 125 x 2,5 x 22,2 A30 R BFXA PREMIUM*** INOX\"}]}]}<\/script>\n<!-- \/ Yoast SEO plugin. -->","yoast_head_json":{"title":"Tyrolit L\u00f5ikeketas 125 x 2,5 x 22,2 A30 R BFXA PREMIUM*** INOX","robots":{"index":"index","follow":"follow","max-snippet":"max-snippet:-1","max-image-preview":"max-image-preview:large","max-video-preview":"max-video-preview:-1"},"canonical":"https:\/\/spectrebaltics.com\/toode\/tyrolit-loikeketas-125-x-25-x-222-a30-r-bfxa-premium-inox\/","og_locale":"ru_RU","og_type":"article","og_title":"Tyrolit L\u00f5ikeketas 125 x 2,5 x 22,2 A30 R BFXA PREMIUM*** INOX","og_description":"Nende t\u00f6\u00f6riistade keemiline puhtus on roostevaba terase t\u00f6\u00f6tlemise eeltingimus, et v\u00e4ltida materjali negatiivseid m\u00f5jusid, nagu korrosioon, t\u00e4ppide tekkimine v\u00f5i metalli v\u00e4simine. See t\u00f6\u00f6riist sobib lehtmaterjali, profiilide, torude, vardade ja tahke materjali lihvimiseks.","og_url":"https:\/\/spectrebaltics.com\/toode\/tyrolit-loikeketas-125-x-25-x-222-a30-r-bfxa-premium-inox\/","og_site_name":"Spectrebaltics","og_image":[{"width":547,"height":478,"url":"https:\/\/spectrebaltics.com\/wp-content\/uploads\/2024\/06\/41493.jpg","type":"image\/jpeg"}],"twitter_card":"summary_large_image","schema":{"@context":"https:\/\/schema.org","@graph":[{"@type":"Organization","@id":"https:\/\/spectrebaltics.com\/ru\/#organization","name":"Spectrebaltics","url":"https:\/\/spectrebaltics.com\/ru\/","sameAs":[],"logo":{"@type":"ImageObject","@id":"https:\/\/spectrebaltics.com\/ru\/#logo","inLanguage":"ru-RU","url":"https:\/\/spectrebaltics.com\/wp-content\/uploads\/2024\/03\/Spectrebaltics-logo.svg","contentUrl":"https:\/\/spectrebaltics.com\/wp-content\/uploads\/2024\/03\/Spectrebaltics-logo.svg","caption":"Spectrebaltics"},"image":{"@id":"https:\/\/spectrebaltics.com\/ru\/#logo"}},{"@type":"WebSite","@id":"https:\/\/spectrebaltics.com\/ru\/#website","url":"https:\/\/spectrebaltics.com\/ru\/","name":"Spectrebaltics","description":"","publisher":{"@id":"https:\/\/spectrebaltics.com\/ru\/#organization"},"potentialAction":[{"@type":"SearchAction","target":{"@type":"EntryPoint","urlTemplate":"https:\/\/spectrebaltics.com\/ru\/?s={search_term_string}"},"query-input":"required name=search_term_string"}],"inLanguage":"ru-RU"},{"@type":"ImageObject","@id":"https:\/\/spectrebaltics.com\/toode\/tyrolit-loikeketas-125-x-25-x-222-a30-r-bfxa-premium-inox\/#primaryimage","inLanguage":"ru-RU","url":"https:\/\/spectrebaltics.com\/wp-content\/uploads\/2024\/06\/41493.jpg","contentUrl":"https:\/\/spectrebaltics.com\/wp-content\/uploads\/2024\/06\/41493.jpg","width":547,"height":478},{"@type":"WebPage","@id":"https:\/\/spectrebaltics.com\/toode\/tyrolit-loikeketas-125-x-25-x-222-a30-r-bfxa-premium-inox\/#webpage","url":"https:\/\/spectrebaltics.com\/toode\/tyrolit-loikeketas-125-x-25-x-222-a30-r-bfxa-premium-inox\/","name":"Tyrolit L\u00f5ikeketas 125 x 2,5 x 22,2 A30 R BFXA PREMIUM*** INOX","isPartOf":{"@id":"https:\/\/spectrebaltics.com\/ru\/#website"},"primaryImageOfPage":{"@id":"https:\/\/spectrebaltics.com\/toode\/tyrolit-loikeketas-125-x-25-x-222-a30-r-bfxa-premium-inox\/#primaryimage"},"datePublished":"2024-06-05T10:47:38+00:00","dateModified":"2024-06-05T10:47:38+00:00","breadcrumb":{"@id":"https:\/\/spectrebaltics.com\/toode\/tyrolit-loikeketas-125-x-25-x-222-a30-r-bfxa-premium-inox\/#breadcrumb"},"inLanguage":"ru-RU","potentialAction":[{"@type":"ReadAction","target":["https:\/\/spectrebaltics.com\/toode\/tyrolit-loikeketas-125-x-25-x-222-a30-r-bfxa-premium-inox\/"]}]},{"@type":"BreadcrumbList","@id":"https:\/\/spectrebaltics.com\/toode\/tyrolit-loikeketas-125-x-25-x-222-a30-r-bfxa-premium-inox\/#breadcrumb","itemListElement":[{"@type":"ListItem","position":1,"name":"Home","item":"https:\/\/spectrebaltics.com\/ru\/"},{"@type":"ListItem","position":2,"name":"\u041a\u0430\u0442\u0430\u043b\u043e\u0433","item":"https:\/\/spectrebaltics.com\/ru\/katalog\/"},{"@type":"ListItem","position":3,"name":"Tyrolit L\u00f5ikeketas 125 x 2,5 x 22,2 A30 R BFXA PREMIUM*** INOX"}]}]}},"_links":{"self":[{"href":"https:\/\/spectrebaltics.com\/ru\/wp-json\/wp\/v2\/product\/9391"}],"collection":[{"href":"https:\/\/spectrebaltics.com\/ru\/wp-json\/wp\/v2\/product"}],"about":[{"href":"https:\/\/spectrebaltics.com\/ru\/wp-json\/wp\/v2\/types\/product"}],"wp:featuredmedia":[{"embeddable":true,"href":"https:\/\/spectrebaltics.com\/ru\/wp-json\/wp\/v2\/media\/9392"}],"wp:attachment":[{"href":"https:\/\/spectrebaltics.com\/ru\/wp-json\/wp\/v2\/media?parent=9391"}],"wp:term":[{"taxonomy":"product_cat","embeddable":true,"href":"https:\/\/spectrebaltics.com\/ru\/wp-json\/wp\/v2\/product_cat?post=9391"},{"taxonomy":"product_tag","embeddable":true,"href":"https:\/\/spectrebaltics.com\/ru\/wp-json\/wp\/v2\/product_tag?post=9391"}],"curies":[{"name":"wp","href":"https:\/\/api.w.org\/{rel}","templated":true}]}}