{"id":9411,"date":"2024-06-05T11:26:56","date_gmt":"2024-06-05T11:26:56","guid":{"rendered":"https:\/\/spectrebaltics.com\/?post_type=product&#038;p=9411"},"modified":"2024-06-05T11:26:56","modified_gmt":"2024-06-05T11:26:56","slug":"tyrolit-loikeketas-150-x-13-x-2223-ca-60-q-bfk-a-premium-2in1","status":"publish","type":"product","link":"https:\/\/spectrebaltics.com\/ru\/toode\/tyrolit-loikeketas-150-x-13-x-2223-ca-60-q-bfk-a-premium-2in1\/","title":{"rendered":"Tyrolit L\u00f5ikeketas 150 X 1,3 X 22,23 CA 60 Q- BFK A PREMIUM*** 2IN1"},"content":{"rendered":"<p>TYROLITI poolt v\u00e4lja t\u00f6\u00f6tatud CERABOND liimimiss\u00fcsteem \u00fchendab endas habemenuga terava keraamilise tera ainulaadse liimimisstruktuuriga. See hoiab \u00e4ra terade enneaegse purunemise ja suurendab agressiivsust mitu korda. CERABOND l\u00f5ikeketaste sari sobib eriti h\u00e4sti v\u00e4ga k\u00f5vade, n\u00f5udlike detailide ja tahkete materjalide t\u00f6\u00f6tlemise optimeerimiseks. Valik t\u00e4histab pikka kasutusiga ja l\u00fchemaid t\u00f6\u00f6protsesse koos maksimaalse kuluefektiivsusega.<\/p>\n","protected":false},"excerpt":{"rendered":"<p>TYROLITI poolt v\u00e4lja t\u00f6\u00f6tatud CERABOND liimimiss\u00fcsteem \u00fchendab endas habemenuga terava keraamilise tera ainulaadse liimimisstruktuuriga. See hoiab \u00e4ra terade enneaegse purunemise ja suurendab agressiivsust mitu korda. CERABOND l\u00f5ikeketaste sari sobib eriti h\u00e4sti v\u00e4ga k\u00f5vade, n\u00f5udlike detailide ja tahkete materjalide t\u00f6\u00f6tlemise optimeerimiseks. Valik t\u00e4histab pikka kasutusiga ja l\u00fchemaid t\u00f6\u00f6protsesse koos maksimaalse kuluefektiivsusega.<\/p>\n","protected":false},"featured_media":9412,"template":"","meta":[],"product_cat":[89,90],"product_tag":[],"yoast_head":"<!-- This site is optimized with the Yoast SEO plugin v18.4.1 - https:\/\/yoast.com\/wordpress\/plugins\/seo\/ -->\n<title>Tyrolit L\u00f5ikeketas 150 X 1,3 X 22,23 CA 60 Q- BFK A PREMIUM*** 2IN1<\/title>\n<meta name=\"robots\" content=\"index, follow, max-snippet:-1, max-image-preview:large, max-video-preview:-1\" \/>\n<link rel=\"canonical\" href=\"https:\/\/spectrebaltics.com\/toode\/tyrolit-loikeketas-150-x-13-x-2223-ca-60-q-bfk-a-premium-2in1\/\" \/>\n<meta property=\"og:locale\" content=\"ru_RU\" \/>\n<meta property=\"og:type\" content=\"article\" \/>\n<meta property=\"og:title\" content=\"Tyrolit L\u00f5ikeketas 150 X 1,3 X 22,23 CA 60 Q- BFK A PREMIUM*** 2IN1\" \/>\n<meta property=\"og:description\" content=\"TYROLITI poolt v\u00e4lja t\u00f6\u00f6tatud CERABOND liimimiss\u00fcsteem \u00fchendab endas habemenuga terava keraamilise tera ainulaadse liimimisstruktuuriga. See hoiab \u00e4ra terade enneaegse purunemise ja suurendab agressiivsust mitu korda. CERABOND l\u00f5ikeketaste sari sobib eriti h\u00e4sti v\u00e4ga k\u00f5vade, n\u00f5udlike detailide ja tahkete materjalide t\u00f6\u00f6tlemise optimeerimiseks. Valik t\u00e4histab pikka kasutusiga ja l\u00fchemaid t\u00f6\u00f6protsesse koos maksimaalse kuluefektiivsusega.\" \/>\n<meta property=\"og:url\" content=\"https:\/\/spectrebaltics.com\/toode\/tyrolit-loikeketas-150-x-13-x-2223-ca-60-q-bfk-a-premium-2in1\/\" \/>\n<meta property=\"og:site_name\" content=\"Spectrebaltics\" \/>\n<meta property=\"og:image\" content=\"https:\/\/spectrebaltics.com\/wp-content\/uploads\/2024\/06\/6274.jpg\" \/>\n\t<meta property=\"og:image:width\" content=\"1280\" \/>\n\t<meta property=\"og:image:height\" content=\"1280\" \/>\n\t<meta property=\"og:image:type\" content=\"image\/jpeg\" \/>\n<meta name=\"twitter:card\" content=\"summary_large_image\" \/>\n<script type=\"application\/ld+json\" class=\"yoast-schema-graph\">{\"@context\":\"https:\/\/schema.org\",\"@graph\":[{\"@type\":\"Organization\",\"@id\":\"https:\/\/spectrebaltics.com\/ru\/#organization\",\"name\":\"Spectrebaltics\",\"url\":\"https:\/\/spectrebaltics.com\/ru\/\",\"sameAs\":[],\"logo\":{\"@type\":\"ImageObject\",\"@id\":\"https:\/\/spectrebaltics.com\/ru\/#logo\",\"inLanguage\":\"ru-RU\",\"url\":\"https:\/\/spectrebaltics.com\/wp-content\/uploads\/2024\/03\/Spectrebaltics-logo.svg\",\"contentUrl\":\"https:\/\/spectrebaltics.com\/wp-content\/uploads\/2024\/03\/Spectrebaltics-logo.svg\",\"caption\":\"Spectrebaltics\"},\"image\":{\"@id\":\"https:\/\/spectrebaltics.com\/ru\/#logo\"}},{\"@type\":\"WebSite\",\"@id\":\"https:\/\/spectrebaltics.com\/ru\/#website\",\"url\":\"https:\/\/spectrebaltics.com\/ru\/\",\"name\":\"Spectrebaltics\",\"description\":\"\",\"publisher\":{\"@id\":\"https:\/\/spectrebaltics.com\/ru\/#organization\"},\"potentialAction\":[{\"@type\":\"SearchAction\",\"target\":{\"@type\":\"EntryPoint\",\"urlTemplate\":\"https:\/\/spectrebaltics.com\/ru\/?s={search_term_string}\"},\"query-input\":\"required name=search_term_string\"}],\"inLanguage\":\"ru-RU\"},{\"@type\":\"ImageObject\",\"@id\":\"https:\/\/spectrebaltics.com\/toode\/tyrolit-loikeketas-150-x-13-x-2223-ca-60-q-bfk-a-premium-2in1\/#primaryimage\",\"inLanguage\":\"ru-RU\",\"url\":\"https:\/\/spectrebaltics.com\/wp-content\/uploads\/2024\/06\/6274.jpg\",\"contentUrl\":\"https:\/\/spectrebaltics.com\/wp-content\/uploads\/2024\/06\/6274.jpg\",\"width\":1280,\"height\":1280},{\"@type\":\"WebPage\",\"@id\":\"https:\/\/spectrebaltics.com\/toode\/tyrolit-loikeketas-150-x-13-x-2223-ca-60-q-bfk-a-premium-2in1\/#webpage\",\"url\":\"https:\/\/spectrebaltics.com\/toode\/tyrolit-loikeketas-150-x-13-x-2223-ca-60-q-bfk-a-premium-2in1\/\",\"name\":\"Tyrolit L\u00f5ikeketas 150 X 1,3 X 22,23 CA 60 Q- BFK A PREMIUM*** 2IN1\",\"isPartOf\":{\"@id\":\"https:\/\/spectrebaltics.com\/ru\/#website\"},\"primaryImageOfPage\":{\"@id\":\"https:\/\/spectrebaltics.com\/toode\/tyrolit-loikeketas-150-x-13-x-2223-ca-60-q-bfk-a-premium-2in1\/#primaryimage\"},\"datePublished\":\"2024-06-05T11:26:56+00:00\",\"dateModified\":\"2024-06-05T11:26:56+00:00\",\"breadcrumb\":{\"@id\":\"https:\/\/spectrebaltics.com\/toode\/tyrolit-loikeketas-150-x-13-x-2223-ca-60-q-bfk-a-premium-2in1\/#breadcrumb\"},\"inLanguage\":\"ru-RU\",\"potentialAction\":[{\"@type\":\"ReadAction\",\"target\":[\"https:\/\/spectrebaltics.com\/toode\/tyrolit-loikeketas-150-x-13-x-2223-ca-60-q-bfk-a-premium-2in1\/\"]}]},{\"@type\":\"BreadcrumbList\",\"@id\":\"https:\/\/spectrebaltics.com\/toode\/tyrolit-loikeketas-150-x-13-x-2223-ca-60-q-bfk-a-premium-2in1\/#breadcrumb\",\"itemListElement\":[{\"@type\":\"ListItem\",\"position\":1,\"name\":\"Home\",\"item\":\"https:\/\/spectrebaltics.com\/ru\/\"},{\"@type\":\"ListItem\",\"position\":2,\"name\":\"\u041a\u0430\u0442\u0430\u043b\u043e\u0433\",\"item\":\"https:\/\/spectrebaltics.com\/ru\/katalog\/\"},{\"@type\":\"ListItem\",\"position\":3,\"name\":\"Tyrolit L\u00f5ikeketas 150 X 1,3 X 22,23 CA 60 Q- BFK A PREMIUM*** 2IN1\"}]}]}<\/script>\n<!-- \/ Yoast SEO plugin. -->","yoast_head_json":{"title":"Tyrolit L\u00f5ikeketas 150 X 1,3 X 22,23 CA 60 Q- BFK A PREMIUM*** 2IN1","robots":{"index":"index","follow":"follow","max-snippet":"max-snippet:-1","max-image-preview":"max-image-preview:large","max-video-preview":"max-video-preview:-1"},"canonical":"https:\/\/spectrebaltics.com\/toode\/tyrolit-loikeketas-150-x-13-x-2223-ca-60-q-bfk-a-premium-2in1\/","og_locale":"ru_RU","og_type":"article","og_title":"Tyrolit L\u00f5ikeketas 150 X 1,3 X 22,23 CA 60 Q- BFK A PREMIUM*** 2IN1","og_description":"TYROLITI poolt v\u00e4lja t\u00f6\u00f6tatud CERABOND liimimiss\u00fcsteem \u00fchendab endas habemenuga terava keraamilise tera ainulaadse liimimisstruktuuriga. See hoiab \u00e4ra terade enneaegse purunemise ja suurendab agressiivsust mitu korda. CERABOND l\u00f5ikeketaste sari sobib eriti h\u00e4sti v\u00e4ga k\u00f5vade, n\u00f5udlike detailide ja tahkete materjalide t\u00f6\u00f6tlemise optimeerimiseks. Valik t\u00e4histab pikka kasutusiga ja l\u00fchemaid t\u00f6\u00f6protsesse koos maksimaalse kuluefektiivsusega.","og_url":"https:\/\/spectrebaltics.com\/toode\/tyrolit-loikeketas-150-x-13-x-2223-ca-60-q-bfk-a-premium-2in1\/","og_site_name":"Spectrebaltics","og_image":[{"width":1280,"height":1280,"url":"https:\/\/spectrebaltics.com\/wp-content\/uploads\/2024\/06\/6274.jpg","type":"image\/jpeg"}],"twitter_card":"summary_large_image","schema":{"@context":"https:\/\/schema.org","@graph":[{"@type":"Organization","@id":"https:\/\/spectrebaltics.com\/ru\/#organization","name":"Spectrebaltics","url":"https:\/\/spectrebaltics.com\/ru\/","sameAs":[],"logo":{"@type":"ImageObject","@id":"https:\/\/spectrebaltics.com\/ru\/#logo","inLanguage":"ru-RU","url":"https:\/\/spectrebaltics.com\/wp-content\/uploads\/2024\/03\/Spectrebaltics-logo.svg","contentUrl":"https:\/\/spectrebaltics.com\/wp-content\/uploads\/2024\/03\/Spectrebaltics-logo.svg","caption":"Spectrebaltics"},"image":{"@id":"https:\/\/spectrebaltics.com\/ru\/#logo"}},{"@type":"WebSite","@id":"https:\/\/spectrebaltics.com\/ru\/#website","url":"https:\/\/spectrebaltics.com\/ru\/","name":"Spectrebaltics","description":"","publisher":{"@id":"https:\/\/spectrebaltics.com\/ru\/#organization"},"potentialAction":[{"@type":"SearchAction","target":{"@type":"EntryPoint","urlTemplate":"https:\/\/spectrebaltics.com\/ru\/?s={search_term_string}"},"query-input":"required name=search_term_string"}],"inLanguage":"ru-RU"},{"@type":"ImageObject","@id":"https:\/\/spectrebaltics.com\/toode\/tyrolit-loikeketas-150-x-13-x-2223-ca-60-q-bfk-a-premium-2in1\/#primaryimage","inLanguage":"ru-RU","url":"https:\/\/spectrebaltics.com\/wp-content\/uploads\/2024\/06\/6274.jpg","contentUrl":"https:\/\/spectrebaltics.com\/wp-content\/uploads\/2024\/06\/6274.jpg","width":1280,"height":1280},{"@type":"WebPage","@id":"https:\/\/spectrebaltics.com\/toode\/tyrolit-loikeketas-150-x-13-x-2223-ca-60-q-bfk-a-premium-2in1\/#webpage","url":"https:\/\/spectrebaltics.com\/toode\/tyrolit-loikeketas-150-x-13-x-2223-ca-60-q-bfk-a-premium-2in1\/","name":"Tyrolit L\u00f5ikeketas 150 X 1,3 X 22,23 CA 60 Q- BFK A PREMIUM*** 2IN1","isPartOf":{"@id":"https:\/\/spectrebaltics.com\/ru\/#website"},"primaryImageOfPage":{"@id":"https:\/\/spectrebaltics.com\/toode\/tyrolit-loikeketas-150-x-13-x-2223-ca-60-q-bfk-a-premium-2in1\/#primaryimage"},"datePublished":"2024-06-05T11:26:56+00:00","dateModified":"2024-06-05T11:26:56+00:00","breadcrumb":{"@id":"https:\/\/spectrebaltics.com\/toode\/tyrolit-loikeketas-150-x-13-x-2223-ca-60-q-bfk-a-premium-2in1\/#breadcrumb"},"inLanguage":"ru-RU","potentialAction":[{"@type":"ReadAction","target":["https:\/\/spectrebaltics.com\/toode\/tyrolit-loikeketas-150-x-13-x-2223-ca-60-q-bfk-a-premium-2in1\/"]}]},{"@type":"BreadcrumbList","@id":"https:\/\/spectrebaltics.com\/toode\/tyrolit-loikeketas-150-x-13-x-2223-ca-60-q-bfk-a-premium-2in1\/#breadcrumb","itemListElement":[{"@type":"ListItem","position":1,"name":"Home","item":"https:\/\/spectrebaltics.com\/ru\/"},{"@type":"ListItem","position":2,"name":"\u041a\u0430\u0442\u0430\u043b\u043e\u0433","item":"https:\/\/spectrebaltics.com\/ru\/katalog\/"},{"@type":"ListItem","position":3,"name":"Tyrolit L\u00f5ikeketas 150 X 1,3 X 22,23 CA 60 Q- BFK A PREMIUM*** 2IN1"}]}]}},"_links":{"self":[{"href":"https:\/\/spectrebaltics.com\/ru\/wp-json\/wp\/v2\/product\/9411"}],"collection":[{"href":"https:\/\/spectrebaltics.com\/ru\/wp-json\/wp\/v2\/product"}],"about":[{"href":"https:\/\/spectrebaltics.com\/ru\/wp-json\/wp\/v2\/types\/product"}],"wp:featuredmedia":[{"embeddable":true,"href":"https:\/\/spectrebaltics.com\/ru\/wp-json\/wp\/v2\/media\/9412"}],"wp:attachment":[{"href":"https:\/\/spectrebaltics.com\/ru\/wp-json\/wp\/v2\/media?parent=9411"}],"wp:term":[{"taxonomy":"product_cat","embeddable":true,"href":"https:\/\/spectrebaltics.com\/ru\/wp-json\/wp\/v2\/product_cat?post=9411"},{"taxonomy":"product_tag","embeddable":true,"href":"https:\/\/spectrebaltics.com\/ru\/wp-json\/wp\/v2\/product_tag?post=9411"}],"curies":[{"name":"wp","href":"https:\/\/api.w.org\/{rel}","templated":true}]}}