{"id":9415,"date":"2024-06-05T11:31:22","date_gmt":"2024-06-05T11:31:22","guid":{"rendered":"https:\/\/spectrebaltics.com\/?post_type=product&#038;p=9415"},"modified":"2024-06-05T11:31:22","modified_gmt":"2024-06-05T11:31:22","slug":"tyrolit-loikeketas-150x2-0x22-a-30-s-bfx-a-premium-longlife","status":"publish","type":"product","link":"https:\/\/spectrebaltics.com\/ru\/toode\/tyrolit-loikeketas-150x2-0x22-a-30-s-bfx-a-premium-longlife\/","title":{"rendered":"Tyrolit L\u00f5ikeketas 150&#215;2.0x22 A 30 S- BFX A PREMIUM*** LONGLIFE"},"content":{"rendered":"<p>PREMIUM LONGLIFE l\u00f5ikeketas on spetsiaalselt v\u00e4lja t\u00f6\u00f6tatud kauakestvate l\u00f5iket\u00f6\u00f6de jaoks. Oma v\u00f5imsa disainiga on see ideaalne t\u00f6\u00f6riist terase ja roostevaba terase l\u00f5ikamiseks. See on valmistatud eriti kvaliteetsetest materjalidest ja on optimeeritud t\u00e4iendava vastupidavuse tagamiseks. Selle ainulaadse l\u00f5ikekettaga saate oma t\u00f6\u00f6d t\u00f5husalt teha.<\/p>\n<p>&nbsp;<\/p>\n","protected":false},"excerpt":{"rendered":"<p>PREMIUM LONGLIFE l\u00f5ikeketas on spetsiaalselt v\u00e4lja t\u00f6\u00f6tatud kauakestvate l\u00f5iket\u00f6\u00f6de jaoks. Oma v\u00f5imsa disainiga on see ideaalne t\u00f6\u00f6riist terase ja roostevaba terase l\u00f5ikamiseks. See on valmistatud eriti kvaliteetsetest materjalidest ja on optimeeritud t\u00e4iendava vastupidavuse tagamiseks. Selle ainulaadse l\u00f5ikekettaga saate oma t\u00f6\u00f6d t\u00f5husalt teha. &nbsp;<\/p>\n","protected":false},"featured_media":9416,"template":"","meta":[],"product_cat":[89,90],"product_tag":[],"yoast_head":"<!-- This site is optimized with the Yoast SEO plugin v18.4.1 - https:\/\/yoast.com\/wordpress\/plugins\/seo\/ -->\n<title>Tyrolit L\u00f5ikeketas 150x2.0x22 A 30 S- BFX A PREMIUM*** LONGLIFE<\/title>\n<meta name=\"robots\" content=\"index, follow, max-snippet:-1, max-image-preview:large, max-video-preview:-1\" \/>\n<link rel=\"canonical\" href=\"https:\/\/spectrebaltics.com\/toode\/tyrolit-loikeketas-150x2-0x22-a-30-s-bfx-a-premium-longlife\/\" \/>\n<meta property=\"og:locale\" content=\"ru_RU\" \/>\n<meta property=\"og:type\" content=\"article\" \/>\n<meta property=\"og:title\" content=\"Tyrolit L\u00f5ikeketas 150x2.0x22 A 30 S- BFX A PREMIUM*** LONGLIFE\" \/>\n<meta property=\"og:description\" content=\"PREMIUM LONGLIFE l\u00f5ikeketas on spetsiaalselt v\u00e4lja t\u00f6\u00f6tatud kauakestvate l\u00f5iket\u00f6\u00f6de jaoks. Oma v\u00f5imsa disainiga on see ideaalne t\u00f6\u00f6riist terase ja roostevaba terase l\u00f5ikamiseks. See on valmistatud eriti kvaliteetsetest materjalidest ja on optimeeritud t\u00e4iendava vastupidavuse tagamiseks. Selle ainulaadse l\u00f5ikekettaga saate oma t\u00f6\u00f6d t\u00f5husalt teha. &nbsp;\" \/>\n<meta property=\"og:url\" content=\"https:\/\/spectrebaltics.com\/toode\/tyrolit-loikeketas-150x2-0x22-a-30-s-bfx-a-premium-longlife\/\" \/>\n<meta property=\"og:site_name\" content=\"Spectrebaltics\" \/>\n<meta name=\"twitter:card\" content=\"summary_large_image\" \/>\n<meta name=\"twitter:image\" content=\"https:\/\/spectrebaltics.com\/wp-content\/uploads\/2024\/06\/7068.png\" \/>\n<script type=\"application\/ld+json\" class=\"yoast-schema-graph\">{\"@context\":\"https:\/\/schema.org\",\"@graph\":[{\"@type\":\"Organization\",\"@id\":\"https:\/\/spectrebaltics.com\/ru\/#organization\",\"name\":\"Spectrebaltics\",\"url\":\"https:\/\/spectrebaltics.com\/ru\/\",\"sameAs\":[],\"logo\":{\"@type\":\"ImageObject\",\"@id\":\"https:\/\/spectrebaltics.com\/ru\/#logo\",\"inLanguage\":\"ru-RU\",\"url\":\"https:\/\/spectrebaltics.com\/wp-content\/uploads\/2024\/03\/Spectrebaltics-logo.svg\",\"contentUrl\":\"https:\/\/spectrebaltics.com\/wp-content\/uploads\/2024\/03\/Spectrebaltics-logo.svg\",\"caption\":\"Spectrebaltics\"},\"image\":{\"@id\":\"https:\/\/spectrebaltics.com\/ru\/#logo\"}},{\"@type\":\"WebSite\",\"@id\":\"https:\/\/spectrebaltics.com\/ru\/#website\",\"url\":\"https:\/\/spectrebaltics.com\/ru\/\",\"name\":\"Spectrebaltics\",\"description\":\"\",\"publisher\":{\"@id\":\"https:\/\/spectrebaltics.com\/ru\/#organization\"},\"potentialAction\":[{\"@type\":\"SearchAction\",\"target\":{\"@type\":\"EntryPoint\",\"urlTemplate\":\"https:\/\/spectrebaltics.com\/ru\/?s={search_term_string}\"},\"query-input\":\"required name=search_term_string\"}],\"inLanguage\":\"ru-RU\"},{\"@type\":\"ImageObject\",\"@id\":\"https:\/\/spectrebaltics.com\/toode\/tyrolit-loikeketas-150x2-0x22-a-30-s-bfx-a-premium-longlife\/#primaryimage\",\"inLanguage\":\"ru-RU\",\"url\":\"https:\/\/spectrebaltics.com\/wp-content\/uploads\/2024\/06\/7068.png\",\"contentUrl\":\"https:\/\/spectrebaltics.com\/wp-content\/uploads\/2024\/06\/7068.png\",\"width\":800,\"height\":800},{\"@type\":\"WebPage\",\"@id\":\"https:\/\/spectrebaltics.com\/toode\/tyrolit-loikeketas-150x2-0x22-a-30-s-bfx-a-premium-longlife\/#webpage\",\"url\":\"https:\/\/spectrebaltics.com\/toode\/tyrolit-loikeketas-150x2-0x22-a-30-s-bfx-a-premium-longlife\/\",\"name\":\"Tyrolit L\u00f5ikeketas 150x2.0x22 A 30 S- BFX A PREMIUM*** LONGLIFE\",\"isPartOf\":{\"@id\":\"https:\/\/spectrebaltics.com\/ru\/#website\"},\"primaryImageOfPage\":{\"@id\":\"https:\/\/spectrebaltics.com\/toode\/tyrolit-loikeketas-150x2-0x22-a-30-s-bfx-a-premium-longlife\/#primaryimage\"},\"datePublished\":\"2024-06-05T11:31:22+00:00\",\"dateModified\":\"2024-06-05T11:31:22+00:00\",\"breadcrumb\":{\"@id\":\"https:\/\/spectrebaltics.com\/toode\/tyrolit-loikeketas-150x2-0x22-a-30-s-bfx-a-premium-longlife\/#breadcrumb\"},\"inLanguage\":\"ru-RU\",\"potentialAction\":[{\"@type\":\"ReadAction\",\"target\":[\"https:\/\/spectrebaltics.com\/toode\/tyrolit-loikeketas-150x2-0x22-a-30-s-bfx-a-premium-longlife\/\"]}]},{\"@type\":\"BreadcrumbList\",\"@id\":\"https:\/\/spectrebaltics.com\/toode\/tyrolit-loikeketas-150x2-0x22-a-30-s-bfx-a-premium-longlife\/#breadcrumb\",\"itemListElement\":[{\"@type\":\"ListItem\",\"position\":1,\"name\":\"Home\",\"item\":\"https:\/\/spectrebaltics.com\/ru\/\"},{\"@type\":\"ListItem\",\"position\":2,\"name\":\"\u041a\u0430\u0442\u0430\u043b\u043e\u0433\",\"item\":\"https:\/\/spectrebaltics.com\/ru\/katalog\/\"},{\"@type\":\"ListItem\",\"position\":3,\"name\":\"Tyrolit L\u00f5ikeketas 150&#215;2.0x22 A 30 S- BFX A PREMIUM*** LONGLIFE\"}]}]}<\/script>\n<!-- \/ Yoast SEO plugin. -->","yoast_head_json":{"title":"Tyrolit L\u00f5ikeketas 150x2.0x22 A 30 S- BFX A PREMIUM*** LONGLIFE","robots":{"index":"index","follow":"follow","max-snippet":"max-snippet:-1","max-image-preview":"max-image-preview:large","max-video-preview":"max-video-preview:-1"},"canonical":"https:\/\/spectrebaltics.com\/toode\/tyrolit-loikeketas-150x2-0x22-a-30-s-bfx-a-premium-longlife\/","og_locale":"ru_RU","og_type":"article","og_title":"Tyrolit L\u00f5ikeketas 150x2.0x22 A 30 S- BFX A PREMIUM*** LONGLIFE","og_description":"PREMIUM LONGLIFE l\u00f5ikeketas on spetsiaalselt v\u00e4lja t\u00f6\u00f6tatud kauakestvate l\u00f5iket\u00f6\u00f6de jaoks. Oma v\u00f5imsa disainiga on see ideaalne t\u00f6\u00f6riist terase ja roostevaba terase l\u00f5ikamiseks. See on valmistatud eriti kvaliteetsetest materjalidest ja on optimeeritud t\u00e4iendava vastupidavuse tagamiseks. Selle ainulaadse l\u00f5ikekettaga saate oma t\u00f6\u00f6d t\u00f5husalt teha. &nbsp;","og_url":"https:\/\/spectrebaltics.com\/toode\/tyrolit-loikeketas-150x2-0x22-a-30-s-bfx-a-premium-longlife\/","og_site_name":"Spectrebaltics","twitter_card":"summary_large_image","twitter_image":"https:\/\/spectrebaltics.com\/wp-content\/uploads\/2024\/06\/7068.png","schema":{"@context":"https:\/\/schema.org","@graph":[{"@type":"Organization","@id":"https:\/\/spectrebaltics.com\/ru\/#organization","name":"Spectrebaltics","url":"https:\/\/spectrebaltics.com\/ru\/","sameAs":[],"logo":{"@type":"ImageObject","@id":"https:\/\/spectrebaltics.com\/ru\/#logo","inLanguage":"ru-RU","url":"https:\/\/spectrebaltics.com\/wp-content\/uploads\/2024\/03\/Spectrebaltics-logo.svg","contentUrl":"https:\/\/spectrebaltics.com\/wp-content\/uploads\/2024\/03\/Spectrebaltics-logo.svg","caption":"Spectrebaltics"},"image":{"@id":"https:\/\/spectrebaltics.com\/ru\/#logo"}},{"@type":"WebSite","@id":"https:\/\/spectrebaltics.com\/ru\/#website","url":"https:\/\/spectrebaltics.com\/ru\/","name":"Spectrebaltics","description":"","publisher":{"@id":"https:\/\/spectrebaltics.com\/ru\/#organization"},"potentialAction":[{"@type":"SearchAction","target":{"@type":"EntryPoint","urlTemplate":"https:\/\/spectrebaltics.com\/ru\/?s={search_term_string}"},"query-input":"required name=search_term_string"}],"inLanguage":"ru-RU"},{"@type":"ImageObject","@id":"https:\/\/spectrebaltics.com\/toode\/tyrolit-loikeketas-150x2-0x22-a-30-s-bfx-a-premium-longlife\/#primaryimage","inLanguage":"ru-RU","url":"https:\/\/spectrebaltics.com\/wp-content\/uploads\/2024\/06\/7068.png","contentUrl":"https:\/\/spectrebaltics.com\/wp-content\/uploads\/2024\/06\/7068.png","width":800,"height":800},{"@type":"WebPage","@id":"https:\/\/spectrebaltics.com\/toode\/tyrolit-loikeketas-150x2-0x22-a-30-s-bfx-a-premium-longlife\/#webpage","url":"https:\/\/spectrebaltics.com\/toode\/tyrolit-loikeketas-150x2-0x22-a-30-s-bfx-a-premium-longlife\/","name":"Tyrolit L\u00f5ikeketas 150x2.0x22 A 30 S- BFX A PREMIUM*** LONGLIFE","isPartOf":{"@id":"https:\/\/spectrebaltics.com\/ru\/#website"},"primaryImageOfPage":{"@id":"https:\/\/spectrebaltics.com\/toode\/tyrolit-loikeketas-150x2-0x22-a-30-s-bfx-a-premium-longlife\/#primaryimage"},"datePublished":"2024-06-05T11:31:22+00:00","dateModified":"2024-06-05T11:31:22+00:00","breadcrumb":{"@id":"https:\/\/spectrebaltics.com\/toode\/tyrolit-loikeketas-150x2-0x22-a-30-s-bfx-a-premium-longlife\/#breadcrumb"},"inLanguage":"ru-RU","potentialAction":[{"@type":"ReadAction","target":["https:\/\/spectrebaltics.com\/toode\/tyrolit-loikeketas-150x2-0x22-a-30-s-bfx-a-premium-longlife\/"]}]},{"@type":"BreadcrumbList","@id":"https:\/\/spectrebaltics.com\/toode\/tyrolit-loikeketas-150x2-0x22-a-30-s-bfx-a-premium-longlife\/#breadcrumb","itemListElement":[{"@type":"ListItem","position":1,"name":"Home","item":"https:\/\/spectrebaltics.com\/ru\/"},{"@type":"ListItem","position":2,"name":"\u041a\u0430\u0442\u0430\u043b\u043e\u0433","item":"https:\/\/spectrebaltics.com\/ru\/katalog\/"},{"@type":"ListItem","position":3,"name":"Tyrolit L\u00f5ikeketas 150&#215;2.0x22 A 30 S- BFX A PREMIUM*** LONGLIFE"}]}]}},"_links":{"self":[{"href":"https:\/\/spectrebaltics.com\/ru\/wp-json\/wp\/v2\/product\/9415"}],"collection":[{"href":"https:\/\/spectrebaltics.com\/ru\/wp-json\/wp\/v2\/product"}],"about":[{"href":"https:\/\/spectrebaltics.com\/ru\/wp-json\/wp\/v2\/types\/product"}],"wp:featuredmedia":[{"embeddable":true,"href":"https:\/\/spectrebaltics.com\/ru\/wp-json\/wp\/v2\/media\/9416"}],"wp:attachment":[{"href":"https:\/\/spectrebaltics.com\/ru\/wp-json\/wp\/v2\/media?parent=9415"}],"wp:term":[{"taxonomy":"product_cat","embeddable":true,"href":"https:\/\/spectrebaltics.com\/ru\/wp-json\/wp\/v2\/product_cat?post=9415"},{"taxonomy":"product_tag","embeddable":true,"href":"https:\/\/spectrebaltics.com\/ru\/wp-json\/wp\/v2\/product_tag?post=9415"}],"curies":[{"name":"wp","href":"https:\/\/api.w.org\/{rel}","templated":true}]}}