{"id":9424,"date":"2024-06-05T11:41:11","date_gmt":"2024-06-05T11:41:11","guid":{"rendered":"https:\/\/spectrebaltics.com\/?post_type=product&#038;p=9424"},"modified":"2024-06-05T11:41:11","modified_gmt":"2024-06-05T11:41:11","slug":"tyrolit-loikeketas-41-230-x-20-x-222-a30-q-bfp-inox-steel","status":"publish","type":"product","link":"https:\/\/spectrebaltics.com\/ru\/toode\/tyrolit-loikeketas-41-230-x-20-x-222-a30-q-bfp-inox-steel\/","title":{"rendered":"Tyrolit L\u00f5ikeketas 41*** 230 x 2,0 x 22,2 A30 Q BFP INOX + STEEL"},"content":{"rendered":"<p>PREMIUM*** J\u00e4rgmise p\u00f5lvkonna 2in1 l\u00f5ikekettad suurendavad j\u00f5udlust oluliselt v\u00e4iksema kulumisega. 2in1 l\u00f5ikekettad paksusega 1,0\u20131,6 mm on v\u00e4lja t\u00f6\u00f6tatud terase ja kvaliteetse roostevaba terase t\u00f6\u00f6tlemiseks.<br \/>\nNende t\u00f6\u00f6riistade keemiline puhtus on roostevaba terase t\u00f6\u00f6tlemise eeltingimus. See hoiab \u00e4ra negatiivsed m\u00f5jud materjalile, nagu korrosioon, t\u00e4pid v\u00f5i metalli v\u00e4simine. Need l\u00f5ikekettad mitte ainult ei suurenda tootlikkust, vaid nende v\u00e4iksem j\u00e4\u00e4tmekogus muudab t\u00f6\u00f6tamise ka keskkonnas\u00f5bralikumaks<\/p>\n","protected":false},"excerpt":{"rendered":"<p>PREMIUM*** J\u00e4rgmise p\u00f5lvkonna 2in1 l\u00f5ikekettad suurendavad j\u00f5udlust oluliselt v\u00e4iksema kulumisega. 2in1 l\u00f5ikekettad paksusega 1,0\u20131,6 mm on v\u00e4lja t\u00f6\u00f6tatud terase ja kvaliteetse roostevaba terase t\u00f6\u00f6tlemiseks. Nende t\u00f6\u00f6riistade keemiline puhtus on roostevaba terase t\u00f6\u00f6tlemise eeltingimus. See hoiab \u00e4ra negatiivsed m\u00f5jud materjalile, nagu korrosioon, t\u00e4pid v\u00f5i metalli v\u00e4simine. Need l\u00f5ikekettad mitte ainult ei suurenda tootlikkust, vaid nende v\u00e4iksem&#8230;<\/p>\n","protected":false},"featured_media":9425,"template":"","meta":[],"product_cat":[89,90],"product_tag":[],"yoast_head":"<!-- This site is optimized with the Yoast SEO plugin v18.4.1 - https:\/\/yoast.com\/wordpress\/plugins\/seo\/ -->\n<title>Tyrolit L\u00f5ikeketas 41*** 230 x 2,0 x 22,2 A30 Q BFP INOX + STEEL<\/title>\n<meta name=\"robots\" content=\"index, follow, max-snippet:-1, max-image-preview:large, max-video-preview:-1\" \/>\n<link rel=\"canonical\" href=\"https:\/\/spectrebaltics.com\/en\/toode\/tyrolit-loikeketas-41-230-x-20-x-222-a30-q-bfp-inox-steel\/\" \/>\n<meta property=\"og:locale\" content=\"ru_RU\" \/>\n<meta property=\"og:type\" content=\"article\" \/>\n<meta property=\"og:title\" content=\"Tyrolit L\u00f5ikeketas 41*** 230 x 2,0 x 22,2 A30 Q BFP INOX + STEEL\" \/>\n<meta property=\"og:description\" content=\"PREMIUM*** J\u00e4rgmise p\u00f5lvkonna 2in1 l\u00f5ikekettad suurendavad j\u00f5udlust oluliselt v\u00e4iksema kulumisega. 2in1 l\u00f5ikekettad paksusega 1,0\u20131,6 mm on v\u00e4lja t\u00f6\u00f6tatud terase ja kvaliteetse roostevaba terase t\u00f6\u00f6tlemiseks. Nende t\u00f6\u00f6riistade keemiline puhtus on roostevaba terase t\u00f6\u00f6tlemise eeltingimus. See hoiab \u00e4ra negatiivsed m\u00f5jud materjalile, nagu korrosioon, t\u00e4pid v\u00f5i metalli v\u00e4simine. Need l\u00f5ikekettad mitte ainult ei suurenda tootlikkust, vaid nende v\u00e4iksem...\" \/>\n<meta property=\"og:url\" content=\"https:\/\/spectrebaltics.com\/en\/toode\/tyrolit-loikeketas-41-230-x-20-x-222-a30-q-bfp-inox-steel\/\" \/>\n<meta property=\"og:site_name\" content=\"Spectrebaltics\" \/>\n<meta property=\"og:image\" content=\"https:\/\/spectrebaltics.com\/wp-content\/uploads\/2024\/06\/2799-scaled.jpg\" \/>\n\t<meta property=\"og:image:width\" content=\"1467\" \/>\n\t<meta property=\"og:image:height\" content=\"2000\" \/>\n\t<meta property=\"og:image:type\" content=\"image\/jpeg\" \/>\n<meta name=\"twitter:card\" content=\"summary_large_image\" \/>\n<script type=\"application\/ld+json\" class=\"yoast-schema-graph\">{\"@context\":\"https:\/\/schema.org\",\"@graph\":[{\"@type\":\"Organization\",\"@id\":\"https:\/\/spectrebaltics.com\/ru\/#organization\",\"name\":\"Spectrebaltics\",\"url\":\"https:\/\/spectrebaltics.com\/ru\/\",\"sameAs\":[],\"logo\":{\"@type\":\"ImageObject\",\"@id\":\"https:\/\/spectrebaltics.com\/ru\/#logo\",\"inLanguage\":\"ru-RU\",\"url\":\"https:\/\/spectrebaltics.com\/wp-content\/uploads\/2024\/03\/Spectrebaltics-logo.svg\",\"contentUrl\":\"https:\/\/spectrebaltics.com\/wp-content\/uploads\/2024\/03\/Spectrebaltics-logo.svg\",\"caption\":\"Spectrebaltics\"},\"image\":{\"@id\":\"https:\/\/spectrebaltics.com\/ru\/#logo\"}},{\"@type\":\"WebSite\",\"@id\":\"https:\/\/spectrebaltics.com\/ru\/#website\",\"url\":\"https:\/\/spectrebaltics.com\/ru\/\",\"name\":\"Spectrebaltics\",\"description\":\"\",\"publisher\":{\"@id\":\"https:\/\/spectrebaltics.com\/ru\/#organization\"},\"potentialAction\":[{\"@type\":\"SearchAction\",\"target\":{\"@type\":\"EntryPoint\",\"urlTemplate\":\"https:\/\/spectrebaltics.com\/ru\/?s={search_term_string}\"},\"query-input\":\"required name=search_term_string\"}],\"inLanguage\":\"ru-RU\"},{\"@type\":\"ImageObject\",\"@id\":\"https:\/\/spectrebaltics.com\/en\/toode\/tyrolit-loikeketas-41-230-x-20-x-222-a30-q-bfp-inox-steel\/#primaryimage\",\"inLanguage\":\"ru-RU\",\"url\":\"https:\/\/spectrebaltics.com\/wp-content\/uploads\/2024\/06\/2799-scaled.jpg\",\"contentUrl\":\"https:\/\/spectrebaltics.com\/wp-content\/uploads\/2024\/06\/2799-scaled.jpg\",\"width\":1467,\"height\":2000},{\"@type\":\"WebPage\",\"@id\":\"https:\/\/spectrebaltics.com\/en\/toode\/tyrolit-loikeketas-41-230-x-20-x-222-a30-q-bfp-inox-steel\/#webpage\",\"url\":\"https:\/\/spectrebaltics.com\/en\/toode\/tyrolit-loikeketas-41-230-x-20-x-222-a30-q-bfp-inox-steel\/\",\"name\":\"Tyrolit L\u00f5ikeketas 41*** 230 x 2,0 x 22,2 A30 Q BFP INOX + STEEL\",\"isPartOf\":{\"@id\":\"https:\/\/spectrebaltics.com\/ru\/#website\"},\"primaryImageOfPage\":{\"@id\":\"https:\/\/spectrebaltics.com\/en\/toode\/tyrolit-loikeketas-41-230-x-20-x-222-a30-q-bfp-inox-steel\/#primaryimage\"},\"datePublished\":\"2024-06-05T11:41:11+00:00\",\"dateModified\":\"2024-06-05T11:41:11+00:00\",\"breadcrumb\":{\"@id\":\"https:\/\/spectrebaltics.com\/en\/toode\/tyrolit-loikeketas-41-230-x-20-x-222-a30-q-bfp-inox-steel\/#breadcrumb\"},\"inLanguage\":\"ru-RU\",\"potentialAction\":[{\"@type\":\"ReadAction\",\"target\":[\"https:\/\/spectrebaltics.com\/en\/toode\/tyrolit-loikeketas-41-230-x-20-x-222-a30-q-bfp-inox-steel\/\"]}]},{\"@type\":\"BreadcrumbList\",\"@id\":\"https:\/\/spectrebaltics.com\/en\/toode\/tyrolit-loikeketas-41-230-x-20-x-222-a30-q-bfp-inox-steel\/#breadcrumb\",\"itemListElement\":[{\"@type\":\"ListItem\",\"position\":1,\"name\":\"Home\",\"item\":\"https:\/\/spectrebaltics.com\/ru\/\"},{\"@type\":\"ListItem\",\"position\":2,\"name\":\"\u041a\u0430\u0442\u0430\u043b\u043e\u0433\",\"item\":\"https:\/\/spectrebaltics.com\/ru\/katalog\/\"},{\"@type\":\"ListItem\",\"position\":3,\"name\":\"Tyrolit L\u00f5ikeketas 41*** 230 x 2,0 x 22,2 A30 Q BFP INOX + STEEL\"}]}]}<\/script>\n<!-- \/ Yoast SEO plugin. -->","yoast_head_json":{"title":"Tyrolit L\u00f5ikeketas 41*** 230 x 2,0 x 22,2 A30 Q BFP INOX + STEEL","robots":{"index":"index","follow":"follow","max-snippet":"max-snippet:-1","max-image-preview":"max-image-preview:large","max-video-preview":"max-video-preview:-1"},"canonical":"https:\/\/spectrebaltics.com\/en\/toode\/tyrolit-loikeketas-41-230-x-20-x-222-a30-q-bfp-inox-steel\/","og_locale":"ru_RU","og_type":"article","og_title":"Tyrolit L\u00f5ikeketas 41*** 230 x 2,0 x 22,2 A30 Q BFP INOX + STEEL","og_description":"PREMIUM*** J\u00e4rgmise p\u00f5lvkonna 2in1 l\u00f5ikekettad suurendavad j\u00f5udlust oluliselt v\u00e4iksema kulumisega. 2in1 l\u00f5ikekettad paksusega 1,0\u20131,6 mm on v\u00e4lja t\u00f6\u00f6tatud terase ja kvaliteetse roostevaba terase t\u00f6\u00f6tlemiseks. Nende t\u00f6\u00f6riistade keemiline puhtus on roostevaba terase t\u00f6\u00f6tlemise eeltingimus. See hoiab \u00e4ra negatiivsed m\u00f5jud materjalile, nagu korrosioon, t\u00e4pid v\u00f5i metalli v\u00e4simine. Need l\u00f5ikekettad mitte ainult ei suurenda tootlikkust, vaid nende v\u00e4iksem...","og_url":"https:\/\/spectrebaltics.com\/en\/toode\/tyrolit-loikeketas-41-230-x-20-x-222-a30-q-bfp-inox-steel\/","og_site_name":"Spectrebaltics","og_image":[{"width":1467,"height":2000,"url":"https:\/\/spectrebaltics.com\/wp-content\/uploads\/2024\/06\/2799-scaled.jpg","type":"image\/jpeg"}],"twitter_card":"summary_large_image","schema":{"@context":"https:\/\/schema.org","@graph":[{"@type":"Organization","@id":"https:\/\/spectrebaltics.com\/ru\/#organization","name":"Spectrebaltics","url":"https:\/\/spectrebaltics.com\/ru\/","sameAs":[],"logo":{"@type":"ImageObject","@id":"https:\/\/spectrebaltics.com\/ru\/#logo","inLanguage":"ru-RU","url":"https:\/\/spectrebaltics.com\/wp-content\/uploads\/2024\/03\/Spectrebaltics-logo.svg","contentUrl":"https:\/\/spectrebaltics.com\/wp-content\/uploads\/2024\/03\/Spectrebaltics-logo.svg","caption":"Spectrebaltics"},"image":{"@id":"https:\/\/spectrebaltics.com\/ru\/#logo"}},{"@type":"WebSite","@id":"https:\/\/spectrebaltics.com\/ru\/#website","url":"https:\/\/spectrebaltics.com\/ru\/","name":"Spectrebaltics","description":"","publisher":{"@id":"https:\/\/spectrebaltics.com\/ru\/#organization"},"potentialAction":[{"@type":"SearchAction","target":{"@type":"EntryPoint","urlTemplate":"https:\/\/spectrebaltics.com\/ru\/?s={search_term_string}"},"query-input":"required name=search_term_string"}],"inLanguage":"ru-RU"},{"@type":"ImageObject","@id":"https:\/\/spectrebaltics.com\/en\/toode\/tyrolit-loikeketas-41-230-x-20-x-222-a30-q-bfp-inox-steel\/#primaryimage","inLanguage":"ru-RU","url":"https:\/\/spectrebaltics.com\/wp-content\/uploads\/2024\/06\/2799-scaled.jpg","contentUrl":"https:\/\/spectrebaltics.com\/wp-content\/uploads\/2024\/06\/2799-scaled.jpg","width":1467,"height":2000},{"@type":"WebPage","@id":"https:\/\/spectrebaltics.com\/en\/toode\/tyrolit-loikeketas-41-230-x-20-x-222-a30-q-bfp-inox-steel\/#webpage","url":"https:\/\/spectrebaltics.com\/en\/toode\/tyrolit-loikeketas-41-230-x-20-x-222-a30-q-bfp-inox-steel\/","name":"Tyrolit L\u00f5ikeketas 41*** 230 x 2,0 x 22,2 A30 Q BFP INOX + STEEL","isPartOf":{"@id":"https:\/\/spectrebaltics.com\/ru\/#website"},"primaryImageOfPage":{"@id":"https:\/\/spectrebaltics.com\/en\/toode\/tyrolit-loikeketas-41-230-x-20-x-222-a30-q-bfp-inox-steel\/#primaryimage"},"datePublished":"2024-06-05T11:41:11+00:00","dateModified":"2024-06-05T11:41:11+00:00","breadcrumb":{"@id":"https:\/\/spectrebaltics.com\/en\/toode\/tyrolit-loikeketas-41-230-x-20-x-222-a30-q-bfp-inox-steel\/#breadcrumb"},"inLanguage":"ru-RU","potentialAction":[{"@type":"ReadAction","target":["https:\/\/spectrebaltics.com\/en\/toode\/tyrolit-loikeketas-41-230-x-20-x-222-a30-q-bfp-inox-steel\/"]}]},{"@type":"BreadcrumbList","@id":"https:\/\/spectrebaltics.com\/en\/toode\/tyrolit-loikeketas-41-230-x-20-x-222-a30-q-bfp-inox-steel\/#breadcrumb","itemListElement":[{"@type":"ListItem","position":1,"name":"Home","item":"https:\/\/spectrebaltics.com\/ru\/"},{"@type":"ListItem","position":2,"name":"\u041a\u0430\u0442\u0430\u043b\u043e\u0433","item":"https:\/\/spectrebaltics.com\/ru\/katalog\/"},{"@type":"ListItem","position":3,"name":"Tyrolit L\u00f5ikeketas 41*** 230 x 2,0 x 22,2 A30 Q BFP INOX + STEEL"}]}]}},"_links":{"self":[{"href":"https:\/\/spectrebaltics.com\/ru\/wp-json\/wp\/v2\/product\/9424"}],"collection":[{"href":"https:\/\/spectrebaltics.com\/ru\/wp-json\/wp\/v2\/product"}],"about":[{"href":"https:\/\/spectrebaltics.com\/ru\/wp-json\/wp\/v2\/types\/product"}],"wp:featuredmedia":[{"embeddable":true,"href":"https:\/\/spectrebaltics.com\/ru\/wp-json\/wp\/v2\/media\/9425"}],"wp:attachment":[{"href":"https:\/\/spectrebaltics.com\/ru\/wp-json\/wp\/v2\/media?parent=9424"}],"wp:term":[{"taxonomy":"product_cat","embeddable":true,"href":"https:\/\/spectrebaltics.com\/ru\/wp-json\/wp\/v2\/product_cat?post=9424"},{"taxonomy":"product_tag","embeddable":true,"href":"https:\/\/spectrebaltics.com\/ru\/wp-json\/wp\/v2\/product_tag?post=9424"}],"curies":[{"name":"wp","href":"https:\/\/api.w.org\/{rel}","templated":true}]}}