{"id":9467,"date":"2024-06-05T12:43:08","date_gmt":"2024-06-05T12:43:08","guid":{"rendered":"https:\/\/spectrebaltics.com\/?post_type=product&#038;p=9467"},"modified":"2024-06-05T12:43:08","modified_gmt":"2024-06-05T12:43:08","slug":"tyrolit-fiiberketas-125x22-s4-cerabond-ca60-p94","status":"publish","type":"product","link":"https:\/\/spectrebaltics.com\/ru\/toode\/tyrolit-fiiberketas-125x22-s4-cerabond-ca60-p94\/","title":{"rendered":"Tyrolit Fiiberketas *** 125&#215;22 S4 Cerabond CA60-P94"},"content":{"rendered":"<p>TYROLITI uued fiiberkettad tagavad maksimaalse agressiivsuse, \u00fcletamatu kasutusea ja maksimaalse mugavuse terase ja roostevaba terase t\u00f6\u00f6tlemisel. See on v\u00f5imalik t\u00e4nu iseterituvale keraamilisele terale koos uuendusliku sidemega. Sinip\u00f5letatud keraamilise s\u00f5mera ja meie ainulaadse liimimiss\u00fcsteemi kombinatsioon tagab p\u00fcsiva agressiivsuse ja laitmatu kasutusea. CERABOND X fiiberketas on parim valik kiireks ja mugavaks t\u00f6\u00f6ks terase ja roostevaba terasega. Cerabond X-ga saavutate oma eesm\u00e4rgi kiiremini \u2013 nii pinna lihvimisel ja keevis\u00f5mbluste eemaldamisel kui ka rooste eemaldamisel v\u00f5i j\u00e4me eemaldamisel.<\/p>\n<p>L\u00e4bim\u00f5\u00f5t 125 mm<br \/>\nPuru suurus: P60<br \/>\nPremium tootesari<br \/>\nDxH 125&#215;22<br \/>\nMax Kiirus: 12300<br \/>\nKuju: DISC V<br \/>\nIseterituv keraamiline tera<br \/>\nAbrasiiv: CA \u2013 paagutatud alumiiniumoksiid<br \/>\nPuru suurus: 60<\/p>\n","protected":false},"excerpt":{"rendered":"<p>TYROLITI uued fiiberkettad tagavad maksimaalse agressiivsuse, \u00fcletamatu kasutusea ja maksimaalse mugavuse terase ja roostevaba terase t\u00f6\u00f6tlemisel. See on v\u00f5imalik t\u00e4nu iseterituvale keraamilisele terale koos uuendusliku sidemega. Sinip\u00f5letatud keraamilise s\u00f5mera ja meie ainulaadse liimimiss\u00fcsteemi kombinatsioon tagab p\u00fcsiva agressiivsuse ja laitmatu kasutusea. CERABOND X fiiberketas on parim valik kiireks ja mugavaks t\u00f6\u00f6ks terase ja roostevaba terasega. Cerabond&#8230;<\/p>\n","protected":false},"featured_media":9468,"template":"","meta":[],"product_cat":[89,93],"product_tag":[],"yoast_head":"<!-- This site is optimized with the Yoast SEO plugin v18.4.1 - https:\/\/yoast.com\/wordpress\/plugins\/seo\/ -->\n<title>Tyrolit Fiiberketas *** 125x22 S4 Cerabond CA60-P94<\/title>\n<meta name=\"robots\" content=\"index, follow, max-snippet:-1, max-image-preview:large, max-video-preview:-1\" \/>\n<link rel=\"canonical\" href=\"https:\/\/spectrebaltics.com\/toode\/tyrolit-fiiberketas-125x22-s4-cerabond-ca60-p94\/\" \/>\n<meta property=\"og:locale\" content=\"ru_RU\" \/>\n<meta property=\"og:type\" content=\"article\" \/>\n<meta property=\"og:title\" content=\"Tyrolit Fiiberketas *** 125x22 S4 Cerabond CA60-P94\" \/>\n<meta property=\"og:description\" content=\"TYROLITI uued fiiberkettad tagavad maksimaalse agressiivsuse, \u00fcletamatu kasutusea ja maksimaalse mugavuse terase ja roostevaba terase t\u00f6\u00f6tlemisel. See on v\u00f5imalik t\u00e4nu iseterituvale keraamilisele terale koos uuendusliku sidemega. Sinip\u00f5letatud keraamilise s\u00f5mera ja meie ainulaadse liimimiss\u00fcsteemi kombinatsioon tagab p\u00fcsiva agressiivsuse ja laitmatu kasutusea. CERABOND X fiiberketas on parim valik kiireks ja mugavaks t\u00f6\u00f6ks terase ja roostevaba terasega. Cerabond...\" \/>\n<meta property=\"og:url\" content=\"https:\/\/spectrebaltics.com\/toode\/tyrolit-fiiberketas-125x22-s4-cerabond-ca60-p94\/\" \/>\n<meta property=\"og:site_name\" content=\"Spectrebaltics\" \/>\n<meta property=\"og:image\" content=\"https:\/\/spectrebaltics.com\/wp-content\/uploads\/2024\/06\/p60.jpg\" \/>\n\t<meta property=\"og:image:width\" content=\"1280\" \/>\n\t<meta property=\"og:image:height\" content=\"1280\" \/>\n\t<meta property=\"og:image:type\" content=\"image\/jpeg\" \/>\n<meta name=\"twitter:card\" content=\"summary_large_image\" \/>\n<meta name=\"twitter:label1\" content=\"\u041f\u0440\u0438\u043c\u0435\u0440\u043d\u043e\u0435 \u0432\u0440\u0435\u043c\u044f \u0434\u043b\u044f \u0447\u0442\u0435\u043d\u0438\u044f\" \/>\n\t<meta name=\"twitter:data1\" content=\"1 \u043c\u0438\u043d\u0443\u0442\u0430\" \/>\n<script type=\"application\/ld+json\" class=\"yoast-schema-graph\">{\"@context\":\"https:\/\/schema.org\",\"@graph\":[{\"@type\":\"Organization\",\"@id\":\"https:\/\/spectrebaltics.com\/ru\/#organization\",\"name\":\"Spectrebaltics\",\"url\":\"https:\/\/spectrebaltics.com\/ru\/\",\"sameAs\":[],\"logo\":{\"@type\":\"ImageObject\",\"@id\":\"https:\/\/spectrebaltics.com\/ru\/#logo\",\"inLanguage\":\"ru-RU\",\"url\":\"https:\/\/spectrebaltics.com\/wp-content\/uploads\/2024\/03\/Spectrebaltics-logo.svg\",\"contentUrl\":\"https:\/\/spectrebaltics.com\/wp-content\/uploads\/2024\/03\/Spectrebaltics-logo.svg\",\"caption\":\"Spectrebaltics\"},\"image\":{\"@id\":\"https:\/\/spectrebaltics.com\/ru\/#logo\"}},{\"@type\":\"WebSite\",\"@id\":\"https:\/\/spectrebaltics.com\/ru\/#website\",\"url\":\"https:\/\/spectrebaltics.com\/ru\/\",\"name\":\"Spectrebaltics\",\"description\":\"\",\"publisher\":{\"@id\":\"https:\/\/spectrebaltics.com\/ru\/#organization\"},\"potentialAction\":[{\"@type\":\"SearchAction\",\"target\":{\"@type\":\"EntryPoint\",\"urlTemplate\":\"https:\/\/spectrebaltics.com\/ru\/?s={search_term_string}\"},\"query-input\":\"required name=search_term_string\"}],\"inLanguage\":\"ru-RU\"},{\"@type\":\"ImageObject\",\"@id\":\"https:\/\/spectrebaltics.com\/toode\/tyrolit-fiiberketas-125x22-s4-cerabond-ca60-p94\/#primaryimage\",\"inLanguage\":\"ru-RU\",\"url\":\"https:\/\/spectrebaltics.com\/wp-content\/uploads\/2024\/06\/p60.jpg\",\"contentUrl\":\"https:\/\/spectrebaltics.com\/wp-content\/uploads\/2024\/06\/p60.jpg\",\"width\":1280,\"height\":1280},{\"@type\":\"WebPage\",\"@id\":\"https:\/\/spectrebaltics.com\/toode\/tyrolit-fiiberketas-125x22-s4-cerabond-ca60-p94\/#webpage\",\"url\":\"https:\/\/spectrebaltics.com\/toode\/tyrolit-fiiberketas-125x22-s4-cerabond-ca60-p94\/\",\"name\":\"Tyrolit Fiiberketas *** 125x22 S4 Cerabond CA60-P94\",\"isPartOf\":{\"@id\":\"https:\/\/spectrebaltics.com\/ru\/#website\"},\"primaryImageOfPage\":{\"@id\":\"https:\/\/spectrebaltics.com\/toode\/tyrolit-fiiberketas-125x22-s4-cerabond-ca60-p94\/#primaryimage\"},\"datePublished\":\"2024-06-05T12:43:08+00:00\",\"dateModified\":\"2024-06-05T12:43:08+00:00\",\"breadcrumb\":{\"@id\":\"https:\/\/spectrebaltics.com\/toode\/tyrolit-fiiberketas-125x22-s4-cerabond-ca60-p94\/#breadcrumb\"},\"inLanguage\":\"ru-RU\",\"potentialAction\":[{\"@type\":\"ReadAction\",\"target\":[\"https:\/\/spectrebaltics.com\/toode\/tyrolit-fiiberketas-125x22-s4-cerabond-ca60-p94\/\"]}]},{\"@type\":\"BreadcrumbList\",\"@id\":\"https:\/\/spectrebaltics.com\/toode\/tyrolit-fiiberketas-125x22-s4-cerabond-ca60-p94\/#breadcrumb\",\"itemListElement\":[{\"@type\":\"ListItem\",\"position\":1,\"name\":\"Home\",\"item\":\"https:\/\/spectrebaltics.com\/ru\/\"},{\"@type\":\"ListItem\",\"position\":2,\"name\":\"\u041a\u0430\u0442\u0430\u043b\u043e\u0433\",\"item\":\"https:\/\/spectrebaltics.com\/ru\/katalog\/\"},{\"@type\":\"ListItem\",\"position\":3,\"name\":\"Tyrolit Fiiberketas *** 125&#215;22 S4 Cerabond CA60-P94\"}]}]}<\/script>\n<!-- \/ Yoast SEO plugin. -->","yoast_head_json":{"title":"Tyrolit Fiiberketas *** 125x22 S4 Cerabond CA60-P94","robots":{"index":"index","follow":"follow","max-snippet":"max-snippet:-1","max-image-preview":"max-image-preview:large","max-video-preview":"max-video-preview:-1"},"canonical":"https:\/\/spectrebaltics.com\/toode\/tyrolit-fiiberketas-125x22-s4-cerabond-ca60-p94\/","og_locale":"ru_RU","og_type":"article","og_title":"Tyrolit Fiiberketas *** 125x22 S4 Cerabond CA60-P94","og_description":"TYROLITI uued fiiberkettad tagavad maksimaalse agressiivsuse, \u00fcletamatu kasutusea ja maksimaalse mugavuse terase ja roostevaba terase t\u00f6\u00f6tlemisel. See on v\u00f5imalik t\u00e4nu iseterituvale keraamilisele terale koos uuendusliku sidemega. Sinip\u00f5letatud keraamilise s\u00f5mera ja meie ainulaadse liimimiss\u00fcsteemi kombinatsioon tagab p\u00fcsiva agressiivsuse ja laitmatu kasutusea. CERABOND X fiiberketas on parim valik kiireks ja mugavaks t\u00f6\u00f6ks terase ja roostevaba terasega. Cerabond...","og_url":"https:\/\/spectrebaltics.com\/toode\/tyrolit-fiiberketas-125x22-s4-cerabond-ca60-p94\/","og_site_name":"Spectrebaltics","og_image":[{"width":1280,"height":1280,"url":"https:\/\/spectrebaltics.com\/wp-content\/uploads\/2024\/06\/p60.jpg","type":"image\/jpeg"}],"twitter_card":"summary_large_image","twitter_misc":{"\u041f\u0440\u0438\u043c\u0435\u0440\u043d\u043e\u0435 \u0432\u0440\u0435\u043c\u044f \u0434\u043b\u044f \u0447\u0442\u0435\u043d\u0438\u044f":"1 \u043c\u0438\u043d\u0443\u0442\u0430"},"schema":{"@context":"https:\/\/schema.org","@graph":[{"@type":"Organization","@id":"https:\/\/spectrebaltics.com\/ru\/#organization","name":"Spectrebaltics","url":"https:\/\/spectrebaltics.com\/ru\/","sameAs":[],"logo":{"@type":"ImageObject","@id":"https:\/\/spectrebaltics.com\/ru\/#logo","inLanguage":"ru-RU","url":"https:\/\/spectrebaltics.com\/wp-content\/uploads\/2024\/03\/Spectrebaltics-logo.svg","contentUrl":"https:\/\/spectrebaltics.com\/wp-content\/uploads\/2024\/03\/Spectrebaltics-logo.svg","caption":"Spectrebaltics"},"image":{"@id":"https:\/\/spectrebaltics.com\/ru\/#logo"}},{"@type":"WebSite","@id":"https:\/\/spectrebaltics.com\/ru\/#website","url":"https:\/\/spectrebaltics.com\/ru\/","name":"Spectrebaltics","description":"","publisher":{"@id":"https:\/\/spectrebaltics.com\/ru\/#organization"},"potentialAction":[{"@type":"SearchAction","target":{"@type":"EntryPoint","urlTemplate":"https:\/\/spectrebaltics.com\/ru\/?s={search_term_string}"},"query-input":"required name=search_term_string"}],"inLanguage":"ru-RU"},{"@type":"ImageObject","@id":"https:\/\/spectrebaltics.com\/toode\/tyrolit-fiiberketas-125x22-s4-cerabond-ca60-p94\/#primaryimage","inLanguage":"ru-RU","url":"https:\/\/spectrebaltics.com\/wp-content\/uploads\/2024\/06\/p60.jpg","contentUrl":"https:\/\/spectrebaltics.com\/wp-content\/uploads\/2024\/06\/p60.jpg","width":1280,"height":1280},{"@type":"WebPage","@id":"https:\/\/spectrebaltics.com\/toode\/tyrolit-fiiberketas-125x22-s4-cerabond-ca60-p94\/#webpage","url":"https:\/\/spectrebaltics.com\/toode\/tyrolit-fiiberketas-125x22-s4-cerabond-ca60-p94\/","name":"Tyrolit Fiiberketas *** 125x22 S4 Cerabond CA60-P94","isPartOf":{"@id":"https:\/\/spectrebaltics.com\/ru\/#website"},"primaryImageOfPage":{"@id":"https:\/\/spectrebaltics.com\/toode\/tyrolit-fiiberketas-125x22-s4-cerabond-ca60-p94\/#primaryimage"},"datePublished":"2024-06-05T12:43:08+00:00","dateModified":"2024-06-05T12:43:08+00:00","breadcrumb":{"@id":"https:\/\/spectrebaltics.com\/toode\/tyrolit-fiiberketas-125x22-s4-cerabond-ca60-p94\/#breadcrumb"},"inLanguage":"ru-RU","potentialAction":[{"@type":"ReadAction","target":["https:\/\/spectrebaltics.com\/toode\/tyrolit-fiiberketas-125x22-s4-cerabond-ca60-p94\/"]}]},{"@type":"BreadcrumbList","@id":"https:\/\/spectrebaltics.com\/toode\/tyrolit-fiiberketas-125x22-s4-cerabond-ca60-p94\/#breadcrumb","itemListElement":[{"@type":"ListItem","position":1,"name":"Home","item":"https:\/\/spectrebaltics.com\/ru\/"},{"@type":"ListItem","position":2,"name":"\u041a\u0430\u0442\u0430\u043b\u043e\u0433","item":"https:\/\/spectrebaltics.com\/ru\/katalog\/"},{"@type":"ListItem","position":3,"name":"Tyrolit Fiiberketas *** 125&#215;22 S4 Cerabond CA60-P94"}]}]}},"_links":{"self":[{"href":"https:\/\/spectrebaltics.com\/ru\/wp-json\/wp\/v2\/product\/9467"}],"collection":[{"href":"https:\/\/spectrebaltics.com\/ru\/wp-json\/wp\/v2\/product"}],"about":[{"href":"https:\/\/spectrebaltics.com\/ru\/wp-json\/wp\/v2\/types\/product"}],"wp:featuredmedia":[{"embeddable":true,"href":"https:\/\/spectrebaltics.com\/ru\/wp-json\/wp\/v2\/media\/9468"}],"wp:attachment":[{"href":"https:\/\/spectrebaltics.com\/ru\/wp-json\/wp\/v2\/media?parent=9467"}],"wp:term":[{"taxonomy":"product_cat","embeddable":true,"href":"https:\/\/spectrebaltics.com\/ru\/wp-json\/wp\/v2\/product_cat?post=9467"},{"taxonomy":"product_tag","embeddable":true,"href":"https:\/\/spectrebaltics.com\/ru\/wp-json\/wp\/v2\/product_tag?post=9467"}],"curies":[{"name":"wp","href":"https:\/\/api.w.org\/{rel}","templated":true}]}}