{"id":9483,"date":"2024-06-05T13:11:30","date_gmt":"2024-06-05T13:11:30","guid":{"rendered":"https:\/\/spectrebaltics.com\/?post_type=product&#038;p=9483"},"modified":"2024-06-05T13:11:30","modified_gmt":"2024-06-05T13:11:30","slug":"tyrolit-tald-fiiberkettale-universal-125x22-m14-inox","status":"publish","type":"product","link":"https:\/\/spectrebaltics.com\/ru\/toode\/tyrolit-tald-fiiberkettale-universal-125x22-m14-inox\/","title":{"rendered":"Tyrolit TALD fiiberkettale universal, 125&#215;22 M14 INOX"},"content":{"rendered":"<p>PREMIUM tugipadjad pakuvad teile parimat tuge k\u00f5rgeimatele n\u00f5udmistele. S\u00f5ltuvalt sellest, kas valite k\u00f5va v\u00f5i v\u00e4ga k\u00f5va tugipadja, saate t\u00f6\u00f6deldava detaili lao eemaldamise kiirust m\u00f5jutada. Spetsiaalne disain tagab pideva \u00f5huringluse ja hoiab seega \u00e4ra kuumuse kogunemise t\u00f6\u00f6deldavale detailile ja t\u00f6\u00f6riistale.<\/p>\n","protected":false},"excerpt":{"rendered":"<p>PREMIUM tugipadjad pakuvad teile parimat tuge k\u00f5rgeimatele n\u00f5udmistele. S\u00f5ltuvalt sellest, kas valite k\u00f5va v\u00f5i v\u00e4ga k\u00f5va tugipadja, saate t\u00f6\u00f6deldava detaili lao eemaldamise kiirust m\u00f5jutada. Spetsiaalne disain tagab pideva \u00f5huringluse ja hoiab seega \u00e4ra kuumuse kogunemise t\u00f6\u00f6deldavale detailile ja t\u00f6\u00f6riistale.<\/p>\n","protected":false},"featured_media":9484,"template":"","meta":[],"product_cat":[89,93],"product_tag":[],"yoast_head":"<!-- This site is optimized with the Yoast SEO plugin v18.4.1 - https:\/\/yoast.com\/wordpress\/plugins\/seo\/ -->\n<title>Tyrolit TALD fiiberkettale universal, 125x22 M14 INOX<\/title>\n<meta name=\"robots\" content=\"index, follow, max-snippet:-1, max-image-preview:large, max-video-preview:-1\" \/>\n<link rel=\"canonical\" href=\"https:\/\/spectrebaltics.com\/toode\/tyrolit-tald-fiiberkettale-universal-125x22-m14-inox\/\" \/>\n<meta property=\"og:locale\" content=\"ru_RU\" \/>\n<meta property=\"og:type\" content=\"article\" \/>\n<meta property=\"og:title\" content=\"Tyrolit TALD fiiberkettale universal, 125x22 M14 INOX\" \/>\n<meta property=\"og:description\" content=\"PREMIUM tugipadjad pakuvad teile parimat tuge k\u00f5rgeimatele n\u00f5udmistele. S\u00f5ltuvalt sellest, kas valite k\u00f5va v\u00f5i v\u00e4ga k\u00f5va tugipadja, saate t\u00f6\u00f6deldava detaili lao eemaldamise kiirust m\u00f5jutada. Spetsiaalne disain tagab pideva \u00f5huringluse ja hoiab seega \u00e4ra kuumuse kogunemise t\u00f6\u00f6deldavale detailile ja t\u00f6\u00f6riistale.\" \/>\n<meta property=\"og:url\" content=\"https:\/\/spectrebaltics.com\/toode\/tyrolit-tald-fiiberkettale-universal-125x22-m14-inox\/\" \/>\n<meta property=\"og:site_name\" content=\"Spectrebaltics\" \/>\n<meta property=\"og:image\" content=\"https:\/\/spectrebaltics.com\/wp-content\/uploads\/2024\/06\/49ef-tyroli_709993_1-0-3-600x600_0.jpg\" \/>\n\t<meta property=\"og:image:width\" content=\"600\" \/>\n\t<meta property=\"og:image:height\" content=\"600\" \/>\n\t<meta property=\"og:image:type\" content=\"image\/jpeg\" \/>\n<meta name=\"twitter:card\" content=\"summary_large_image\" \/>\n<script type=\"application\/ld+json\" class=\"yoast-schema-graph\">{\"@context\":\"https:\/\/schema.org\",\"@graph\":[{\"@type\":\"Organization\",\"@id\":\"https:\/\/spectrebaltics.com\/ru\/#organization\",\"name\":\"Spectrebaltics\",\"url\":\"https:\/\/spectrebaltics.com\/ru\/\",\"sameAs\":[],\"logo\":{\"@type\":\"ImageObject\",\"@id\":\"https:\/\/spectrebaltics.com\/ru\/#logo\",\"inLanguage\":\"ru-RU\",\"url\":\"https:\/\/spectrebaltics.com\/wp-content\/uploads\/2024\/03\/Spectrebaltics-logo.svg\",\"contentUrl\":\"https:\/\/spectrebaltics.com\/wp-content\/uploads\/2024\/03\/Spectrebaltics-logo.svg\",\"caption\":\"Spectrebaltics\"},\"image\":{\"@id\":\"https:\/\/spectrebaltics.com\/ru\/#logo\"}},{\"@type\":\"WebSite\",\"@id\":\"https:\/\/spectrebaltics.com\/ru\/#website\",\"url\":\"https:\/\/spectrebaltics.com\/ru\/\",\"name\":\"Spectrebaltics\",\"description\":\"\",\"publisher\":{\"@id\":\"https:\/\/spectrebaltics.com\/ru\/#organization\"},\"potentialAction\":[{\"@type\":\"SearchAction\",\"target\":{\"@type\":\"EntryPoint\",\"urlTemplate\":\"https:\/\/spectrebaltics.com\/ru\/?s={search_term_string}\"},\"query-input\":\"required name=search_term_string\"}],\"inLanguage\":\"ru-RU\"},{\"@type\":\"ImageObject\",\"@id\":\"https:\/\/spectrebaltics.com\/toode\/tyrolit-tald-fiiberkettale-universal-125x22-m14-inox\/#primaryimage\",\"inLanguage\":\"ru-RU\",\"url\":\"https:\/\/spectrebaltics.com\/wp-content\/uploads\/2024\/06\/49ef-tyroli_709993_1-0-3-600x600_0.jpg\",\"contentUrl\":\"https:\/\/spectrebaltics.com\/wp-content\/uploads\/2024\/06\/49ef-tyroli_709993_1-0-3-600x600_0.jpg\",\"width\":600,\"height\":600},{\"@type\":\"WebPage\",\"@id\":\"https:\/\/spectrebaltics.com\/toode\/tyrolit-tald-fiiberkettale-universal-125x22-m14-inox\/#webpage\",\"url\":\"https:\/\/spectrebaltics.com\/toode\/tyrolit-tald-fiiberkettale-universal-125x22-m14-inox\/\",\"name\":\"Tyrolit TALD fiiberkettale universal, 125x22 M14 INOX\",\"isPartOf\":{\"@id\":\"https:\/\/spectrebaltics.com\/ru\/#website\"},\"primaryImageOfPage\":{\"@id\":\"https:\/\/spectrebaltics.com\/toode\/tyrolit-tald-fiiberkettale-universal-125x22-m14-inox\/#primaryimage\"},\"datePublished\":\"2024-06-05T13:11:30+00:00\",\"dateModified\":\"2024-06-05T13:11:30+00:00\",\"breadcrumb\":{\"@id\":\"https:\/\/spectrebaltics.com\/toode\/tyrolit-tald-fiiberkettale-universal-125x22-m14-inox\/#breadcrumb\"},\"inLanguage\":\"ru-RU\",\"potentialAction\":[{\"@type\":\"ReadAction\",\"target\":[\"https:\/\/spectrebaltics.com\/toode\/tyrolit-tald-fiiberkettale-universal-125x22-m14-inox\/\"]}]},{\"@type\":\"BreadcrumbList\",\"@id\":\"https:\/\/spectrebaltics.com\/toode\/tyrolit-tald-fiiberkettale-universal-125x22-m14-inox\/#breadcrumb\",\"itemListElement\":[{\"@type\":\"ListItem\",\"position\":1,\"name\":\"Home\",\"item\":\"https:\/\/spectrebaltics.com\/ru\/\"},{\"@type\":\"ListItem\",\"position\":2,\"name\":\"\u041a\u0430\u0442\u0430\u043b\u043e\u0433\",\"item\":\"https:\/\/spectrebaltics.com\/ru\/katalog\/\"},{\"@type\":\"ListItem\",\"position\":3,\"name\":\"Tyrolit TALD fiiberkettale universal, 125&#215;22 M14 INOX\"}]}]}<\/script>\n<!-- \/ Yoast SEO plugin. -->","yoast_head_json":{"title":"Tyrolit TALD fiiberkettale universal, 125x22 M14 INOX","robots":{"index":"index","follow":"follow","max-snippet":"max-snippet:-1","max-image-preview":"max-image-preview:large","max-video-preview":"max-video-preview:-1"},"canonical":"https:\/\/spectrebaltics.com\/toode\/tyrolit-tald-fiiberkettale-universal-125x22-m14-inox\/","og_locale":"ru_RU","og_type":"article","og_title":"Tyrolit TALD fiiberkettale universal, 125x22 M14 INOX","og_description":"PREMIUM tugipadjad pakuvad teile parimat tuge k\u00f5rgeimatele n\u00f5udmistele. S\u00f5ltuvalt sellest, kas valite k\u00f5va v\u00f5i v\u00e4ga k\u00f5va tugipadja, saate t\u00f6\u00f6deldava detaili lao eemaldamise kiirust m\u00f5jutada. Spetsiaalne disain tagab pideva \u00f5huringluse ja hoiab seega \u00e4ra kuumuse kogunemise t\u00f6\u00f6deldavale detailile ja t\u00f6\u00f6riistale.","og_url":"https:\/\/spectrebaltics.com\/toode\/tyrolit-tald-fiiberkettale-universal-125x22-m14-inox\/","og_site_name":"Spectrebaltics","og_image":[{"width":600,"height":600,"url":"https:\/\/spectrebaltics.com\/wp-content\/uploads\/2024\/06\/49ef-tyroli_709993_1-0-3-600x600_0.jpg","type":"image\/jpeg"}],"twitter_card":"summary_large_image","schema":{"@context":"https:\/\/schema.org","@graph":[{"@type":"Organization","@id":"https:\/\/spectrebaltics.com\/ru\/#organization","name":"Spectrebaltics","url":"https:\/\/spectrebaltics.com\/ru\/","sameAs":[],"logo":{"@type":"ImageObject","@id":"https:\/\/spectrebaltics.com\/ru\/#logo","inLanguage":"ru-RU","url":"https:\/\/spectrebaltics.com\/wp-content\/uploads\/2024\/03\/Spectrebaltics-logo.svg","contentUrl":"https:\/\/spectrebaltics.com\/wp-content\/uploads\/2024\/03\/Spectrebaltics-logo.svg","caption":"Spectrebaltics"},"image":{"@id":"https:\/\/spectrebaltics.com\/ru\/#logo"}},{"@type":"WebSite","@id":"https:\/\/spectrebaltics.com\/ru\/#website","url":"https:\/\/spectrebaltics.com\/ru\/","name":"Spectrebaltics","description":"","publisher":{"@id":"https:\/\/spectrebaltics.com\/ru\/#organization"},"potentialAction":[{"@type":"SearchAction","target":{"@type":"EntryPoint","urlTemplate":"https:\/\/spectrebaltics.com\/ru\/?s={search_term_string}"},"query-input":"required name=search_term_string"}],"inLanguage":"ru-RU"},{"@type":"ImageObject","@id":"https:\/\/spectrebaltics.com\/toode\/tyrolit-tald-fiiberkettale-universal-125x22-m14-inox\/#primaryimage","inLanguage":"ru-RU","url":"https:\/\/spectrebaltics.com\/wp-content\/uploads\/2024\/06\/49ef-tyroli_709993_1-0-3-600x600_0.jpg","contentUrl":"https:\/\/spectrebaltics.com\/wp-content\/uploads\/2024\/06\/49ef-tyroli_709993_1-0-3-600x600_0.jpg","width":600,"height":600},{"@type":"WebPage","@id":"https:\/\/spectrebaltics.com\/toode\/tyrolit-tald-fiiberkettale-universal-125x22-m14-inox\/#webpage","url":"https:\/\/spectrebaltics.com\/toode\/tyrolit-tald-fiiberkettale-universal-125x22-m14-inox\/","name":"Tyrolit TALD fiiberkettale universal, 125x22 M14 INOX","isPartOf":{"@id":"https:\/\/spectrebaltics.com\/ru\/#website"},"primaryImageOfPage":{"@id":"https:\/\/spectrebaltics.com\/toode\/tyrolit-tald-fiiberkettale-universal-125x22-m14-inox\/#primaryimage"},"datePublished":"2024-06-05T13:11:30+00:00","dateModified":"2024-06-05T13:11:30+00:00","breadcrumb":{"@id":"https:\/\/spectrebaltics.com\/toode\/tyrolit-tald-fiiberkettale-universal-125x22-m14-inox\/#breadcrumb"},"inLanguage":"ru-RU","potentialAction":[{"@type":"ReadAction","target":["https:\/\/spectrebaltics.com\/toode\/tyrolit-tald-fiiberkettale-universal-125x22-m14-inox\/"]}]},{"@type":"BreadcrumbList","@id":"https:\/\/spectrebaltics.com\/toode\/tyrolit-tald-fiiberkettale-universal-125x22-m14-inox\/#breadcrumb","itemListElement":[{"@type":"ListItem","position":1,"name":"Home","item":"https:\/\/spectrebaltics.com\/ru\/"},{"@type":"ListItem","position":2,"name":"\u041a\u0430\u0442\u0430\u043b\u043e\u0433","item":"https:\/\/spectrebaltics.com\/ru\/katalog\/"},{"@type":"ListItem","position":3,"name":"Tyrolit TALD fiiberkettale universal, 125&#215;22 M14 INOX"}]}]}},"_links":{"self":[{"href":"https:\/\/spectrebaltics.com\/ru\/wp-json\/wp\/v2\/product\/9483"}],"collection":[{"href":"https:\/\/spectrebaltics.com\/ru\/wp-json\/wp\/v2\/product"}],"about":[{"href":"https:\/\/spectrebaltics.com\/ru\/wp-json\/wp\/v2\/types\/product"}],"wp:featuredmedia":[{"embeddable":true,"href":"https:\/\/spectrebaltics.com\/ru\/wp-json\/wp\/v2\/media\/9484"}],"wp:attachment":[{"href":"https:\/\/spectrebaltics.com\/ru\/wp-json\/wp\/v2\/media?parent=9483"}],"wp:term":[{"taxonomy":"product_cat","embeddable":true,"href":"https:\/\/spectrebaltics.com\/ru\/wp-json\/wp\/v2\/product_cat?post=9483"},{"taxonomy":"product_tag","embeddable":true,"href":"https:\/\/spectrebaltics.com\/ru\/wp-json\/wp\/v2\/product_tag?post=9483"}],"curies":[{"name":"wp","href":"https:\/\/api.w.org\/{rel}","templated":true}]}}