{"id":9527,"date":"2024-06-07T10:46:15","date_gmt":"2024-06-07T10:46:15","guid":{"rendered":"https:\/\/spectrebaltics.com\/?post_type=product&#038;p=9527"},"modified":"2024-06-07T10:46:15","modified_gmt":"2024-06-07T10:46:15","slug":"tyrolit-50x15x12-5-s6x30-e02-inox-teraselihvhari","status":"publish","type":"product","link":"https:\/\/spectrebaltics.com\/ru\/toode\/tyrolit-50x15x12-5-s6x30-e02-inox-teraselihvhari\/","title":{"rendered":"Tyrolit 50x15x12.5 S6x30 E0,2 INOX Teraselihvhari"},"content":{"rendered":"<p>\u00dcmmarguse varrega harjad sobivad raskesti ligip\u00e4\u00e4setavatesse kohtadesse. See toode pakub teile t\u00f6\u00f6riista, mida saab kasutada sirgetel lihvimismasinatel ja puuridel. Lainelised harjad sobivad rooste eemaldamiseks, puhastamiseks, silumiseks, poleerimiseks, matistamiseks ja karendamiseks. S\u00f5lmega \u00fcmara varrega harjad on m\u00f5eldud keevis\u00f5mbluste t\u00f6\u00f6tlemiseks ning katlakivi ja v\u00e4rvi eemaldamiseks.<\/p>\n<p>&nbsp;<\/p>\n","protected":false},"excerpt":{"rendered":"<p>\u00dcmmarguse varrega harjad sobivad raskesti ligip\u00e4\u00e4setavatesse kohtadesse. See toode pakub teile t\u00f6\u00f6riista, mida saab kasutada sirgetel lihvimismasinatel ja puuridel. Lainelised harjad sobivad rooste eemaldamiseks, puhastamiseks, silumiseks, poleerimiseks, matistamiseks ja karendamiseks. S\u00f5lmega \u00fcmara varrega harjad on m\u00f5eldud keevis\u00f5mbluste t\u00f6\u00f6tlemiseks ning katlakivi ja v\u00e4rvi eemaldamiseks. &nbsp;<\/p>\n","protected":false},"featured_media":9528,"template":"","meta":[],"product_cat":[89,94],"product_tag":[],"yoast_head":"<!-- This site is optimized with the Yoast SEO plugin v18.4.1 - https:\/\/yoast.com\/wordpress\/plugins\/seo\/ -->\n<title>Tyrolit 50x15x12.5 S6x30 E0,2 INOX Teraselihvhari<\/title>\n<meta name=\"robots\" content=\"index, follow, max-snippet:-1, max-image-preview:large, max-video-preview:-1\" \/>\n<link rel=\"canonical\" href=\"https:\/\/spectrebaltics.com\/toode\/tyrolit-50x15x12-5-s6x30-e02-inox-teraselihvhari\/\" \/>\n<meta property=\"og:locale\" content=\"ru_RU\" \/>\n<meta property=\"og:type\" content=\"article\" \/>\n<meta property=\"og:title\" content=\"Tyrolit 50x15x12.5 S6x30 E0,2 INOX Teraselihvhari\" \/>\n<meta property=\"og:description\" content=\"\u00dcmmarguse varrega harjad sobivad raskesti ligip\u00e4\u00e4setavatesse kohtadesse. See toode pakub teile t\u00f6\u00f6riista, mida saab kasutada sirgetel lihvimismasinatel ja puuridel. Lainelised harjad sobivad rooste eemaldamiseks, puhastamiseks, silumiseks, poleerimiseks, matistamiseks ja karendamiseks. S\u00f5lmega \u00fcmara varrega harjad on m\u00f5eldud keevis\u00f5mbluste t\u00f6\u00f6tlemiseks ning katlakivi ja v\u00e4rvi eemaldamiseks. &nbsp;\" \/>\n<meta property=\"og:url\" content=\"https:\/\/spectrebaltics.com\/toode\/tyrolit-50x15x12-5-s6x30-e02-inox-teraselihvhari\/\" \/>\n<meta property=\"og:site_name\" content=\"Spectrebaltics\" \/>\n<meta property=\"og:image\" content=\"https:\/\/spectrebaltics.com\/wp-content\/uploads\/2024\/06\/0820.jpg\" \/>\n\t<meta property=\"og:image:width\" content=\"1280\" \/>\n\t<meta property=\"og:image:height\" content=\"1280\" \/>\n\t<meta property=\"og:image:type\" content=\"image\/jpeg\" \/>\n<meta name=\"twitter:card\" content=\"summary_large_image\" \/>\n<script type=\"application\/ld+json\" class=\"yoast-schema-graph\">{\"@context\":\"https:\/\/schema.org\",\"@graph\":[{\"@type\":\"Organization\",\"@id\":\"https:\/\/spectrebaltics.com\/ru\/#organization\",\"name\":\"Spectrebaltics\",\"url\":\"https:\/\/spectrebaltics.com\/ru\/\",\"sameAs\":[],\"logo\":{\"@type\":\"ImageObject\",\"@id\":\"https:\/\/spectrebaltics.com\/ru\/#logo\",\"inLanguage\":\"ru-RU\",\"url\":\"https:\/\/spectrebaltics.com\/wp-content\/uploads\/2024\/03\/Spectrebaltics-logo.svg\",\"contentUrl\":\"https:\/\/spectrebaltics.com\/wp-content\/uploads\/2024\/03\/Spectrebaltics-logo.svg\",\"caption\":\"Spectrebaltics\"},\"image\":{\"@id\":\"https:\/\/spectrebaltics.com\/ru\/#logo\"}},{\"@type\":\"WebSite\",\"@id\":\"https:\/\/spectrebaltics.com\/ru\/#website\",\"url\":\"https:\/\/spectrebaltics.com\/ru\/\",\"name\":\"Spectrebaltics\",\"description\":\"\",\"publisher\":{\"@id\":\"https:\/\/spectrebaltics.com\/ru\/#organization\"},\"potentialAction\":[{\"@type\":\"SearchAction\",\"target\":{\"@type\":\"EntryPoint\",\"urlTemplate\":\"https:\/\/spectrebaltics.com\/ru\/?s={search_term_string}\"},\"query-input\":\"required name=search_term_string\"}],\"inLanguage\":\"ru-RU\"},{\"@type\":\"ImageObject\",\"@id\":\"https:\/\/spectrebaltics.com\/toode\/tyrolit-50x15x12-5-s6x30-e02-inox-teraselihvhari\/#primaryimage\",\"inLanguage\":\"ru-RU\",\"url\":\"https:\/\/spectrebaltics.com\/wp-content\/uploads\/2024\/06\/0820.jpg\",\"contentUrl\":\"https:\/\/spectrebaltics.com\/wp-content\/uploads\/2024\/06\/0820.jpg\",\"width\":1280,\"height\":1280},{\"@type\":\"WebPage\",\"@id\":\"https:\/\/spectrebaltics.com\/toode\/tyrolit-50x15x12-5-s6x30-e02-inox-teraselihvhari\/#webpage\",\"url\":\"https:\/\/spectrebaltics.com\/toode\/tyrolit-50x15x12-5-s6x30-e02-inox-teraselihvhari\/\",\"name\":\"Tyrolit 50x15x12.5 S6x30 E0,2 INOX Teraselihvhari\",\"isPartOf\":{\"@id\":\"https:\/\/spectrebaltics.com\/ru\/#website\"},\"primaryImageOfPage\":{\"@id\":\"https:\/\/spectrebaltics.com\/toode\/tyrolit-50x15x12-5-s6x30-e02-inox-teraselihvhari\/#primaryimage\"},\"datePublished\":\"2024-06-07T10:46:15+00:00\",\"dateModified\":\"2024-06-07T10:46:15+00:00\",\"breadcrumb\":{\"@id\":\"https:\/\/spectrebaltics.com\/toode\/tyrolit-50x15x12-5-s6x30-e02-inox-teraselihvhari\/#breadcrumb\"},\"inLanguage\":\"ru-RU\",\"potentialAction\":[{\"@type\":\"ReadAction\",\"target\":[\"https:\/\/spectrebaltics.com\/toode\/tyrolit-50x15x12-5-s6x30-e02-inox-teraselihvhari\/\"]}]},{\"@type\":\"BreadcrumbList\",\"@id\":\"https:\/\/spectrebaltics.com\/toode\/tyrolit-50x15x12-5-s6x30-e02-inox-teraselihvhari\/#breadcrumb\",\"itemListElement\":[{\"@type\":\"ListItem\",\"position\":1,\"name\":\"Home\",\"item\":\"https:\/\/spectrebaltics.com\/ru\/\"},{\"@type\":\"ListItem\",\"position\":2,\"name\":\"\u041a\u0430\u0442\u0430\u043b\u043e\u0433\",\"item\":\"https:\/\/spectrebaltics.com\/ru\/katalog\/\"},{\"@type\":\"ListItem\",\"position\":3,\"name\":\"Tyrolit 50x15x12.5 S6x30 E0,2 INOX Teraselihvhari\"}]}]}<\/script>\n<!-- \/ Yoast SEO plugin. -->","yoast_head_json":{"title":"Tyrolit 50x15x12.5 S6x30 E0,2 INOX Teraselihvhari","robots":{"index":"index","follow":"follow","max-snippet":"max-snippet:-1","max-image-preview":"max-image-preview:large","max-video-preview":"max-video-preview:-1"},"canonical":"https:\/\/spectrebaltics.com\/toode\/tyrolit-50x15x12-5-s6x30-e02-inox-teraselihvhari\/","og_locale":"ru_RU","og_type":"article","og_title":"Tyrolit 50x15x12.5 S6x30 E0,2 INOX Teraselihvhari","og_description":"\u00dcmmarguse varrega harjad sobivad raskesti ligip\u00e4\u00e4setavatesse kohtadesse. See toode pakub teile t\u00f6\u00f6riista, mida saab kasutada sirgetel lihvimismasinatel ja puuridel. Lainelised harjad sobivad rooste eemaldamiseks, puhastamiseks, silumiseks, poleerimiseks, matistamiseks ja karendamiseks. S\u00f5lmega \u00fcmara varrega harjad on m\u00f5eldud keevis\u00f5mbluste t\u00f6\u00f6tlemiseks ning katlakivi ja v\u00e4rvi eemaldamiseks. &nbsp;","og_url":"https:\/\/spectrebaltics.com\/toode\/tyrolit-50x15x12-5-s6x30-e02-inox-teraselihvhari\/","og_site_name":"Spectrebaltics","og_image":[{"width":1280,"height":1280,"url":"https:\/\/spectrebaltics.com\/wp-content\/uploads\/2024\/06\/0820.jpg","type":"image\/jpeg"}],"twitter_card":"summary_large_image","schema":{"@context":"https:\/\/schema.org","@graph":[{"@type":"Organization","@id":"https:\/\/spectrebaltics.com\/ru\/#organization","name":"Spectrebaltics","url":"https:\/\/spectrebaltics.com\/ru\/","sameAs":[],"logo":{"@type":"ImageObject","@id":"https:\/\/spectrebaltics.com\/ru\/#logo","inLanguage":"ru-RU","url":"https:\/\/spectrebaltics.com\/wp-content\/uploads\/2024\/03\/Spectrebaltics-logo.svg","contentUrl":"https:\/\/spectrebaltics.com\/wp-content\/uploads\/2024\/03\/Spectrebaltics-logo.svg","caption":"Spectrebaltics"},"image":{"@id":"https:\/\/spectrebaltics.com\/ru\/#logo"}},{"@type":"WebSite","@id":"https:\/\/spectrebaltics.com\/ru\/#website","url":"https:\/\/spectrebaltics.com\/ru\/","name":"Spectrebaltics","description":"","publisher":{"@id":"https:\/\/spectrebaltics.com\/ru\/#organization"},"potentialAction":[{"@type":"SearchAction","target":{"@type":"EntryPoint","urlTemplate":"https:\/\/spectrebaltics.com\/ru\/?s={search_term_string}"},"query-input":"required name=search_term_string"}],"inLanguage":"ru-RU"},{"@type":"ImageObject","@id":"https:\/\/spectrebaltics.com\/toode\/tyrolit-50x15x12-5-s6x30-e02-inox-teraselihvhari\/#primaryimage","inLanguage":"ru-RU","url":"https:\/\/spectrebaltics.com\/wp-content\/uploads\/2024\/06\/0820.jpg","contentUrl":"https:\/\/spectrebaltics.com\/wp-content\/uploads\/2024\/06\/0820.jpg","width":1280,"height":1280},{"@type":"WebPage","@id":"https:\/\/spectrebaltics.com\/toode\/tyrolit-50x15x12-5-s6x30-e02-inox-teraselihvhari\/#webpage","url":"https:\/\/spectrebaltics.com\/toode\/tyrolit-50x15x12-5-s6x30-e02-inox-teraselihvhari\/","name":"Tyrolit 50x15x12.5 S6x30 E0,2 INOX Teraselihvhari","isPartOf":{"@id":"https:\/\/spectrebaltics.com\/ru\/#website"},"primaryImageOfPage":{"@id":"https:\/\/spectrebaltics.com\/toode\/tyrolit-50x15x12-5-s6x30-e02-inox-teraselihvhari\/#primaryimage"},"datePublished":"2024-06-07T10:46:15+00:00","dateModified":"2024-06-07T10:46:15+00:00","breadcrumb":{"@id":"https:\/\/spectrebaltics.com\/toode\/tyrolit-50x15x12-5-s6x30-e02-inox-teraselihvhari\/#breadcrumb"},"inLanguage":"ru-RU","potentialAction":[{"@type":"ReadAction","target":["https:\/\/spectrebaltics.com\/toode\/tyrolit-50x15x12-5-s6x30-e02-inox-teraselihvhari\/"]}]},{"@type":"BreadcrumbList","@id":"https:\/\/spectrebaltics.com\/toode\/tyrolit-50x15x12-5-s6x30-e02-inox-teraselihvhari\/#breadcrumb","itemListElement":[{"@type":"ListItem","position":1,"name":"Home","item":"https:\/\/spectrebaltics.com\/ru\/"},{"@type":"ListItem","position":2,"name":"\u041a\u0430\u0442\u0430\u043b\u043e\u0433","item":"https:\/\/spectrebaltics.com\/ru\/katalog\/"},{"@type":"ListItem","position":3,"name":"Tyrolit 50x15x12.5 S6x30 E0,2 INOX Teraselihvhari"}]}]}},"_links":{"self":[{"href":"https:\/\/spectrebaltics.com\/ru\/wp-json\/wp\/v2\/product\/9527"}],"collection":[{"href":"https:\/\/spectrebaltics.com\/ru\/wp-json\/wp\/v2\/product"}],"about":[{"href":"https:\/\/spectrebaltics.com\/ru\/wp-json\/wp\/v2\/types\/product"}],"wp:featuredmedia":[{"embeddable":true,"href":"https:\/\/spectrebaltics.com\/ru\/wp-json\/wp\/v2\/media\/9528"}],"wp:attachment":[{"href":"https:\/\/spectrebaltics.com\/ru\/wp-json\/wp\/v2\/media?parent=9527"}],"wp:term":[{"taxonomy":"product_cat","embeddable":true,"href":"https:\/\/spectrebaltics.com\/ru\/wp-json\/wp\/v2\/product_cat?post=9527"},{"taxonomy":"product_tag","embeddable":true,"href":"https:\/\/spectrebaltics.com\/ru\/wp-json\/wp\/v2\/product_tag?post=9527"}],"curies":[{"name":"wp","href":"https:\/\/api.w.org\/{rel}","templated":true}]}}