{"id":9544,"date":"2024-06-07T11:56:12","date_gmt":"2024-06-07T11:56:12","guid":{"rendered":"https:\/\/spectrebaltics.com\/?post_type=product&#038;p=9544"},"modified":"2024-06-07T11:56:12","modified_gmt":"2024-06-07T11:56:12","slug":"tyrolit-lihvhari-52pdw-30-x-25-s6-x-68-e03-inox-teraselihvhari","status":"publish","type":"product","link":"https:\/\/spectrebaltics.com\/ru\/toode\/tyrolit-lihvhari-52pdw-30-x-25-s6-x-68-e03-inox-teraselihvhari\/","title":{"rendered":"Tyrolit Lihvhari 52PDW*** 30 x 25 &#8212; S6 x 68 E0,3 INOX TERASELIHVHARI"},"content":{"rendered":"<p>L\u00e4bim\u00f5\u00f5t 68 mm<br \/>\nPaksus 25-6 mm<br \/>\nL\u00e4bim\u00f5\u00f5t 30 mm<br \/>\nTootesari SECUR<br \/>\nDxH-GExI 30&#215;25-6&#215;68<br \/>\nSpetsifikatsioon: E 0,3 mm INOX<br \/>\nKuju: 52PDW &#8212; (pintsliharjad)<br \/>\nMax Max Kiirus: 15000<\/p>\n","protected":false},"excerpt":{"rendered":"<p>L\u00e4bim\u00f5\u00f5t 68 mm Paksus 25-6 mm L\u00e4bim\u00f5\u00f5t 30 mm Tootesari SECUR DxH-GExI 30&#215;25-6&#215;68 Spetsifikatsioon: E 0,3 mm INOX Kuju: 52PDW &#8212; (pintsliharjad) Max Max Kiirus: 15000<\/p>\n","protected":false},"featured_media":9535,"template":"","meta":[],"product_cat":[89,94],"product_tag":[],"yoast_head":"<!-- This site is optimized with the Yoast SEO plugin v18.4.1 - https:\/\/yoast.com\/wordpress\/plugins\/seo\/ -->\n<title>Tyrolit Lihvhari 52PDW*** 30 x 25 - S6 x 68 E0,3 INOX TERASELIHVHARI<\/title>\n<meta name=\"robots\" content=\"index, follow, max-snippet:-1, max-image-preview:large, max-video-preview:-1\" \/>\n<link rel=\"canonical\" href=\"https:\/\/spectrebaltics.com\/en\/toode\/tyrolit-lihvhari-52pdw-30-x-25-s6-x-68-e03-inox-teraselihvhari\/\" \/>\n<meta property=\"og:locale\" content=\"ru_RU\" \/>\n<meta property=\"og:type\" content=\"article\" \/>\n<meta property=\"og:title\" content=\"Tyrolit Lihvhari 52PDW*** 30 x 25 - S6 x 68 E0,3 INOX TERASELIHVHARI\" \/>\n<meta property=\"og:description\" content=\"L\u00e4bim\u00f5\u00f5t 68 mm Paksus 25-6 mm L\u00e4bim\u00f5\u00f5t 30 mm Tootesari SECUR DxH-GExI 30&#215;25-6&#215;68 Spetsifikatsioon: E 0,3 mm INOX Kuju: 52PDW &#8212; (pintsliharjad) Max Max Kiirus: 15000\" \/>\n<meta property=\"og:url\" content=\"https:\/\/spectrebaltics.com\/en\/toode\/tyrolit-lihvhari-52pdw-30-x-25-s6-x-68-e03-inox-teraselihvhari\/\" \/>\n<meta property=\"og:site_name\" content=\"Spectrebaltics\" \/>\n<meta property=\"og:image\" content=\"https:\/\/spectrebaltics.com\/wp-content\/uploads\/2024\/06\/tyrolit_pinselbuersten_dxh-gexi_12x20-6x60_fuer_edelstahl_form_52pdw_-_pinselbuersten_aert._897357-1.jpg\" \/>\n\t<meta property=\"og:image:width\" content=\"1280\" \/>\n\t<meta property=\"og:image:height\" content=\"1280\" \/>\n\t<meta property=\"og:image:type\" content=\"image\/jpeg\" \/>\n<meta name=\"twitter:card\" content=\"summary_large_image\" \/>\n<script type=\"application\/ld+json\" class=\"yoast-schema-graph\">{\"@context\":\"https:\/\/schema.org\",\"@graph\":[{\"@type\":\"Organization\",\"@id\":\"https:\/\/spectrebaltics.com\/ru\/#organization\",\"name\":\"Spectrebaltics\",\"url\":\"https:\/\/spectrebaltics.com\/ru\/\",\"sameAs\":[],\"logo\":{\"@type\":\"ImageObject\",\"@id\":\"https:\/\/spectrebaltics.com\/ru\/#logo\",\"inLanguage\":\"ru-RU\",\"url\":\"https:\/\/spectrebaltics.com\/wp-content\/uploads\/2024\/03\/Spectrebaltics-logo.svg\",\"contentUrl\":\"https:\/\/spectrebaltics.com\/wp-content\/uploads\/2024\/03\/Spectrebaltics-logo.svg\",\"caption\":\"Spectrebaltics\"},\"image\":{\"@id\":\"https:\/\/spectrebaltics.com\/ru\/#logo\"}},{\"@type\":\"WebSite\",\"@id\":\"https:\/\/spectrebaltics.com\/ru\/#website\",\"url\":\"https:\/\/spectrebaltics.com\/ru\/\",\"name\":\"Spectrebaltics\",\"description\":\"\",\"publisher\":{\"@id\":\"https:\/\/spectrebaltics.com\/ru\/#organization\"},\"potentialAction\":[{\"@type\":\"SearchAction\",\"target\":{\"@type\":\"EntryPoint\",\"urlTemplate\":\"https:\/\/spectrebaltics.com\/ru\/?s={search_term_string}\"},\"query-input\":\"required name=search_term_string\"}],\"inLanguage\":\"ru-RU\"},{\"@type\":\"ImageObject\",\"@id\":\"https:\/\/spectrebaltics.com\/en\/toode\/tyrolit-lihvhari-52pdw-30-x-25-s6-x-68-e03-inox-teraselihvhari\/#primaryimage\",\"inLanguage\":\"ru-RU\",\"url\":\"https:\/\/spectrebaltics.com\/wp-content\/uploads\/2024\/06\/tyrolit_pinselbuersten_dxh-gexi_12x20-6x60_fuer_edelstahl_form_52pdw_-_pinselbuersten_aert._897357-1.jpg\",\"contentUrl\":\"https:\/\/spectrebaltics.com\/wp-content\/uploads\/2024\/06\/tyrolit_pinselbuersten_dxh-gexi_12x20-6x60_fuer_edelstahl_form_52pdw_-_pinselbuersten_aert._897357-1.jpg\",\"width\":1280,\"height\":1280},{\"@type\":\"WebPage\",\"@id\":\"https:\/\/spectrebaltics.com\/en\/toode\/tyrolit-lihvhari-52pdw-30-x-25-s6-x-68-e03-inox-teraselihvhari\/#webpage\",\"url\":\"https:\/\/spectrebaltics.com\/en\/toode\/tyrolit-lihvhari-52pdw-30-x-25-s6-x-68-e03-inox-teraselihvhari\/\",\"name\":\"Tyrolit Lihvhari 52PDW*** 30 x 25 - S6 x 68 E0,3 INOX TERASELIHVHARI\",\"isPartOf\":{\"@id\":\"https:\/\/spectrebaltics.com\/ru\/#website\"},\"primaryImageOfPage\":{\"@id\":\"https:\/\/spectrebaltics.com\/en\/toode\/tyrolit-lihvhari-52pdw-30-x-25-s6-x-68-e03-inox-teraselihvhari\/#primaryimage\"},\"datePublished\":\"2024-06-07T11:56:12+00:00\",\"dateModified\":\"2024-06-07T11:56:12+00:00\",\"breadcrumb\":{\"@id\":\"https:\/\/spectrebaltics.com\/en\/toode\/tyrolit-lihvhari-52pdw-30-x-25-s6-x-68-e03-inox-teraselihvhari\/#breadcrumb\"},\"inLanguage\":\"ru-RU\",\"potentialAction\":[{\"@type\":\"ReadAction\",\"target\":[\"https:\/\/spectrebaltics.com\/en\/toode\/tyrolit-lihvhari-52pdw-30-x-25-s6-x-68-e03-inox-teraselihvhari\/\"]}]},{\"@type\":\"BreadcrumbList\",\"@id\":\"https:\/\/spectrebaltics.com\/en\/toode\/tyrolit-lihvhari-52pdw-30-x-25-s6-x-68-e03-inox-teraselihvhari\/#breadcrumb\",\"itemListElement\":[{\"@type\":\"ListItem\",\"position\":1,\"name\":\"Home\",\"item\":\"https:\/\/spectrebaltics.com\/ru\/\"},{\"@type\":\"ListItem\",\"position\":2,\"name\":\"\u041a\u0430\u0442\u0430\u043b\u043e\u0433\",\"item\":\"https:\/\/spectrebaltics.com\/ru\/katalog\/\"},{\"@type\":\"ListItem\",\"position\":3,\"name\":\"Tyrolit Lihvhari 52PDW*** 30 x 25 &#8211; S6 x 68 E0,3 INOX TERASELIHVHARI\"}]}]}<\/script>\n<!-- \/ Yoast SEO plugin. -->","yoast_head_json":{"title":"Tyrolit Lihvhari 52PDW*** 30 x 25 - S6 x 68 E0,3 INOX TERASELIHVHARI","robots":{"index":"index","follow":"follow","max-snippet":"max-snippet:-1","max-image-preview":"max-image-preview:large","max-video-preview":"max-video-preview:-1"},"canonical":"https:\/\/spectrebaltics.com\/en\/toode\/tyrolit-lihvhari-52pdw-30-x-25-s6-x-68-e03-inox-teraselihvhari\/","og_locale":"ru_RU","og_type":"article","og_title":"Tyrolit Lihvhari 52PDW*** 30 x 25 - S6 x 68 E0,3 INOX TERASELIHVHARI","og_description":"L\u00e4bim\u00f5\u00f5t 68 mm Paksus 25-6 mm L\u00e4bim\u00f5\u00f5t 30 mm Tootesari SECUR DxH-GExI 30&#215;25-6&#215;68 Spetsifikatsioon: E 0,3 mm INOX Kuju: 52PDW &#8212; (pintsliharjad) Max Max Kiirus: 15000","og_url":"https:\/\/spectrebaltics.com\/en\/toode\/tyrolit-lihvhari-52pdw-30-x-25-s6-x-68-e03-inox-teraselihvhari\/","og_site_name":"Spectrebaltics","og_image":[{"width":1280,"height":1280,"url":"https:\/\/spectrebaltics.com\/wp-content\/uploads\/2024\/06\/tyrolit_pinselbuersten_dxh-gexi_12x20-6x60_fuer_edelstahl_form_52pdw_-_pinselbuersten_aert._897357-1.jpg","type":"image\/jpeg"}],"twitter_card":"summary_large_image","schema":{"@context":"https:\/\/schema.org","@graph":[{"@type":"Organization","@id":"https:\/\/spectrebaltics.com\/ru\/#organization","name":"Spectrebaltics","url":"https:\/\/spectrebaltics.com\/ru\/","sameAs":[],"logo":{"@type":"ImageObject","@id":"https:\/\/spectrebaltics.com\/ru\/#logo","inLanguage":"ru-RU","url":"https:\/\/spectrebaltics.com\/wp-content\/uploads\/2024\/03\/Spectrebaltics-logo.svg","contentUrl":"https:\/\/spectrebaltics.com\/wp-content\/uploads\/2024\/03\/Spectrebaltics-logo.svg","caption":"Spectrebaltics"},"image":{"@id":"https:\/\/spectrebaltics.com\/ru\/#logo"}},{"@type":"WebSite","@id":"https:\/\/spectrebaltics.com\/ru\/#website","url":"https:\/\/spectrebaltics.com\/ru\/","name":"Spectrebaltics","description":"","publisher":{"@id":"https:\/\/spectrebaltics.com\/ru\/#organization"},"potentialAction":[{"@type":"SearchAction","target":{"@type":"EntryPoint","urlTemplate":"https:\/\/spectrebaltics.com\/ru\/?s={search_term_string}"},"query-input":"required name=search_term_string"}],"inLanguage":"ru-RU"},{"@type":"ImageObject","@id":"https:\/\/spectrebaltics.com\/en\/toode\/tyrolit-lihvhari-52pdw-30-x-25-s6-x-68-e03-inox-teraselihvhari\/#primaryimage","inLanguage":"ru-RU","url":"https:\/\/spectrebaltics.com\/wp-content\/uploads\/2024\/06\/tyrolit_pinselbuersten_dxh-gexi_12x20-6x60_fuer_edelstahl_form_52pdw_-_pinselbuersten_aert._897357-1.jpg","contentUrl":"https:\/\/spectrebaltics.com\/wp-content\/uploads\/2024\/06\/tyrolit_pinselbuersten_dxh-gexi_12x20-6x60_fuer_edelstahl_form_52pdw_-_pinselbuersten_aert._897357-1.jpg","width":1280,"height":1280},{"@type":"WebPage","@id":"https:\/\/spectrebaltics.com\/en\/toode\/tyrolit-lihvhari-52pdw-30-x-25-s6-x-68-e03-inox-teraselihvhari\/#webpage","url":"https:\/\/spectrebaltics.com\/en\/toode\/tyrolit-lihvhari-52pdw-30-x-25-s6-x-68-e03-inox-teraselihvhari\/","name":"Tyrolit Lihvhari 52PDW*** 30 x 25 - S6 x 68 E0,3 INOX TERASELIHVHARI","isPartOf":{"@id":"https:\/\/spectrebaltics.com\/ru\/#website"},"primaryImageOfPage":{"@id":"https:\/\/spectrebaltics.com\/en\/toode\/tyrolit-lihvhari-52pdw-30-x-25-s6-x-68-e03-inox-teraselihvhari\/#primaryimage"},"datePublished":"2024-06-07T11:56:12+00:00","dateModified":"2024-06-07T11:56:12+00:00","breadcrumb":{"@id":"https:\/\/spectrebaltics.com\/en\/toode\/tyrolit-lihvhari-52pdw-30-x-25-s6-x-68-e03-inox-teraselihvhari\/#breadcrumb"},"inLanguage":"ru-RU","potentialAction":[{"@type":"ReadAction","target":["https:\/\/spectrebaltics.com\/en\/toode\/tyrolit-lihvhari-52pdw-30-x-25-s6-x-68-e03-inox-teraselihvhari\/"]}]},{"@type":"BreadcrumbList","@id":"https:\/\/spectrebaltics.com\/en\/toode\/tyrolit-lihvhari-52pdw-30-x-25-s6-x-68-e03-inox-teraselihvhari\/#breadcrumb","itemListElement":[{"@type":"ListItem","position":1,"name":"Home","item":"https:\/\/spectrebaltics.com\/ru\/"},{"@type":"ListItem","position":2,"name":"\u041a\u0430\u0442\u0430\u043b\u043e\u0433","item":"https:\/\/spectrebaltics.com\/ru\/katalog\/"},{"@type":"ListItem","position":3,"name":"Tyrolit Lihvhari 52PDW*** 30 x 25 &#8211; S6 x 68 E0,3 INOX TERASELIHVHARI"}]}]}},"_links":{"self":[{"href":"https:\/\/spectrebaltics.com\/ru\/wp-json\/wp\/v2\/product\/9544"}],"collection":[{"href":"https:\/\/spectrebaltics.com\/ru\/wp-json\/wp\/v2\/product"}],"about":[{"href":"https:\/\/spectrebaltics.com\/ru\/wp-json\/wp\/v2\/types\/product"}],"wp:featuredmedia":[{"embeddable":true,"href":"https:\/\/spectrebaltics.com\/ru\/wp-json\/wp\/v2\/media\/9535"}],"wp:attachment":[{"href":"https:\/\/spectrebaltics.com\/ru\/wp-json\/wp\/v2\/media?parent=9544"}],"wp:term":[{"taxonomy":"product_cat","embeddable":true,"href":"https:\/\/spectrebaltics.com\/ru\/wp-json\/wp\/v2\/product_cat?post=9544"},{"taxonomy":"product_tag","embeddable":true,"href":"https:\/\/spectrebaltics.com\/ru\/wp-json\/wp\/v2\/product_tag?post=9544"}],"curies":[{"name":"wp","href":"https:\/\/api.w.org\/{rel}","templated":true}]}}