{"id":9545,"date":"2024-06-07T12:29:14","date_gmt":"2024-06-07T12:29:14","guid":{"rendered":"https:\/\/spectrebaltics.com\/?post_type=product&#038;p=9545"},"modified":"2024-06-07T12:29:14","modified_gmt":"2024-06-07T12:29:14","slug":"binzel-gaasikulu-mootja-l-min","status":"publish","type":"product","link":"https:\/\/spectrebaltics.com\/ru\/toode\/binzel-gaasikulu-mootja-l-min\/","title":{"rendered":"Binzel Gaasikulu m\u00f5\u00f5tja l\/min"},"content":{"rendered":"<p>Binzel 1910003 t\u00f6\u00f6tab igat t\u00fc\u00fcpi keevitusp\u00fcstolitega, olenemata protsessist<\/p>\n<p>\u00dclevaade:<br \/>\nKui traadi etteanderull on lahti \u00fchendatud ja keevitusp\u00fcstol on suunatud \u00fcles, hoidke gaasivoolu kontrollijat keevisp\u00fcstoli otsiku otsa vastu ja vajutage keevitusp\u00fcstoli p\u00e4\u00e4stikut. L\u00e4bi p\u00fcstoli voolav gaas surub roostevabast terasest kuuli m\u00f6\u00f6da akr\u00fc\u00fcltoru \u00fcles.<\/p>\n","protected":false},"excerpt":{"rendered":"<p>Binzel 1910003 t\u00f6\u00f6tab igat t\u00fc\u00fcpi keevitusp\u00fcstolitega, olenemata protsessist \u00dclevaade: Kui traadi etteanderull on lahti \u00fchendatud ja keevitusp\u00fcstol on suunatud \u00fcles, hoidke gaasivoolu kontrollijat keevisp\u00fcstoli otsiku otsa vastu ja vajutage keevitusp\u00fcstoli p\u00e4\u00e4stikut. L\u00e4bi p\u00fcstoli voolav gaas surub roostevabast terasest kuuli m\u00f6\u00f6da akr\u00fc\u00fcltoru \u00fcles.<\/p>\n","protected":false},"featured_media":9546,"template":"","meta":[],"product_cat":[98,102],"product_tag":[],"yoast_head":"<!-- This site is optimized with the Yoast SEO plugin v18.4.1 - https:\/\/yoast.com\/wordpress\/plugins\/seo\/ -->\n<title>Binzel Gaasikulu m\u00f5\u00f5tja l\/min<\/title>\n<meta name=\"robots\" content=\"index, follow, max-snippet:-1, max-image-preview:large, max-video-preview:-1\" \/>\n<link rel=\"canonical\" href=\"https:\/\/spectrebaltics.com\/toode\/binzel-gaasikulu-mootja-l-min\/\" \/>\n<meta property=\"og:locale\" content=\"ru_RU\" \/>\n<meta property=\"og:type\" content=\"article\" \/>\n<meta property=\"og:title\" content=\"Binzel Gaasikulu m\u00f5\u00f5tja l\/min\" \/>\n<meta property=\"og:description\" content=\"Binzel 1910003 t\u00f6\u00f6tab igat t\u00fc\u00fcpi keevitusp\u00fcstolitega, olenemata protsessist \u00dclevaade: Kui traadi etteanderull on lahti \u00fchendatud ja keevitusp\u00fcstol on suunatud \u00fcles, hoidke gaasivoolu kontrollijat keevisp\u00fcstoli otsiku otsa vastu ja vajutage keevitusp\u00fcstoli p\u00e4\u00e4stikut. L\u00e4bi p\u00fcstoli voolav gaas surub roostevabast terasest kuuli m\u00f6\u00f6da akr\u00fc\u00fcltoru \u00fcles.\" \/>\n<meta property=\"og:url\" content=\"https:\/\/spectrebaltics.com\/toode\/binzel-gaasikulu-mootja-l-min\/\" \/>\n<meta property=\"og:site_name\" content=\"Spectrebaltics\" \/>\n<meta property=\"og:image\" content=\"https:\/\/spectrebaltics.com\/wp-content\/uploads\/2024\/06\/316idy5k7cl._sr600315_piwhitestripbottomleft035_sclzzzzzzz_fmpng_bg255255255.png\" \/>\n\t<meta property=\"og:image:width\" content=\"600\" \/>\n\t<meta property=\"og:image:height\" content=\"350\" \/>\n\t<meta property=\"og:image:type\" content=\"image\/png\" \/>\n<meta name=\"twitter:card\" content=\"summary_large_image\" \/>\n<script type=\"application\/ld+json\" class=\"yoast-schema-graph\">{\"@context\":\"https:\/\/schema.org\",\"@graph\":[{\"@type\":\"Organization\",\"@id\":\"https:\/\/spectrebaltics.com\/ru\/#organization\",\"name\":\"Spectrebaltics\",\"url\":\"https:\/\/spectrebaltics.com\/ru\/\",\"sameAs\":[],\"logo\":{\"@type\":\"ImageObject\",\"@id\":\"https:\/\/spectrebaltics.com\/ru\/#logo\",\"inLanguage\":\"ru-RU\",\"url\":\"https:\/\/spectrebaltics.com\/wp-content\/uploads\/2024\/03\/Spectrebaltics-logo.svg\",\"contentUrl\":\"https:\/\/spectrebaltics.com\/wp-content\/uploads\/2024\/03\/Spectrebaltics-logo.svg\",\"caption\":\"Spectrebaltics\"},\"image\":{\"@id\":\"https:\/\/spectrebaltics.com\/ru\/#logo\"}},{\"@type\":\"WebSite\",\"@id\":\"https:\/\/spectrebaltics.com\/ru\/#website\",\"url\":\"https:\/\/spectrebaltics.com\/ru\/\",\"name\":\"Spectrebaltics\",\"description\":\"\",\"publisher\":{\"@id\":\"https:\/\/spectrebaltics.com\/ru\/#organization\"},\"potentialAction\":[{\"@type\":\"SearchAction\",\"target\":{\"@type\":\"EntryPoint\",\"urlTemplate\":\"https:\/\/spectrebaltics.com\/ru\/?s={search_term_string}\"},\"query-input\":\"required name=search_term_string\"}],\"inLanguage\":\"ru-RU\"},{\"@type\":\"ImageObject\",\"@id\":\"https:\/\/spectrebaltics.com\/toode\/binzel-gaasikulu-mootja-l-min\/#primaryimage\",\"inLanguage\":\"ru-RU\",\"url\":\"https:\/\/spectrebaltics.com\/wp-content\/uploads\/2024\/06\/316idy5k7cl._sr600315_piwhitestripbottomleft035_sclzzzzzzz_fmpng_bg255255255.png\",\"contentUrl\":\"https:\/\/spectrebaltics.com\/wp-content\/uploads\/2024\/06\/316idy5k7cl._sr600315_piwhitestripbottomleft035_sclzzzzzzz_fmpng_bg255255255.png\",\"width\":600,\"height\":350},{\"@type\":\"WebPage\",\"@id\":\"https:\/\/spectrebaltics.com\/toode\/binzel-gaasikulu-mootja-l-min\/#webpage\",\"url\":\"https:\/\/spectrebaltics.com\/toode\/binzel-gaasikulu-mootja-l-min\/\",\"name\":\"Binzel Gaasikulu m\u00f5\u00f5tja l\/min\",\"isPartOf\":{\"@id\":\"https:\/\/spectrebaltics.com\/ru\/#website\"},\"primaryImageOfPage\":{\"@id\":\"https:\/\/spectrebaltics.com\/toode\/binzel-gaasikulu-mootja-l-min\/#primaryimage\"},\"datePublished\":\"2024-06-07T12:29:14+00:00\",\"dateModified\":\"2024-06-07T12:29:14+00:00\",\"breadcrumb\":{\"@id\":\"https:\/\/spectrebaltics.com\/toode\/binzel-gaasikulu-mootja-l-min\/#breadcrumb\"},\"inLanguage\":\"ru-RU\",\"potentialAction\":[{\"@type\":\"ReadAction\",\"target\":[\"https:\/\/spectrebaltics.com\/toode\/binzel-gaasikulu-mootja-l-min\/\"]}]},{\"@type\":\"BreadcrumbList\",\"@id\":\"https:\/\/spectrebaltics.com\/toode\/binzel-gaasikulu-mootja-l-min\/#breadcrumb\",\"itemListElement\":[{\"@type\":\"ListItem\",\"position\":1,\"name\":\"Home\",\"item\":\"https:\/\/spectrebaltics.com\/ru\/\"},{\"@type\":\"ListItem\",\"position\":2,\"name\":\"\u041a\u0430\u0442\u0430\u043b\u043e\u0433\",\"item\":\"https:\/\/spectrebaltics.com\/ru\/katalog\/\"},{\"@type\":\"ListItem\",\"position\":3,\"name\":\"Binzel Gaasikulu m\u00f5\u00f5tja l\/min\"}]}]}<\/script>\n<!-- \/ Yoast SEO plugin. -->","yoast_head_json":{"title":"Binzel Gaasikulu m\u00f5\u00f5tja l\/min","robots":{"index":"index","follow":"follow","max-snippet":"max-snippet:-1","max-image-preview":"max-image-preview:large","max-video-preview":"max-video-preview:-1"},"canonical":"https:\/\/spectrebaltics.com\/toode\/binzel-gaasikulu-mootja-l-min\/","og_locale":"ru_RU","og_type":"article","og_title":"Binzel Gaasikulu m\u00f5\u00f5tja l\/min","og_description":"Binzel 1910003 t\u00f6\u00f6tab igat t\u00fc\u00fcpi keevitusp\u00fcstolitega, olenemata protsessist \u00dclevaade: Kui traadi etteanderull on lahti \u00fchendatud ja keevitusp\u00fcstol on suunatud \u00fcles, hoidke gaasivoolu kontrollijat keevisp\u00fcstoli otsiku otsa vastu ja vajutage keevitusp\u00fcstoli p\u00e4\u00e4stikut. L\u00e4bi p\u00fcstoli voolav gaas surub roostevabast terasest kuuli m\u00f6\u00f6da akr\u00fc\u00fcltoru \u00fcles.","og_url":"https:\/\/spectrebaltics.com\/toode\/binzel-gaasikulu-mootja-l-min\/","og_site_name":"Spectrebaltics","og_image":[{"width":600,"height":350,"url":"https:\/\/spectrebaltics.com\/wp-content\/uploads\/2024\/06\/316idy5k7cl._sr600315_piwhitestripbottomleft035_sclzzzzzzz_fmpng_bg255255255.png","type":"image\/png"}],"twitter_card":"summary_large_image","schema":{"@context":"https:\/\/schema.org","@graph":[{"@type":"Organization","@id":"https:\/\/spectrebaltics.com\/ru\/#organization","name":"Spectrebaltics","url":"https:\/\/spectrebaltics.com\/ru\/","sameAs":[],"logo":{"@type":"ImageObject","@id":"https:\/\/spectrebaltics.com\/ru\/#logo","inLanguage":"ru-RU","url":"https:\/\/spectrebaltics.com\/wp-content\/uploads\/2024\/03\/Spectrebaltics-logo.svg","contentUrl":"https:\/\/spectrebaltics.com\/wp-content\/uploads\/2024\/03\/Spectrebaltics-logo.svg","caption":"Spectrebaltics"},"image":{"@id":"https:\/\/spectrebaltics.com\/ru\/#logo"}},{"@type":"WebSite","@id":"https:\/\/spectrebaltics.com\/ru\/#website","url":"https:\/\/spectrebaltics.com\/ru\/","name":"Spectrebaltics","description":"","publisher":{"@id":"https:\/\/spectrebaltics.com\/ru\/#organization"},"potentialAction":[{"@type":"SearchAction","target":{"@type":"EntryPoint","urlTemplate":"https:\/\/spectrebaltics.com\/ru\/?s={search_term_string}"},"query-input":"required name=search_term_string"}],"inLanguage":"ru-RU"},{"@type":"ImageObject","@id":"https:\/\/spectrebaltics.com\/toode\/binzel-gaasikulu-mootja-l-min\/#primaryimage","inLanguage":"ru-RU","url":"https:\/\/spectrebaltics.com\/wp-content\/uploads\/2024\/06\/316idy5k7cl._sr600315_piwhitestripbottomleft035_sclzzzzzzz_fmpng_bg255255255.png","contentUrl":"https:\/\/spectrebaltics.com\/wp-content\/uploads\/2024\/06\/316idy5k7cl._sr600315_piwhitestripbottomleft035_sclzzzzzzz_fmpng_bg255255255.png","width":600,"height":350},{"@type":"WebPage","@id":"https:\/\/spectrebaltics.com\/toode\/binzel-gaasikulu-mootja-l-min\/#webpage","url":"https:\/\/spectrebaltics.com\/toode\/binzel-gaasikulu-mootja-l-min\/","name":"Binzel Gaasikulu m\u00f5\u00f5tja l\/min","isPartOf":{"@id":"https:\/\/spectrebaltics.com\/ru\/#website"},"primaryImageOfPage":{"@id":"https:\/\/spectrebaltics.com\/toode\/binzel-gaasikulu-mootja-l-min\/#primaryimage"},"datePublished":"2024-06-07T12:29:14+00:00","dateModified":"2024-06-07T12:29:14+00:00","breadcrumb":{"@id":"https:\/\/spectrebaltics.com\/toode\/binzel-gaasikulu-mootja-l-min\/#breadcrumb"},"inLanguage":"ru-RU","potentialAction":[{"@type":"ReadAction","target":["https:\/\/spectrebaltics.com\/toode\/binzel-gaasikulu-mootja-l-min\/"]}]},{"@type":"BreadcrumbList","@id":"https:\/\/spectrebaltics.com\/toode\/binzel-gaasikulu-mootja-l-min\/#breadcrumb","itemListElement":[{"@type":"ListItem","position":1,"name":"Home","item":"https:\/\/spectrebaltics.com\/ru\/"},{"@type":"ListItem","position":2,"name":"\u041a\u0430\u0442\u0430\u043b\u043e\u0433","item":"https:\/\/spectrebaltics.com\/ru\/katalog\/"},{"@type":"ListItem","position":3,"name":"Binzel Gaasikulu m\u00f5\u00f5tja l\/min"}]}]}},"_links":{"self":[{"href":"https:\/\/spectrebaltics.com\/ru\/wp-json\/wp\/v2\/product\/9545"}],"collection":[{"href":"https:\/\/spectrebaltics.com\/ru\/wp-json\/wp\/v2\/product"}],"about":[{"href":"https:\/\/spectrebaltics.com\/ru\/wp-json\/wp\/v2\/types\/product"}],"wp:featuredmedia":[{"embeddable":true,"href":"https:\/\/spectrebaltics.com\/ru\/wp-json\/wp\/v2\/media\/9546"}],"wp:attachment":[{"href":"https:\/\/spectrebaltics.com\/ru\/wp-json\/wp\/v2\/media?parent=9545"}],"wp:term":[{"taxonomy":"product_cat","embeddable":true,"href":"https:\/\/spectrebaltics.com\/ru\/wp-json\/wp\/v2\/product_cat?post=9545"},{"taxonomy":"product_tag","embeddable":true,"href":"https:\/\/spectrebaltics.com\/ru\/wp-json\/wp\/v2\/product_tag?post=9545"}],"curies":[{"name":"wp","href":"https:\/\/api.w.org\/{rel}","templated":true}]}}