{"id":9558,"date":"2024-06-11T08:18:13","date_gmt":"2024-06-11T08:18:13","guid":{"rendered":"https:\/\/spectrebaltics.com\/?post_type=product&#038;p=9558"},"modified":"2024-06-11T12:09:52","modified_gmt":"2024-06-11T12:09:52","slug":"cloos-qineo-start-402-master","status":"publish","type":"product","link":"https:\/\/spectrebaltics.com\/ru\/toode\/cloos-qineo-start-402-master\/","title":{"rendered":"Keevitusaparaat CLOOS QINEO StarT 402 Master"},"content":{"rendered":"<p>Keevitusseade <strong>QINEO StarT 402 Master<\/strong> on kolmefaasiline mudel, mis on m\u00f5eldud kasutamiseks re\u017eiimides <strong>MIG-MAG\/MMA<\/strong> ja <strong>TIG<\/strong>. See seade on terviklik lahendus igasuguste \u00fclesannete jaoks. <strong>QINEO StarT 402 Master<\/strong> on varustatud s\u00fcnergilise juhtimisega, mis v\u00f5imaldab keevitajal keskenduda keevitusprotsessile ja h\u00f5lpsasti vahetada re\u017eiime vastavalt t\u00f6\u00f6tingimustele, s\u00e4ilitades need parameetrid stabiilse kaare tagamiseks kogu keevitusperioodi v\u00e4ltel. Modulaarne s\u00fcsteem on universaalne lahendus igale kasutajale, v\u00f5imaldades valida komponente vastavalt individuaalsetele vajadustele. See mudel on suurep\u00e4rane hinna ja kvaliteedi suhe. Lihtne ja arusaadav juhtpaneeli liides tagab kasutusmugavuse.<\/p>\n<p>CLOOS ettev\u00f5te paneb oma toodetesse aastatepikkuse kogemuse ja k\u00f5ige uuenduslikumad tehnoloogiad, et pakkuda kvaliteetset ja usaldusv\u00e4\u00e4rset tehnikat. K\u00f5ik elemendid ja konstruktsioonid on valmistatud vastupidavatest materjalidest ja ei vea teid alt isegi k\u00f5ige karmimates ja ekstreemsemates tingimustes. Seadmed on projekteeritud ja toodetud Saksamaal.<\/p>\n<p><strong>QINEO StarT 402 Master poolautomaatkeevituse protsessid<\/strong><\/p>\n<p><strong>Control Weld<\/strong> &#8212; MIG\/MAG keevitusprotsess ilma impulssideta s\u00fcnergeetilise funktsiooniga.<\/p>\n<p><strong>Vari Weld<\/strong> &#8212; see on protsess I\/I-reguleeritava impulss-elektrikaariga.<\/p>\n<p><strong>Rapid Weld<\/strong> &#8212; protsess loob v\u00e4ga kontsentreeritud kaare ja tagab v\u00e4ga s\u00fcgava l\u00e4bivoolu.<\/p>\n<p><strong>Duo Pulse<\/strong> &#8212; v\u00f5imaldab genereerida teise keevitusre\u017eiimi parameetrite komplekti m\u00e4\u00e4ratud p\u00f5hiv\u00e4\u00e4rtuse alusel. See v\u00f5ib olla suurem v\u00f5i v\u00e4iksem m\u00e4\u00e4ratud v\u00e4\u00e4rtusest. Re\u017eiim v\u00e4hendab pritsmete teket, parandab \u00f5mbluse kvaliteeti ja v\u00e4hendab materjalikulu.<\/p>\n<p><strong>Root Weld<\/strong> &#8212; energias\u00e4\u00e4stlik kontrollitud l\u00fchikaar kaitsegaasikeskkonnas, mis on spetsiaalselt ette n\u00e4htud juurekeevituseks v\u00f5i \u00f5hukeste lehtede keevitamiseks.<\/p>\n<ul>\n<li>Keevitusvool &#8212; 15 A &#8212; 400 A<\/li>\n<li>Keevitusvool 100% t\u00f6\u00f6ts\u00fckliga &#8212; 400 A<\/li>\n<li>T\u00fchik\u00e4igupinge &#8212; 78,7 V<\/li>\n<li>\u00dchenduskaabel &#8212; 4 x 6 mm\u00b2<\/li>\n<li>Toite kaitse\/400V &#8212; 32 A<\/li>\n<li>Kaitseklass &#8212; IP 23<\/li>\n<li>Isolatsiooniklass &#8212; F<\/li>\n<li>Jahutuse t\u00fc\u00fcp &#8212; F<\/li>\n<li>M\u00f5\u00f5dud L\/W\/K (ilma traadita) &#8212; 805 x 348 x 498 mm<\/li>\n<li>Kaal (ilma traadiajamita) &#8212; 56 kg<\/li>\n<\/ul>\n","protected":false},"excerpt":{"rendered":"<p>Keevitusseade QINEO StarT 402 Master on kolmefaasiline mudel, mis on m\u00f5eldud kasutamiseks re\u017eiimides MIG-MAG\/MMA ja TIG. See seade on terviklik lahendus igasuguste \u00fclesannete jaoks. QINEO StarT 402 Master on varustatud s\u00fcnergilise juhtimisega, mis v\u00f5imaldab keevitajal keskenduda keevitusprotsessile ja h\u00f5lpsasti vahetada re\u017eiime vastavalt t\u00f6\u00f6tingimustele, s\u00e4ilitades need parameetrid stabiilse kaare tagamiseks kogu keevitusperioodi v\u00e4ltel. Modulaarne s\u00fcsteem on&#8230;<\/p>\n","protected":false},"featured_media":9819,"template":"","meta":[],"product_cat":[59,60],"product_tag":[],"yoast_head":"<!-- This site is optimized with the Yoast SEO plugin v18.4.1 - https:\/\/yoast.com\/wordpress\/plugins\/seo\/ -->\n<title>Keevitusaparaat CLOOS QINEO StarT 402 Master<\/title>\n<meta name=\"robots\" content=\"index, follow, max-snippet:-1, max-image-preview:large, max-video-preview:-1\" \/>\n<link rel=\"canonical\" href=\"https:\/\/spectrebaltics.com\/toode\/cloos-qineo-start-402-master\/\" \/>\n<meta property=\"og:locale\" content=\"ru_RU\" \/>\n<meta property=\"og:type\" content=\"article\" \/>\n<meta property=\"og:title\" content=\"Keevitusaparaat CLOOS QINEO StarT 402 Master\" \/>\n<meta property=\"og:description\" content=\"Keevitusseade QINEO StarT 402 Master on kolmefaasiline mudel, mis on m\u00f5eldud kasutamiseks re\u017eiimides MIG-MAG\/MMA ja TIG. See seade on terviklik lahendus igasuguste \u00fclesannete jaoks. QINEO StarT 402 Master on varustatud s\u00fcnergilise juhtimisega, mis v\u00f5imaldab keevitajal keskenduda keevitusprotsessile ja h\u00f5lpsasti vahetada re\u017eiime vastavalt t\u00f6\u00f6tingimustele, s\u00e4ilitades need parameetrid stabiilse kaare tagamiseks kogu keevitusperioodi v\u00e4ltel. Modulaarne s\u00fcsteem on...\" \/>\n<meta property=\"og:url\" content=\"https:\/\/spectrebaltics.com\/toode\/cloos-qineo-start-402-master\/\" \/>\n<meta property=\"og:site_name\" content=\"Spectrebaltics\" \/>\n<meta property=\"article:modified_time\" content=\"2024-06-11T12:09:52+00:00\" \/>\n<meta property=\"og:image\" content=\"https:\/\/spectrebaltics.com\/wp-content\/uploads\/2024\/06\/csm_qineo-start502-master_3bbd6052a2.png\" \/>\n\t<meta property=\"og:image:width\" content=\"400\" \/>\n\t<meta property=\"og:image:height\" content=\"449\" \/>\n\t<meta property=\"og:image:type\" content=\"image\/png\" \/>\n<meta name=\"twitter:card\" content=\"summary_large_image\" \/>\n<meta name=\"twitter:label1\" content=\"\u041f\u0440\u0438\u043c\u0435\u0440\u043d\u043e\u0435 \u0432\u0440\u0435\u043c\u044f \u0434\u043b\u044f \u0447\u0442\u0435\u043d\u0438\u044f\" \/>\n\t<meta name=\"twitter:data1\" content=\"1 \u043c\u0438\u043d\u0443\u0442\u0430\" \/>\n<script type=\"application\/ld+json\" class=\"yoast-schema-graph\">{\"@context\":\"https:\/\/schema.org\",\"@graph\":[{\"@type\":\"Organization\",\"@id\":\"https:\/\/spectrebaltics.com\/ru\/#organization\",\"name\":\"Spectrebaltics\",\"url\":\"https:\/\/spectrebaltics.com\/ru\/\",\"sameAs\":[],\"logo\":{\"@type\":\"ImageObject\",\"@id\":\"https:\/\/spectrebaltics.com\/ru\/#logo\",\"inLanguage\":\"ru-RU\",\"url\":\"https:\/\/spectrebaltics.com\/wp-content\/uploads\/2024\/03\/Spectrebaltics-logo.svg\",\"contentUrl\":\"https:\/\/spectrebaltics.com\/wp-content\/uploads\/2024\/03\/Spectrebaltics-logo.svg\",\"caption\":\"Spectrebaltics\"},\"image\":{\"@id\":\"https:\/\/spectrebaltics.com\/ru\/#logo\"}},{\"@type\":\"WebSite\",\"@id\":\"https:\/\/spectrebaltics.com\/ru\/#website\",\"url\":\"https:\/\/spectrebaltics.com\/ru\/\",\"name\":\"Spectrebaltics\",\"description\":\"\",\"publisher\":{\"@id\":\"https:\/\/spectrebaltics.com\/ru\/#organization\"},\"potentialAction\":[{\"@type\":\"SearchAction\",\"target\":{\"@type\":\"EntryPoint\",\"urlTemplate\":\"https:\/\/spectrebaltics.com\/ru\/?s={search_term_string}\"},\"query-input\":\"required name=search_term_string\"}],\"inLanguage\":\"ru-RU\"},{\"@type\":\"ImageObject\",\"@id\":\"https:\/\/spectrebaltics.com\/toode\/cloos-qineo-start-402-master\/#primaryimage\",\"inLanguage\":\"ru-RU\",\"url\":\"https:\/\/spectrebaltics.com\/wp-content\/uploads\/2024\/06\/csm_qineo-start502-master_3bbd6052a2.png\",\"contentUrl\":\"https:\/\/spectrebaltics.com\/wp-content\/uploads\/2024\/06\/csm_qineo-start502-master_3bbd6052a2.png\",\"width\":400,\"height\":449},{\"@type\":\"WebPage\",\"@id\":\"https:\/\/spectrebaltics.com\/toode\/cloos-qineo-start-402-master\/#webpage\",\"url\":\"https:\/\/spectrebaltics.com\/toode\/cloos-qineo-start-402-master\/\",\"name\":\"Keevitusaparaat CLOOS QINEO StarT 402 Master\",\"isPartOf\":{\"@id\":\"https:\/\/spectrebaltics.com\/ru\/#website\"},\"primaryImageOfPage\":{\"@id\":\"https:\/\/spectrebaltics.com\/toode\/cloos-qineo-start-402-master\/#primaryimage\"},\"datePublished\":\"2024-06-11T08:18:13+00:00\",\"dateModified\":\"2024-06-11T12:09:52+00:00\",\"breadcrumb\":{\"@id\":\"https:\/\/spectrebaltics.com\/toode\/cloos-qineo-start-402-master\/#breadcrumb\"},\"inLanguage\":\"ru-RU\",\"potentialAction\":[{\"@type\":\"ReadAction\",\"target\":[\"https:\/\/spectrebaltics.com\/toode\/cloos-qineo-start-402-master\/\"]}]},{\"@type\":\"BreadcrumbList\",\"@id\":\"https:\/\/spectrebaltics.com\/toode\/cloos-qineo-start-402-master\/#breadcrumb\",\"itemListElement\":[{\"@type\":\"ListItem\",\"position\":1,\"name\":\"Home\",\"item\":\"https:\/\/spectrebaltics.com\/ru\/\"},{\"@type\":\"ListItem\",\"position\":2,\"name\":\"\u041a\u0430\u0442\u0430\u043b\u043e\u0433\",\"item\":\"https:\/\/spectrebaltics.com\/ru\/katalog\/\"},{\"@type\":\"ListItem\",\"position\":3,\"name\":\"Keevitusaparaat CLOOS QINEO StarT 402 Master\"}]}]}<\/script>\n<!-- \/ Yoast SEO plugin. -->","yoast_head_json":{"title":"Keevitusaparaat CLOOS QINEO StarT 402 Master","robots":{"index":"index","follow":"follow","max-snippet":"max-snippet:-1","max-image-preview":"max-image-preview:large","max-video-preview":"max-video-preview:-1"},"canonical":"https:\/\/spectrebaltics.com\/toode\/cloos-qineo-start-402-master\/","og_locale":"ru_RU","og_type":"article","og_title":"Keevitusaparaat CLOOS QINEO StarT 402 Master","og_description":"Keevitusseade QINEO StarT 402 Master on kolmefaasiline mudel, mis on m\u00f5eldud kasutamiseks re\u017eiimides MIG-MAG\/MMA ja TIG. See seade on terviklik lahendus igasuguste \u00fclesannete jaoks. QINEO StarT 402 Master on varustatud s\u00fcnergilise juhtimisega, mis v\u00f5imaldab keevitajal keskenduda keevitusprotsessile ja h\u00f5lpsasti vahetada re\u017eiime vastavalt t\u00f6\u00f6tingimustele, s\u00e4ilitades need parameetrid stabiilse kaare tagamiseks kogu keevitusperioodi v\u00e4ltel. Modulaarne s\u00fcsteem on...","og_url":"https:\/\/spectrebaltics.com\/toode\/cloos-qineo-start-402-master\/","og_site_name":"Spectrebaltics","article_modified_time":"2024-06-11T12:09:52+00:00","og_image":[{"width":400,"height":449,"url":"https:\/\/spectrebaltics.com\/wp-content\/uploads\/2024\/06\/csm_qineo-start502-master_3bbd6052a2.png","type":"image\/png"}],"twitter_card":"summary_large_image","twitter_misc":{"\u041f\u0440\u0438\u043c\u0435\u0440\u043d\u043e\u0435 \u0432\u0440\u0435\u043c\u044f \u0434\u043b\u044f \u0447\u0442\u0435\u043d\u0438\u044f":"1 \u043c\u0438\u043d\u0443\u0442\u0430"},"schema":{"@context":"https:\/\/schema.org","@graph":[{"@type":"Organization","@id":"https:\/\/spectrebaltics.com\/ru\/#organization","name":"Spectrebaltics","url":"https:\/\/spectrebaltics.com\/ru\/","sameAs":[],"logo":{"@type":"ImageObject","@id":"https:\/\/spectrebaltics.com\/ru\/#logo","inLanguage":"ru-RU","url":"https:\/\/spectrebaltics.com\/wp-content\/uploads\/2024\/03\/Spectrebaltics-logo.svg","contentUrl":"https:\/\/spectrebaltics.com\/wp-content\/uploads\/2024\/03\/Spectrebaltics-logo.svg","caption":"Spectrebaltics"},"image":{"@id":"https:\/\/spectrebaltics.com\/ru\/#logo"}},{"@type":"WebSite","@id":"https:\/\/spectrebaltics.com\/ru\/#website","url":"https:\/\/spectrebaltics.com\/ru\/","name":"Spectrebaltics","description":"","publisher":{"@id":"https:\/\/spectrebaltics.com\/ru\/#organization"},"potentialAction":[{"@type":"SearchAction","target":{"@type":"EntryPoint","urlTemplate":"https:\/\/spectrebaltics.com\/ru\/?s={search_term_string}"},"query-input":"required name=search_term_string"}],"inLanguage":"ru-RU"},{"@type":"ImageObject","@id":"https:\/\/spectrebaltics.com\/toode\/cloos-qineo-start-402-master\/#primaryimage","inLanguage":"ru-RU","url":"https:\/\/spectrebaltics.com\/wp-content\/uploads\/2024\/06\/csm_qineo-start502-master_3bbd6052a2.png","contentUrl":"https:\/\/spectrebaltics.com\/wp-content\/uploads\/2024\/06\/csm_qineo-start502-master_3bbd6052a2.png","width":400,"height":449},{"@type":"WebPage","@id":"https:\/\/spectrebaltics.com\/toode\/cloos-qineo-start-402-master\/#webpage","url":"https:\/\/spectrebaltics.com\/toode\/cloos-qineo-start-402-master\/","name":"Keevitusaparaat CLOOS QINEO StarT 402 Master","isPartOf":{"@id":"https:\/\/spectrebaltics.com\/ru\/#website"},"primaryImageOfPage":{"@id":"https:\/\/spectrebaltics.com\/toode\/cloos-qineo-start-402-master\/#primaryimage"},"datePublished":"2024-06-11T08:18:13+00:00","dateModified":"2024-06-11T12:09:52+00:00","breadcrumb":{"@id":"https:\/\/spectrebaltics.com\/toode\/cloos-qineo-start-402-master\/#breadcrumb"},"inLanguage":"ru-RU","potentialAction":[{"@type":"ReadAction","target":["https:\/\/spectrebaltics.com\/toode\/cloos-qineo-start-402-master\/"]}]},{"@type":"BreadcrumbList","@id":"https:\/\/spectrebaltics.com\/toode\/cloos-qineo-start-402-master\/#breadcrumb","itemListElement":[{"@type":"ListItem","position":1,"name":"Home","item":"https:\/\/spectrebaltics.com\/ru\/"},{"@type":"ListItem","position":2,"name":"\u041a\u0430\u0442\u0430\u043b\u043e\u0433","item":"https:\/\/spectrebaltics.com\/ru\/katalog\/"},{"@type":"ListItem","position":3,"name":"Keevitusaparaat CLOOS QINEO StarT 402 Master"}]}]}},"_links":{"self":[{"href":"https:\/\/spectrebaltics.com\/ru\/wp-json\/wp\/v2\/product\/9558"}],"collection":[{"href":"https:\/\/spectrebaltics.com\/ru\/wp-json\/wp\/v2\/product"}],"about":[{"href":"https:\/\/spectrebaltics.com\/ru\/wp-json\/wp\/v2\/types\/product"}],"wp:featuredmedia":[{"embeddable":true,"href":"https:\/\/spectrebaltics.com\/ru\/wp-json\/wp\/v2\/media\/9819"}],"wp:attachment":[{"href":"https:\/\/spectrebaltics.com\/ru\/wp-json\/wp\/v2\/media?parent=9558"}],"wp:term":[{"taxonomy":"product_cat","embeddable":true,"href":"https:\/\/spectrebaltics.com\/ru\/wp-json\/wp\/v2\/product_cat?post=9558"},{"taxonomy":"product_tag","embeddable":true,"href":"https:\/\/spectrebaltics.com\/ru\/wp-json\/wp\/v2\/product_tag?post=9558"}],"curies":[{"name":"wp","href":"https:\/\/api.w.org\/{rel}","templated":true}]}}