{"id":9631,"date":"2024-06-10T09:48:28","date_gmt":"2024-06-10T09:48:28","guid":{"rendered":"https:\/\/spectrebaltics.com\/?post_type=product&#038;p=9631"},"modified":"2024-06-10T09:48:29","modified_gmt":"2024-06-10T09:48:29","slug":"harris-gaasiduus-15-25mm-6290-1nx","status":"publish","type":"product","link":"https:\/\/spectrebaltics.com\/ru\/toode\/harris-gaasiduus-15-25mm-6290-1nx\/","title":{"rendered":"Harris Gaasid\u00fc\u00fcs 15-25mm 6290-1NX"},"content":{"rendered":"<p>Harris Cutting Tips Professional arendab v\u00e4ga kiireid k\u00e4ivitusi ja ka t\u00e4pset kontrolli kasutatava gaasi koguse \u00fcle.<br \/>\nEnne tehasest lahkumist testitakse iga otsa leeki.<br \/>\nHarrise stiilis 6290NX-l on kerge eelsoojendus, mis pikendab aega, mille jooksul terase l\u00f5ikamiseks kulub LP-leeg. 6290NX on traditsiooniline kaheosaline l\u00f5ikeotsak, mis on m\u00f5eldud kasutamiseks vedelgaasiga ja sellel on lame iste, nagu on n\u00e4idatud fotol.<\/p>\n","protected":false},"excerpt":{"rendered":"<p>Harris Cutting Tips Professional arendab v\u00e4ga kiireid k\u00e4ivitusi ja ka t\u00e4pset kontrolli kasutatava gaasi koguse \u00fcle. Enne tehasest lahkumist testitakse iga otsa leeki. Harrise stiilis 6290NX-l on kerge eelsoojendus, mis pikendab aega, mille jooksul terase l\u00f5ikamiseks kulub LP-leeg. 6290NX on traditsiooniline kaheosaline l\u00f5ikeotsak, mis on m\u00f5eldud kasutamiseks vedelgaasiga ja sellel on lame iste, nagu on&#8230;<\/p>\n","protected":false},"featured_media":9632,"template":"","meta":[],"product_cat":[98,99],"product_tag":[],"yoast_head":"<!-- This site is optimized with the Yoast SEO plugin v18.4.1 - https:\/\/yoast.com\/wordpress\/plugins\/seo\/ -->\n<title>Harris Gaasid\u00fc\u00fcs 15-25mm 6290-1NX<\/title>\n<meta name=\"robots\" content=\"index, follow, max-snippet:-1, max-image-preview:large, max-video-preview:-1\" \/>\n<link rel=\"canonical\" href=\"https:\/\/spectrebaltics.com\/toode\/harris-gaasiduus-15-25mm-6290-1nx\/\" \/>\n<meta property=\"og:locale\" content=\"ru_RU\" \/>\n<meta property=\"og:type\" content=\"article\" \/>\n<meta property=\"og:title\" content=\"Harris Gaasid\u00fc\u00fcs 15-25mm 6290-1NX\" \/>\n<meta property=\"og:description\" content=\"Harris Cutting Tips Professional arendab v\u00e4ga kiireid k\u00e4ivitusi ja ka t\u00e4pset kontrolli kasutatava gaasi koguse \u00fcle. Enne tehasest lahkumist testitakse iga otsa leeki. Harrise stiilis 6290NX-l on kerge eelsoojendus, mis pikendab aega, mille jooksul terase l\u00f5ikamiseks kulub LP-leeg. 6290NX on traditsiooniline kaheosaline l\u00f5ikeotsak, mis on m\u00f5eldud kasutamiseks vedelgaasiga ja sellel on lame iste, nagu on...\" \/>\n<meta property=\"og:url\" content=\"https:\/\/spectrebaltics.com\/toode\/harris-gaasiduus-15-25mm-6290-1nx\/\" \/>\n<meta property=\"og:site_name\" content=\"Spectrebaltics\" \/>\n<meta property=\"article:modified_time\" content=\"2024-06-10T09:48:29+00:00\" \/>\n<meta property=\"og:image\" content=\"https:\/\/spectrebaltics.com\/wp-content\/uploads\/2024\/06\/smedingvlam_2_1083.jpg\" \/>\n\t<meta property=\"og:image:width\" content=\"700\" \/>\n\t<meta property=\"og:image:height\" content=\"700\" \/>\n\t<meta property=\"og:image:type\" content=\"image\/jpeg\" \/>\n<meta name=\"twitter:card\" content=\"summary_large_image\" \/>\n<script type=\"application\/ld+json\" class=\"yoast-schema-graph\">{\"@context\":\"https:\/\/schema.org\",\"@graph\":[{\"@type\":\"Organization\",\"@id\":\"https:\/\/spectrebaltics.com\/ru\/#organization\",\"name\":\"Spectrebaltics\",\"url\":\"https:\/\/spectrebaltics.com\/ru\/\",\"sameAs\":[],\"logo\":{\"@type\":\"ImageObject\",\"@id\":\"https:\/\/spectrebaltics.com\/ru\/#logo\",\"inLanguage\":\"ru-RU\",\"url\":\"https:\/\/spectrebaltics.com\/wp-content\/uploads\/2024\/03\/Spectrebaltics-logo.svg\",\"contentUrl\":\"https:\/\/spectrebaltics.com\/wp-content\/uploads\/2024\/03\/Spectrebaltics-logo.svg\",\"caption\":\"Spectrebaltics\"},\"image\":{\"@id\":\"https:\/\/spectrebaltics.com\/ru\/#logo\"}},{\"@type\":\"WebSite\",\"@id\":\"https:\/\/spectrebaltics.com\/ru\/#website\",\"url\":\"https:\/\/spectrebaltics.com\/ru\/\",\"name\":\"Spectrebaltics\",\"description\":\"\",\"publisher\":{\"@id\":\"https:\/\/spectrebaltics.com\/ru\/#organization\"},\"potentialAction\":[{\"@type\":\"SearchAction\",\"target\":{\"@type\":\"EntryPoint\",\"urlTemplate\":\"https:\/\/spectrebaltics.com\/ru\/?s={search_term_string}\"},\"query-input\":\"required name=search_term_string\"}],\"inLanguage\":\"ru-RU\"},{\"@type\":\"ImageObject\",\"@id\":\"https:\/\/spectrebaltics.com\/toode\/harris-gaasiduus-15-25mm-6290-1nx\/#primaryimage\",\"inLanguage\":\"ru-RU\",\"url\":\"https:\/\/spectrebaltics.com\/wp-content\/uploads\/2024\/06\/smedingvlam_2_1083.jpg\",\"contentUrl\":\"https:\/\/spectrebaltics.com\/wp-content\/uploads\/2024\/06\/smedingvlam_2_1083.jpg\",\"width\":700,\"height\":700},{\"@type\":\"WebPage\",\"@id\":\"https:\/\/spectrebaltics.com\/toode\/harris-gaasiduus-15-25mm-6290-1nx\/#webpage\",\"url\":\"https:\/\/spectrebaltics.com\/toode\/harris-gaasiduus-15-25mm-6290-1nx\/\",\"name\":\"Harris Gaasid\u00fc\u00fcs 15-25mm 6290-1NX\",\"isPartOf\":{\"@id\":\"https:\/\/spectrebaltics.com\/ru\/#website\"},\"primaryImageOfPage\":{\"@id\":\"https:\/\/spectrebaltics.com\/toode\/harris-gaasiduus-15-25mm-6290-1nx\/#primaryimage\"},\"datePublished\":\"2024-06-10T09:48:28+00:00\",\"dateModified\":\"2024-06-10T09:48:29+00:00\",\"breadcrumb\":{\"@id\":\"https:\/\/spectrebaltics.com\/toode\/harris-gaasiduus-15-25mm-6290-1nx\/#breadcrumb\"},\"inLanguage\":\"ru-RU\",\"potentialAction\":[{\"@type\":\"ReadAction\",\"target\":[\"https:\/\/spectrebaltics.com\/toode\/harris-gaasiduus-15-25mm-6290-1nx\/\"]}]},{\"@type\":\"BreadcrumbList\",\"@id\":\"https:\/\/spectrebaltics.com\/toode\/harris-gaasiduus-15-25mm-6290-1nx\/#breadcrumb\",\"itemListElement\":[{\"@type\":\"ListItem\",\"position\":1,\"name\":\"Home\",\"item\":\"https:\/\/spectrebaltics.com\/ru\/\"},{\"@type\":\"ListItem\",\"position\":2,\"name\":\"\u041a\u0430\u0442\u0430\u043b\u043e\u0433\",\"item\":\"https:\/\/spectrebaltics.com\/ru\/katalog\/\"},{\"@type\":\"ListItem\",\"position\":3,\"name\":\"Harris Gaasid\u00fc\u00fcs 15-25mm 6290-1NX\"}]}]}<\/script>\n<!-- \/ Yoast SEO plugin. -->","yoast_head_json":{"title":"Harris Gaasid\u00fc\u00fcs 15-25mm 6290-1NX","robots":{"index":"index","follow":"follow","max-snippet":"max-snippet:-1","max-image-preview":"max-image-preview:large","max-video-preview":"max-video-preview:-1"},"canonical":"https:\/\/spectrebaltics.com\/toode\/harris-gaasiduus-15-25mm-6290-1nx\/","og_locale":"ru_RU","og_type":"article","og_title":"Harris Gaasid\u00fc\u00fcs 15-25mm 6290-1NX","og_description":"Harris Cutting Tips Professional arendab v\u00e4ga kiireid k\u00e4ivitusi ja ka t\u00e4pset kontrolli kasutatava gaasi koguse \u00fcle. Enne tehasest lahkumist testitakse iga otsa leeki. Harrise stiilis 6290NX-l on kerge eelsoojendus, mis pikendab aega, mille jooksul terase l\u00f5ikamiseks kulub LP-leeg. 6290NX on traditsiooniline kaheosaline l\u00f5ikeotsak, mis on m\u00f5eldud kasutamiseks vedelgaasiga ja sellel on lame iste, nagu on...","og_url":"https:\/\/spectrebaltics.com\/toode\/harris-gaasiduus-15-25mm-6290-1nx\/","og_site_name":"Spectrebaltics","article_modified_time":"2024-06-10T09:48:29+00:00","og_image":[{"width":700,"height":700,"url":"https:\/\/spectrebaltics.com\/wp-content\/uploads\/2024\/06\/smedingvlam_2_1083.jpg","type":"image\/jpeg"}],"twitter_card":"summary_large_image","schema":{"@context":"https:\/\/schema.org","@graph":[{"@type":"Organization","@id":"https:\/\/spectrebaltics.com\/ru\/#organization","name":"Spectrebaltics","url":"https:\/\/spectrebaltics.com\/ru\/","sameAs":[],"logo":{"@type":"ImageObject","@id":"https:\/\/spectrebaltics.com\/ru\/#logo","inLanguage":"ru-RU","url":"https:\/\/spectrebaltics.com\/wp-content\/uploads\/2024\/03\/Spectrebaltics-logo.svg","contentUrl":"https:\/\/spectrebaltics.com\/wp-content\/uploads\/2024\/03\/Spectrebaltics-logo.svg","caption":"Spectrebaltics"},"image":{"@id":"https:\/\/spectrebaltics.com\/ru\/#logo"}},{"@type":"WebSite","@id":"https:\/\/spectrebaltics.com\/ru\/#website","url":"https:\/\/spectrebaltics.com\/ru\/","name":"Spectrebaltics","description":"","publisher":{"@id":"https:\/\/spectrebaltics.com\/ru\/#organization"},"potentialAction":[{"@type":"SearchAction","target":{"@type":"EntryPoint","urlTemplate":"https:\/\/spectrebaltics.com\/ru\/?s={search_term_string}"},"query-input":"required name=search_term_string"}],"inLanguage":"ru-RU"},{"@type":"ImageObject","@id":"https:\/\/spectrebaltics.com\/toode\/harris-gaasiduus-15-25mm-6290-1nx\/#primaryimage","inLanguage":"ru-RU","url":"https:\/\/spectrebaltics.com\/wp-content\/uploads\/2024\/06\/smedingvlam_2_1083.jpg","contentUrl":"https:\/\/spectrebaltics.com\/wp-content\/uploads\/2024\/06\/smedingvlam_2_1083.jpg","width":700,"height":700},{"@type":"WebPage","@id":"https:\/\/spectrebaltics.com\/toode\/harris-gaasiduus-15-25mm-6290-1nx\/#webpage","url":"https:\/\/spectrebaltics.com\/toode\/harris-gaasiduus-15-25mm-6290-1nx\/","name":"Harris Gaasid\u00fc\u00fcs 15-25mm 6290-1NX","isPartOf":{"@id":"https:\/\/spectrebaltics.com\/ru\/#website"},"primaryImageOfPage":{"@id":"https:\/\/spectrebaltics.com\/toode\/harris-gaasiduus-15-25mm-6290-1nx\/#primaryimage"},"datePublished":"2024-06-10T09:48:28+00:00","dateModified":"2024-06-10T09:48:29+00:00","breadcrumb":{"@id":"https:\/\/spectrebaltics.com\/toode\/harris-gaasiduus-15-25mm-6290-1nx\/#breadcrumb"},"inLanguage":"ru-RU","potentialAction":[{"@type":"ReadAction","target":["https:\/\/spectrebaltics.com\/toode\/harris-gaasiduus-15-25mm-6290-1nx\/"]}]},{"@type":"BreadcrumbList","@id":"https:\/\/spectrebaltics.com\/toode\/harris-gaasiduus-15-25mm-6290-1nx\/#breadcrumb","itemListElement":[{"@type":"ListItem","position":1,"name":"Home","item":"https:\/\/spectrebaltics.com\/ru\/"},{"@type":"ListItem","position":2,"name":"\u041a\u0430\u0442\u0430\u043b\u043e\u0433","item":"https:\/\/spectrebaltics.com\/ru\/katalog\/"},{"@type":"ListItem","position":3,"name":"Harris Gaasid\u00fc\u00fcs 15-25mm 6290-1NX"}]}]}},"_links":{"self":[{"href":"https:\/\/spectrebaltics.com\/ru\/wp-json\/wp\/v2\/product\/9631"}],"collection":[{"href":"https:\/\/spectrebaltics.com\/ru\/wp-json\/wp\/v2\/product"}],"about":[{"href":"https:\/\/spectrebaltics.com\/ru\/wp-json\/wp\/v2\/types\/product"}],"wp:featuredmedia":[{"embeddable":true,"href":"https:\/\/spectrebaltics.com\/ru\/wp-json\/wp\/v2\/media\/9632"}],"wp:attachment":[{"href":"https:\/\/spectrebaltics.com\/ru\/wp-json\/wp\/v2\/media?parent=9631"}],"wp:term":[{"taxonomy":"product_cat","embeddable":true,"href":"https:\/\/spectrebaltics.com\/ru\/wp-json\/wp\/v2\/product_cat?post=9631"},{"taxonomy":"product_tag","embeddable":true,"href":"https:\/\/spectrebaltics.com\/ru\/wp-json\/wp\/v2\/product_tag?post=9631"}],"curies":[{"name":"wp","href":"https:\/\/api.w.org\/{rel}","templated":true}]}}