{"id":9750,"date":"2024-06-10T13:02:00","date_gmt":"2024-06-10T13:02:00","guid":{"rendered":"https:\/\/spectrebaltics.com\/?post_type=product&#038;p=9750"},"modified":"2024-06-10T13:02:00","modified_gmt":"2024-06-10T13:02:00","slug":"bmi-radius-moodulint-20m","status":"publish","type":"product","link":"https:\/\/spectrebaltics.com\/ru\/toode\/bmi-radius-moodulint-20m\/","title":{"rendered":"BMI RADIUS m\u00f5\u00f5dulint 20m"},"content":{"rendered":"<p><span>Saksa firma BMI hakkas spetsialiseeritud laserseadmeid tootma alates 1986. aastast, kui nad disainisid laser vesiloodi. Sellele j\u00e4rgnes nii parema- kui vasakuk\u00e4elistele m\u00f5eldud ergonoomiliste m\u00f5\u00f5teriistade tootmine, veekindlate seadmete tootmine jne. BMI tooted t\u00e4idavad k\u00f5ige rangemaid n\u00f5udeid ja on m\u00f5eldud professionaalsetele oskust\u00f6\u00f6listele ja ehitajatele.<\/span><\/p>\n","protected":false},"excerpt":{"rendered":"<p>Saksa firma BMI hakkas spetsialiseeritud laserseadmeid tootma alates 1986. aastast, kui nad disainisid laser vesiloodi. Sellele j\u00e4rgnes nii parema- kui vasakuk\u00e4elistele m\u00f5eldud ergonoomiliste m\u00f5\u00f5teriistade tootmine, veekindlate seadmete tootmine jne. BMI tooted t\u00e4idavad k\u00f5ige rangemaid n\u00f5udeid ja on m\u00f5eldud professionaalsetele oskust\u00f6\u00f6listele ja ehitajatele.<\/p>\n","protected":false},"featured_media":9747,"template":"","meta":[],"product_cat":[113,114],"product_tag":[],"yoast_head":"<!-- This site is optimized with the Yoast SEO plugin v18.4.1 - https:\/\/yoast.com\/wordpress\/plugins\/seo\/ -->\n<title>BMI RADIUS m\u00f5\u00f5dulint 20m<\/title>\n<meta name=\"robots\" content=\"index, follow, max-snippet:-1, max-image-preview:large, max-video-preview:-1\" \/>\n<link rel=\"canonical\" href=\"https:\/\/spectrebaltics.com\/toode\/bmi-radius-moodulint-20m\/\" \/>\n<meta property=\"og:locale\" content=\"ru_RU\" \/>\n<meta property=\"og:type\" content=\"article\" \/>\n<meta property=\"og:title\" content=\"BMI RADIUS m\u00f5\u00f5dulint 20m\" \/>\n<meta property=\"og:description\" content=\"Saksa firma BMI hakkas spetsialiseeritud laserseadmeid tootma alates 1986. aastast, kui nad disainisid laser vesiloodi. Sellele j\u00e4rgnes nii parema- kui vasakuk\u00e4elistele m\u00f5eldud ergonoomiliste m\u00f5\u00f5teriistade tootmine, veekindlate seadmete tootmine jne. BMI tooted t\u00e4idavad k\u00f5ige rangemaid n\u00f5udeid ja on m\u00f5eldud professionaalsetele oskust\u00f6\u00f6listele ja ehitajatele.\" \/>\n<meta property=\"og:url\" content=\"https:\/\/spectrebaltics.com\/toode\/bmi-radius-moodulint-20m\/\" \/>\n<meta property=\"og:site_name\" content=\"Spectrebaltics\" \/>\n<meta property=\"og:image\" content=\"https:\/\/spectrebaltics.com\/wp-content\/uploads\/2024\/06\/bmi_b501314030af_moodulindid_126234_p1.jpg\" \/>\n\t<meta property=\"og:image:width\" content=\"470\" \/>\n\t<meta property=\"og:image:height\" content=\"470\" \/>\n\t<meta property=\"og:image:type\" content=\"image\/jpeg\" \/>\n<meta name=\"twitter:card\" content=\"summary_large_image\" \/>\n<script type=\"application\/ld+json\" class=\"yoast-schema-graph\">{\"@context\":\"https:\/\/schema.org\",\"@graph\":[{\"@type\":\"Organization\",\"@id\":\"https:\/\/spectrebaltics.com\/ru\/#organization\",\"name\":\"Spectrebaltics\",\"url\":\"https:\/\/spectrebaltics.com\/ru\/\",\"sameAs\":[],\"logo\":{\"@type\":\"ImageObject\",\"@id\":\"https:\/\/spectrebaltics.com\/ru\/#logo\",\"inLanguage\":\"ru-RU\",\"url\":\"https:\/\/spectrebaltics.com\/wp-content\/uploads\/2024\/03\/Spectrebaltics-logo.svg\",\"contentUrl\":\"https:\/\/spectrebaltics.com\/wp-content\/uploads\/2024\/03\/Spectrebaltics-logo.svg\",\"caption\":\"Spectrebaltics\"},\"image\":{\"@id\":\"https:\/\/spectrebaltics.com\/ru\/#logo\"}},{\"@type\":\"WebSite\",\"@id\":\"https:\/\/spectrebaltics.com\/ru\/#website\",\"url\":\"https:\/\/spectrebaltics.com\/ru\/\",\"name\":\"Spectrebaltics\",\"description\":\"\",\"publisher\":{\"@id\":\"https:\/\/spectrebaltics.com\/ru\/#organization\"},\"potentialAction\":[{\"@type\":\"SearchAction\",\"target\":{\"@type\":\"EntryPoint\",\"urlTemplate\":\"https:\/\/spectrebaltics.com\/ru\/?s={search_term_string}\"},\"query-input\":\"required name=search_term_string\"}],\"inLanguage\":\"ru-RU\"},{\"@type\":\"ImageObject\",\"@id\":\"https:\/\/spectrebaltics.com\/toode\/bmi-radius-moodulint-20m\/#primaryimage\",\"inLanguage\":\"ru-RU\",\"url\":\"https:\/\/spectrebaltics.com\/wp-content\/uploads\/2024\/06\/bmi_b501314030af_moodulindid_126234_p1.jpg\",\"contentUrl\":\"https:\/\/spectrebaltics.com\/wp-content\/uploads\/2024\/06\/bmi_b501314030af_moodulindid_126234_p1.jpg\",\"width\":470,\"height\":470},{\"@type\":\"WebPage\",\"@id\":\"https:\/\/spectrebaltics.com\/toode\/bmi-radius-moodulint-20m\/#webpage\",\"url\":\"https:\/\/spectrebaltics.com\/toode\/bmi-radius-moodulint-20m\/\",\"name\":\"BMI RADIUS m\u00f5\u00f5dulint 20m\",\"isPartOf\":{\"@id\":\"https:\/\/spectrebaltics.com\/ru\/#website\"},\"primaryImageOfPage\":{\"@id\":\"https:\/\/spectrebaltics.com\/toode\/bmi-radius-moodulint-20m\/#primaryimage\"},\"datePublished\":\"2024-06-10T13:02:00+00:00\",\"dateModified\":\"2024-06-10T13:02:00+00:00\",\"breadcrumb\":{\"@id\":\"https:\/\/spectrebaltics.com\/toode\/bmi-radius-moodulint-20m\/#breadcrumb\"},\"inLanguage\":\"ru-RU\",\"potentialAction\":[{\"@type\":\"ReadAction\",\"target\":[\"https:\/\/spectrebaltics.com\/toode\/bmi-radius-moodulint-20m\/\"]}]},{\"@type\":\"BreadcrumbList\",\"@id\":\"https:\/\/spectrebaltics.com\/toode\/bmi-radius-moodulint-20m\/#breadcrumb\",\"itemListElement\":[{\"@type\":\"ListItem\",\"position\":1,\"name\":\"Home\",\"item\":\"https:\/\/spectrebaltics.com\/ru\/\"},{\"@type\":\"ListItem\",\"position\":2,\"name\":\"\u041a\u0430\u0442\u0430\u043b\u043e\u0433\",\"item\":\"https:\/\/spectrebaltics.com\/ru\/katalog\/\"},{\"@type\":\"ListItem\",\"position\":3,\"name\":\"BMI RADIUS m\u00f5\u00f5dulint 20m\"}]}]}<\/script>\n<!-- \/ Yoast SEO plugin. -->","yoast_head_json":{"title":"BMI RADIUS m\u00f5\u00f5dulint 20m","robots":{"index":"index","follow":"follow","max-snippet":"max-snippet:-1","max-image-preview":"max-image-preview:large","max-video-preview":"max-video-preview:-1"},"canonical":"https:\/\/spectrebaltics.com\/toode\/bmi-radius-moodulint-20m\/","og_locale":"ru_RU","og_type":"article","og_title":"BMI RADIUS m\u00f5\u00f5dulint 20m","og_description":"Saksa firma BMI hakkas spetsialiseeritud laserseadmeid tootma alates 1986. aastast, kui nad disainisid laser vesiloodi. Sellele j\u00e4rgnes nii parema- kui vasakuk\u00e4elistele m\u00f5eldud ergonoomiliste m\u00f5\u00f5teriistade tootmine, veekindlate seadmete tootmine jne. BMI tooted t\u00e4idavad k\u00f5ige rangemaid n\u00f5udeid ja on m\u00f5eldud professionaalsetele oskust\u00f6\u00f6listele ja ehitajatele.","og_url":"https:\/\/spectrebaltics.com\/toode\/bmi-radius-moodulint-20m\/","og_site_name":"Spectrebaltics","og_image":[{"width":470,"height":470,"url":"https:\/\/spectrebaltics.com\/wp-content\/uploads\/2024\/06\/bmi_b501314030af_moodulindid_126234_p1.jpg","type":"image\/jpeg"}],"twitter_card":"summary_large_image","schema":{"@context":"https:\/\/schema.org","@graph":[{"@type":"Organization","@id":"https:\/\/spectrebaltics.com\/ru\/#organization","name":"Spectrebaltics","url":"https:\/\/spectrebaltics.com\/ru\/","sameAs":[],"logo":{"@type":"ImageObject","@id":"https:\/\/spectrebaltics.com\/ru\/#logo","inLanguage":"ru-RU","url":"https:\/\/spectrebaltics.com\/wp-content\/uploads\/2024\/03\/Spectrebaltics-logo.svg","contentUrl":"https:\/\/spectrebaltics.com\/wp-content\/uploads\/2024\/03\/Spectrebaltics-logo.svg","caption":"Spectrebaltics"},"image":{"@id":"https:\/\/spectrebaltics.com\/ru\/#logo"}},{"@type":"WebSite","@id":"https:\/\/spectrebaltics.com\/ru\/#website","url":"https:\/\/spectrebaltics.com\/ru\/","name":"Spectrebaltics","description":"","publisher":{"@id":"https:\/\/spectrebaltics.com\/ru\/#organization"},"potentialAction":[{"@type":"SearchAction","target":{"@type":"EntryPoint","urlTemplate":"https:\/\/spectrebaltics.com\/ru\/?s={search_term_string}"},"query-input":"required name=search_term_string"}],"inLanguage":"ru-RU"},{"@type":"ImageObject","@id":"https:\/\/spectrebaltics.com\/toode\/bmi-radius-moodulint-20m\/#primaryimage","inLanguage":"ru-RU","url":"https:\/\/spectrebaltics.com\/wp-content\/uploads\/2024\/06\/bmi_b501314030af_moodulindid_126234_p1.jpg","contentUrl":"https:\/\/spectrebaltics.com\/wp-content\/uploads\/2024\/06\/bmi_b501314030af_moodulindid_126234_p1.jpg","width":470,"height":470},{"@type":"WebPage","@id":"https:\/\/spectrebaltics.com\/toode\/bmi-radius-moodulint-20m\/#webpage","url":"https:\/\/spectrebaltics.com\/toode\/bmi-radius-moodulint-20m\/","name":"BMI RADIUS m\u00f5\u00f5dulint 20m","isPartOf":{"@id":"https:\/\/spectrebaltics.com\/ru\/#website"},"primaryImageOfPage":{"@id":"https:\/\/spectrebaltics.com\/toode\/bmi-radius-moodulint-20m\/#primaryimage"},"datePublished":"2024-06-10T13:02:00+00:00","dateModified":"2024-06-10T13:02:00+00:00","breadcrumb":{"@id":"https:\/\/spectrebaltics.com\/toode\/bmi-radius-moodulint-20m\/#breadcrumb"},"inLanguage":"ru-RU","potentialAction":[{"@type":"ReadAction","target":["https:\/\/spectrebaltics.com\/toode\/bmi-radius-moodulint-20m\/"]}]},{"@type":"BreadcrumbList","@id":"https:\/\/spectrebaltics.com\/toode\/bmi-radius-moodulint-20m\/#breadcrumb","itemListElement":[{"@type":"ListItem","position":1,"name":"Home","item":"https:\/\/spectrebaltics.com\/ru\/"},{"@type":"ListItem","position":2,"name":"\u041a\u0430\u0442\u0430\u043b\u043e\u0433","item":"https:\/\/spectrebaltics.com\/ru\/katalog\/"},{"@type":"ListItem","position":3,"name":"BMI RADIUS m\u00f5\u00f5dulint 20m"}]}]}},"_links":{"self":[{"href":"https:\/\/spectrebaltics.com\/ru\/wp-json\/wp\/v2\/product\/9750"}],"collection":[{"href":"https:\/\/spectrebaltics.com\/ru\/wp-json\/wp\/v2\/product"}],"about":[{"href":"https:\/\/spectrebaltics.com\/ru\/wp-json\/wp\/v2\/types\/product"}],"wp:featuredmedia":[{"embeddable":true,"href":"https:\/\/spectrebaltics.com\/ru\/wp-json\/wp\/v2\/media\/9747"}],"wp:attachment":[{"href":"https:\/\/spectrebaltics.com\/ru\/wp-json\/wp\/v2\/media?parent=9750"}],"wp:term":[{"taxonomy":"product_cat","embeddable":true,"href":"https:\/\/spectrebaltics.com\/ru\/wp-json\/wp\/v2\/product_cat?post=9750"},{"taxonomy":"product_tag","embeddable":true,"href":"https:\/\/spectrebaltics.com\/ru\/wp-json\/wp\/v2\/product_tag?post=9750"}],"curies":[{"name":"wp","href":"https:\/\/api.w.org\/{rel}","templated":true}]}}