{"id":9805,"date":"2024-06-11T07:41:02","date_gmt":"2024-06-11T07:41:02","guid":{"rendered":"https:\/\/spectrebaltics.com\/?post_type=product&#038;p=9805"},"modified":"2024-06-11T07:41:02","modified_gmt":"2024-06-11T07:41:02","slug":"boonustase-rubi-30m","status":"publish","type":"product","link":"https:\/\/spectrebaltics.com\/ru\/toode\/boonustase-rubi-30m\/","title":{"rendered":"Boonustase Rubi 30m"},"content":{"rendered":"<p>Tasapinnad on valmistatud usaldusv\u00e4\u00e4rsest vastupidavast alumiiniumist.<br \/>\nTopeltt\u00f6\u00f6tlus, et tagada pealispinna ja aluse pidev t\u00e4psus.<br \/>\nT\u00e4psus: 0,5 mm\/m (1\/16&#8243; \/ jalga).<br \/>\nKolm mulli horisontaalse, vertikaalse ja 45\u00ba taseme kontrollimiseks.<br \/>\nKahekordne ja ergonoomiline kahest materjalist k\u00e4epide.<br \/>\nOtstes kummist kaitse.<br \/>\nVertikaalne viaal topeltvaaturiga esiosa lugemiseks. K\u00f5rvaldage parallaksi viga.<br \/>\nSuurendatud horisontaalne viaal mulli selgeima \u00fclevaate saamiseks.<\/p>\n","protected":false},"excerpt":{"rendered":"<p>Tasapinnad on valmistatud usaldusv\u00e4\u00e4rsest vastupidavast alumiiniumist. Topeltt\u00f6\u00f6tlus, et tagada pealispinna ja aluse pidev t\u00e4psus. T\u00e4psus: 0,5 mm\/m (1\/16&#8243; \/ jalga). Kolm mulli horisontaalse, vertikaalse ja 45\u00ba taseme kontrollimiseks. Kahekordne ja ergonoomiline kahest materjalist k\u00e4epide. Otstes kummist kaitse. Vertikaalne viaal topeltvaaturiga esiosa lugemiseks. K\u00f5rvaldage parallaksi viga. Suurendatud horisontaalne viaal mulli selgeima \u00fclevaate saamiseks.<\/p>\n","protected":false},"featured_media":9806,"template":"","meta":[],"product_cat":[113,116],"product_tag":[],"yoast_head":"<!-- This site is optimized with the Yoast SEO plugin v18.4.1 - https:\/\/yoast.com\/wordpress\/plugins\/seo\/ -->\n<title>Boonustase Rubi 30m<\/title>\n<meta name=\"robots\" content=\"index, follow, max-snippet:-1, max-image-preview:large, max-video-preview:-1\" \/>\n<link rel=\"canonical\" href=\"https:\/\/spectrebaltics.com\/toode\/boonustase-rubi-30m\/\" \/>\n<meta property=\"og:locale\" content=\"ru_RU\" \/>\n<meta property=\"og:type\" content=\"article\" \/>\n<meta property=\"og:title\" content=\"Boonustase Rubi 30m\" \/>\n<meta property=\"og:description\" content=\"Tasapinnad on valmistatud usaldusv\u00e4\u00e4rsest vastupidavast alumiiniumist. Topeltt\u00f6\u00f6tlus, et tagada pealispinna ja aluse pidev t\u00e4psus. T\u00e4psus: 0,5 mm\/m (1\/16&#8243; \/ jalga). Kolm mulli horisontaalse, vertikaalse ja 45\u00ba taseme kontrollimiseks. Kahekordne ja ergonoomiline kahest materjalist k\u00e4epide. Otstes kummist kaitse. Vertikaalne viaal topeltvaaturiga esiosa lugemiseks. K\u00f5rvaldage parallaksi viga. Suurendatud horisontaalne viaal mulli selgeima \u00fclevaate saamiseks.\" \/>\n<meta property=\"og:url\" content=\"https:\/\/spectrebaltics.com\/toode\/boonustase-rubi-30m\/\" \/>\n<meta property=\"og:site_name\" content=\"Spectrebaltics\" \/>\n<meta property=\"og:image\" content=\"https:\/\/spectrebaltics.com\/wp-content\/uploads\/2024\/06\/76933-32-80-cm-antishock-rubilevel-construction-level-1-m-rubi_1.jpg\" \/>\n\t<meta property=\"og:image:width\" content=\"1000\" \/>\n\t<meta property=\"og:image:height\" content=\"1000\" \/>\n\t<meta property=\"og:image:type\" content=\"image\/jpeg\" \/>\n<meta name=\"twitter:card\" content=\"summary_large_image\" \/>\n<script type=\"application\/ld+json\" class=\"yoast-schema-graph\">{\"@context\":\"https:\/\/schema.org\",\"@graph\":[{\"@type\":\"Organization\",\"@id\":\"https:\/\/spectrebaltics.com\/ru\/#organization\",\"name\":\"Spectrebaltics\",\"url\":\"https:\/\/spectrebaltics.com\/ru\/\",\"sameAs\":[],\"logo\":{\"@type\":\"ImageObject\",\"@id\":\"https:\/\/spectrebaltics.com\/ru\/#logo\",\"inLanguage\":\"ru-RU\",\"url\":\"https:\/\/spectrebaltics.com\/wp-content\/uploads\/2024\/03\/Spectrebaltics-logo.svg\",\"contentUrl\":\"https:\/\/spectrebaltics.com\/wp-content\/uploads\/2024\/03\/Spectrebaltics-logo.svg\",\"caption\":\"Spectrebaltics\"},\"image\":{\"@id\":\"https:\/\/spectrebaltics.com\/ru\/#logo\"}},{\"@type\":\"WebSite\",\"@id\":\"https:\/\/spectrebaltics.com\/ru\/#website\",\"url\":\"https:\/\/spectrebaltics.com\/ru\/\",\"name\":\"Spectrebaltics\",\"description\":\"\",\"publisher\":{\"@id\":\"https:\/\/spectrebaltics.com\/ru\/#organization\"},\"potentialAction\":[{\"@type\":\"SearchAction\",\"target\":{\"@type\":\"EntryPoint\",\"urlTemplate\":\"https:\/\/spectrebaltics.com\/ru\/?s={search_term_string}\"},\"query-input\":\"required name=search_term_string\"}],\"inLanguage\":\"ru-RU\"},{\"@type\":\"ImageObject\",\"@id\":\"https:\/\/spectrebaltics.com\/toode\/boonustase-rubi-30m\/#primaryimage\",\"inLanguage\":\"ru-RU\",\"url\":\"https:\/\/spectrebaltics.com\/wp-content\/uploads\/2024\/06\/76933-32-80-cm-antishock-rubilevel-construction-level-1-m-rubi_1.jpg\",\"contentUrl\":\"https:\/\/spectrebaltics.com\/wp-content\/uploads\/2024\/06\/76933-32-80-cm-antishock-rubilevel-construction-level-1-m-rubi_1.jpg\",\"width\":1000,\"height\":1000},{\"@type\":\"WebPage\",\"@id\":\"https:\/\/spectrebaltics.com\/toode\/boonustase-rubi-30m\/#webpage\",\"url\":\"https:\/\/spectrebaltics.com\/toode\/boonustase-rubi-30m\/\",\"name\":\"Boonustase Rubi 30m\",\"isPartOf\":{\"@id\":\"https:\/\/spectrebaltics.com\/ru\/#website\"},\"primaryImageOfPage\":{\"@id\":\"https:\/\/spectrebaltics.com\/toode\/boonustase-rubi-30m\/#primaryimage\"},\"datePublished\":\"2024-06-11T07:41:02+00:00\",\"dateModified\":\"2024-06-11T07:41:02+00:00\",\"breadcrumb\":{\"@id\":\"https:\/\/spectrebaltics.com\/toode\/boonustase-rubi-30m\/#breadcrumb\"},\"inLanguage\":\"ru-RU\",\"potentialAction\":[{\"@type\":\"ReadAction\",\"target\":[\"https:\/\/spectrebaltics.com\/toode\/boonustase-rubi-30m\/\"]}]},{\"@type\":\"BreadcrumbList\",\"@id\":\"https:\/\/spectrebaltics.com\/toode\/boonustase-rubi-30m\/#breadcrumb\",\"itemListElement\":[{\"@type\":\"ListItem\",\"position\":1,\"name\":\"Home\",\"item\":\"https:\/\/spectrebaltics.com\/ru\/\"},{\"@type\":\"ListItem\",\"position\":2,\"name\":\"\u041a\u0430\u0442\u0430\u043b\u043e\u0433\",\"item\":\"https:\/\/spectrebaltics.com\/ru\/katalog\/\"},{\"@type\":\"ListItem\",\"position\":3,\"name\":\"Boonustase Rubi 30m\"}]}]}<\/script>\n<!-- \/ Yoast SEO plugin. -->","yoast_head_json":{"title":"Boonustase Rubi 30m","robots":{"index":"index","follow":"follow","max-snippet":"max-snippet:-1","max-image-preview":"max-image-preview:large","max-video-preview":"max-video-preview:-1"},"canonical":"https:\/\/spectrebaltics.com\/toode\/boonustase-rubi-30m\/","og_locale":"ru_RU","og_type":"article","og_title":"Boonustase Rubi 30m","og_description":"Tasapinnad on valmistatud usaldusv\u00e4\u00e4rsest vastupidavast alumiiniumist. Topeltt\u00f6\u00f6tlus, et tagada pealispinna ja aluse pidev t\u00e4psus. T\u00e4psus: 0,5 mm\/m (1\/16&#8243; \/ jalga). Kolm mulli horisontaalse, vertikaalse ja 45\u00ba taseme kontrollimiseks. Kahekordne ja ergonoomiline kahest materjalist k\u00e4epide. Otstes kummist kaitse. Vertikaalne viaal topeltvaaturiga esiosa lugemiseks. K\u00f5rvaldage parallaksi viga. Suurendatud horisontaalne viaal mulli selgeima \u00fclevaate saamiseks.","og_url":"https:\/\/spectrebaltics.com\/toode\/boonustase-rubi-30m\/","og_site_name":"Spectrebaltics","og_image":[{"width":1000,"height":1000,"url":"https:\/\/spectrebaltics.com\/wp-content\/uploads\/2024\/06\/76933-32-80-cm-antishock-rubilevel-construction-level-1-m-rubi_1.jpg","type":"image\/jpeg"}],"twitter_card":"summary_large_image","schema":{"@context":"https:\/\/schema.org","@graph":[{"@type":"Organization","@id":"https:\/\/spectrebaltics.com\/ru\/#organization","name":"Spectrebaltics","url":"https:\/\/spectrebaltics.com\/ru\/","sameAs":[],"logo":{"@type":"ImageObject","@id":"https:\/\/spectrebaltics.com\/ru\/#logo","inLanguage":"ru-RU","url":"https:\/\/spectrebaltics.com\/wp-content\/uploads\/2024\/03\/Spectrebaltics-logo.svg","contentUrl":"https:\/\/spectrebaltics.com\/wp-content\/uploads\/2024\/03\/Spectrebaltics-logo.svg","caption":"Spectrebaltics"},"image":{"@id":"https:\/\/spectrebaltics.com\/ru\/#logo"}},{"@type":"WebSite","@id":"https:\/\/spectrebaltics.com\/ru\/#website","url":"https:\/\/spectrebaltics.com\/ru\/","name":"Spectrebaltics","description":"","publisher":{"@id":"https:\/\/spectrebaltics.com\/ru\/#organization"},"potentialAction":[{"@type":"SearchAction","target":{"@type":"EntryPoint","urlTemplate":"https:\/\/spectrebaltics.com\/ru\/?s={search_term_string}"},"query-input":"required name=search_term_string"}],"inLanguage":"ru-RU"},{"@type":"ImageObject","@id":"https:\/\/spectrebaltics.com\/toode\/boonustase-rubi-30m\/#primaryimage","inLanguage":"ru-RU","url":"https:\/\/spectrebaltics.com\/wp-content\/uploads\/2024\/06\/76933-32-80-cm-antishock-rubilevel-construction-level-1-m-rubi_1.jpg","contentUrl":"https:\/\/spectrebaltics.com\/wp-content\/uploads\/2024\/06\/76933-32-80-cm-antishock-rubilevel-construction-level-1-m-rubi_1.jpg","width":1000,"height":1000},{"@type":"WebPage","@id":"https:\/\/spectrebaltics.com\/toode\/boonustase-rubi-30m\/#webpage","url":"https:\/\/spectrebaltics.com\/toode\/boonustase-rubi-30m\/","name":"Boonustase Rubi 30m","isPartOf":{"@id":"https:\/\/spectrebaltics.com\/ru\/#website"},"primaryImageOfPage":{"@id":"https:\/\/spectrebaltics.com\/toode\/boonustase-rubi-30m\/#primaryimage"},"datePublished":"2024-06-11T07:41:02+00:00","dateModified":"2024-06-11T07:41:02+00:00","breadcrumb":{"@id":"https:\/\/spectrebaltics.com\/toode\/boonustase-rubi-30m\/#breadcrumb"},"inLanguage":"ru-RU","potentialAction":[{"@type":"ReadAction","target":["https:\/\/spectrebaltics.com\/toode\/boonustase-rubi-30m\/"]}]},{"@type":"BreadcrumbList","@id":"https:\/\/spectrebaltics.com\/toode\/boonustase-rubi-30m\/#breadcrumb","itemListElement":[{"@type":"ListItem","position":1,"name":"Home","item":"https:\/\/spectrebaltics.com\/ru\/"},{"@type":"ListItem","position":2,"name":"\u041a\u0430\u0442\u0430\u043b\u043e\u0433","item":"https:\/\/spectrebaltics.com\/ru\/katalog\/"},{"@type":"ListItem","position":3,"name":"Boonustase Rubi 30m"}]}]}},"_links":{"self":[{"href":"https:\/\/spectrebaltics.com\/ru\/wp-json\/wp\/v2\/product\/9805"}],"collection":[{"href":"https:\/\/spectrebaltics.com\/ru\/wp-json\/wp\/v2\/product"}],"about":[{"href":"https:\/\/spectrebaltics.com\/ru\/wp-json\/wp\/v2\/types\/product"}],"wp:featuredmedia":[{"embeddable":true,"href":"https:\/\/spectrebaltics.com\/ru\/wp-json\/wp\/v2\/media\/9806"}],"wp:attachment":[{"href":"https:\/\/spectrebaltics.com\/ru\/wp-json\/wp\/v2\/media?parent=9805"}],"wp:term":[{"taxonomy":"product_cat","embeddable":true,"href":"https:\/\/spectrebaltics.com\/ru\/wp-json\/wp\/v2\/product_cat?post=9805"},{"taxonomy":"product_tag","embeddable":true,"href":"https:\/\/spectrebaltics.com\/ru\/wp-json\/wp\/v2\/product_tag?post=9805"}],"curies":[{"name":"wp","href":"https:\/\/api.w.org\/{rel}","templated":true}]}}