{"id":9911,"date":"2024-06-12T12:17:37","date_gmt":"2024-06-12T12:17:37","guid":{"rendered":"https:\/\/spectrebaltics.com\/?post_type=product&#038;p=9911"},"modified":"2024-06-12T12:23:00","modified_gmt":"2024-06-12T12:23:00","slug":"keevitusseadmed-cloos-qineo-micro-pulse-300-c","status":"publish","type":"product","link":"https:\/\/spectrebaltics.com\/ru\/toode\/keevitusseadmed-cloos-qineo-micro-pulse-300-c\/","title":{"rendered":"Keevitusseadmed CLOOS QINEO Micro Pulse 300 C"},"content":{"rendered":"<p>QINEO Micro Pulse 300 C \u2013 kompaktne ja v\u00f5imas<br \/>\nKaasaskantavaid astmeteta reguleeritavaid MIG\/MAG keevitusseadmeid QINEO Micro on lihtne k\u00e4sitseda, kasutada on paindlik ja need on v\u00f5imsad. S\u00fcnergiap\u00f5hised keevitusmasinad on m\u00f5eldud t\u00e4ppist\u00f6\u00f6ks ja kvaliteetsete tulemustega. Sulle avaldab muljet QINEO Micro optimaalne v\u00f5imsuse ja kaalu suhe. K\u00e4ep\u00e4raseid keevitusj\u00f5uallikaid saab keevitaja kiiresti ja lihtsalt paigaldada igale keevitus- v\u00f5i ehitusplatsile, s\u00f5idukite remondiks v\u00f5i t\u00f6\u00f6stuslikuks kasutamiseks.<\/p>\n<p>Mitmek\u00fclgsed rakendused: Lahendus k\u00f5igile keevitust\u00f6\u00f6dele<br \/>\nSynergy re\u017eiim: Keevitusparameetrite kiire seadistamine<br \/>\nLihtne kasutada: S\u00fcnkroonis iseloomulikud k\u00f5verad on kaasas<br \/>\nOptimaalne v\u00f5imsuse ja kaalu suhe: Kerge, lihtne kasutada ja v\u00e4ga v\u00f5imas<br \/>\nRobustne konstruktsioon: K\u00f5rge seadmete stabiilsus<br \/>\nKonstruktsiooni vorm: Kaasaskantav, sisemine traadiajamine<br \/>\nKeevitusvool: 5 A &#8212; 300 A<br \/>\nKeevitusvool 100% t\u00f6\u00f6ts\u00fcklil: 200 A<br \/>\nT\u00fchik\u00e4igupinge: 60 V<br \/>\nToitepinge: 400V \/ 50Hz \/ 3 faasi<br \/>\n\u00dchenduskaabel: 4 x 2,5 mm\u00b2<br \/>\nToite kaitse\/400V: 16 A<br \/>\nKaitseklass: IP 23 S<br \/>\nIsolatsiooniklass: H<br \/>\nJahutuse t\u00fc\u00fcp: F<br \/>\nM\u00f5\u00f5dud (P\/L\/K) kompaktne seade: 560 x 280 x 390 mm<br \/>\nKaal kompaktne seade: 22 kg<\/p>\n","protected":false},"excerpt":{"rendered":"<p>QINEO Micro Pulse 300 C \u2013 kompaktne ja v\u00f5imas Kaasaskantavaid astmeteta reguleeritavaid MIG\/MAG keevitusseadmeid QINEO Micro on lihtne k\u00e4sitseda, kasutada on paindlik ja need on v\u00f5imsad. S\u00fcnergiap\u00f5hised keevitusmasinad on m\u00f5eldud t\u00e4ppist\u00f6\u00f6ks ja kvaliteetsete tulemustega. Sulle avaldab muljet QINEO Micro optimaalne v\u00f5imsuse ja kaalu suhe. K\u00e4ep\u00e4raseid keevitusj\u00f5uallikaid saab keevitaja kiiresti ja lihtsalt paigaldada igale keevitus- v\u00f5i&#8230;<\/p>\n","protected":false},"featured_media":9912,"template":"","meta":[],"product_cat":[59,60],"product_tag":[],"yoast_head":"<!-- This site is optimized with the Yoast SEO plugin v18.4.1 - https:\/\/yoast.com\/wordpress\/plugins\/seo\/ -->\n<title>Keevitusseadmed CLOOS QINEO Micro Pulse 300 C<\/title>\n<meta name=\"robots\" content=\"index, follow, max-snippet:-1, max-image-preview:large, max-video-preview:-1\" \/>\n<link rel=\"canonical\" href=\"https:\/\/spectrebaltics.com\/toode\/keevitusseadmed-cloos-qineo-micro-pulse-300-c\/\" \/>\n<meta property=\"og:locale\" content=\"ru_RU\" \/>\n<meta property=\"og:type\" content=\"article\" \/>\n<meta property=\"og:title\" content=\"Keevitusseadmed CLOOS QINEO Micro Pulse 300 C\" \/>\n<meta property=\"og:description\" content=\"QINEO Micro Pulse 300 C \u2013 kompaktne ja v\u00f5imas Kaasaskantavaid astmeteta reguleeritavaid MIG\/MAG keevitusseadmeid QINEO Micro on lihtne k\u00e4sitseda, kasutada on paindlik ja need on v\u00f5imsad. S\u00fcnergiap\u00f5hised keevitusmasinad on m\u00f5eldud t\u00e4ppist\u00f6\u00f6ks ja kvaliteetsete tulemustega. Sulle avaldab muljet QINEO Micro optimaalne v\u00f5imsuse ja kaalu suhe. K\u00e4ep\u00e4raseid keevitusj\u00f5uallikaid saab keevitaja kiiresti ja lihtsalt paigaldada igale keevitus- v\u00f5i...\" \/>\n<meta property=\"og:url\" content=\"https:\/\/spectrebaltics.com\/toode\/keevitusseadmed-cloos-qineo-micro-pulse-300-c\/\" \/>\n<meta property=\"og:site_name\" content=\"Spectrebaltics\" \/>\n<meta property=\"article:modified_time\" content=\"2024-06-12T12:23:00+00:00\" \/>\n<meta property=\"og:image\" content=\"https:\/\/spectrebaltics.com\/wp-content\/uploads\/2024\/06\/csm_qineo_micropulse300_e7ac7298e2.png\" \/>\n\t<meta property=\"og:image:width\" content=\"400\" \/>\n\t<meta property=\"og:image:height\" content=\"450\" \/>\n\t<meta property=\"og:image:type\" content=\"image\/png\" \/>\n<meta name=\"twitter:card\" content=\"summary_large_image\" \/>\n<meta name=\"twitter:label1\" content=\"\u041f\u0440\u0438\u043c\u0435\u0440\u043d\u043e\u0435 \u0432\u0440\u0435\u043c\u044f \u0434\u043b\u044f \u0447\u0442\u0435\u043d\u0438\u044f\" \/>\n\t<meta name=\"twitter:data1\" content=\"1 \u043c\u0438\u043d\u0443\u0442\u0430\" \/>\n<script type=\"application\/ld+json\" class=\"yoast-schema-graph\">{\"@context\":\"https:\/\/schema.org\",\"@graph\":[{\"@type\":\"Organization\",\"@id\":\"https:\/\/spectrebaltics.com\/ru\/#organization\",\"name\":\"Spectrebaltics\",\"url\":\"https:\/\/spectrebaltics.com\/ru\/\",\"sameAs\":[],\"logo\":{\"@type\":\"ImageObject\",\"@id\":\"https:\/\/spectrebaltics.com\/ru\/#logo\",\"inLanguage\":\"ru-RU\",\"url\":\"https:\/\/spectrebaltics.com\/wp-content\/uploads\/2024\/03\/Spectrebaltics-logo.svg\",\"contentUrl\":\"https:\/\/spectrebaltics.com\/wp-content\/uploads\/2024\/03\/Spectrebaltics-logo.svg\",\"caption\":\"Spectrebaltics\"},\"image\":{\"@id\":\"https:\/\/spectrebaltics.com\/ru\/#logo\"}},{\"@type\":\"WebSite\",\"@id\":\"https:\/\/spectrebaltics.com\/ru\/#website\",\"url\":\"https:\/\/spectrebaltics.com\/ru\/\",\"name\":\"Spectrebaltics\",\"description\":\"\",\"publisher\":{\"@id\":\"https:\/\/spectrebaltics.com\/ru\/#organization\"},\"potentialAction\":[{\"@type\":\"SearchAction\",\"target\":{\"@type\":\"EntryPoint\",\"urlTemplate\":\"https:\/\/spectrebaltics.com\/ru\/?s={search_term_string}\"},\"query-input\":\"required name=search_term_string\"}],\"inLanguage\":\"ru-RU\"},{\"@type\":\"ImageObject\",\"@id\":\"https:\/\/spectrebaltics.com\/toode\/keevitusseadmed-cloos-qineo-micro-pulse-300-c\/#primaryimage\",\"inLanguage\":\"ru-RU\",\"url\":\"https:\/\/spectrebaltics.com\/wp-content\/uploads\/2024\/06\/csm_qineo_micropulse300_e7ac7298e2.png\",\"contentUrl\":\"https:\/\/spectrebaltics.com\/wp-content\/uploads\/2024\/06\/csm_qineo_micropulse300_e7ac7298e2.png\",\"width\":400,\"height\":450},{\"@type\":\"WebPage\",\"@id\":\"https:\/\/spectrebaltics.com\/toode\/keevitusseadmed-cloos-qineo-micro-pulse-300-c\/#webpage\",\"url\":\"https:\/\/spectrebaltics.com\/toode\/keevitusseadmed-cloos-qineo-micro-pulse-300-c\/\",\"name\":\"Keevitusseadmed CLOOS QINEO Micro Pulse 300 C\",\"isPartOf\":{\"@id\":\"https:\/\/spectrebaltics.com\/ru\/#website\"},\"primaryImageOfPage\":{\"@id\":\"https:\/\/spectrebaltics.com\/toode\/keevitusseadmed-cloos-qineo-micro-pulse-300-c\/#primaryimage\"},\"datePublished\":\"2024-06-12T12:17:37+00:00\",\"dateModified\":\"2024-06-12T12:23:00+00:00\",\"breadcrumb\":{\"@id\":\"https:\/\/spectrebaltics.com\/toode\/keevitusseadmed-cloos-qineo-micro-pulse-300-c\/#breadcrumb\"},\"inLanguage\":\"ru-RU\",\"potentialAction\":[{\"@type\":\"ReadAction\",\"target\":[\"https:\/\/spectrebaltics.com\/toode\/keevitusseadmed-cloos-qineo-micro-pulse-300-c\/\"]}]},{\"@type\":\"BreadcrumbList\",\"@id\":\"https:\/\/spectrebaltics.com\/toode\/keevitusseadmed-cloos-qineo-micro-pulse-300-c\/#breadcrumb\",\"itemListElement\":[{\"@type\":\"ListItem\",\"position\":1,\"name\":\"Home\",\"item\":\"https:\/\/spectrebaltics.com\/ru\/\"},{\"@type\":\"ListItem\",\"position\":2,\"name\":\"\u041a\u0430\u0442\u0430\u043b\u043e\u0433\",\"item\":\"https:\/\/spectrebaltics.com\/ru\/katalog\/\"},{\"@type\":\"ListItem\",\"position\":3,\"name\":\"Keevitusseadmed CLOOS QINEO Micro Pulse 300 C\"}]}]}<\/script>\n<!-- \/ Yoast SEO plugin. -->","yoast_head_json":{"title":"Keevitusseadmed CLOOS QINEO Micro Pulse 300 C","robots":{"index":"index","follow":"follow","max-snippet":"max-snippet:-1","max-image-preview":"max-image-preview:large","max-video-preview":"max-video-preview:-1"},"canonical":"https:\/\/spectrebaltics.com\/toode\/keevitusseadmed-cloos-qineo-micro-pulse-300-c\/","og_locale":"ru_RU","og_type":"article","og_title":"Keevitusseadmed CLOOS QINEO Micro Pulse 300 C","og_description":"QINEO Micro Pulse 300 C \u2013 kompaktne ja v\u00f5imas Kaasaskantavaid astmeteta reguleeritavaid MIG\/MAG keevitusseadmeid QINEO Micro on lihtne k\u00e4sitseda, kasutada on paindlik ja need on v\u00f5imsad. S\u00fcnergiap\u00f5hised keevitusmasinad on m\u00f5eldud t\u00e4ppist\u00f6\u00f6ks ja kvaliteetsete tulemustega. Sulle avaldab muljet QINEO Micro optimaalne v\u00f5imsuse ja kaalu suhe. K\u00e4ep\u00e4raseid keevitusj\u00f5uallikaid saab keevitaja kiiresti ja lihtsalt paigaldada igale keevitus- v\u00f5i...","og_url":"https:\/\/spectrebaltics.com\/toode\/keevitusseadmed-cloos-qineo-micro-pulse-300-c\/","og_site_name":"Spectrebaltics","article_modified_time":"2024-06-12T12:23:00+00:00","og_image":[{"width":400,"height":450,"url":"https:\/\/spectrebaltics.com\/wp-content\/uploads\/2024\/06\/csm_qineo_micropulse300_e7ac7298e2.png","type":"image\/png"}],"twitter_card":"summary_large_image","twitter_misc":{"\u041f\u0440\u0438\u043c\u0435\u0440\u043d\u043e\u0435 \u0432\u0440\u0435\u043c\u044f \u0434\u043b\u044f \u0447\u0442\u0435\u043d\u0438\u044f":"1 \u043c\u0438\u043d\u0443\u0442\u0430"},"schema":{"@context":"https:\/\/schema.org","@graph":[{"@type":"Organization","@id":"https:\/\/spectrebaltics.com\/ru\/#organization","name":"Spectrebaltics","url":"https:\/\/spectrebaltics.com\/ru\/","sameAs":[],"logo":{"@type":"ImageObject","@id":"https:\/\/spectrebaltics.com\/ru\/#logo","inLanguage":"ru-RU","url":"https:\/\/spectrebaltics.com\/wp-content\/uploads\/2024\/03\/Spectrebaltics-logo.svg","contentUrl":"https:\/\/spectrebaltics.com\/wp-content\/uploads\/2024\/03\/Spectrebaltics-logo.svg","caption":"Spectrebaltics"},"image":{"@id":"https:\/\/spectrebaltics.com\/ru\/#logo"}},{"@type":"WebSite","@id":"https:\/\/spectrebaltics.com\/ru\/#website","url":"https:\/\/spectrebaltics.com\/ru\/","name":"Spectrebaltics","description":"","publisher":{"@id":"https:\/\/spectrebaltics.com\/ru\/#organization"},"potentialAction":[{"@type":"SearchAction","target":{"@type":"EntryPoint","urlTemplate":"https:\/\/spectrebaltics.com\/ru\/?s={search_term_string}"},"query-input":"required name=search_term_string"}],"inLanguage":"ru-RU"},{"@type":"ImageObject","@id":"https:\/\/spectrebaltics.com\/toode\/keevitusseadmed-cloos-qineo-micro-pulse-300-c\/#primaryimage","inLanguage":"ru-RU","url":"https:\/\/spectrebaltics.com\/wp-content\/uploads\/2024\/06\/csm_qineo_micropulse300_e7ac7298e2.png","contentUrl":"https:\/\/spectrebaltics.com\/wp-content\/uploads\/2024\/06\/csm_qineo_micropulse300_e7ac7298e2.png","width":400,"height":450},{"@type":"WebPage","@id":"https:\/\/spectrebaltics.com\/toode\/keevitusseadmed-cloos-qineo-micro-pulse-300-c\/#webpage","url":"https:\/\/spectrebaltics.com\/toode\/keevitusseadmed-cloos-qineo-micro-pulse-300-c\/","name":"Keevitusseadmed CLOOS QINEO Micro Pulse 300 C","isPartOf":{"@id":"https:\/\/spectrebaltics.com\/ru\/#website"},"primaryImageOfPage":{"@id":"https:\/\/spectrebaltics.com\/toode\/keevitusseadmed-cloos-qineo-micro-pulse-300-c\/#primaryimage"},"datePublished":"2024-06-12T12:17:37+00:00","dateModified":"2024-06-12T12:23:00+00:00","breadcrumb":{"@id":"https:\/\/spectrebaltics.com\/toode\/keevitusseadmed-cloos-qineo-micro-pulse-300-c\/#breadcrumb"},"inLanguage":"ru-RU","potentialAction":[{"@type":"ReadAction","target":["https:\/\/spectrebaltics.com\/toode\/keevitusseadmed-cloos-qineo-micro-pulse-300-c\/"]}]},{"@type":"BreadcrumbList","@id":"https:\/\/spectrebaltics.com\/toode\/keevitusseadmed-cloos-qineo-micro-pulse-300-c\/#breadcrumb","itemListElement":[{"@type":"ListItem","position":1,"name":"Home","item":"https:\/\/spectrebaltics.com\/ru\/"},{"@type":"ListItem","position":2,"name":"\u041a\u0430\u0442\u0430\u043b\u043e\u0433","item":"https:\/\/spectrebaltics.com\/ru\/katalog\/"},{"@type":"ListItem","position":3,"name":"Keevitusseadmed CLOOS QINEO Micro Pulse 300 C"}]}]}},"_links":{"self":[{"href":"https:\/\/spectrebaltics.com\/ru\/wp-json\/wp\/v2\/product\/9911"}],"collection":[{"href":"https:\/\/spectrebaltics.com\/ru\/wp-json\/wp\/v2\/product"}],"about":[{"href":"https:\/\/spectrebaltics.com\/ru\/wp-json\/wp\/v2\/types\/product"}],"wp:featuredmedia":[{"embeddable":true,"href":"https:\/\/spectrebaltics.com\/ru\/wp-json\/wp\/v2\/media\/9912"}],"wp:attachment":[{"href":"https:\/\/spectrebaltics.com\/ru\/wp-json\/wp\/v2\/media?parent=9911"}],"wp:term":[{"taxonomy":"product_cat","embeddable":true,"href":"https:\/\/spectrebaltics.com\/ru\/wp-json\/wp\/v2\/product_cat?post=9911"},{"taxonomy":"product_tag","embeddable":true,"href":"https:\/\/spectrebaltics.com\/ru\/wp-json\/wp\/v2\/product_tag?post=9911"}],"curies":[{"name":"wp","href":"https:\/\/api.w.org\/{rel}","templated":true}]}}