{"id":9932,"date":"2024-06-13T14:06:53","date_gmt":"2024-06-13T14:06:53","guid":{"rendered":"https:\/\/spectrebaltics.com\/?post_type=product&#038;p=9932"},"modified":"2024-06-13T14:06:53","modified_gmt":"2024-06-13T14:06:53","slug":"keevituspustol-cloos-qineo-mhw-410-eco-pikkus-5m","status":"publish","type":"product","link":"https:\/\/spectrebaltics.com\/ru\/toode\/keevituspustol-cloos-qineo-mhw-410-eco-pikkus-5m\/","title":{"rendered":"Keevitusp\u00fcstol CLOOS QINEO MHW-410 Eco pikkus 5m"},"content":{"rendered":"<p><strong>Manuaalne<\/strong> <strong>keevitusp<\/strong><strong>\u00f5<\/strong><strong>leti<\/strong> <strong>MHW<\/strong><strong>-410 <\/strong><strong>Eco<\/strong><\/p>\n<p>Usaldusv\u00e4\u00e4rne manuaalne keevitusp\u00f5leti MHW-410 Eco on varustatud veejahutusega ja on m\u00f5eldud keevitusvoolule kuni 410 A. Manuaalne keevitusp\u00f5leti avaldab muljet suurep\u00e4raste jahutusomadustega t\u00e4nu t\u00f5husale veevoolule p\u00f5leti korpuses. See tagab kuluvosade maksimaalse kasutusea. Sellel on ergonoomilise kujuga k\u00e4epide, mis ei libise keevitaja k\u00e4es t\u00e4nu silikoonist sisestustele.<\/p>\n<ul>\n<li>Optimaalne gaasijaotus maksimaalselt kompaktse konstruktsiooniga: hea juurdep\u00e4\u00e4s isegi kitsastes kohtades.<\/li>\n<li>Ergonoomiliselt kujundatud k\u00e4epide: optimaalne juhtimine ja minimaalne koormus randmetele.<\/li>\n<li>K\u00f5rge jahutusefektiivsus t\u00e4nu t\u00f5husale veevoolule: maksimaalne kasutusiga<\/li>\n<\/ul>\n","protected":false},"excerpt":{"rendered":"<p>Manuaalne keevitusp\u00f5leti MHW-410 Eco Usaldusv\u00e4\u00e4rne manuaalne keevitusp\u00f5leti MHW-410 Eco on varustatud veejahutusega ja on m\u00f5eldud keevitusvoolule kuni 410 A. Manuaalne keevitusp\u00f5leti avaldab muljet suurep\u00e4raste jahutusomadustega t\u00e4nu t\u00f5husale veevoolule p\u00f5leti korpuses. See tagab kuluvosade maksimaalse kasutusea. Sellel on ergonoomilise kujuga k\u00e4epide, mis ei libise keevitaja k\u00e4es t\u00e4nu silikoonist sisestustele. Optimaalne gaasijaotus maksimaalselt kompaktse konstruktsiooniga: hea juurdep\u00e4\u00e4s&#8230;<\/p>\n","protected":false},"featured_media":9933,"template":"","meta":[],"product_cat":[65,66],"product_tag":[],"yoast_head":"<!-- This site is optimized with the Yoast SEO plugin v18.4.1 - https:\/\/yoast.com\/wordpress\/plugins\/seo\/ -->\n<title>Keevitusp\u00fcstol CLOOS QINEO MHW-410 Eco pikkus 5m<\/title>\n<meta name=\"robots\" content=\"index, follow, max-snippet:-1, max-image-preview:large, max-video-preview:-1\" \/>\n<link rel=\"canonical\" href=\"https:\/\/spectrebaltics.com\/toode\/keevituspustol-cloos-qineo-mhw-410-eco-pikkus-5m\/\" \/>\n<meta property=\"og:locale\" content=\"ru_RU\" \/>\n<meta property=\"og:type\" content=\"article\" \/>\n<meta property=\"og:title\" content=\"Keevitusp\u00fcstol CLOOS QINEO MHW-410 Eco pikkus 5m\" \/>\n<meta property=\"og:description\" content=\"Manuaalne keevitusp\u00f5leti MHW-410 Eco Usaldusv\u00e4\u00e4rne manuaalne keevitusp\u00f5leti MHW-410 Eco on varustatud veejahutusega ja on m\u00f5eldud keevitusvoolule kuni 410 A. Manuaalne keevitusp\u00f5leti avaldab muljet suurep\u00e4raste jahutusomadustega t\u00e4nu t\u00f5husale veevoolule p\u00f5leti korpuses. See tagab kuluvosade maksimaalse kasutusea. Sellel on ergonoomilise kujuga k\u00e4epide, mis ei libise keevitaja k\u00e4es t\u00e4nu silikoonist sisestustele. Optimaalne gaasijaotus maksimaalselt kompaktse konstruktsiooniga: hea juurdep\u00e4\u00e4s...\" \/>\n<meta property=\"og:url\" content=\"https:\/\/spectrebaltics.com\/toode\/keevituspustol-cloos-qineo-mhw-410-eco-pikkus-5m\/\" \/>\n<meta property=\"og:site_name\" content=\"Spectrebaltics\" \/>\n<meta property=\"og:image\" content=\"https:\/\/spectrebaltics.com\/wp-content\/uploads\/2024\/06\/csm_qineo_qn-mhw410eco_78703ba7aa.png\" \/>\n\t<meta property=\"og:image:width\" content=\"400\" \/>\n\t<meta property=\"og:image:height\" content=\"450\" \/>\n\t<meta property=\"og:image:type\" content=\"image\/png\" \/>\n<meta name=\"twitter:card\" content=\"summary_large_image\" \/>\n<script type=\"application\/ld+json\" class=\"yoast-schema-graph\">{\"@context\":\"https:\/\/schema.org\",\"@graph\":[{\"@type\":\"Organization\",\"@id\":\"https:\/\/spectrebaltics.com\/ru\/#organization\",\"name\":\"Spectrebaltics\",\"url\":\"https:\/\/spectrebaltics.com\/ru\/\",\"sameAs\":[],\"logo\":{\"@type\":\"ImageObject\",\"@id\":\"https:\/\/spectrebaltics.com\/ru\/#logo\",\"inLanguage\":\"ru-RU\",\"url\":\"https:\/\/spectrebaltics.com\/wp-content\/uploads\/2024\/03\/Spectrebaltics-logo.svg\",\"contentUrl\":\"https:\/\/spectrebaltics.com\/wp-content\/uploads\/2024\/03\/Spectrebaltics-logo.svg\",\"caption\":\"Spectrebaltics\"},\"image\":{\"@id\":\"https:\/\/spectrebaltics.com\/ru\/#logo\"}},{\"@type\":\"WebSite\",\"@id\":\"https:\/\/spectrebaltics.com\/ru\/#website\",\"url\":\"https:\/\/spectrebaltics.com\/ru\/\",\"name\":\"Spectrebaltics\",\"description\":\"\",\"publisher\":{\"@id\":\"https:\/\/spectrebaltics.com\/ru\/#organization\"},\"potentialAction\":[{\"@type\":\"SearchAction\",\"target\":{\"@type\":\"EntryPoint\",\"urlTemplate\":\"https:\/\/spectrebaltics.com\/ru\/?s={search_term_string}\"},\"query-input\":\"required name=search_term_string\"}],\"inLanguage\":\"ru-RU\"},{\"@type\":\"ImageObject\",\"@id\":\"https:\/\/spectrebaltics.com\/toode\/keevituspustol-cloos-qineo-mhw-410-eco-pikkus-5m\/#primaryimage\",\"inLanguage\":\"ru-RU\",\"url\":\"https:\/\/spectrebaltics.com\/wp-content\/uploads\/2024\/06\/csm_qineo_qn-mhw410eco_78703ba7aa.png\",\"contentUrl\":\"https:\/\/spectrebaltics.com\/wp-content\/uploads\/2024\/06\/csm_qineo_qn-mhw410eco_78703ba7aa.png\",\"width\":400,\"height\":450},{\"@type\":\"WebPage\",\"@id\":\"https:\/\/spectrebaltics.com\/toode\/keevituspustol-cloos-qineo-mhw-410-eco-pikkus-5m\/#webpage\",\"url\":\"https:\/\/spectrebaltics.com\/toode\/keevituspustol-cloos-qineo-mhw-410-eco-pikkus-5m\/\",\"name\":\"Keevitusp\u00fcstol CLOOS QINEO MHW-410 Eco pikkus 5m\",\"isPartOf\":{\"@id\":\"https:\/\/spectrebaltics.com\/ru\/#website\"},\"primaryImageOfPage\":{\"@id\":\"https:\/\/spectrebaltics.com\/toode\/keevituspustol-cloos-qineo-mhw-410-eco-pikkus-5m\/#primaryimage\"},\"datePublished\":\"2024-06-13T14:06:53+00:00\",\"dateModified\":\"2024-06-13T14:06:53+00:00\",\"breadcrumb\":{\"@id\":\"https:\/\/spectrebaltics.com\/toode\/keevituspustol-cloos-qineo-mhw-410-eco-pikkus-5m\/#breadcrumb\"},\"inLanguage\":\"ru-RU\",\"potentialAction\":[{\"@type\":\"ReadAction\",\"target\":[\"https:\/\/spectrebaltics.com\/toode\/keevituspustol-cloos-qineo-mhw-410-eco-pikkus-5m\/\"]}]},{\"@type\":\"BreadcrumbList\",\"@id\":\"https:\/\/spectrebaltics.com\/toode\/keevituspustol-cloos-qineo-mhw-410-eco-pikkus-5m\/#breadcrumb\",\"itemListElement\":[{\"@type\":\"ListItem\",\"position\":1,\"name\":\"Home\",\"item\":\"https:\/\/spectrebaltics.com\/ru\/\"},{\"@type\":\"ListItem\",\"position\":2,\"name\":\"\u041a\u0430\u0442\u0430\u043b\u043e\u0433\",\"item\":\"https:\/\/spectrebaltics.com\/ru\/katalog\/\"},{\"@type\":\"ListItem\",\"position\":3,\"name\":\"Keevitusp\u00fcstol CLOOS QINEO MHW-410 Eco pikkus 5m\"}]}]}<\/script>\n<!-- \/ Yoast SEO plugin. -->","yoast_head_json":{"title":"Keevitusp\u00fcstol CLOOS QINEO MHW-410 Eco pikkus 5m","robots":{"index":"index","follow":"follow","max-snippet":"max-snippet:-1","max-image-preview":"max-image-preview:large","max-video-preview":"max-video-preview:-1"},"canonical":"https:\/\/spectrebaltics.com\/toode\/keevituspustol-cloos-qineo-mhw-410-eco-pikkus-5m\/","og_locale":"ru_RU","og_type":"article","og_title":"Keevitusp\u00fcstol CLOOS QINEO MHW-410 Eco pikkus 5m","og_description":"Manuaalne keevitusp\u00f5leti MHW-410 Eco Usaldusv\u00e4\u00e4rne manuaalne keevitusp\u00f5leti MHW-410 Eco on varustatud veejahutusega ja on m\u00f5eldud keevitusvoolule kuni 410 A. Manuaalne keevitusp\u00f5leti avaldab muljet suurep\u00e4raste jahutusomadustega t\u00e4nu t\u00f5husale veevoolule p\u00f5leti korpuses. See tagab kuluvosade maksimaalse kasutusea. Sellel on ergonoomilise kujuga k\u00e4epide, mis ei libise keevitaja k\u00e4es t\u00e4nu silikoonist sisestustele. Optimaalne gaasijaotus maksimaalselt kompaktse konstruktsiooniga: hea juurdep\u00e4\u00e4s...","og_url":"https:\/\/spectrebaltics.com\/toode\/keevituspustol-cloos-qineo-mhw-410-eco-pikkus-5m\/","og_site_name":"Spectrebaltics","og_image":[{"width":400,"height":450,"url":"https:\/\/spectrebaltics.com\/wp-content\/uploads\/2024\/06\/csm_qineo_qn-mhw410eco_78703ba7aa.png","type":"image\/png"}],"twitter_card":"summary_large_image","schema":{"@context":"https:\/\/schema.org","@graph":[{"@type":"Organization","@id":"https:\/\/spectrebaltics.com\/ru\/#organization","name":"Spectrebaltics","url":"https:\/\/spectrebaltics.com\/ru\/","sameAs":[],"logo":{"@type":"ImageObject","@id":"https:\/\/spectrebaltics.com\/ru\/#logo","inLanguage":"ru-RU","url":"https:\/\/spectrebaltics.com\/wp-content\/uploads\/2024\/03\/Spectrebaltics-logo.svg","contentUrl":"https:\/\/spectrebaltics.com\/wp-content\/uploads\/2024\/03\/Spectrebaltics-logo.svg","caption":"Spectrebaltics"},"image":{"@id":"https:\/\/spectrebaltics.com\/ru\/#logo"}},{"@type":"WebSite","@id":"https:\/\/spectrebaltics.com\/ru\/#website","url":"https:\/\/spectrebaltics.com\/ru\/","name":"Spectrebaltics","description":"","publisher":{"@id":"https:\/\/spectrebaltics.com\/ru\/#organization"},"potentialAction":[{"@type":"SearchAction","target":{"@type":"EntryPoint","urlTemplate":"https:\/\/spectrebaltics.com\/ru\/?s={search_term_string}"},"query-input":"required name=search_term_string"}],"inLanguage":"ru-RU"},{"@type":"ImageObject","@id":"https:\/\/spectrebaltics.com\/toode\/keevituspustol-cloos-qineo-mhw-410-eco-pikkus-5m\/#primaryimage","inLanguage":"ru-RU","url":"https:\/\/spectrebaltics.com\/wp-content\/uploads\/2024\/06\/csm_qineo_qn-mhw410eco_78703ba7aa.png","contentUrl":"https:\/\/spectrebaltics.com\/wp-content\/uploads\/2024\/06\/csm_qineo_qn-mhw410eco_78703ba7aa.png","width":400,"height":450},{"@type":"WebPage","@id":"https:\/\/spectrebaltics.com\/toode\/keevituspustol-cloos-qineo-mhw-410-eco-pikkus-5m\/#webpage","url":"https:\/\/spectrebaltics.com\/toode\/keevituspustol-cloos-qineo-mhw-410-eco-pikkus-5m\/","name":"Keevitusp\u00fcstol CLOOS QINEO MHW-410 Eco pikkus 5m","isPartOf":{"@id":"https:\/\/spectrebaltics.com\/ru\/#website"},"primaryImageOfPage":{"@id":"https:\/\/spectrebaltics.com\/toode\/keevituspustol-cloos-qineo-mhw-410-eco-pikkus-5m\/#primaryimage"},"datePublished":"2024-06-13T14:06:53+00:00","dateModified":"2024-06-13T14:06:53+00:00","breadcrumb":{"@id":"https:\/\/spectrebaltics.com\/toode\/keevituspustol-cloos-qineo-mhw-410-eco-pikkus-5m\/#breadcrumb"},"inLanguage":"ru-RU","potentialAction":[{"@type":"ReadAction","target":["https:\/\/spectrebaltics.com\/toode\/keevituspustol-cloos-qineo-mhw-410-eco-pikkus-5m\/"]}]},{"@type":"BreadcrumbList","@id":"https:\/\/spectrebaltics.com\/toode\/keevituspustol-cloos-qineo-mhw-410-eco-pikkus-5m\/#breadcrumb","itemListElement":[{"@type":"ListItem","position":1,"name":"Home","item":"https:\/\/spectrebaltics.com\/ru\/"},{"@type":"ListItem","position":2,"name":"\u041a\u0430\u0442\u0430\u043b\u043e\u0433","item":"https:\/\/spectrebaltics.com\/ru\/katalog\/"},{"@type":"ListItem","position":3,"name":"Keevitusp\u00fcstol CLOOS QINEO MHW-410 Eco pikkus 5m"}]}]}},"_links":{"self":[{"href":"https:\/\/spectrebaltics.com\/ru\/wp-json\/wp\/v2\/product\/9932"}],"collection":[{"href":"https:\/\/spectrebaltics.com\/ru\/wp-json\/wp\/v2\/product"}],"about":[{"href":"https:\/\/spectrebaltics.com\/ru\/wp-json\/wp\/v2\/types\/product"}],"wp:featuredmedia":[{"embeddable":true,"href":"https:\/\/spectrebaltics.com\/ru\/wp-json\/wp\/v2\/media\/9933"}],"wp:attachment":[{"href":"https:\/\/spectrebaltics.com\/ru\/wp-json\/wp\/v2\/media?parent=9932"}],"wp:term":[{"taxonomy":"product_cat","embeddable":true,"href":"https:\/\/spectrebaltics.com\/ru\/wp-json\/wp\/v2\/product_cat?post=9932"},{"taxonomy":"product_tag","embeddable":true,"href":"https:\/\/spectrebaltics.com\/ru\/wp-json\/wp\/v2\/product_tag?post=9932"}],"curies":[{"name":"wp","href":"https:\/\/api.w.org\/{rel}","templated":true}]}}