{"id":9949,"date":"2024-06-20T07:06:40","date_gmt":"2024-06-20T07:06:40","guid":{"rendered":"https:\/\/spectrebaltics.com\/?post_type=product&#038;p=9949"},"modified":"2024-06-20T07:06:40","modified_gmt":"2024-06-20T07:06:40","slug":"esab-kaitseekraan-25mm-pt-36-0558009425","status":"publish","type":"product","link":"https:\/\/spectrebaltics.com\/ru\/toode\/esab-kaitseekraan-25mm-pt-36-0558009425\/","title":{"rendered":"ESAB Kaitseekraan 2,5mm PT-36, 0558009425"},"content":{"rendered":"<p>ESAB\u00ae kaitseerkaan 2,5 mm (0558009425) sobib plasmal\u00f5ikuss\u00fcsteemidega koos PT-36 plasmap\u00f5letiga ning on m\u00f5eldud mehhaniseeritud plasmal\u00f5ikamiseks CNC masinatel. Kaitseekraanil 0558009425 on augu l\u00e4bim\u00f5\u00f5t 2,5 mm.<\/p>\n<p>Ekraan kaitseb otsikut kahekordse kaare tekkimise eest p\u00f5lemisel ja juhusliku kokkupuute eest metallplekiga. Samuti varustab see kaitsva sekundaarse gaasiga d\u00fc\u00fcsi v\u00e4ljap\u00e4\u00e4su juures ja m\u00e4\u00e4rab plasmakaare suuna. Kaitseekraani disain on valmistatud selliselt, et see talub plasmakaarest tulenevaid k\u00f5rgendatud temperatuure ilma struktuursete muutuste ja deformatsioonideta.<\/p>\n","protected":false},"excerpt":{"rendered":"<p>ESAB\u00ae kaitseerkaan 2,5 mm (0558009425) sobib plasmal\u00f5ikuss\u00fcsteemidega koos PT-36 plasmap\u00f5letiga ning on m\u00f5eldud mehhaniseeritud plasmal\u00f5ikamiseks CNC masinatel. Kaitseekraanil 0558009425 on augu l\u00e4bim\u00f5\u00f5t 2,5 mm. Ekraan kaitseb otsikut kahekordse kaare tekkimise eest p\u00f5lemisel ja juhusliku kokkupuute eest metallplekiga. Samuti varustab see kaitsva sekundaarse gaasiga d\u00fc\u00fcsi v\u00e4ljap\u00e4\u00e4su juures ja m\u00e4\u00e4rab plasmakaare suuna. Kaitseekraani disain on valmistatud selliselt,&#8230;<\/p>\n","protected":false},"featured_media":0,"template":"","meta":[],"product_cat":[78,81],"product_tag":[],"yoast_head":"<!-- This site is optimized with the Yoast SEO plugin v18.4.1 - https:\/\/yoast.com\/wordpress\/plugins\/seo\/ -->\n<title>ESAB Kaitseekraan 2,5mm PT-36, 0558009425<\/title>\n<meta name=\"robots\" content=\"index, follow, max-snippet:-1, max-image-preview:large, max-video-preview:-1\" \/>\n<link rel=\"canonical\" href=\"https:\/\/spectrebaltics.com\/toode\/esab-kaitseekraan-25mm-pt-36-0558009425\/\" \/>\n<meta property=\"og:locale\" content=\"ru_RU\" \/>\n<meta property=\"og:type\" content=\"article\" \/>\n<meta property=\"og:title\" content=\"ESAB Kaitseekraan 2,5mm PT-36, 0558009425\" \/>\n<meta property=\"og:description\" content=\"ESAB\u00ae kaitseerkaan 2,5 mm (0558009425) sobib plasmal\u00f5ikuss\u00fcsteemidega koos PT-36 plasmap\u00f5letiga ning on m\u00f5eldud mehhaniseeritud plasmal\u00f5ikamiseks CNC masinatel. Kaitseekraanil 0558009425 on augu l\u00e4bim\u00f5\u00f5t 2,5 mm. Ekraan kaitseb otsikut kahekordse kaare tekkimise eest p\u00f5lemisel ja juhusliku kokkupuute eest metallplekiga. Samuti varustab see kaitsva sekundaarse gaasiga d\u00fc\u00fcsi v\u00e4ljap\u00e4\u00e4su juures ja m\u00e4\u00e4rab plasmakaare suuna. Kaitseekraani disain on valmistatud selliselt,...\" \/>\n<meta property=\"og:url\" content=\"https:\/\/spectrebaltics.com\/toode\/esab-kaitseekraan-25mm-pt-36-0558009425\/\" \/>\n<meta property=\"og:site_name\" content=\"Spectrebaltics\" \/>\n<meta name=\"twitter:card\" content=\"summary_large_image\" \/>\n<script type=\"application\/ld+json\" class=\"yoast-schema-graph\">{\"@context\":\"https:\/\/schema.org\",\"@graph\":[{\"@type\":\"Organization\",\"@id\":\"https:\/\/spectrebaltics.com\/ru\/#organization\",\"name\":\"Spectrebaltics\",\"url\":\"https:\/\/spectrebaltics.com\/ru\/\",\"sameAs\":[],\"logo\":{\"@type\":\"ImageObject\",\"@id\":\"https:\/\/spectrebaltics.com\/ru\/#logo\",\"inLanguage\":\"ru-RU\",\"url\":\"https:\/\/spectrebaltics.com\/wp-content\/uploads\/2024\/03\/Spectrebaltics-logo.svg\",\"contentUrl\":\"https:\/\/spectrebaltics.com\/wp-content\/uploads\/2024\/03\/Spectrebaltics-logo.svg\",\"caption\":\"Spectrebaltics\"},\"image\":{\"@id\":\"https:\/\/spectrebaltics.com\/ru\/#logo\"}},{\"@type\":\"WebSite\",\"@id\":\"https:\/\/spectrebaltics.com\/ru\/#website\",\"url\":\"https:\/\/spectrebaltics.com\/ru\/\",\"name\":\"Spectrebaltics\",\"description\":\"\",\"publisher\":{\"@id\":\"https:\/\/spectrebaltics.com\/ru\/#organization\"},\"potentialAction\":[{\"@type\":\"SearchAction\",\"target\":{\"@type\":\"EntryPoint\",\"urlTemplate\":\"https:\/\/spectrebaltics.com\/ru\/?s={search_term_string}\"},\"query-input\":\"required name=search_term_string\"}],\"inLanguage\":\"ru-RU\"},{\"@type\":\"WebPage\",\"@id\":\"https:\/\/spectrebaltics.com\/toode\/esab-kaitseekraan-25mm-pt-36-0558009425\/#webpage\",\"url\":\"https:\/\/spectrebaltics.com\/toode\/esab-kaitseekraan-25mm-pt-36-0558009425\/\",\"name\":\"ESAB Kaitseekraan 2,5mm PT-36, 0558009425\",\"isPartOf\":{\"@id\":\"https:\/\/spectrebaltics.com\/ru\/#website\"},\"datePublished\":\"2024-06-20T07:06:40+00:00\",\"dateModified\":\"2024-06-20T07:06:40+00:00\",\"breadcrumb\":{\"@id\":\"https:\/\/spectrebaltics.com\/toode\/esab-kaitseekraan-25mm-pt-36-0558009425\/#breadcrumb\"},\"inLanguage\":\"ru-RU\",\"potentialAction\":[{\"@type\":\"ReadAction\",\"target\":[\"https:\/\/spectrebaltics.com\/toode\/esab-kaitseekraan-25mm-pt-36-0558009425\/\"]}]},{\"@type\":\"BreadcrumbList\",\"@id\":\"https:\/\/spectrebaltics.com\/toode\/esab-kaitseekraan-25mm-pt-36-0558009425\/#breadcrumb\",\"itemListElement\":[{\"@type\":\"ListItem\",\"position\":1,\"name\":\"Home\",\"item\":\"https:\/\/spectrebaltics.com\/ru\/\"},{\"@type\":\"ListItem\",\"position\":2,\"name\":\"\u041a\u0430\u0442\u0430\u043b\u043e\u0433\",\"item\":\"https:\/\/spectrebaltics.com\/ru\/katalog\/\"},{\"@type\":\"ListItem\",\"position\":3,\"name\":\"ESAB Kaitseekraan 2,5mm PT-36, 0558009425\"}]}]}<\/script>\n<!-- \/ Yoast SEO plugin. -->","yoast_head_json":{"title":"ESAB Kaitseekraan 2,5mm PT-36, 0558009425","robots":{"index":"index","follow":"follow","max-snippet":"max-snippet:-1","max-image-preview":"max-image-preview:large","max-video-preview":"max-video-preview:-1"},"canonical":"https:\/\/spectrebaltics.com\/toode\/esab-kaitseekraan-25mm-pt-36-0558009425\/","og_locale":"ru_RU","og_type":"article","og_title":"ESAB Kaitseekraan 2,5mm PT-36, 0558009425","og_description":"ESAB\u00ae kaitseerkaan 2,5 mm (0558009425) sobib plasmal\u00f5ikuss\u00fcsteemidega koos PT-36 plasmap\u00f5letiga ning on m\u00f5eldud mehhaniseeritud plasmal\u00f5ikamiseks CNC masinatel. Kaitseekraanil 0558009425 on augu l\u00e4bim\u00f5\u00f5t 2,5 mm. Ekraan kaitseb otsikut kahekordse kaare tekkimise eest p\u00f5lemisel ja juhusliku kokkupuute eest metallplekiga. Samuti varustab see kaitsva sekundaarse gaasiga d\u00fc\u00fcsi v\u00e4ljap\u00e4\u00e4su juures ja m\u00e4\u00e4rab plasmakaare suuna. Kaitseekraani disain on valmistatud selliselt,...","og_url":"https:\/\/spectrebaltics.com\/toode\/esab-kaitseekraan-25mm-pt-36-0558009425\/","og_site_name":"Spectrebaltics","twitter_card":"summary_large_image","schema":{"@context":"https:\/\/schema.org","@graph":[{"@type":"Organization","@id":"https:\/\/spectrebaltics.com\/ru\/#organization","name":"Spectrebaltics","url":"https:\/\/spectrebaltics.com\/ru\/","sameAs":[],"logo":{"@type":"ImageObject","@id":"https:\/\/spectrebaltics.com\/ru\/#logo","inLanguage":"ru-RU","url":"https:\/\/spectrebaltics.com\/wp-content\/uploads\/2024\/03\/Spectrebaltics-logo.svg","contentUrl":"https:\/\/spectrebaltics.com\/wp-content\/uploads\/2024\/03\/Spectrebaltics-logo.svg","caption":"Spectrebaltics"},"image":{"@id":"https:\/\/spectrebaltics.com\/ru\/#logo"}},{"@type":"WebSite","@id":"https:\/\/spectrebaltics.com\/ru\/#website","url":"https:\/\/spectrebaltics.com\/ru\/","name":"Spectrebaltics","description":"","publisher":{"@id":"https:\/\/spectrebaltics.com\/ru\/#organization"},"potentialAction":[{"@type":"SearchAction","target":{"@type":"EntryPoint","urlTemplate":"https:\/\/spectrebaltics.com\/ru\/?s={search_term_string}"},"query-input":"required name=search_term_string"}],"inLanguage":"ru-RU"},{"@type":"WebPage","@id":"https:\/\/spectrebaltics.com\/toode\/esab-kaitseekraan-25mm-pt-36-0558009425\/#webpage","url":"https:\/\/spectrebaltics.com\/toode\/esab-kaitseekraan-25mm-pt-36-0558009425\/","name":"ESAB Kaitseekraan 2,5mm PT-36, 0558009425","isPartOf":{"@id":"https:\/\/spectrebaltics.com\/ru\/#website"},"datePublished":"2024-06-20T07:06:40+00:00","dateModified":"2024-06-20T07:06:40+00:00","breadcrumb":{"@id":"https:\/\/spectrebaltics.com\/toode\/esab-kaitseekraan-25mm-pt-36-0558009425\/#breadcrumb"},"inLanguage":"ru-RU","potentialAction":[{"@type":"ReadAction","target":["https:\/\/spectrebaltics.com\/toode\/esab-kaitseekraan-25mm-pt-36-0558009425\/"]}]},{"@type":"BreadcrumbList","@id":"https:\/\/spectrebaltics.com\/toode\/esab-kaitseekraan-25mm-pt-36-0558009425\/#breadcrumb","itemListElement":[{"@type":"ListItem","position":1,"name":"Home","item":"https:\/\/spectrebaltics.com\/ru\/"},{"@type":"ListItem","position":2,"name":"\u041a\u0430\u0442\u0430\u043b\u043e\u0433","item":"https:\/\/spectrebaltics.com\/ru\/katalog\/"},{"@type":"ListItem","position":3,"name":"ESAB Kaitseekraan 2,5mm PT-36, 0558009425"}]}]}},"_links":{"self":[{"href":"https:\/\/spectrebaltics.com\/ru\/wp-json\/wp\/v2\/product\/9949"}],"collection":[{"href":"https:\/\/spectrebaltics.com\/ru\/wp-json\/wp\/v2\/product"}],"about":[{"href":"https:\/\/spectrebaltics.com\/ru\/wp-json\/wp\/v2\/types\/product"}],"wp:attachment":[{"href":"https:\/\/spectrebaltics.com\/ru\/wp-json\/wp\/v2\/media?parent=9949"}],"wp:term":[{"taxonomy":"product_cat","embeddable":true,"href":"https:\/\/spectrebaltics.com\/ru\/wp-json\/wp\/v2\/product_cat?post=9949"},{"taxonomy":"product_tag","embeddable":true,"href":"https:\/\/spectrebaltics.com\/ru\/wp-json\/wp\/v2\/product_tag?post=9949"}],"curies":[{"name":"wp","href":"https:\/\/api.w.org\/{rel}","templated":true}]}}