{"id":9973,"date":"2024-06-20T08:35:04","date_gmt":"2024-06-20T08:35:04","guid":{"rendered":"https:\/\/spectrebaltics.com\/?post_type=product&#038;p=9973"},"modified":"2024-06-20T10:41:24","modified_gmt":"2024-06-20T10:41:24","slug":"hypertherm-electrode-powermax-45a-105a-220842","status":"publish","type":"product","link":"https:\/\/spectrebaltics.com\/ru\/toode\/hypertherm-electrode-powermax-45a-105a-220842\/","title":{"rendered":"Hypertherm Electrode Powermax 45A-105A 220842"},"content":{"rendered":"<p>Elektrood 45-105A, artikli number 220842 sobib HYPERTHERM\u00ae Powermax\u00ae 45XP\/65\/85\/105 s\u00fcsteemidele ja on ette n\u00e4htud mehhaniseeritud CNC plasmal\u00f5ikamiseks, k\u00e4sitsi l\u00f5ikamiseks ja metalli l\u00f5ikamiseks. Elektrood 220842 on ette n\u00e4htud kuni 50 mm paksuse metalli l\u00f5ikamiseks voolutugevusega 10 kuni 105 amprit.<\/p>\n<p>Elektroodi valmistamisel kasutatakse tehnoloogiaid, mis suurendavad oluliselt selle t\u00f6\u00f6kindlust ja vastupidavust. Elektroodi spiraalne kuju tagab selle parima jahutuse ja sellest tulenevalt ka k\u00f5rge vastupidavuse. Struktuurselt on elektrood valmistatud koos vedruga, mis tagab pneumaatilise s\u00fc\u00fctemehhanismi t\u00f6\u00f6.<\/p>\n<p>See kulumaterjal on l\u00f5ikamise ajal k\u00f5ige vastuv\u00f5tlikum kulumisele, nagu ka otsik, mist\u00f5ttu on soovitatav seda vahetada koos l\u00f5ikevoolule vastava otsikuga. Tarnitakse 5 elektroodi blistrites.<\/p>\n","protected":false},"excerpt":{"rendered":"<p>Elektrood 45-105A, artikli number 220842 sobib HYPERTHERM\u00ae Powermax\u00ae 45XP\/65\/85\/105 s\u00fcsteemidele ja on ette n\u00e4htud mehhaniseeritud CNC plasmal\u00f5ikamiseks, k\u00e4sitsi l\u00f5ikamiseks ja metalli l\u00f5ikamiseks. Elektrood 220842 on ette n\u00e4htud kuni 50 mm paksuse metalli l\u00f5ikamiseks voolutugevusega 10 kuni 105 amprit. Elektroodi valmistamisel kasutatakse tehnoloogiaid, mis suurendavad oluliselt selle t\u00f6\u00f6kindlust ja vastupidavust. Elektroodi spiraalne kuju tagab selle parima&#8230;<\/p>\n","protected":false},"featured_media":9974,"template":"","meta":[],"product_cat":[78,80],"product_tag":[],"yoast_head":"<!-- This site is optimized with the Yoast SEO plugin v18.4.1 - https:\/\/yoast.com\/wordpress\/plugins\/seo\/ -->\n<title>Hypertherm Electrode Powermax 45A-105A 220842<\/title>\n<meta name=\"robots\" content=\"index, follow, max-snippet:-1, max-image-preview:large, max-video-preview:-1\" \/>\n<link rel=\"canonical\" href=\"https:\/\/spectrebaltics.com\/toode\/hypertherm-electrode-powermax-45a-105a-220842\/\" \/>\n<meta property=\"og:locale\" content=\"ru_RU\" \/>\n<meta property=\"og:type\" content=\"article\" \/>\n<meta property=\"og:title\" content=\"Hypertherm Electrode Powermax 45A-105A 220842\" \/>\n<meta property=\"og:description\" content=\"Elektrood 45-105A, artikli number 220842 sobib HYPERTHERM\u00ae Powermax\u00ae 45XP\/65\/85\/105 s\u00fcsteemidele ja on ette n\u00e4htud mehhaniseeritud CNC plasmal\u00f5ikamiseks, k\u00e4sitsi l\u00f5ikamiseks ja metalli l\u00f5ikamiseks. Elektrood 220842 on ette n\u00e4htud kuni 50 mm paksuse metalli l\u00f5ikamiseks voolutugevusega 10 kuni 105 amprit. Elektroodi valmistamisel kasutatakse tehnoloogiaid, mis suurendavad oluliselt selle t\u00f6\u00f6kindlust ja vastupidavust. Elektroodi spiraalne kuju tagab selle parima...\" \/>\n<meta property=\"og:url\" content=\"https:\/\/spectrebaltics.com\/toode\/hypertherm-electrode-powermax-45a-105a-220842\/\" \/>\n<meta property=\"og:site_name\" content=\"Spectrebaltics\" \/>\n<meta property=\"article:modified_time\" content=\"2024-06-20T10:41:24+00:00\" \/>\n<meta property=\"og:image\" content=\"https:\/\/spectrebaltics.com\/wp-content\/uploads\/2024\/06\/220842.jpg\" \/>\n\t<meta property=\"og:image:width\" content=\"2000\" \/>\n\t<meta property=\"og:image:height\" content=\"2000\" \/>\n\t<meta property=\"og:image:type\" content=\"image\/jpeg\" \/>\n<meta name=\"twitter:card\" content=\"summary_large_image\" \/>\n<meta name=\"twitter:label1\" content=\"\u041f\u0440\u0438\u043c\u0435\u0440\u043d\u043e\u0435 \u0432\u0440\u0435\u043c\u044f \u0434\u043b\u044f \u0447\u0442\u0435\u043d\u0438\u044f\" \/>\n\t<meta name=\"twitter:data1\" content=\"1 \u043c\u0438\u043d\u0443\u0442\u0430\" \/>\n<script type=\"application\/ld+json\" class=\"yoast-schema-graph\">{\"@context\":\"https:\/\/schema.org\",\"@graph\":[{\"@type\":\"Organization\",\"@id\":\"https:\/\/spectrebaltics.com\/ru\/#organization\",\"name\":\"Spectrebaltics\",\"url\":\"https:\/\/spectrebaltics.com\/ru\/\",\"sameAs\":[],\"logo\":{\"@type\":\"ImageObject\",\"@id\":\"https:\/\/spectrebaltics.com\/ru\/#logo\",\"inLanguage\":\"ru-RU\",\"url\":\"https:\/\/spectrebaltics.com\/wp-content\/uploads\/2024\/03\/Spectrebaltics-logo.svg\",\"contentUrl\":\"https:\/\/spectrebaltics.com\/wp-content\/uploads\/2024\/03\/Spectrebaltics-logo.svg\",\"caption\":\"Spectrebaltics\"},\"image\":{\"@id\":\"https:\/\/spectrebaltics.com\/ru\/#logo\"}},{\"@type\":\"WebSite\",\"@id\":\"https:\/\/spectrebaltics.com\/ru\/#website\",\"url\":\"https:\/\/spectrebaltics.com\/ru\/\",\"name\":\"Spectrebaltics\",\"description\":\"\",\"publisher\":{\"@id\":\"https:\/\/spectrebaltics.com\/ru\/#organization\"},\"potentialAction\":[{\"@type\":\"SearchAction\",\"target\":{\"@type\":\"EntryPoint\",\"urlTemplate\":\"https:\/\/spectrebaltics.com\/ru\/?s={search_term_string}\"},\"query-input\":\"required name=search_term_string\"}],\"inLanguage\":\"ru-RU\"},{\"@type\":\"ImageObject\",\"@id\":\"https:\/\/spectrebaltics.com\/toode\/hypertherm-electrode-powermax-45a-105a-220842\/#primaryimage\",\"inLanguage\":\"ru-RU\",\"url\":\"https:\/\/spectrebaltics.com\/wp-content\/uploads\/2024\/06\/220842.jpg\",\"contentUrl\":\"https:\/\/spectrebaltics.com\/wp-content\/uploads\/2024\/06\/220842.jpg\",\"width\":2000,\"height\":2000},{\"@type\":\"WebPage\",\"@id\":\"https:\/\/spectrebaltics.com\/toode\/hypertherm-electrode-powermax-45a-105a-220842\/#webpage\",\"url\":\"https:\/\/spectrebaltics.com\/toode\/hypertherm-electrode-powermax-45a-105a-220842\/\",\"name\":\"Hypertherm Electrode Powermax 45A-105A 220842\",\"isPartOf\":{\"@id\":\"https:\/\/spectrebaltics.com\/ru\/#website\"},\"primaryImageOfPage\":{\"@id\":\"https:\/\/spectrebaltics.com\/toode\/hypertherm-electrode-powermax-45a-105a-220842\/#primaryimage\"},\"datePublished\":\"2024-06-20T08:35:04+00:00\",\"dateModified\":\"2024-06-20T10:41:24+00:00\",\"breadcrumb\":{\"@id\":\"https:\/\/spectrebaltics.com\/toode\/hypertherm-electrode-powermax-45a-105a-220842\/#breadcrumb\"},\"inLanguage\":\"ru-RU\",\"potentialAction\":[{\"@type\":\"ReadAction\",\"target\":[\"https:\/\/spectrebaltics.com\/toode\/hypertherm-electrode-powermax-45a-105a-220842\/\"]}]},{\"@type\":\"BreadcrumbList\",\"@id\":\"https:\/\/spectrebaltics.com\/toode\/hypertherm-electrode-powermax-45a-105a-220842\/#breadcrumb\",\"itemListElement\":[{\"@type\":\"ListItem\",\"position\":1,\"name\":\"Home\",\"item\":\"https:\/\/spectrebaltics.com\/ru\/\"},{\"@type\":\"ListItem\",\"position\":2,\"name\":\"\u041a\u0430\u0442\u0430\u043b\u043e\u0433\",\"item\":\"https:\/\/spectrebaltics.com\/ru\/katalog\/\"},{\"@type\":\"ListItem\",\"position\":3,\"name\":\"Hypertherm Electrode Powermax 45A-105A 220842\"}]}]}<\/script>\n<!-- \/ Yoast SEO plugin. -->","yoast_head_json":{"title":"Hypertherm Electrode Powermax 45A-105A 220842","robots":{"index":"index","follow":"follow","max-snippet":"max-snippet:-1","max-image-preview":"max-image-preview:large","max-video-preview":"max-video-preview:-1"},"canonical":"https:\/\/spectrebaltics.com\/toode\/hypertherm-electrode-powermax-45a-105a-220842\/","og_locale":"ru_RU","og_type":"article","og_title":"Hypertherm Electrode Powermax 45A-105A 220842","og_description":"Elektrood 45-105A, artikli number 220842 sobib HYPERTHERM\u00ae Powermax\u00ae 45XP\/65\/85\/105 s\u00fcsteemidele ja on ette n\u00e4htud mehhaniseeritud CNC plasmal\u00f5ikamiseks, k\u00e4sitsi l\u00f5ikamiseks ja metalli l\u00f5ikamiseks. Elektrood 220842 on ette n\u00e4htud kuni 50 mm paksuse metalli l\u00f5ikamiseks voolutugevusega 10 kuni 105 amprit. Elektroodi valmistamisel kasutatakse tehnoloogiaid, mis suurendavad oluliselt selle t\u00f6\u00f6kindlust ja vastupidavust. Elektroodi spiraalne kuju tagab selle parima...","og_url":"https:\/\/spectrebaltics.com\/toode\/hypertherm-electrode-powermax-45a-105a-220842\/","og_site_name":"Spectrebaltics","article_modified_time":"2024-06-20T10:41:24+00:00","og_image":[{"width":2000,"height":2000,"url":"https:\/\/spectrebaltics.com\/wp-content\/uploads\/2024\/06\/220842.jpg","type":"image\/jpeg"}],"twitter_card":"summary_large_image","twitter_misc":{"\u041f\u0440\u0438\u043c\u0435\u0440\u043d\u043e\u0435 \u0432\u0440\u0435\u043c\u044f \u0434\u043b\u044f \u0447\u0442\u0435\u043d\u0438\u044f":"1 \u043c\u0438\u043d\u0443\u0442\u0430"},"schema":{"@context":"https:\/\/schema.org","@graph":[{"@type":"Organization","@id":"https:\/\/spectrebaltics.com\/ru\/#organization","name":"Spectrebaltics","url":"https:\/\/spectrebaltics.com\/ru\/","sameAs":[],"logo":{"@type":"ImageObject","@id":"https:\/\/spectrebaltics.com\/ru\/#logo","inLanguage":"ru-RU","url":"https:\/\/spectrebaltics.com\/wp-content\/uploads\/2024\/03\/Spectrebaltics-logo.svg","contentUrl":"https:\/\/spectrebaltics.com\/wp-content\/uploads\/2024\/03\/Spectrebaltics-logo.svg","caption":"Spectrebaltics"},"image":{"@id":"https:\/\/spectrebaltics.com\/ru\/#logo"}},{"@type":"WebSite","@id":"https:\/\/spectrebaltics.com\/ru\/#website","url":"https:\/\/spectrebaltics.com\/ru\/","name":"Spectrebaltics","description":"","publisher":{"@id":"https:\/\/spectrebaltics.com\/ru\/#organization"},"potentialAction":[{"@type":"SearchAction","target":{"@type":"EntryPoint","urlTemplate":"https:\/\/spectrebaltics.com\/ru\/?s={search_term_string}"},"query-input":"required name=search_term_string"}],"inLanguage":"ru-RU"},{"@type":"ImageObject","@id":"https:\/\/spectrebaltics.com\/toode\/hypertherm-electrode-powermax-45a-105a-220842\/#primaryimage","inLanguage":"ru-RU","url":"https:\/\/spectrebaltics.com\/wp-content\/uploads\/2024\/06\/220842.jpg","contentUrl":"https:\/\/spectrebaltics.com\/wp-content\/uploads\/2024\/06\/220842.jpg","width":2000,"height":2000},{"@type":"WebPage","@id":"https:\/\/spectrebaltics.com\/toode\/hypertherm-electrode-powermax-45a-105a-220842\/#webpage","url":"https:\/\/spectrebaltics.com\/toode\/hypertherm-electrode-powermax-45a-105a-220842\/","name":"Hypertherm Electrode Powermax 45A-105A 220842","isPartOf":{"@id":"https:\/\/spectrebaltics.com\/ru\/#website"},"primaryImageOfPage":{"@id":"https:\/\/spectrebaltics.com\/toode\/hypertherm-electrode-powermax-45a-105a-220842\/#primaryimage"},"datePublished":"2024-06-20T08:35:04+00:00","dateModified":"2024-06-20T10:41:24+00:00","breadcrumb":{"@id":"https:\/\/spectrebaltics.com\/toode\/hypertherm-electrode-powermax-45a-105a-220842\/#breadcrumb"},"inLanguage":"ru-RU","potentialAction":[{"@type":"ReadAction","target":["https:\/\/spectrebaltics.com\/toode\/hypertherm-electrode-powermax-45a-105a-220842\/"]}]},{"@type":"BreadcrumbList","@id":"https:\/\/spectrebaltics.com\/toode\/hypertherm-electrode-powermax-45a-105a-220842\/#breadcrumb","itemListElement":[{"@type":"ListItem","position":1,"name":"Home","item":"https:\/\/spectrebaltics.com\/ru\/"},{"@type":"ListItem","position":2,"name":"\u041a\u0430\u0442\u0430\u043b\u043e\u0433","item":"https:\/\/spectrebaltics.com\/ru\/katalog\/"},{"@type":"ListItem","position":3,"name":"Hypertherm Electrode Powermax 45A-105A 220842"}]}]}},"_links":{"self":[{"href":"https:\/\/spectrebaltics.com\/ru\/wp-json\/wp\/v2\/product\/9973"}],"collection":[{"href":"https:\/\/spectrebaltics.com\/ru\/wp-json\/wp\/v2\/product"}],"about":[{"href":"https:\/\/spectrebaltics.com\/ru\/wp-json\/wp\/v2\/types\/product"}],"wp:featuredmedia":[{"embeddable":true,"href":"https:\/\/spectrebaltics.com\/ru\/wp-json\/wp\/v2\/media\/9974"}],"wp:attachment":[{"href":"https:\/\/spectrebaltics.com\/ru\/wp-json\/wp\/v2\/media?parent=9973"}],"wp:term":[{"taxonomy":"product_cat","embeddable":true,"href":"https:\/\/spectrebaltics.com\/ru\/wp-json\/wp\/v2\/product_cat?post=9973"},{"taxonomy":"product_tag","embeddable":true,"href":"https:\/\/spectrebaltics.com\/ru\/wp-json\/wp\/v2\/product_tag?post=9973"}],"curies":[{"name":"wp","href":"https:\/\/api.w.org\/{rel}","templated":true}]}}